{"id":98,"date":"2016-12-02T14:40:06","date_gmt":"2016-12-02T16:40:06","guid":{"rendered":"https:\/\/wp.ufpel.edu.br\/notcc\/?page_id=98"},"modified":"2016-12-02T14:40:06","modified_gmt":"2016-12-02T16:40:06","slug":"2013_1","status":"publish","type":"page","link":"https:\/\/wp.ufpel.edu.br\/notcc\/bancas\/historico\/2013_1\/","title":{"rendered":"Bancas 2013\/1"},"content":{"rendered":"<h2 id=\"eliane_siegert\" class=\"sectionedit1 page-header\">Eliane Siegert<\/h2>\n<div class=\"level2\"><\/div>\n<h4 id=\"titulosuporte_a_gerencia_de_requisitos_orientada_a_modelos_para_o_dominio_de_software_embarcado\">T\u00edtulo: Suporte \u00e0 Ger\u00eancia de Requisitos Orientada a Modelos para o Dom\u00ednio de Software Embarcado<\/h4>\n<div class=\"level4\"><\/div>\n<h4 id=\"banca\">Banca:<\/h4>\n<div class=\"level4\">\n<p>Profa. Lisane Brisolara de Brisolara (orientador)<br \/>\nMilena Rota Sena Marques (co-orientador)<br \/>\nProfa. Ana Marilza Pernas Fleischmann<br \/>\nProf. Rafael Iankowski Soares<\/p>\n<\/div>\n<h4 id=\"data30_de_agosto_de_2013\">Data: 30 de Agosto de 2013<\/h4>\n<div class=\"level4\"><\/div>\n<h4 id=\"hora1000h\">Hora: 10:00h<\/h4>\n<div class=\"level4\"><\/div>\n<h4 id=\"localaud_4o_andar\">Local: Aud. 4o andar<\/h4>\n<div class=\"level4\"><\/div>\n<div class=\"secedit editbutton_section editbutton_1\"><\/div>\n<h2 id=\"ricardo_borges_almeida\" class=\"sectionedit2 page-header\">Ricardo Borges Almeida<\/h2>\n<div class=\"level2\"><\/div>\n<h4 id=\"tituloseguranca_da_informacao_e_gerenciamento_de_eventosuma_abordagem_explorando_consciencia_de_situacao\">T\u00edtulo: Seguran\u00e7a da Informa\u00e7\u00e3o e Gerenciamento de Eventos: Uma Abordagem Explorando Consci\u00eancia de Situa\u00e7\u00e3o<\/h4>\n<div class=\"level4\"><\/div>\n<h4 id=\"banca1\">Banca:<\/h4>\n<div class=\"level4\">\n<p>Profa. Ana Marilza Pernas Fleischmann (orientador)<br \/>\nProf. Adenauer Corr\u00eaa Yamin (co-orientador)<br \/>\nLucas Medeiros Donato (co-orientador)<br \/>\nProfa. Renata Hax Sander Reiser<br \/>\nProf. Daniel Lichtnow<\/p>\n<\/div>\n<h4 id=\"data09_de_setembro_de_2013\">Data: 09 de Setembro de 2013<\/h4>\n<div class=\"level4\"><\/div>\n<h4 id=\"hora1030h\">Hora: 10:30h<\/h4>\n<div class=\"level4\"><\/div>\n<h4 id=\"localsala_432\">Local: Sala 432<\/h4>\n<div class=\"level4\"><\/div>\n<div class=\"secedit editbutton_section editbutton_2\"><\/div>\n<h2 id=\"ricardo_de_la_rocha_ladeira\" class=\"sectionedit3 page-header\">Ricardo de La Rocha Ladeira<\/h2>\n<div class=\"level2\"><\/div>\n<h4 id=\"tituloesteganografia_aplicada_a_documentacao_necessaria_para_a_emissao_de_certificados_digitais_no_ambito_da_icp-brasil\">T\u00edtulo: Esteganografia aplicada \u00e0 documenta\u00e7\u00e3o necess\u00e1ria para a emiss\u00e3o de certificados digitais no \u00e2mbito da ICP-Brasil<\/h4>\n<div class=\"level4\"><\/div>\n<h4 id=\"banca2\">Banca:<\/h4>\n<div class=\"level4\">\n<p>Prof. Marilton Sanchotene de Aguiar (orientador)<br \/>\nLucas Medeiros Donato (co-orientador)<br \/>\nProf. Mauricio Lima Pilla<br \/>\nProf. Gerson Geraldo Homrich Cavalheiro<\/p>\n<\/div>\n<h4 id=\"data29_de_agosto_de_2013\">Data: 29 de Agosto de 2013<\/h4>\n<div class=\"level4\"><\/div>\n<h4 id=\"hora1330h\">Hora: 13:30h<\/h4>\n<div class=\"level4\"><\/div>\n<h4 id=\"locallab_4\">Local: Lab. 4<\/h4>\n<div class=\"level4\"><\/div>\n<div class=\"secedit editbutton_section editbutton_3\"><\/div>\n<h2 id=\"roger_da_silva_machado\" class=\"sectionedit4 page-header\">Roger da Silva Machado<\/h2>\n<div class=\"level2\"><\/div>\n<h4 id=\"titulologa-dmuma_abordagem_de_analise_dinamica_de_log_com_base_em_mineracao_de_dados\">T\u00edtulo: LogA-DM: uma abordagem de an\u00e1lise din\u00e2mica de log com base em minera\u00e7\u00e3o de dados<\/h4>\n<div class=\"level4\"><\/div>\n<h4 id=\"banca3\">Banca:<\/h4>\n<div class=\"level4\">\n<p>Profa. Ana Marilza Pernas Fleischmann (orientador)<br \/>\nProf. Adenauer Corr\u00eaa Yamin (co-orientador)<br \/>\nProf. Andr\u00e9 Rauber Du Bois<br \/>\nProf. Daniel Lichtnow<\/p>\n<\/div>\n<h4 id=\"data09_de_setembro_de_20131\">Data: 09 de Setembro de 2013<\/h4>\n<div class=\"level4\"><\/div>\n<h4 id=\"hora0830h\">Hora: 08:30h<\/h4>\n<div class=\"level4\"><\/div>\n<h4 id=\"localsala_4321\">Local: Sala 432<\/h4>\n","protected":false},"excerpt":{"rendered":"<p>Eliane Siegert T\u00edtulo: Suporte \u00e0 Ger\u00eancia de Requisitos Orientada a Modelos para o Dom\u00ednio de Software Embarcado Banca: Profa. Lisane Brisolara de Brisolara (orientador) Milena Rota Sena Marques (co-orientador) Profa. Ana Marilza Pernas Fleischmann Prof. Rafael Iankowski Soares Data: 30 de Agosto de 2013 Hora: 10:00h Local: Aud. 4o andar Ricardo Borges Almeida T\u00edtulo: Seguran\u00e7a [&hellip;]<\/p>\n","protected":false},"author":657,"featured_media":0,"parent":84,"menu_order":0,"comment_status":"closed","ping_status":"closed","template":"","meta":{"footnotes":""},"class_list":["post-98","page","type-page","status-publish","hentry"],"_links":{"self":[{"href":"https:\/\/wp.ufpel.edu.br\/notcc\/wp-json\/wp\/v2\/pages\/98","targetHints":{"allow":["GET"]}}],"collection":[{"href":"https:\/\/wp.ufpel.edu.br\/notcc\/wp-json\/wp\/v2\/pages"}],"about":[{"href":"https:\/\/wp.ufpel.edu.br\/notcc\/wp-json\/wp\/v2\/types\/page"}],"author":[{"embeddable":true,"href":"https:\/\/wp.ufpel.edu.br\/notcc\/wp-json\/wp\/v2\/users\/657"}],"replies":[{"embeddable":true,"href":"https:\/\/wp.ufpel.edu.br\/notcc\/wp-json\/wp\/v2\/comments?post=98"}],"version-history":[{"count":1,"href":"https:\/\/wp.ufpel.edu.br\/notcc\/wp-json\/wp\/v2\/pages\/98\/revisions"}],"predecessor-version":[{"id":99,"href":"https:\/\/wp.ufpel.edu.br\/notcc\/wp-json\/wp\/v2\/pages\/98\/revisions\/99"}],"up":[{"embeddable":true,"href":"https:\/\/wp.ufpel.edu.br\/notcc\/wp-json\/wp\/v2\/pages\/84"}],"wp:attachment":[{"href":"https:\/\/wp.ufpel.edu.br\/notcc\/wp-json\/wp\/v2\/media?parent=98"}],"curies":[{"name":"wp","href":"https:\/\/api.w.org\/{rel}","templated":true}]}}