{"id":94,"date":"2016-12-02T14:38:28","date_gmt":"2016-12-02T16:38:28","guid":{"rendered":"https:\/\/wp.ufpel.edu.br\/notcc\/?page_id=94"},"modified":"2016-12-02T14:39:28","modified_gmt":"2016-12-02T16:39:28","slug":"2012_1","status":"publish","type":"page","link":"https:\/\/wp.ufpel.edu.br\/notcc\/bancas\/historico\/2012_1\/","title":{"rendered":"Bancas 2012\/1"},"content":{"rendered":"<h2 id=\"gustavo_freitas_sanchez\" class=\"sectionedit1 page-header\">Gustavo Freitas Sanchez<\/h2>\n<div class=\"level2\"><\/div>\n<h4 id=\"tituloimplementacao_e_analise_de_algoritmos_para_a_estimacao_de_movimento_em_videos_de_alta_definicao_no_padrao_emergente_hevc\">T\u00edtulo: Implementa\u00e7\u00e3o e An\u00e1lise de Algoritmos para a Estima\u00e7\u00e3o de Movimento em V\u00eddeos de Alta Defini\u00e7\u00e3o no Padr\u00e3o Emergente HEVC<\/h4>\n<div class=\"level4\"><\/div>\n<h4 id=\"banca\">Banca:<\/h4>\n<div class=\"level4\">\n<p>Prof. Luciano Volcan Agostini (orientador)<br \/>\nProf. Marcelo Schiavon Porto (co-orientador)<br \/>\nProf. Rafael Iankowski Soares<br \/>\nCl\u00e1udio Diniz<br \/>\nRicardo Jeske<\/p>\n<\/div>\n<h4 id=\"data24_ago_2012\">Data: 24\/Ago\/2012<\/h4>\n<div class=\"level4\"><\/div>\n<h4 id=\"hora1400h\">Hora: 14:00h<\/h4>\n<div class=\"level4\"><\/div>\n<h4 id=\"localaud_do_4o_andar\">Local: Aud. do 4o andar<\/h4>\n<div class=\"level4\"><\/div>\n<div class=\"secedit editbutton_section editbutton_1\"><\/div>\n<h2 id=\"gustavo_grana_gomes_da_silva\" class=\"sectionedit2 page-header\">Gustavo Gra\u00f1a Gomes da Silva<\/h2>\n<div class=\"level2\"><\/div>\n<h4 id=\"tituloestudo_da_utilizacao_do_kinect_para_biometria\">T\u00edtulo: Estudo da Utiliza\u00e7\u00e3o do Kinect para Biometria<\/h4>\n<div class=\"level4\"><\/div>\n<h4 id=\"banca1\">Banca:<\/h4>\n<div class=\"level4\">\n<p>Prof. Ricardo Matsumura Ara\u00fajo (orientador)<br \/>\nVirginia Ortiz Andersson (co-orientadora)<br \/>\nProf. Paulo Roberto Ferreira Jr<br \/>\nProf. Marilton Sanchotene de Aguiar<\/p>\n<\/div>\n<h4 id=\"data15_out_2012\">Data: 15\/Out\/2012<\/h4>\n<div class=\"level4\"><\/div>\n<h4 id=\"hora1510h\">Hora: 15:10h<\/h4>\n<div class=\"level4\"><\/div>\n<h4 id=\"locala_definir\">Local: A definir<\/h4>\n<div class=\"level4\"><\/div>\n<div class=\"secedit editbutton_section editbutton_2\"><\/div>\n<h2 id=\"marco_beckmann\" class=\"sectionedit3 page-header\">Marco Beckmann<\/h2>\n<div class=\"level2\"><\/div>\n<h4 id=\"tituloavaliacao_das_boas_praticas_de_codificacao_para_plataforma_android\">T\u00edtulo: Avalia\u00e7\u00e3o das Boas Pr\u00e1ticas de Codifica\u00e7\u00e3o para Plataforma Android<\/h4>\n<div class=\"level4\"><\/div>\n<h4 id=\"banca2\">Banca:<\/h4>\n<div class=\"level4\">\n<p>Profa. Lisane Brisolara de Brisolara (orientador)<br \/>\nProf. Dr. J\u00falio Carlos Balzano de Mattos (co-orientador)<br \/>\nProf. Felipe de Souza Marques<br \/>\nProf. Paulo Roberto Ferreira Jr.<\/p>\n<\/div>\n<h4 id=\"data17_out_2012\">Data: 17\/Out\/2012<\/h4>\n<div class=\"level4\"><\/div>\n<h4 id=\"hora1510h1\">Hora: 15:10h<\/h4>\n<div class=\"level4\"><\/div>\n<h4 id=\"locala_definir1\">Local: A definir<\/h4>\n","protected":false},"excerpt":{"rendered":"<p>Gustavo Freitas Sanchez T\u00edtulo: Implementa\u00e7\u00e3o e An\u00e1lise de Algoritmos para a Estima\u00e7\u00e3o de Movimento em V\u00eddeos de Alta Defini\u00e7\u00e3o no Padr\u00e3o Emergente HEVC Banca: Prof. Luciano Volcan Agostini (orientador) Prof. Marcelo Schiavon Porto (co-orientador) Prof. Rafael Iankowski Soares Cl\u00e1udio Diniz Ricardo Jeske Data: 24\/Ago\/2012 Hora: 14:00h Local: Aud. do 4o andar Gustavo Gra\u00f1a Gomes da [&hellip;]<\/p>\n","protected":false},"author":657,"featured_media":0,"parent":84,"menu_order":0,"comment_status":"closed","ping_status":"closed","template":"","meta":{"footnotes":""},"class_list":["post-94","page","type-page","status-publish","hentry"],"_links":{"self":[{"href":"https:\/\/wp.ufpel.edu.br\/notcc\/wp-json\/wp\/v2\/pages\/94","targetHints":{"allow":["GET"]}}],"collection":[{"href":"https:\/\/wp.ufpel.edu.br\/notcc\/wp-json\/wp\/v2\/pages"}],"about":[{"href":"https:\/\/wp.ufpel.edu.br\/notcc\/wp-json\/wp\/v2\/types\/page"}],"author":[{"embeddable":true,"href":"https:\/\/wp.ufpel.edu.br\/notcc\/wp-json\/wp\/v2\/users\/657"}],"replies":[{"embeddable":true,"href":"https:\/\/wp.ufpel.edu.br\/notcc\/wp-json\/wp\/v2\/comments?post=94"}],"version-history":[{"count":1,"href":"https:\/\/wp.ufpel.edu.br\/notcc\/wp-json\/wp\/v2\/pages\/94\/revisions"}],"predecessor-version":[{"id":95,"href":"https:\/\/wp.ufpel.edu.br\/notcc\/wp-json\/wp\/v2\/pages\/94\/revisions\/95"}],"up":[{"embeddable":true,"href":"https:\/\/wp.ufpel.edu.br\/notcc\/wp-json\/wp\/v2\/pages\/84"}],"wp:attachment":[{"href":"https:\/\/wp.ufpel.edu.br\/notcc\/wp-json\/wp\/v2\/media?parent=94"}],"curies":[{"name":"wp","href":"https:\/\/api.w.org\/{rel}","templated":true}]}}