{"id":91,"date":"2016-12-02T14:37:18","date_gmt":"2016-12-02T16:37:18","guid":{"rendered":"https:\/\/wp.ufpel.edu.br\/notcc\/?page_id=91"},"modified":"2016-12-02T14:37:18","modified_gmt":"2016-12-02T16:37:18","slug":"2011_2","status":"publish","type":"page","link":"https:\/\/wp.ufpel.edu.br\/notcc\/bancas\/historico\/2011_2\/","title":{"rendered":"Bancas 2011\/2"},"content":{"rendered":"<h2 id=\"alice_fonseca_finger\" class=\"sectionedit1 page-header\">Alice Fonseca Finger<\/h2>\n<div class=\"level2\"><\/div>\n<h4 id=\"tituloanalises_de_complexidade_e_numerica_do_modelo_hidrologico_para_previsoes_de_inundacoes_em_rios\">T\u00edtulo: An\u00e1lises de Complexidade e Num\u00e9rica do Modelo Hidrol\u00f3gico para Previs\u00f5es de Inunda\u00e7\u00f5es em Rios<\/h4>\n<div class=\"level4\"><\/div>\n<h4 id=\"banca\">Banca:<\/h4>\n<div class=\"level4\">\n<p>Profa. Aline Brum Loreto (orientador)<br \/>\nProf. Marilton Sanchotene de Aguiar (co-orientador)<br \/>\nProf. Paulo Roberto Ferreira Jr<br \/>\nProf. Andre Luis Andrejew Ferreira<br \/>\nProf. Samuel Beskow<\/p>\n<\/div>\n<h4 id=\"data23_nov_2011\">Data: 23\/Nov\/2011<\/h4>\n<div class=\"level4\"><\/div>\n<h4 id=\"hora1600h\">Hora: 16:00h<\/h4>\n<div class=\"level4\"><\/div>\n<h4 id=\"localsala_429\">Local: Sala 429<\/h4>\n<div class=\"level4\"><\/div>\n<div class=\"secedit editbutton_section editbutton_1\"><\/div>\n<h2 id=\"deives_mesquita_kist\" class=\"sectionedit2 page-header\">Deives Mesquita Kist<\/h2>\n<div class=\"level2\"><\/div>\n<h4 id=\"titulocomputacao_visual_na_identificacao_de_sementes_utilizando_extracao_de_caracteristicas_de_forma\">T\u00edtulo: Computa\u00e7\u00e3o Visual na Identifica\u00e7\u00e3o de Sementes utilizando Extra\u00e7\u00e3o de Caracter\u00edsticas de Forma<\/h4>\n<div class=\"level4\"><\/div>\n<h4 id=\"banca1\">Banca:<\/h4>\n<div class=\"level4\">\n<p>Prof. Gerson Geraldo Homrich Cavalheiro (orientador)<br \/>\nProf. Lucas Ferrari de Oliveira (co-orientador)<br \/>\nProf. Paulo Roberto Ferreira Jr<br \/>\nProf. Ricardo Matsumura de Ara\u00fajo<\/p>\n<\/div>\n<h4 id=\"data08_dez_2011\">Data: 08\/Dez\/2011<\/h4>\n<div class=\"level4\"><\/div>\n<h4 id=\"hora1400h\">Hora: 14:00h<\/h4>\n<div class=\"level4\"><\/div>\n<h4 id=\"locala_definir\">Local: a definir<\/h4>\n<div class=\"level4\"><\/div>\n<div class=\"secedit editbutton_section editbutton_2\"><\/div>\n<h2 id=\"matheus_garcia_nachtigall\" class=\"sectionedit3 page-header\">Matheus Garcia Nachtigall<\/h2>\n<div class=\"level2\"><\/div>\n<h4 id=\"tituloperfis_de_consumo_e_desempenho_do_mibench_para_processadores_arm\">T\u00edtulo: Perfis de consumo e desempenho do Mibench para processadores ARM<\/h4>\n<div class=\"level4\"><\/div>\n<h4 id=\"banca2\">Banca:<\/h4>\n<div class=\"level4\">\n<p>Prof. Mauricio Lima Pilla (orientador)<br \/>\nProf. Gerson Geraldo Homrich Cavalheiro<br \/>\nProfa. Renata Hax Sander Reiser<br \/>\nProf. Julio Carlos Balzano de Mattos<\/p>\n<\/div>\n<h4 id=\"data30_nov_2011\">Data: 30\/Nov\/2011<\/h4>\n<div class=\"level4\"><\/div>\n<h4 id=\"hora1700h\">Hora: 17:00h<\/h4>\n<div class=\"level4\"><\/div>\n<h4 id=\"locala_definir1\">Local: a definir<\/h4>\n<div class=\"level4\"><\/div>\n<div class=\"secedit editbutton_section editbutton_3\"><\/div>\n<h2 id=\"moises_dorneles_da_silveira\" class=\"sectionedit4 page-header\">Mois\u00e9s Dorneles da Silveira<\/h2>\n<div class=\"level2\"><\/div>\n<h4 id=\"tituloexploracao_de_tecnicas_de_realidade_aumentada_na_interatividade_de_jogos_educacionais\">T\u00edtulo: Explora\u00e7\u00e3o de T\u00e9cnicas de Realidade Aumentada na Interatividade de Jogos Educacionais<\/h4>\n<div class=\"level4\"><\/div>\n<h4 id=\"banca3\">Banca:<\/h4>\n<div class=\"level4\">\n<p>Prof. Marilton Sanchotene de Aguiar (orientador)<br \/>\nProf. Felipe de Souza Marques<br \/>\nProf. Gerson Geraldo Homrich Cavalheiro<br \/>\nProf. Ricardo Matsumura de Ara\u00fajo<\/p>\n<\/div>\n<h4 id=\"data02_dez_2011\">Data: 02\/Dez\/2011<\/h4>\n<div class=\"level4\"><\/div>\n<h4 id=\"hora1400h1\">Hora: 14:00h<\/h4>\n<div class=\"level4\"><\/div>\n<h4 id=\"locala_definir2\">Local: a definir<\/h4>\n<div class=\"level4\"><\/div>\n<div class=\"secedit editbutton_section editbutton_4\"><\/div>\n<h2 id=\"tiago_schenkel\" class=\"sectionedit5 page-header\">Tiago Schenkel<\/h2>\n<div class=\"level2\"><\/div>\n<h4 id=\"tituloalem_dos_filtros_sociaisaprendizado_de_maquina_aplicado_a_personalizacao_de_fluxos_de_mensagens_no_twitter\">T\u00edtulo: Al\u00e9m dos filtros sociais: aprendizado de m\u00e1quina aplicado a personaliza\u00e7\u00e3o de fluxos de mensagens no Twitter<\/h4>\n<div class=\"level4\"><\/div>\n<h4 id=\"banca4\">Banca:<\/h4>\n<div class=\"level4\">\n<p>Prof. Ricardo Matsumura de Ara\u00fajo (orientador)<br \/>\nDjonatan Buss (co-orientador)<br \/>\nProf. Paulo Roberto Ferreira Jr<br \/>\nProf. Marilton Sanchotene de Aguiar<\/p>\n<\/div>\n<h4 id=\"data30_nov_20111\">Data: 30\/Nov\/2011<\/h4>\n<div class=\"level4\"><\/div>\n<h4 id=\"hora1600h1\">Hora: 16:00h<\/h4>\n<div class=\"level4\"><\/div>\n<h4 id=\"locala_definir3\">Local: a definir<\/h4>\n","protected":false},"excerpt":{"rendered":"<p>Alice Fonseca Finger T\u00edtulo: An\u00e1lises de Complexidade e Num\u00e9rica do Modelo Hidrol\u00f3gico para Previs\u00f5es de Inunda\u00e7\u00f5es em Rios Banca: Profa. Aline Brum Loreto (orientador) Prof. Marilton Sanchotene de Aguiar (co-orientador) Prof. Paulo Roberto Ferreira Jr Prof. Andre Luis Andrejew Ferreira Prof. Samuel Beskow Data: 23\/Nov\/2011 Hora: 16:00h Local: Sala 429 Deives Mesquita Kist T\u00edtulo: Computa\u00e7\u00e3o [&hellip;]<\/p>\n","protected":false},"author":657,"featured_media":0,"parent":84,"menu_order":0,"comment_status":"closed","ping_status":"closed","template":"","meta":{"footnotes":""},"class_list":["post-91","page","type-page","status-publish","hentry"],"_links":{"self":[{"href":"https:\/\/wp.ufpel.edu.br\/notcc\/wp-json\/wp\/v2\/pages\/91","targetHints":{"allow":["GET"]}}],"collection":[{"href":"https:\/\/wp.ufpel.edu.br\/notcc\/wp-json\/wp\/v2\/pages"}],"about":[{"href":"https:\/\/wp.ufpel.edu.br\/notcc\/wp-json\/wp\/v2\/types\/page"}],"author":[{"embeddable":true,"href":"https:\/\/wp.ufpel.edu.br\/notcc\/wp-json\/wp\/v2\/users\/657"}],"replies":[{"embeddable":true,"href":"https:\/\/wp.ufpel.edu.br\/notcc\/wp-json\/wp\/v2\/comments?post=91"}],"version-history":[{"count":1,"href":"https:\/\/wp.ufpel.edu.br\/notcc\/wp-json\/wp\/v2\/pages\/91\/revisions"}],"predecessor-version":[{"id":92,"href":"https:\/\/wp.ufpel.edu.br\/notcc\/wp-json\/wp\/v2\/pages\/91\/revisions\/92"}],"up":[{"embeddable":true,"href":"https:\/\/wp.ufpel.edu.br\/notcc\/wp-json\/wp\/v2\/pages\/84"}],"wp:attachment":[{"href":"https:\/\/wp.ufpel.edu.br\/notcc\/wp-json\/wp\/v2\/media?parent=91"}],"curies":[{"name":"wp","href":"https:\/\/api.w.org\/{rel}","templated":true}]}}