{"id":88,"date":"2016-12-02T14:31:29","date_gmt":"2016-12-02T16:31:29","guid":{"rendered":"https:\/\/wp.ufpel.edu.br\/notcc\/?page_id=88"},"modified":"2016-12-02T14:33:28","modified_gmt":"2016-12-02T16:33:28","slug":"2010_2","status":"publish","type":"page","link":"https:\/\/wp.ufpel.edu.br\/notcc\/bancas\/historico\/2010_2\/","title":{"rendered":"Bancas 2010\/2"},"content":{"rendered":"<h2 id=\"bruno_machado_da_silva\" class=\"sectionedit1 page-header\">Bruno Machado da Silva<\/h2>\n<div class=\"level2\"><\/div>\n<h4 id=\"tituloestudo_de_algoritmos_geneticos_aplicado_ao_problema_de_jogos_de_rpg_do_tipo_mafia_wars\">T\u00edtulo: Estudo de algoritmos gen\u00e9ticos aplicado ao problema de jogos de RPG do tipo mafia wars<\/h4>\n<div class=\"level4\"><\/div>\n<h4 id=\"banca\">Banca:<\/h4>\n<div class=\"level4\">\n<p>Prof. Ricardo Matsumura Ara\u00fajo (orientador)<br \/>\nProf. Marilton Sanchotene de Aguiar (co-orientador)<br \/>\nProf. Paulo Roberto Ferreira Jr<br \/>\nProf. Anderson Priebe Ferrugem<\/p>\n<\/div>\n<h4 id=\"data07_jan_2011\">Data: 07\/Jan\/2011<\/h4>\n<div class=\"level4\"><\/div>\n<h4 id=\"hora1600h\">Hora: 16:00h<\/h4>\n<div class=\"level4\"><\/div>\n<h4 id=\"local109_ou_111_predio_16\">Local: 109 ou 111 (pr\u00e9dio 16)<\/h4>\n<div class=\"level4\"><\/div>\n<div class=\"secedit editbutton_section editbutton_1\"><\/div>\n<h2 id=\"cicero_augusto_de_souza_camargo\" class=\"sectionedit2 page-header\">C\u00edcero Augusto de Souza Camargo<\/h2>\n<div class=\"level2\"><\/div>\n<h4 id=\"tituloanalise_do_impacto_da_aplicacao_de_algoritmos_de_escalonamento_de_lista_em_ambientes_multithreaded_dinamicos\">T\u00edtulo: An\u00e1lise do impacto da aplica\u00e7\u00e3o de algoritmos de escalonamento de lista em ambientes multithreaded din\u00e2micos<\/h4>\n<div class=\"level4\"><\/div>\n<h4 id=\"banca1\">Banca:<\/h4>\n<div class=\"level4\">\n<p>Prof. Gerson Geraldo Homrich Cavalheiro (orientador)<br \/>\nProf. Andr\u00e9 Rauber Du Bois<br \/>\nProfa. Luciana Foss<br \/>\nProf. Adenauer Correa Yamin<\/p>\n<\/div>\n<h4 id=\"data12_jan_2011\">Data: 12\/Jan\/2011<\/h4>\n<div class=\"level4\"><\/div>\n<h4 id=\"hora1400h\">Hora: 14:00h<\/h4>\n<div class=\"level4\"><\/div>\n<h4 id=\"localmm4_predio_5\">Local: MM4 (pr\u00e9dio 5)<\/h4>\n<div class=\"level4\"><\/div>\n<div class=\"secedit editbutton_section editbutton_2\"><\/div>\n<h2 id=\"daiane_da_rosa_beskow\" class=\"sectionedit3 page-header\">Daiane da Rosa Beskow<\/h2>\n<div class=\"level2\"><\/div>\n<h4 id=\"tituloestudando_a_aplicabilidade_de_solucoes_otimas_e_aproximativas_para_o_problema_de_escalonamento_distribuido_de_tarefas\">T\u00edtulo: Estudando a aplicabilidade de solu\u00e7\u00f5es \u00f3timas e aproximativas para o problema de escalonamento distribu\u00eddo de tarefas<\/h4>\n<div class=\"level4\"><\/div>\n<h4 id=\"banca2\">Banca:<\/h4>\n<div class=\"level4\">\n<p>Prof. Paulo Roberto Ferreira Jr (orientador)<br \/>\nProf. Marilton Sanchotene de Aguiar<br \/>\nProf. Ricardo Matsumura Ara\u00fajo<\/p>\n<\/div>\n<h4 id=\"data20_dez_2010\">Data: 20\/Dez\/2010<\/h4>\n<div class=\"level4\"><\/div>\n<h4 id=\"hora1300h\">Hora: 13:00h<\/h4>\n<div class=\"level4\"><\/div>\n<h4 id=\"local109_ou_111_predio_161\">Local: 109 ou 111 (pr\u00e9dio 16)<\/h4>\n<div class=\"level4\"><\/div>\n<div class=\"secedit editbutton_section editbutton_3\"><\/div>\n<h2 id=\"daniel_munari_vilchez_palomino\" class=\"sectionedit4 page-header\">Daniel Munari Vilchez Palomino<\/h2>\n<div class=\"level2\"><\/div>\n<h4 id=\"titulodesenvolvimento_e_implementacao_em_hardware_de_heuristicas_rapidas_para_o_modulo_de_decisao_de_modo_do_padrao_h264_avc_de_codificacao_de_video\">T\u00edtulo: Desenvolvimento e implementa\u00e7\u00e3o em hardware de heur\u00edsticas r\u00e1pidas para o m\u00f3dulo de decis\u00e3o de modo do padr\u00e3o H.264\/AVC de codifica\u00e7\u00e3o de v\u00eddeo<\/h4>\n<div class=\"level4\"><\/div>\n<h4 id=\"banca3\">Banca:<\/h4>\n<div class=\"level4\">\n<p>Prof. Luciano Volcan Agostini (orientador)<br \/>\nGuilherme Corr\u00eaa (co-orientador)<br \/>\nProf. Leomar Soares da Rosa Jr.<br \/>\nProf. Ricardo Matsumura Ara\u00fajo<br \/>\nCl\u00e1udio Diniz<\/p>\n<\/div>\n<h4 id=\"data11_jan_2011\">Data: 11\/Jan\/2011<\/h4>\n<div class=\"level4\"><\/div>\n<h4 id=\"hora1400h1\">Hora: 14:00h<\/h4>\n<div class=\"level4\"><\/div>\n<h4 id=\"local109_ou_111_predio_162\">Local: 109 ou 111 (pr\u00e9dio 16)<\/h4>\n<div class=\"level4\"><\/div>\n<div class=\"secedit editbutton_section editbutton_4\"><\/div>\n<h2 id=\"diego_vrague_noble\" class=\"sectionedit5 page-header\">Diego Vrague Noble<\/h2>\n<div class=\"level2\"><\/div>\n<h4 id=\"tituloexploracao_de_novos_algoritmos_para_a_estimacao_de_movimento_em_videos_de_alta_definicao\">T\u00edtulo: Explora\u00e7\u00e3o de novos algoritmos para a estima\u00e7\u00e3o de movimento em v\u00eddeos de alta defini\u00e7\u00e3o<\/h4>\n<div class=\"level4\"><\/div>\n<h4 id=\"banca4\">Banca:<\/h4>\n<div class=\"level4\">\n<p>Prof. Luciano Volcan Agostini (orientador)<br \/>\nProf. Marcelo Porto (co-orientador)<br \/>\nProf. Marilton Sanchotene de Aguiar<br \/>\nProf. Julio Carlos Balzano de Mattos<br \/>\nProf. Roger E. C. Porto<\/p>\n<\/div>\n<h4 id=\"data11_jan_20111\">Data: 11\/Jan\/2011<\/h4>\n<div class=\"level4\"><\/div>\n<h4 id=\"hora1000h\">Hora: 10:00h<\/h4>\n<div class=\"level4\"><\/div>\n<h4 id=\"local109_ou_111_predio_163\">Local: 109 ou 111 (pr\u00e9dio 16)<\/h4>\n<div class=\"level4\"><\/div>\n<div class=\"secedit editbutton_section editbutton_5\"><\/div>\n<h2 id=\"diogo_bonoto_salaberri\" class=\"sectionedit6 page-header\">Diogo Bonoto Salaberri<\/h2>\n<div class=\"level2\"><\/div>\n<h4 id=\"titulodesenvolvimento_de_aplicacoes_embarcadas_com_android\">T\u00edtulo: Desenvolvimento de aplica\u00e7\u00f5es embarcadas com Android<\/h4>\n<div class=\"level4\"><\/div>\n<h4 id=\"banca5\">Banca:<\/h4>\n<div class=\"level4\">\n<p>Profa. Lisane Brisolara de Brisolara (orientador)<br \/>\nProf. Ricardo Matsumura Ara\u00fajo (co-orientador)<br \/>\nProf. Marilton Sanchotene de Aguiar<br \/>\nProf. Felipe de Souza Marques<br \/>\nProfa. Aline Brum Loreto<\/p>\n<\/div>\n<h4 id=\"data07_jan_20111\">Data: 07\/Jan\/2011<\/h4>\n<div class=\"level4\"><\/div>\n<h4 id=\"hora0800h\">Hora: 08:00h<\/h4>\n<div class=\"level4\"><\/div>\n<h4 id=\"local109_ou_111_predio_164\">Local: 109 ou 111 (pr\u00e9dio 16)<\/h4>\n<div class=\"level4\"><\/div>\n<div class=\"secedit editbutton_section editbutton_6\"><\/div>\n<h2 id=\"djonatan_buss\" class=\"sectionedit7 page-header\">Djonatan Buss<\/h2>\n<div class=\"level2\"><\/div>\n<h4 id=\"tituloutilizacao_de_tecnicas_de_inteligencia_de_negocios_para_descoberta_de_conhecimento_em_bases_de_dados_academicas\">T\u00edtulo: Utiliza\u00e7\u00e3o de t\u00e9cnicas de intelig\u00eancia de neg\u00f3cios para descoberta de conhecimento em bases de dados acad\u00eamicas<\/h4>\n<div class=\"level4\"><\/div>\n<h4 id=\"banca6\">Banca:<\/h4>\n<div class=\"level4\">\n<p>Prof. Paulo Roberto Ferreira Jr (orientador)<br \/>\nProfa. Lisane Brisolara de Brisolara<br \/>\nProf. Ricardo Matsumura Ara\u00fajo<\/p>\n<\/div>\n<h4 id=\"data18_jan_2011\">Data: 18\/Jan\/2011<\/h4>\n<div class=\"level4\"><\/div>\n<h4 id=\"hora800h\">Hora: 8:00h<\/h4>\n<div class=\"level4\"><\/div>\n<h4 id=\"local109_ou_111_predio_165\">Local: 109 ou 111 (pr\u00e9dio 16)<\/h4>\n<div class=\"level4\"><\/div>\n<div class=\"secedit editbutton_section editbutton_7\"><\/div>\n<h2 id=\"douglas_eduardo_rosa\" class=\"sectionedit8 page-header\">Douglas Eduardo Rosa<\/h2>\n<div class=\"level2\"><\/div>\n<h4 id=\"titulosistema_web_para_catalogacao_e_apoio_a_identificacao_de_sementes\">T\u00edtulo: Sistema web para cataloga\u00e7\u00e3o e apoio a identifica\u00e7\u00e3o de sementes<\/h4>\n<div class=\"level4\"><\/div>\n<h4 id=\"banca7\">Banca:<\/h4>\n<div class=\"level4\">\n<p>Prof. Gerson Geraldo Homrich Cavalheiro (orientador)<br \/>\nProf. Paulo Roberto Ferreira Jr (co-orientador)<br \/>\nProf. Marilton Sanchotene de Aguiar<br \/>\nProf. Ricardo Matsumura Ara\u00fajo<\/p>\n<\/div>\n<h4 id=\"data13_jan_2011\">Data: 13\/Jan\/2011<\/h4>\n<div class=\"level4\"><\/div>\n<h4 id=\"hora1400h2\">Hora: 14:00h<\/h4>\n<div class=\"level4\"><\/div>\n<h4 id=\"localmm1_predio_5\">Local: MM1 (pr\u00e9dio 5)<\/h4>\n<div class=\"level4\"><\/div>\n<div class=\"secedit editbutton_section editbutton_8\"><\/div>\n<h2 id=\"eduardo_saffer_medevedovski\" class=\"sectionedit9 page-header\">Eduardo Saffer Medevedovski<\/h2>\n<div class=\"level2\"><\/div>\n<h4 id=\"titulotecnicas_de_inteligencia_artificial_aplicadas_a_um_dispositivo_de_aquecimento_natural_para_ambientes\">T\u00edtulo: T\u00e9cnicas de intelig\u00eancia artificial aplicadas a um dispositivo de aquecimento natural para ambientes<\/h4>\n<div class=\"level4\"><\/div>\n<h4 id=\"banca8\">Banca:<\/h4>\n<div class=\"level4\">\n<p>Prof. Anderson Priebe Ferrugem (orientador)<br \/>\nProf. Eduardo Cunha (co-orientador)<br \/>\nProf. Paulo Roberto Ferreira Jr<br \/>\nProf. Ricardo Matsumura Ara\u00fajo<br \/>\nProf. Julio Carlos Balzano de Mattos<\/p>\n<\/div>\n<h4 id=\"data07_jan_20112\">Data: 07\/Jan\/2011<\/h4>\n<div class=\"level4\"><\/div>\n<h4 id=\"hora1400h3\">Hora: 14:00h<\/h4>\n<div class=\"level4\"><\/div>\n<h4 id=\"local109_ou_111_predio_166\">Local: 109 ou 111 (pr\u00e9dio 16)<\/h4>\n<div class=\"level4\"><\/div>\n<div class=\"secedit editbutton_section editbutton_9\"><\/div>\n<h2 id=\"elvio_antonio_alves_vicosa_junior\" class=\"sectionedit10 page-header\">Elvio Antonio Alves Vicosa J\u00fanior<\/h2>\n<div class=\"level2\"><\/div>\n<h4 id=\"tituloinclusao_do_suporte_a_computacao_distribuida_ao_modelo_anahy_vanilla\">T\u00edtulo: Inclus\u00e3o do suporte \u00e0 computa\u00e7\u00e3o distribu\u00edda ao modelo Anahy Vanilla<\/h4>\n<div class=\"level4\"><\/div>\n<h4 id=\"banca9\">Banca:<\/h4>\n<div class=\"level4\">\n<p>Prof. Gerson Geraldo Homrich Cavalheiro (orientador)<br \/>\nProf. Mauricio Lima Pilla<br \/>\nProf. Andr\u00e9 Rauber Du Bois<\/p>\n<\/div>\n<h4 id=\"data20_out_2010\">Data: 20\/Out\/2010<\/h4>\n<div class=\"level4\"><\/div>\n<h4 id=\"hora1400h4\">Hora: 14:00h<\/h4>\n<div class=\"level4\"><\/div>\n<h4 id=\"localmm1_predio_51\">Local: MM1 (pr\u00e9dio 5)<\/h4>\n<div class=\"level4\"><\/div>\n<div class=\"secedit editbutton_section editbutton_10\"><\/div>\n<h2 id=\"felipe_martin_sampaio\" class=\"sectionedit11 page-header\">Felipe Martin Sampaio<\/h2>\n<div class=\"level2\"><\/div>\n<h4 id=\"tituloarquitetura_de_hardware_para_estimacao_de_movimento_e_de_disparidade_baseada_em_reuso_de_dados_para_codificacao_de_videos_de_multiplas_vistas\">T\u00edtulo: Arquitetura de hardware para estima\u00e7\u00e3o de movimento e de disparidade baseada em reuso de dados para codifica\u00e7\u00e3o de v\u00eddeos de m\u00faltiplas vistas<\/h4>\n<div class=\"level4\"><\/div>\n<h4 id=\"banca10\">Banca:<\/h4>\n<div class=\"level4\">\n<p>Prof. Luciano Volcan Agostini (orientador)<br \/>\nBruno Zatt (co-orientador)<br \/>\nProf. Felipe de Souza Marques<br \/>\nProf. Marcelo Porto<br \/>\nProf. Mauricio Lima Pilla<\/p>\n<\/div>\n<h4 id=\"data12_jan_20111\">Data: 12\/Jan\/2011<\/h4>\n<div class=\"level4\"><\/div>\n<h4 id=\"hora1400h5\">Hora: 14:00h<\/h4>\n<div class=\"level4\"><\/div>\n<h4 id=\"local109_ou_111_predio_167\">Local: 109 ou 111 (pr\u00e9dio 16)<\/h4>\n<div class=\"level4\"><\/div>\n<div class=\"secedit editbutton_section editbutton_11\"><\/div>\n<h2 id=\"flavia_pereira_pinheiro\" class=\"sectionedit12 page-header\">Fl\u00e1via Pereira Pinheiro<\/h2>\n<div class=\"level2\"><\/div>\n<h4 id=\"titulodesenvolvimento_de_uma_ferramenta_para_conversao_de_problemas_escritos_em_linguagem_taems_para_dcop\">T\u00edtulo: Desenvolvimento de uma ferramenta para convers\u00e3o de problemas escritos em linguagem TAEMS para DCOP<\/h4>\n<div class=\"level4\"><\/div>\n<h4 id=\"banca11\">Banca:<\/h4>\n<div class=\"level4\">\n<p>Prof. Paulo Roberto Ferreira Jr (orientador)<br \/>\nProf. Marilton Sanchotene de Aguiar<br \/>\nProf. Ricardo Matsumura Ara\u00fajo<\/p>\n<\/div>\n<h4 id=\"data20_dez_20101\">Data: 20\/Dez\/2010<\/h4>\n<div class=\"level4\"><\/div>\n<h4 id=\"hora1400h6\">Hora: 14:00h<\/h4>\n<div class=\"level4\"><\/div>\n<h4 id=\"local109_ou_111_predio_168\">Local: 109 ou 111 (pr\u00e9dio 16)<\/h4>\n<div class=\"level4\"><\/div>\n<div class=\"secedit editbutton_section editbutton_12\"><\/div>\n<h2 id=\"francine_buelow_bergmann\" class=\"sectionedit13 page-header\">Francine B\u00fclow Bergmann<\/h2>\n<div class=\"level2\"><\/div>\n<h4 id=\"titulovalidacao_da_extensao_dos_criterios_ergonomicos_de_bastien_e_scapin_proposta_por_gastal\">T\u00edtulo: Valida\u00e7\u00e3o da Extens\u00e3o dos Crit\u00e9rios Ergon\u00f4micos de Bastien e Scapin proposta por Gastal<\/h4>\n<div class=\"level4\"><\/div>\n<h4 id=\"banca12\">Banca:<\/h4>\n<div class=\"level4\">\n<p>Profa. Eliane da Silva Alcoforado Diniz (orientador)<br \/>\nProfa. Simone Andr\u00e9 da Costa Cavalheiro<br \/>\nProf. Ricardo Matsumura Ara\u00fajo<\/p>\n<\/div>\n<h4 id=\"data14_jan_2011\">Data: 14\/Jan\/2011<\/h4>\n<div class=\"level4\"><\/div>\n<h4 id=\"hora1000h1\">Hora: 10:00h<\/h4>\n<div class=\"level4\"><\/div>\n<h4 id=\"local109_ou_111_predio_169\">Local: 109 ou 111 (pr\u00e9dio 16)<\/h4>\n<div class=\"level4\"><\/div>\n<div class=\"secedit editbutton_section editbutton_13\"><\/div>\n<h2 id=\"juliano_rodrigues_de_almeida\" class=\"sectionedit14 page-header\">Juliano Rodrigues de Almeida<\/h2>\n<div class=\"level2\"><\/div>\n<h4 id=\"tituloanalise_do_sentimento_coletivo_presente_em_mensagens_do_twitter_para_a_previsao_de_indices_do_mercado_de_acoes\">T\u00edtulo: An\u00e1lise do sentimento coletivo presente em mensagens do Twitter para a previs\u00e3o de \u00edndices do mercado de a\u00e7\u00f5es<\/h4>\n<div class=\"level4\"><\/div>\n<h4 id=\"banca13\">Banca:<\/h4>\n<div class=\"level4\">\n<p>Prof. Ricardo Matsumura Ara\u00fajo (orientador)<br \/>\nProf. Marilton Sanchotene de Aguiar<br \/>\nProf. Anderson Priebe Ferrugem<\/p>\n<\/div>\n<h4 id=\"data10_jan_2011\">Data: 10\/Jan\/2011<\/h4>\n<div class=\"level4\"><\/div>\n<h4 id=\"hora1000h2\">Hora: 10:00h<\/h4>\n<div class=\"level4\"><\/div>\n<h4 id=\"local109_ou_111_predio_1610\">Local: 109 ou 111 (pr\u00e9dio 16)<\/h4>\n<div class=\"level4\"><\/div>\n<div class=\"secedit editbutton_section editbutton_14\"><\/div>\n<h2 id=\"liliane_lino_jeziorski\" class=\"sectionedit15 page-header\">Liliane Lino Jeziorski<\/h2>\n<div class=\"level2\"><\/div>\n<h4 id=\"tituloaplicacao_de_tecnicas_de_arquitetura_de_informacao_na_construcao_de_um_site_para_um_evento_cientifico\">T\u00edtulo: Aplica\u00e7\u00e3o de t\u00e9cnicas de arquitetura de informa\u00e7\u00e3o na constru\u00e7\u00e3o de um site para um evento cient\u00edfico<\/h4>\n<div class=\"level4\"><\/div>\n<h4 id=\"banca14\">Banca:<\/h4>\n<div class=\"level4\">\n<p>Prof. Gerson Geraldo Homrich Cavalheiro (orientador)<br \/>\nProfa. Eliane da Silva Alcoforado Diniz<br \/>\nProf. Marcello da Rocha Macarthy<\/p>\n<\/div>\n<h4 id=\"data12_jan_20112\">Data: 12\/Jan\/2011<\/h4>\n<div class=\"level4\"><\/div>\n<h4 id=\"hora0800h1\">Hora: 08:00h<\/h4>\n<div class=\"level4\"><\/div>\n<h4 id=\"localmm2_predio_5\">Local: MM2 (pr\u00e9dio 5)<\/h4>\n<div class=\"level4\"><\/div>\n<div class=\"secedit editbutton_section editbutton_15\"><\/div>\n<h2 id=\"lucas_dutra_fonseca\" class=\"sectionedit16 page-header\">Lucas Dutra Fonseca<\/h2>\n<div class=\"level2\"><\/div>\n<h4 id=\"tituloavaliacao_do_consumo_de_energia_em_redes_peer-to-peer_para_aplicacao_em_redes_de_dispositivos_moveis_e_redes_de_sensores_sem_fio\">T\u00edtulo: Avalia\u00e7\u00e3o do consumo de energia em redes peer-to-peer para aplica\u00e7\u00e3o em redes de dispositivos m\u00f3veis e redes de sensores sem fio<\/h4>\n<div class=\"level4\"><\/div>\n<h4 id=\"banca15\">Banca:<\/h4>\n<div class=\"level4\">\n<p>Prof. Mauricio Lima Pilla (orientador)<br \/>\nProf. Andr\u00e9 Rauber Du Bois<br \/>\nProf. Gerson Geraldo Homrich Cavalheiro<\/p>\n<\/div>\n<h4 id=\"data13_jan_20111\">Data: 13\/Jan\/2011<\/h4>\n<div class=\"level4\"><\/div>\n<h4 id=\"hora0930h\">Hora: 09:30h<\/h4>\n<div class=\"level4\"><\/div>\n<h4 id=\"local109_ou_111_predio_1611\">Local: 109 ou 111 (pr\u00e9dio 16)<\/h4>\n<div class=\"level4\"><\/div>\n<div class=\"secedit editbutton_section editbutton_16\"><\/div>\n<h2 id=\"mario_heber_da_silva_acosta_lopez_filho\" class=\"sectionedit17 page-header\">M\u00e1rio Heber da Silva Acosta Lopez Filho<\/h2>\n<div class=\"level2\"><\/div>\n<h4 id=\"tituloutilizacao_de_redes_neurais_para_o_reconhecimento_de_imagens_de_movimentos_do_karate\">T\u00edtulo: Utiliza\u00e7\u00e3o de redes neurais para o reconhecimento de imagens de movimentos do karat\u00ea<\/h4>\n<div class=\"level4\"><\/div>\n<h4 id=\"banca16\">Banca:<\/h4>\n<div class=\"level4\">\n<p>Prof. Ricardo Matsumura Ara\u00fajo (orientador)<br \/>\nProf. Marilton Sanchotene de Aguiar<br \/>\nProf. Marcello da Rocha Macarthy<\/p>\n<\/div>\n<h4 id=\"data12_jan_20113\">Data: 12\/Jan\/2011<\/h4>\n<div class=\"level4\"><\/div>\n<h4 id=\"hora1000h3\">Hora: 10:00h<\/h4>\n<div class=\"level4\"><\/div>\n<h4 id=\"local109_ou_111_predio_1612\">Local: 109 ou 111 (pr\u00e9dio 16)<\/h4>\n<div class=\"level4\"><\/div>\n<div class=\"secedit editbutton_section editbutton_17\"><\/div>\n<h2 id=\"rafael_de_leao_bandeira\" class=\"sectionedit18 page-header\">Rafael de Le\u00e3o Bandeira<\/h2>\n<div class=\"level2\"><\/div>\n<h4 id=\"titulocompilador_para_a_linguagem_cmtjava\">T\u00edtulo: Compilador para a linguagem CMTJava<\/h4>\n<div class=\"level4\"><\/div>\n<h4 id=\"banca17\">Banca:<\/h4>\n<div class=\"level4\">\n<p>Prof. Andr\u00e9 Rauber Du Bois (orientador)<br \/>\nProf. Mauricio Lima Pilla (co-orientador)<br \/>\nProf. Gerson Geraldo Homrich Cavalheiro<br \/>\nProfa. Luciana Foss<\/p>\n<\/div>\n<h4 id=\"data13_jan_20112\">Data: 13\/Jan\/2011<\/h4>\n<div class=\"level4\"><\/div>\n<h4 id=\"hora1100h\">Hora: 11:00h<\/h4>\n<div class=\"level4\"><\/div>\n<h4 id=\"local109_ou_111_predio_1613\">Local: 109 ou 111 (pr\u00e9dio 16)<\/h4>\n<div class=\"level4\"><\/div>\n<div class=\"secedit editbutton_section editbutton_18\"><\/div>\n<h2 id=\"rafael_lima_pereira\" class=\"sectionedit19 page-header\">Rafael Lima Pereira<\/h2>\n<div class=\"level2\"><\/div>\n<h4 id=\"tituloferramenta_de_analise_de_bytecodes_para_aplicacoes_java_com_enfase_em_sistemas_embarcados\">T\u00edtulo: Ferramenta de an\u00e1lise de bytecodes para aplica\u00e7\u00f5es Java com \u00eanfase em sistemas embarcados<\/h4>\n<div class=\"level4\"><\/div>\n<h4 id=\"banca18\">Banca:<\/h4>\n<div class=\"level4\">\n<p>Prof. Julio Carlos Balzano de Mattos (orientador)<br \/>\nUlisses Brisolara Corr\u00eaa (co-orientador)<br \/>\nProfa. Lisane Brisolara de Brisolara<br \/>\nProf. Andr\u00e9 Rauber Du Bois<br \/>\nProf. Luciano Volcan Agostini<\/p>\n<\/div>\n<h4 id=\"data07_jan_20113\">Data: 07\/Jan\/2011<\/h4>\n<div class=\"level4\"><\/div>\n<h4 id=\"hora1600h1\">Hora: 16:00h<\/h4>\n<div class=\"level4\"><\/div>\n<h4 id=\"local109_ou_111_predio_1614\">Local: 109 ou 111 (pr\u00e9dio 16)<\/h4>\n<div class=\"level4\"><\/div>\n<div class=\"secedit editbutton_section editbutton_19\"><\/div>\n<h2 id=\"rafael_sachett_medeiros\" class=\"sectionedit20 page-header\">Rafael Sachett Medeiros<\/h2>\n<div class=\"level2\"><\/div>\n<h4 id=\"titulodeteccao_de_superposicao_de_manchas_em_cartoes_hidrosensiveis_para_calibragem_de_equipamentos_de_pulverizacao_agricola\">T\u00edtulo: Detec\u00e7\u00e3o de superposi\u00e7\u00e3o de manchas em cart\u00f5es hidrosens\u00edveis para calibragem de equipamentos de pulveriza\u00e7\u00e3o agr\u00edcola<\/h4>\n<div class=\"level4\"><\/div>\n<h4 id=\"banca19\">Banca:<\/h4>\n<div class=\"level4\">\n<p>Prof. Ricardo Matsumura Ara\u00fajo (orientador)<br \/>\nProf. Lucas Ferrari de Oliveira (co-orientador)<br \/>\nProf. Gerson Geraldo Homrich Cavalheiro<br \/>\nProf. Marilton Sanchotene de Aguiar<\/p>\n<\/div>\n<h4 id=\"data10_jan_20111\">Data: 10\/Jan\/2011<\/h4>\n<div class=\"level4\"><\/div>\n<h4 id=\"hora1400h7\">Hora: 14:00h<\/h4>\n<div class=\"level4\"><\/div>\n<h4 id=\"local109_ou_111_predio_1615\">Local: 109 ou 111 (pr\u00e9dio 16)<\/h4>\n<div class=\"level4\"><\/div>\n<div class=\"secedit editbutton_section editbutton_20\"><\/div>\n<h2 id=\"rebeca_einhardt_fiss\" class=\"sectionedit21 page-header\">Rebeca Einhardt Fiss<\/h2>\n<div class=\"level2\"><\/div>\n<h4 id=\"titulooncobankum_banco_de_genes_ligados_ao_cancer\">T\u00edtulo: OncoBank: um banco de genes ligados ao c\u00e2ncer<\/h4>\n<div class=\"level4\"><\/div>\n<h4 id=\"banca20\">Banca:<\/h4>\n<div class=\"level4\">\n<p>Prof. Marilton Sanchotene de Aguiar (orientador)<br \/>\nProf. Tiago Collares (co-orientador)<br \/>\nProf. Paulo Roberto Ferreira Jr<br \/>\nProf. Ricardo Matsumura Ara\u00fajo<\/p>\n<\/div>\n<h4 id=\"data07_jan_20114\">Data: 07\/Jan\/2011<\/h4>\n<div class=\"level4\"><\/div>\n<h4 id=\"hora1200h\">Hora: 12:00h<\/h4>\n<div class=\"level4\"><\/div>\n<h4 id=\"local109_ou_111_predio_1616\">Local: 109 ou 111 (pr\u00e9dio 16)<\/h4>\n<div class=\"level4\"><\/div>\n<div class=\"secedit editbutton_section editbutton_21\"><\/div>\n<h2 id=\"taina_caetano_coimbra\" class=\"sectionedit22 page-header\">Tain\u00e3 Caetano Coimbra<\/h2>\n<div class=\"level2\"><\/div>\n<h4 id=\"titulocomputacao_humana_aplicada_ao_problema_do_caixeiro_viajante\">T\u00edtulo: Computa\u00e7\u00e3o humana aplicada ao problema do caixeiro viajante<\/h4>\n<div class=\"level4\"><\/div>\n<h4 id=\"banca21\">Banca:<\/h4>\n<div class=\"level4\">\n<p>Prof. Ricardo Matsumura Ara\u00fajo (orientador)<br \/>\nProf. Marilton Sanchotene de Aguiar<br \/>\nProfa. Luciana Foss<br \/>\nProf. Paulo Roberto Ferreira Jr<\/p>\n<\/div>\n<h4 id=\"data05_jan_2011\">Data: 05\/Jan\/2011<\/h4>\n<div class=\"level4\"><\/div>\n<h4 id=\"hora1400h8\">Hora: 14:00h<\/h4>\n<div class=\"level4\"><\/div>\n<h4 id=\"local109_ou_111_predio_1617\">Local: 109 ou 111 (pr\u00e9dio 16)<\/h4>\n<div class=\"level4\"><\/div>\n<div class=\"secedit editbutton_section editbutton_22\"><\/div>\n<h2 id=\"tiago_henrique_trojahn\" class=\"sectionedit23 page-header\">Tiago Henrique Trojahn<\/h2>\n<div class=\"level2\"><\/div>\n<h4 id=\"tituloimplementacao_e_avaliacao_de_desempenho_de_duas_versoes_do_componente_responsavel_pela_decodificacao_de_fluxos_de_midia_no_middleware_ginga\">T\u00edtulo: Implementa\u00e7\u00e3o e avalia\u00e7\u00e3o de desempenho de duas vers\u00f5es do componente respons\u00e1vel pela decodifica\u00e7\u00e3o de fluxos de m\u00eddia no middleware Ginga<\/h4>\n<div class=\"level4\"><\/div>\n<h4 id=\"banca22\">Banca:<\/h4>\n<div class=\"level4\">\n<p>Prof. Leomar Soares da Rosa Jr. (orientador)<br \/>\nProf. Juliano Gon\u00e7alves (co-orientador)<br \/>\nProf. Julio Carlos Balzano de Mattos<br \/>\nProf. Luciano Volcan Agostini<br \/>\nProf. Mauricio Lima Pilla<\/p>\n<\/div>\n<h4 id=\"data11_jan_20112\">Data: 11\/Jan\/2011<\/h4>\n<div class=\"level4\"><\/div>\n<h4 id=\"hora1600h2\">Hora: 16:00h<\/h4>\n<div class=\"level4\"><\/div>\n<h4 id=\"local109_ou_111_predio_1618\">Local: 109 ou 111 (pr\u00e9dio 16)<\/h4>\n<div class=\"level4\"><\/div>\n<div class=\"secedit editbutton_section editbutton_23\"><\/div>\n<h2 id=\"wellisson_guilhermino_pereira_da_silva\" class=\"sectionedit24 page-header\">Wellisson Guilhermino Pereira da Silva<\/h2>\n<div class=\"level2\"><\/div>\n<h4 id=\"titulouso_de_refatoracoes_na_exploracao_do_espaco_de_projeto_de_software_embarcado\">T\u00edtulo: Uso de Refatora\u00e7\u00f5es na Explora\u00e7\u00e3o do Espa\u00e7o de Projeto de Software Embarcado<\/h4>\n<div class=\"level4\"><\/div>\n<h4 id=\"banca23\">Banca:<\/h4>\n<div class=\"level4\">\n<p>Profa. Lisane Brisolara de Brisolara (orientador)<br \/>\nUlisses Brisolara Corr\u00eaa (co-orientador)<br \/>\nProf. Julio Carlos Balzano de Mattos<br \/>\nProfa. Luciana Foss<br \/>\nProf. Luciano Volcan Agostini<\/p>\n<\/div>\n<h4 id=\"data07_jan_20115\">Data: 07\/Jan\/2011<\/h4>\n<div class=\"level4\"><\/div>\n<h4 id=\"hora1000h4\">Hora: 10:00h<\/h4>\n<div class=\"level4\"><\/div>\n<h4 id=\"local109_ou_111_predio_1619\">Local: 109 ou 111 (pr\u00e9dio 16)<\/h4>\n","protected":false},"excerpt":{"rendered":"<p>Bruno Machado da Silva T\u00edtulo: Estudo de algoritmos gen\u00e9ticos aplicado ao problema de jogos de RPG do tipo mafia wars Banca: Prof. Ricardo Matsumura Ara\u00fajo (orientador) Prof. Marilton Sanchotene de Aguiar (co-orientador) Prof. Paulo Roberto Ferreira Jr Prof. Anderson Priebe Ferrugem Data: 07\/Jan\/2011 Hora: 16:00h Local: 109 ou 111 (pr\u00e9dio 16) C\u00edcero Augusto de Souza [&hellip;]<\/p>\n","protected":false},"author":657,"featured_media":0,"parent":84,"menu_order":0,"comment_status":"closed","ping_status":"closed","template":"","meta":{"footnotes":""},"class_list":["post-88","page","type-page","status-publish","hentry"],"_links":{"self":[{"href":"https:\/\/wp.ufpel.edu.br\/notcc\/wp-json\/wp\/v2\/pages\/88","targetHints":{"allow":["GET"]}}],"collection":[{"href":"https:\/\/wp.ufpel.edu.br\/notcc\/wp-json\/wp\/v2\/pages"}],"about":[{"href":"https:\/\/wp.ufpel.edu.br\/notcc\/wp-json\/wp\/v2\/types\/page"}],"author":[{"embeddable":true,"href":"https:\/\/wp.ufpel.edu.br\/notcc\/wp-json\/wp\/v2\/users\/657"}],"replies":[{"embeddable":true,"href":"https:\/\/wp.ufpel.edu.br\/notcc\/wp-json\/wp\/v2\/comments?post=88"}],"version-history":[{"count":1,"href":"https:\/\/wp.ufpel.edu.br\/notcc\/wp-json\/wp\/v2\/pages\/88\/revisions"}],"predecessor-version":[{"id":89,"href":"https:\/\/wp.ufpel.edu.br\/notcc\/wp-json\/wp\/v2\/pages\/88\/revisions\/89"}],"up":[{"embeddable":true,"href":"https:\/\/wp.ufpel.edu.br\/notcc\/wp-json\/wp\/v2\/pages\/84"}],"wp:attachment":[{"href":"https:\/\/wp.ufpel.edu.br\/notcc\/wp-json\/wp\/v2\/media?parent=88"}],"curies":[{"name":"wp","href":"https:\/\/api.w.org\/{rel}","templated":true}]}}