{"id":874,"date":"2019-08-13T11:49:25","date_gmt":"2019-08-13T14:49:25","guid":{"rendered":"https:\/\/wp.ufpel.edu.br\/notcc\/?page_id=874"},"modified":"2019-08-13T11:49:25","modified_gmt":"2019-08-13T14:49:25","slug":"propostas-2019-1","status":"publish","type":"page","link":"https:\/\/wp.ufpel.edu.br\/notcc\/propostas\/avaliacoes\/propostas-2019-1\/","title":{"rendered":"Propostas 2019\/1"},"content":{"rendered":"<h2 id=\"propostas\" class=\"sectionedit6 page-header\">Avaliadores<\/h2>\n<p>Adenauer Yamin\t&#8211; adenauer@inf.ufpel.edu.br<br \/>\nAlan Rossetto\t &#8211; alan.rossetto@inf.ufpel.edu.br<br \/>\nAna Pernas\t&#8211; marilza@inf.ufpel.edu.br<br \/>\nAnderson Ferrugem\t&#8211; ferrugem@inf.ufpel.edu.br<br \/>\nAndre Du Bois\t&#8211; dubois@inf.ufpel.edu.br<br \/>\nBruno Zatt\t-zatt@inf.ufpel.edu.br<br \/>\nDaniel Palomino\t-dpalomino@inf.ufpel.edu.br<br \/>\nFelipe Souza Marques\t-felipem@inf.ufpel.edu.br<br \/>\nGerson Cavalheiro\t-gerson.cavalheiro@inf.ufpel.edu.br<br \/>\nGuilherme Correa\t-gcorrea@inf.ufpel.edu.br<br \/>\nJulio Mattos\t-julius@inf.ufpel.edu.br<br \/>\nLarissa Freitas\t-larissa@inf.ufpel.edu.br<br \/>\nLeomar Rosa Jr\t-leomarjr@inf.ufpel.edu.br<br \/>\nLisane Brisolara\t-lisane@inf.ufpel.edu.br<br \/>\nLuciana\tFoss\t-lfoss@inf.ufpel.edu.br<br \/>\nLuciano\tAgostini\t-agostini@inf.ufpel.edu.br<br \/>\nMarcelo\tPorto\t-porto@inf.ufpel.edu.br<br \/>\nMarilton Sanchotene de Aguiar\t-marilton@inf.ufpel.edu.br<br \/>\nMauricio Pilla\t-pilla@inf.ufpel.edu.br<br \/>\nPaulo Ferreira Jr.\t-paulo@inf.ufpel.edu.br<br \/>\nRafael Soares\t-rafael.soares@inf.ufpel.edu.br<br \/>\nRafael Torchelsen\t-rafael.torchelsen@inf.ufpel.edu.br<br \/>\nRenata\tReiser\t-reiser@inf.ufpel.edu.br<br \/>\nRicardo\tAraujo\t-ricardo@inf.ufpel.edu.br<br \/>\nSimone Costa\t-simone.costa@inf.ufpel.edu.br<br \/>\nTatiana Tavares\t-tatiana@inf.ufpel.edu.br<br \/>\nTiago Primo\t-tiagoprimo@gmail.com<br \/>\nVinicius Valduga Camargo -vvacamargo@inf.ufpel.edu.br<\/p>\n<p><b>Avaliadores por Propostas 2019-1 <\/b><br \/>\nGustavo Oliveira and Rafael Soares, Investiga\u00e7\u00e3o de Algoritmos de Criptografia Utilizando Curvas El\u00edpticas<br \/>\nLisane<br \/>\nVinicius<\/p>\n<p>Wagner Loch and Rafael Iankowski Soares, Projeto de um Sistema de Reconhecimento de Caracteres em Placas de Autom\u00f3veis Utilizando Computa\u00e7\u00e3o em Nuvem<br \/>\nRicardo<br \/>\nFelipe<\/p>\n<p>Geovana Silveira, Tatiana Tavares and Andr\u00e9ia Rodrigues, Avalia\u00e7\u00e3o da intera\u00e7\u00e3o do usu\u00e1rio com a iTV utilizando IOM (Interface \u00d3culos Mouse)<br \/>\nAdenauer<br \/>\nGuilherme Corr\u00eaa<\/p>\n<p>Joao In\u00e1cio Moreira Bezerra, Vin\u00edcius Valduga de Almeida Camargo and Alexandre Molter, An\u00e1lise do uso de Sistemas Ca\u00f3ticos em Algoritmos Criptogr\u00e1ficos<br \/>\nLeomar<br \/>\nAna<\/p>\n<p>Douglas Maliszewski and Andre Du Bois, Um Compilador de C\u00e1lculo Pi para Java<br \/>\nSimoe<br \/>\nRafael T.<\/p>\n<p>Lorenzo Fagundes Antunes and Ricardo Matsumura de Ara\u00fajo, Entity Matching utilizando representa\u00e7\u00f5es lingu\u00edsticas de aprendizadoprofundo aplicados em matching de usu\u00e1rios de redes sociais com bancos dedados privados.<br \/>\nGerson<br \/>\nLarissa<\/p>\n<p>Ihan Bender and Ricardo Araujo, Um Sistema Recomendador e Classificador para o Preenchimento de Nomes de Confer\u00eancias da \u00c1rea de Computa\u00e7\u00e3o em Curr\u00edculos Lattes.<br \/>\nGerson<br \/>\nDaniel<\/p>\n<p>Patrick B\u00fcrke Garcia, Tatiana Aires Tavares and Marcelo Bender Machado, Utiliza\u00e7\u00e3o do Google Cardboard para o Desenvolvimento de uma Sala de Aula Virtual<br \/>\nPaulo<br \/>\nTiago<\/p>\n<p>Arthur Silva and Ricardo Ara\u00fajo, Desenvolvimento de um assistente de cadastro de formul\u00e1rios aplicado \u00e0 plataforma de curr\u00edculos Lattes<br \/>\nLisane<br \/>\nAna<\/p>\n<p>Patrick Guimar\u00e3es de Vargas, Paulo Roberto Ferreira Junior and Tau\u00e3 Milech Cabreira, Algoritmos Gen\u00e9ticos na Otimiza\u00e7\u00e3o de M\u00e9todos para Patrulhamento Utilizando VANTs<br \/>\nRicardo<br \/>\nFelipe<\/p>\n<p>Paulo Roberto Nunes Da Rosa, Pernas and Primo, Ontologia como Ferramenta de Apoio a Aprendizagem Com Scratch<br \/>\nSimone<br \/>\nLarissa<\/p>\n<p>Mateus M. Meruvia and Gerson Cavalheiro, Localiza\u00e7\u00e3o Em Ambientes Internos Utilizando Beacons de Bluetooth de Baixa Energia<br \/>\nJulio<br \/>\nAndr\u00e9<\/p>\n<p>Henry Pereira, Gerson Cavalheiro and Andre Jardim, An\u00e1lise de desempenho e qualidade de c\u00f3digo entre Mem\u00f3ria Transacional e OpenMP<br \/>\nPilla<br \/>\nTatiana<\/p>\n<p>Henrique Kessler, Vin\u00edcius Camargo and Leomar da Rosa Junior, An\u00e1lise do impacto da variabilidade e degrada\u00e7\u00e3o de circuitos digitais MOS nanom\u00e9tricos com topologia n\u00e3o-s\u00e9rie-paralelo<br \/>\nAlan<br \/>\nRafael S.<\/p>\n<p>Jonathas A. O. Concei\u00e7\u00e3o and Andre Rauber Du Bois, Transa\u00e7\u00f5es El\u00e1sticas no STM Haskell<br \/>\nPilla<br \/>\nRenata<\/p>\n<p>Jader Froes Dos Santos Rosa, Ana Marilza Pernas Fleischmann and Tiago Thompsen Primo, Uma aplica\u00e7\u00e3o de Sistemas de Tutores Inteligentes para suporte a f\u00f3runs virtuais.<br \/>\nMarilton<br \/>\nAndr\u00e9<\/p>\n<p>Yuri Vaz and Julio Mattos, Avalia\u00e7\u00e3o de Desempenho de Algoritmos Criptogr\u00e1ficos para Aplica\u00e7\u00f5es IoT<br \/>\nLisane<br \/>\nGuilherme Correa<\/p>\n<p>\u00cdtalo Ramos and Leomar da Rosa, Desenvolvimento de uma Solu\u00e7\u00e3o para o Registro de Presen\u00e7as e Controle de Acesso em Eventos Acad\u00eamicos utilizando QR Code em dispositivos m\u00f3veis<br \/>\nPorto<br \/>\nAna<\/p>\n<p>Guilherme Wollmann de Oliveira and Leomar Soares da Rosa Junior, Ferramenta para o monitoramento dos n\u00edveis de ru\u00eddo em canteiros de obra com funcionamento baseado em conceitos IoT<br \/>\nAlan<br \/>\nRafael S.<\/p>\n<p>Diogo Lima and Anderson Ferrugem, T\u00e9cnicas de processamento de imagens para auxiliar o wayfinding<br \/>\nMarilton<br \/>\nDaniel<\/p>\n<p>\u00c9rick Moreira and Larissa Freitas, Desenvolvimento de um sistema de reconhecimento de textos escritos \u00e0 m\u00e3o por crian\u00e7as do ensino fundamental<br \/>\nRicardo<br \/>\nTiago<\/p>\n<p>Candido Moraes, Marcelo Porto and Guilherme Correa, Padr\u00e3o de Busca Din\u00e2mico para a Redu\u00e7\u00e3o do Esfor\u00e7o Computacional na Etapa de Estima\u00e7\u00e3o de Movimento de Codificadores de V\u00eddeo<br \/>\nLeomar<br \/>\nAnderson<\/p>\n<p>Pedro Monsalve, Marilton Aguiar and Tiago Primo, A utiliza\u00e7\u00e3o da gamifica\u00e7\u00e3o no aprendizado de fundamentos de matem\u00e1tica para o Ensino Superior<br \/>\nLeomar<br \/>\nVinicius<\/p>\n<p>Matheus Gelsdorf and Leomar da Rosa, Desenvolvimento de uma Solu\u00e7\u00e3o de Pagamento e Controle de Acesso para o Restaurante Universit\u00e1rio da Universidade Federal de Pelotas<br \/>\nTatiana<br \/>\nPorto<\/p>\n<p>Andr\u00e9 Luiz Gon\u00e7alves Teixeira and Anderson Priebe Ferrugem, Abordagem para Identifica\u00e7\u00e3o e Leitura de Cartazes e Placas em Imagens de V\u00eddeo \u00e0 partir de T\u00e9cnicas de Leitura Robusta Proposta<br \/>\nPaulo<br \/>\nRenata<\/p>\n<p>Lukas Iepsen and Ricardo Araujo, Aprendizado de M\u00e1quina de maneira colaborativa e segura utilizando modelos de previs\u00e3o compartilhados entre dispositivos<br \/>\nMarilton<br \/>\nRafael T.<\/p>\n<p>V\u00edtor Resing Plentz and Ricardo Matsumura de Ara\u00fajo, Desenvolvimento de um pipeline Extract, Transform and Load para constru\u00e7\u00e3ode Data Warehouses.<br \/>\nLuciana<br \/>\nLuciano<\/p>\n<p>Alberto Portantiolo Klein, Leomar Soares da Rosa J\u00fanior and Felipe De Souza Marques, Proposta de uma Ferramenta Did\u00e1tica de Simula\u00e7\u00e3o e An\u00e1lise de Circuitos El\u00e9tricos<br \/>\nJulio<br \/>\nVinicius<\/p>\n<p>Juan Burtet and Ricardo Ara\u00fajo, Uma Proposta para Gera\u00e7\u00e3o Procedural de Mapas para Jogos Match-Three<br \/>\nLuciana<br \/>\nBruno<\/p>\n<p>Felipe Gruendemann, Ricardo Matsumura de Ara\u00fajo and Adenauer Correa Yamin, Comportamentos em Sistemas de Infus\u00e3o Intravenosos: Uma Proposta de Identifica\u00e7\u00e3o Explorando LSTM<br \/>\nLuciano<br \/>\nSimone<\/p>\n<p>Lucas Bretana and Gerson Cavalheiro, PPAnalyzer: uma ferramenta para detec\u00e7\u00e3o de padr\u00f5es de paralelismo em c\u00f3digo C e C++<br \/>\nPilla<br \/>\nAdenauer<\/p>\n<p>Mateus Leme, Rafael Soares, Eduardo Da Costa and Guilherme Paim, EXPLORA\u00c7\u00c3O DO ESPA\u00c7O DE PROJETO DE MULTIPLICADORES PARALELOS PARA ARQUITETURAS DE HARDWARE DE CRIPTOGRAFIA RSA<br \/>\nAnderson<br \/>\nBruno<\/p>\n<p>Ta\u00edne Freitas, Ana Pernas and Tiago Primo, Uma Ferramenta de Visualiza\u00e7\u00e3o e Aplica\u00e7\u00e3o de Ontologias para Dados de Oficinas de Scratch<br \/>\nLarissa<br \/>\nBruno<\/p>\n<p>Douglas Wahast da Costa, Bruno Zatt and Daniel Palomino, Explora\u00e7\u00e3o do Codec AV1 utilizando OpenCL e FPGA em uma plataforma de Computa\u00e7\u00e3o em Nuvem<br \/>\nPorto<br \/>\nGruilherme Corr\u00eaa<\/p>\n","protected":false},"excerpt":{"rendered":"<p>Avaliadores Adenauer Yamin &#8211; adenauer@inf.ufpel.edu.br Alan Rossetto &#8211; alan.rossetto@inf.ufpel.edu.br Ana Pernas &#8211; marilza@inf.ufpel.edu.br Anderson Ferrugem &#8211; ferrugem@inf.ufpel.edu.br Andre Du Bois &#8211; dubois@inf.ufpel.edu.br Bruno Zatt -zatt@inf.ufpel.edu.br Daniel Palomino -dpalomino@inf.ufpel.edu.br Felipe Souza Marques -felipem@inf.ufpel.edu.br Gerson Cavalheiro -gerson.cavalheiro@inf.ufpel.edu.br Guilherme Correa -gcorrea@inf.ufpel.edu.br Julio Mattos -julius@inf.ufpel.edu.br Larissa Freitas -larissa@inf.ufpel.edu.br Leomar Rosa Jr -leomarjr@inf.ufpel.edu.br Lisane Brisolara -lisane@inf.ufpel.edu.br Luciana Foss -lfoss@inf.ufpel.edu.br Luciano [&hellip;]<\/p>\n","protected":false},"author":800,"featured_media":0,"parent":31,"menu_order":0,"comment_status":"closed","ping_status":"closed","template":"","meta":{"footnotes":""},"class_list":["post-874","page","type-page","status-publish","hentry"],"_links":{"self":[{"href":"https:\/\/wp.ufpel.edu.br\/notcc\/wp-json\/wp\/v2\/pages\/874","targetHints":{"allow":["GET"]}}],"collection":[{"href":"https:\/\/wp.ufpel.edu.br\/notcc\/wp-json\/wp\/v2\/pages"}],"about":[{"href":"https:\/\/wp.ufpel.edu.br\/notcc\/wp-json\/wp\/v2\/types\/page"}],"author":[{"embeddable":true,"href":"https:\/\/wp.ufpel.edu.br\/notcc\/wp-json\/wp\/v2\/users\/800"}],"replies":[{"embeddable":true,"href":"https:\/\/wp.ufpel.edu.br\/notcc\/wp-json\/wp\/v2\/comments?post=874"}],"version-history":[{"count":5,"href":"https:\/\/wp.ufpel.edu.br\/notcc\/wp-json\/wp\/v2\/pages\/874\/revisions"}],"predecessor-version":[{"id":966,"href":"https:\/\/wp.ufpel.edu.br\/notcc\/wp-json\/wp\/v2\/pages\/874\/revisions\/966"}],"up":[{"embeddable":true,"href":"https:\/\/wp.ufpel.edu.br\/notcc\/wp-json\/wp\/v2\/pages\/31"}],"wp:attachment":[{"href":"https:\/\/wp.ufpel.edu.br\/notcc\/wp-json\/wp\/v2\/media?parent=874"}],"curies":[{"name":"wp","href":"https:\/\/api.w.org\/{rel}","templated":true}]}}