{"id":859,"date":"2019-03-12T16:01:52","date_gmt":"2019-03-12T19:01:52","guid":{"rendered":"https:\/\/wp.ufpel.edu.br\/notcc\/?page_id=859"},"modified":"2019-03-12T16:02:51","modified_gmt":"2019-03-12T19:02:51","slug":"monografias-2018","status":"publish","type":"page","link":"https:\/\/wp.ufpel.edu.br\/notcc\/monografias\/acervo\/monografias-2018\/","title":{"rendered":"Monografias 2018"},"content":{"rendered":"<p>Clique nos links abaixo para download<\/p>\n<h3 style=\"text-align: center\"><a href=\"https:\/\/drive.google.com\/open?id=1APHZqMM8WIo0yZdkwyFkle0_5fC7loMD\" target=\"_blank\" rel=\"noopener noreferrer\">:: 2018\/1 \/ Click here to Download ::<\/a><\/h3>\n<h3 style=\"text-align: center\"><a href=\"https:\/\/drive.google.com\/open?id=17A6jkuqpIFMgL4eo3-3WAn_x5Cc6rGBj\" target=\"_blank\" rel=\"noopener noreferrer\">:: 2018\/2 \/ Click here to Download ::<\/a><\/h3>\n<p><strong>Monografias 2018\/1<\/strong><\/p>\n<p>SFuzzzy Avalia E\/A: Uma Abordagem Fuzzy para a Avalia\u00e7\u00e3o do Ensino Aprendizagem com Estudo de Caso do Projeto EXP-PC via Habilidades do Pensamento Computacional<br \/>\npor <strong>Ra\u00edssa Teles Pinto<\/strong><\/p>\n<p>Chatterbot de acesso a informa\u00e7\u00e3o de procedimentos discentes na UFPel atrav\u00e9s de m\u00eddias sociais<br \/>\npor <strong>\u00c2ndrio Ferreira de Ara\u00fajo Campos<\/strong><\/p>\n<p>Recomendador Pastejando: um sistema de recomenda\u00e7\u00e3o baseado em conhecimento para suporte a produtores rurais de leite<br \/>\npor <strong>N\u00edcolas Oreques de Araujo<\/strong><\/p>\n<p>Investiga\u00e7\u00e3o da T\u00e9cnica de Dessincroniza\u00e7\u00e3o de circuitos integrados: estudo de caso com a arquitetura MIPS Pipeline<br \/>\npor <strong>Lucas Rego Da Rocha<\/strong><\/p>\n<p>Investiga\u00e7\u00e3o da T\u00e9cnica de Dessincroniza\u00e7\u00e3o de circuitos integrados: estudo de caso com a arquitetura MIPS Pipeline<br \/>\npor Lucas Rego Da Rocha<\/p>\n<p>Aprendizagem Ciente de Contexto: um estudo de caso utilizando o ambiente virtual OpenRedu<br \/>\npor <strong>Felipe Luzzardi da Rosa<\/strong><\/p>\n<p>An\u00e1lise de estrat\u00e9gias de paralelismo em CPU e GPU para o modelo Lavras Simulation of Hydrology (LASH)<br \/>\npor <strong>Leonardo Corr\u00eaa Rodrigues<\/strong><\/p>\n<p>Intelig\u00eancia Artificial e o Controle Social da Administra\u00e7\u00e3o P\u00fablica<br \/>\npor <strong>Franco Terres dos Santos<\/strong><\/p>\n<p>Uma Arquitetura Colaborativa para Detec\u00e7\u00e3o de Ataques de Phishing<br \/>\npor <strong>Victor Renan Covalski June<\/strong>s<\/p>\n<p>SpreadOut: Uma Proposta de Regulariza\u00e7\u00e3o Baseada na Diferencia\u00e7\u00e3o de Kernels de Convolu\u00e7\u00e3o em Redes Neurais Convolucionais<br \/>\npor <strong>Jos\u00e9 Vitor Schneid da Silva<\/strong><\/p>\n<p><strong>Monografias 2018\/2<\/strong><\/p>\n<p>Identifica\u00e7\u00e3o de Relatos de Viol\u00eancia em M\u00eddias Sociais: um Estudo de Caso Aplicado ao Facebook<br \/>\npor <strong>Adson Ileon Ripinski Duarte<\/strong><\/p>\n<p>Classifica\u00e7\u00e3o de imagens microsc\u00f3picas de motilidade esperm\u00e1tica utilizando aprendizado de m\u00e1quina<br \/>\npor <strong>\u00c2ndrea V\u00f6lz Garcez<\/strong><\/p>\n<p>Implementa\u00e7\u00e3o de Um M\u00e9todo de Posicionamento de Transistores Baseado em Satisfatibilidade Booleana na Ferramenta ASTRAN<br \/>\npor <strong>Andrei Ali Odes Bubolz<\/strong><\/p>\n<p>Explora\u00e7\u00e3o no Projeto de Hierarquia de Mem\u00f3ria para Codifica\u00e7\u00e3o de V\u00eddeo Energeticamente Eficiente no Padr\u00e3o HEVC por<br \/>\n<strong>Douglas Silva Corr\u00eaa<\/strong><\/p>\n<p>An\u00e1lise da utiliza\u00e7\u00e3o das Ferramentas Scratch e StageCast Creator no Ensino Fundamental com foco no Pensamento Computacional<br \/>\npor <strong>Eduardo Abreu Xavier<\/strong><\/p>\n<p>An\u00e1lise dos impactos de variabilidade e degrada\u00e7\u00e3o de transistores em conversores CC-CC integrados para aplica\u00e7\u00f5es em IoT<br \/>\npor <strong>Eduardo Franklin Model<\/strong><\/p>\n<p>Detec\u00e7\u00e3o de degenera\u00e7\u00e3o macular usando t\u00e9cnicas de processamento de imagens<br \/>\npor <strong>Fabio Abib Hecktheuer<\/strong><\/p>\n<p>DERIS-B: Decentralized Recoverable Identification System Based on Blockchain. Um Conjunto de Protocolos para Identifica\u00e7\u00e3o de Pessoas via Blockchain<br \/>\npor <strong>Gustavo Fernandes dos Santos<\/strong><\/p>\n<p>Uma Aplica\u00e7\u00e3o Web de Banco de Textos e Ferramentas de An\u00e1lise Textual<br \/>\npor <strong>Heitor Augusto Grosskopf Almeida<\/strong><\/p>\n<p>Avalia\u00e7\u00e3o do uso de esteganografia para reduzir vulnerabilidades em redes de sensores sem fio<br \/>\npor <strong>Helena Dufau de Carvalho<\/strong><\/p>\n<p>Otimiza\u00e7\u00e3o das Ferramentas de Codifica\u00e7\u00e3o de V\u00eddeo do Padr\u00e3o HEVC para Aplica\u00e7\u00f5es com V\u00eddeos Omnidirecionais<br \/>\npor <strong>Iago Coelho Storch<\/strong><\/p>\n<p>An\u00e1lise sobre o perfil dos alunos evadidos nos cursos de Computa\u00e7\u00e3o da UFPEL usando minera\u00e7\u00e3o de dados<br \/>\npor <strong>Karine Pestana Ramos<\/strong><\/p>\n<p>An\u00e1lise de Uma Extens\u00e3o do Algoritmo NC-Drone Utilizando Uma Abordagem Baseada em Watershed<br \/>\npor <strong>Kristofer Stift Kappel<\/strong><\/p>\n<p>Uma Compara\u00e7\u00e3o e Adapta\u00e7\u00e3o de M\u00e9todos de An\u00e1lise de Sentimentos para Textos sobre Pol\u00edtica em Portugu\u00eas e Ingl\u00eas<br \/>\npor <strong>Larissa de \u00c1vila Ara\u00fajo<\/strong><\/p>\n<p>Ferramenta de suporte ao processo de ensino e aprendizado: Um ensaio com o uso de gamifica\u00e7\u00e3o para o auxilio a motiva\u00e7\u00e3o e engajamento de alunos<br \/>\npor <strong>Marcelo Bonoto Salaberri<\/strong><\/p>\n<p>A an\u00e1lise de desempenho no futebol atrav\u00e9s do uso de m\u00e9tricas de centralidade em grafos<br \/>\npor <strong>Marcelo Voigt Zschornack<\/strong><\/p>\n<p>Uma proposta de atividade desplugada baseada em um jogo RPG para promover o pensamento computacional e avaliar a colabora\u00e7\u00e3o entre estudantes do ensino fundamental<br \/>\npor <strong>Marcos Saalfeld Bartz<\/strong><\/p>\n<p>An\u00e1lise do Desempenho do Benchmark Hierarchical Agglomerative Clustering em Diferentes Ferramentas de Paraleliza\u00e7\u00e3o<br \/>\npor <strong>Mateus Thurow Schoenknecht<\/strong><\/p>\n<p>Controle Social para o Monitoramento em Tempo Real no Transporte P\u00fablico Urbano<br \/>\npor <strong>Matheus Eduardo Rodrigues Freitag<\/strong><\/p>\n<p>An\u00e1lise do uso de Word Embedding para enriquecer Ontologia de Dom\u00ednio<br \/>\npor <strong>Mikael Poetsch<\/strong><\/p>\n<p>Esquema H\u00edbrido para Redu\u00e7\u00e3o do Esfor\u00e7o Computacional da Estima\u00e7\u00e3o de Movimento no Codificador de V\u00eddeo HEVC<br \/>\npor <strong>Paulo Henrik Ribeiro Gon\u00e7alves<\/strong><\/p>\n<p>Prot\u00f3tipo de mouse virtual para uso com a Interface \u00d3culos Mouse (IOM)<br \/>\npor <strong>Rafael Dias Lagemann<\/strong><\/p>\n<p>Simula\u00e7\u00e3o do comportamento de tinta volum\u00e9trica utilizando part\u00edculas<br \/>\npor <strong>Rafael Haertel Peres<\/strong><\/p>\n<p>Desenvolvimento de um Sistema Web de Consumo Colaborativo, voltado ao Mercado de Redistribui\u00e7\u00e3o, com Especifica\u00e7\u00e3o e Verifica\u00e7\u00e3o atrav\u00e9s da UML e Gram\u00e1tica de Grafos<br \/>\npor <strong>Rafael de Sousa Nascimento<\/strong><\/p>\n<p>Detec\u00e7\u00e3o e Reconhecimento de Sinais de Tr\u00e2nsito em V\u00eddeos Utilizando Processamento Digital de Imagens e Aprendizado de M\u00e1quina<br \/>\npor <strong>Renata Zottis Junges<\/strong><\/p>\n<p>Decis\u00f5es R\u00e1pidas de Estruturas de Particionamento na Transcodifica\u00e7\u00e3o de V\u00eddeo Homog\u00eanea no Padr\u00e3o HEVC<br \/>\npor <strong>Thiago Luiz Alves Bubolz<\/strong><\/p>\n<p>Otimiza\u00e7\u00e3o de Manobras Orbitais Usando Algoritmos Gen\u00e9ticos<br \/>\npor <strong>Victor Hugo Barros<\/strong><\/p>\n<p>Redu\u00e7\u00e3o da Complexidade de Transcodifica\u00e7\u00e3o H.264\/AVC para HEVC Utilizando Aprendizado de M\u00e1quina<br \/>\npor <strong>Yan Ballinhas Soares<\/strong><\/p>\n","protected":false},"excerpt":{"rendered":"<p>Clique nos links abaixo para download :: 2018\/1 \/ Click here to Download :: :: 2018\/2 \/ Click here to Download :: Monografias 2018\/1 SFuzzzy Avalia E\/A: Uma Abordagem Fuzzy para a Avalia\u00e7\u00e3o do Ensino Aprendizagem com Estudo de Caso do Projeto EXP-PC via Habilidades do Pensamento Computacional por Ra\u00edssa Teles Pinto Chatterbot de acesso [&hellip;]<\/p>\n","protected":false},"author":800,"featured_media":0,"parent":143,"menu_order":0,"comment_status":"closed","ping_status":"closed","template":"","meta":{"footnotes":""},"class_list":["post-859","page","type-page","status-publish","hentry"],"_links":{"self":[{"href":"https:\/\/wp.ufpel.edu.br\/notcc\/wp-json\/wp\/v2\/pages\/859","targetHints":{"allow":["GET"]}}],"collection":[{"href":"https:\/\/wp.ufpel.edu.br\/notcc\/wp-json\/wp\/v2\/pages"}],"about":[{"href":"https:\/\/wp.ufpel.edu.br\/notcc\/wp-json\/wp\/v2\/types\/page"}],"author":[{"embeddable":true,"href":"https:\/\/wp.ufpel.edu.br\/notcc\/wp-json\/wp\/v2\/users\/800"}],"replies":[{"embeddable":true,"href":"https:\/\/wp.ufpel.edu.br\/notcc\/wp-json\/wp\/v2\/comments?post=859"}],"version-history":[{"count":3,"href":"https:\/\/wp.ufpel.edu.br\/notcc\/wp-json\/wp\/v2\/pages\/859\/revisions"}],"predecessor-version":[{"id":863,"href":"https:\/\/wp.ufpel.edu.br\/notcc\/wp-json\/wp\/v2\/pages\/859\/revisions\/863"}],"up":[{"embeddable":true,"href":"https:\/\/wp.ufpel.edu.br\/notcc\/wp-json\/wp\/v2\/pages\/143"}],"wp:attachment":[{"href":"https:\/\/wp.ufpel.edu.br\/notcc\/wp-json\/wp\/v2\/media?parent=859"}],"curies":[{"name":"wp","href":"https:\/\/api.w.org\/{rel}","templated":true}]}}