{"id":79,"date":"2016-12-02T11:50:26","date_gmt":"2016-12-02T13:50:26","guid":{"rendered":"https:\/\/wp.ufpel.edu.br\/notcc\/?page_id=79"},"modified":"2016-12-02T11:50:26","modified_gmt":"2016-12-02T13:50:26","slug":"2016_2","status":"publish","type":"page","link":"https:\/\/wp.ufpel.edu.br\/notcc\/propostas\/avaliacoes\/2016_2\/","title":{"rendered":"Propostas 2016\/2"},"content":{"rendered":"<h2 id=\"avaliadores\" class=\"sectionedit5 page-header\">Avaliadores<\/h2>\n<div class=\"level2\">\n<ul class=\"fix-media-list-overlap\">\n<li class=\"level1\">\n<div class=\"li\">Adenauer Yamin <a class=\"mail\" title=\"adenauer@inf.ufpel.edu.br\" href=\"mailto:adenauer@inf.ufpel.edu.br\">adenauer@inf.ufpel.edu.br<\/a><\/div>\n<\/li>\n<li class=\"level1\">\n<div class=\"li\">Ana Pernas <a class=\"mail\" title=\"anamarilza@gmail.com\" href=\"mailto:anamarilza@gmail.com\">anamarilza@gmail.com<\/a><\/div>\n<\/li>\n<li class=\"level1\">\n<div class=\"li\">Anderson Ferrugem <a class=\"mail\" title=\"apferrugem@gmail.com\" href=\"mailto:apferrugem@gmail.com\">apferrugem@gmail.com<\/a><\/div>\n<\/li>\n<li class=\"level1\">\n<div class=\"li\">Andre Du Bois <a class=\"mail\" title=\"dubois@inf.ufpel.edu.br\" href=\"mailto:dubois@inf.ufpel.edu.br\">dubois@inf.ufpel.edu.br<\/a><\/div>\n<\/li>\n<li class=\"level1\">\n<div class=\"li\">Bruno Zatt <a class=\"mail\" title=\"zatt@inf.ufpel.edu.br\" href=\"mailto:zatt@inf.ufpel.edu.br\">zatt@inf.ufpel.edu.br<\/a><\/div>\n<\/li>\n<li class=\"level1\">\n<div class=\"li\">Cristian Cechinel <a class=\"mail\" title=\"contato@cristiancechinel.pro.br\" href=\"mailto:contato@cristiancechinel.pro.br\">contato@cristiancechinel.pro.br<\/a><\/div>\n<\/li>\n<li class=\"level1\">\n<div class=\"li\">Fabricio Harter <a class=\"mail\" title=\"fpharter@gmail.com\" href=\"mailto:fpharter@gmail.com\">fpharter@gmail.com<\/a><\/div>\n<\/li>\n<li class=\"level1\">\n<div class=\"li\">Felipe Marques <a class=\"mail\" title=\"felipem@inf.ufpel.edu.br\" href=\"mailto:felipem@inf.ufpel.edu.br\">felipem@inf.ufpel.edu.br<\/a><\/div>\n<\/li>\n<li class=\"level1\">\n<div class=\"li\">Gerson Cavalheiro <a class=\"mail\" title=\"gerson.cavalheiro@inf.ufpel.edu.br\" href=\"mailto:gerson.cavalheiro@inf.ufpel.edu.br\">gerson.cavalheiro@inf.ufpel.edu.br<\/a><\/div>\n<\/li>\n<li class=\"level1\">\n<div class=\"li\">Guilherme Correa <a class=\"mail\" title=\"gcorrea@inf.ufpel.edu.br\" href=\"mailto:gcorrea@inf.ufpel.edu.br\">gcorrea@inf.ufpel.edu.br<\/a><\/div>\n<\/li>\n<li class=\"level1\">\n<div class=\"li\">Julio Mattos <a class=\"mail\" title=\"julio.c.b.mattos@gmail.com\" href=\"mailto:julio.c.b.mattos@gmail.com\">julio.c.b.mattos@gmail.com<\/a><\/div>\n<\/li>\n<li class=\"level1\">\n<div class=\"li\">Leomar Rosa Jr <a class=\"mail\" title=\"leomarjr@inf.ufpel.edu.br\" href=\"mailto:leomarjr@inf.ufpel.edu.br\">leomarjr@inf.ufpel.edu.br<\/a><\/div>\n<\/li>\n<li class=\"level1\">\n<div class=\"li\">Lisane Brisolara <a class=\"mail\" title=\"lisane@gmail.com\" href=\"mailto:lisane@gmail.com\">lisane@gmail.com<\/a><\/div>\n<\/li>\n<li class=\"level1\">\n<div class=\"li\">Luciana Foss <a class=\"mail\" title=\"lfoss@inf.ufpel.edu.br\" href=\"mailto:lfoss@inf.ufpel.edu.br\">lfoss@inf.ufpel.edu.br<\/a><\/div>\n<\/li>\n<li class=\"level1\">\n<div class=\"li\">Marcelo Porto <a class=\"mail\" title=\"porto@inf.ufpel.edu.br\" href=\"mailto:porto@inf.ufpel.edu.br\">porto@inf.ufpel.edu.br<\/a><\/div>\n<\/li>\n<li class=\"level1\">\n<div class=\"li\">Marilton Admin <a class=\"mail\" title=\"marilton@gmail.com\" href=\"mailto:marilton@gmail.com\">marilton@gmail.com<\/a><\/div>\n<\/li>\n<li class=\"level1\">\n<div class=\"li\">Marilton Sanchotene de Aguiar <a class=\"mail\" title=\"marilton@inf.ufpel.edu.br\" href=\"mailto:marilton@inf.ufpel.edu.br\">marilton@inf.ufpel.edu.br<\/a><\/div>\n<\/li>\n<li class=\"level1\">\n<div class=\"li\">Mauricio Pilla <a class=\"mail\" title=\"pilla@inf.ufpel.edu.br\" href=\"mailto:pilla@inf.ufpel.edu.br\">pilla@inf.ufpel.edu.br<\/a><\/div>\n<\/li>\n<li class=\"level1\">\n<div class=\"li\">Paulo Ferreira Jr. <a class=\"mail\" title=\"paulo.ferreira.jr@gmail.com\" href=\"mailto:paulo.ferreira.jr@gmail.com\">paulo.ferreira.jr@gmail.com<\/a><\/div>\n<\/li>\n<li class=\"level1\">\n<div class=\"li\">Rafael Soares <a class=\"mail\" title=\"rafa.isoares@gmail.com\" href=\"mailto:rafa.isoares@gmail.com\">rafa.isoares@gmail.com<\/a><\/div>\n<\/li>\n<li class=\"level1\">\n<div class=\"li\">Rafael Torchelsen <a class=\"mail\" title=\"rafael.torchelsen@gmail.com\" href=\"mailto:rafael.torchelsen@gmail.com\">rafael.torchelsen@gmail.com<\/a><\/div>\n<\/li>\n<li class=\"level1\">\n<div class=\"li\">Renata Reiser <a class=\"mail\" title=\"renata.reiser@gmail.com\" href=\"mailto:renata.reiser@gmail.com\">renata.reiser@gmail.com<\/a><\/div>\n<\/li>\n<li class=\"level1\">\n<div class=\"li\">Ricardo Araujo <a class=\"mail\" title=\"ricardo.araujo@gmail.com\" href=\"mailto:ricardo.araujo@gmail.com\">ricardo.araujo@gmail.com<\/a><\/div>\n<\/li>\n<li class=\"level1\">\n<div class=\"li\">Simone Costa <a class=\"mail\" title=\"simone.costa@gmail.com\" href=\"mailto:simone.costa@gmail.com\">simone.costa@gmail.com<\/a><\/div>\n<\/li>\n<li class=\"level1\">\n<div class=\"li\">Tatiana Tavares <a class=\"mail\" title=\"tatianaires@gmail.com\" href=\"mailto:tatianaires@gmail.com\">tatianaires@gmail.com<\/a><\/div>\n<\/li>\n<\/ul>\n<\/div>\n<div class=\"secedit editbutton_section editbutton_5\"><\/div>\n<h2 id=\"propostas\" class=\"sectionedit6 page-header\">Propostas<\/h2>\n<div class=\"level2\">\n<table id=\"ec:table1\" class=\"ct_table\" cellspacing=\"0\" cellpadding=\"0\">\n<thead>\n<tr>\n<th>Proposta<\/th>\n<th>Avaliadores<\/th>\n<\/tr>\n<\/thead>\n<tbody>\n<tr id=\"row11\" class=\"blue\">\n<td>Rodrigo Oliveira and Gerson Cavalheiro. Avalia\u00e7\u00e3o de Solu\u00e7\u00f5es para Implementa\u00e7\u00e3o de Matrizes Esparsas em Ambiente de Programa\u00e7\u00e3o Multithread<\/td>\n<td>\n<ol class=\"fix-media-list-overlap\">\n<li>Pilla<\/li>\n<li>Yamin<\/li>\n<\/ol>\n<\/td>\n<\/tr>\n<tr id=\"row20\" class=\"blue\">\n<td>Giovani de Quadros Rodrigues and Paulo Roberto Ferreira Jr.. Sistema de planejamento de rotas para futebol de rob\u00f4s da liga Very Small Size usando deep learning<\/td>\n<td>\n<ol class=\"fix-media-list-overlap\">\n<li>Torchelsen<\/li>\n<li>Araujo<\/li>\n<\/ol>\n<\/td>\n<\/tr>\n<tr id=\"row29\" class=\"blue\">\n<td>Sim\u00e3o Martin and Anderson Ferrugem. Infer\u00eancia do metabolismo de ocupantes de uma resid\u00eancia atrav\u00e9s do uso de imagens de v\u00eddeo<\/td>\n<td>\n<ol class=\"fix-media-list-overlap\">\n<li>Du Bois<\/li>\n<li>Yamin<\/li>\n<\/ol>\n<\/td>\n<\/tr>\n<tr id=\"row38\" class=\"blue\">\n<td>Henrique Santos, Cristian Cechinel and Ricardo Araujo. Utiliza\u00e7\u00e3o de m\u00e9tricas de an\u00e1lise de rede sociais em f\u00f3runs para a identifica\u00e7\u00e3o de alunos em risco em cursos \u00e0 dist\u00e2ncia<\/td>\n<td>\n<ol class=\"fix-media-list-overlap\">\n<li>Pernas<\/li>\n<li>Ferrugem<\/li>\n<\/ol>\n<\/td>\n<\/tr>\n<tr id=\"row47\" class=\"blue\">\n<td>Alysson Nogueira Rodrigues and Paulo R. Ferreira Jr.. Sistema para validar o uso dos smartphones no monitoramento de atividade f\u00edsica conforme a m\u00e9trica MVPA de Intensidade estabelecida pela OMS.<\/td>\n<td>\n<ol class=\"fix-media-list-overlap\">\n<li>Du Bois<\/li>\n<li>Ferrugem<\/li>\n<\/ol>\n<\/td>\n<\/tr>\n<tr id=\"row56\" class=\"blue\">\n<td>N\u00e1igon Martins and Rafael Soares. Desenvolvimento de Esta\u00e7\u00e3o Meteorol\u00f3gica Aut\u00f4noma usando a Plataforma Arduino com Fonte de Energia Renov\u00e1vel<\/td>\n<td>\n<ol class=\"fix-media-list-overlap\">\n<li>Brisolara<\/li>\n<li>Rosa Jr<\/li>\n<\/ol>\n<\/td>\n<\/tr>\n<tr id=\"row65\" class=\"blue\">\n<td>Victor Barros, Marilton de Aguiar and Ant\u00f4nio Prado. Otimizac\u0327a\u0303o de Manobras Orbitais usando Algoritmos Gene\u0301ticos<\/td>\n<td>\n<ol class=\"fix-media-list-overlap\">\n<li>Harter<\/li>\n<li>Ferreira Jr.<\/li>\n<li>Zatt<\/li>\n<\/ol>\n<\/td>\n<\/tr>\n<tr id=\"row74\" class=\"blue\">\n<td>Luan Audibert, Marcelo Schiavon Porto, Bruno Zatt and Vladimir Afonso. Desenvolvimento arquitetural de uma m\u00e1quina gen\u00e9rica para predi\u00e7\u00e3o Intraquadro do padr\u00e3o 3D-HEVC<\/td>\n<td>\n<ol class=\"fix-media-list-overlap\">\n<li>Correa<\/li>\n<li>Marques<\/li>\n<\/ol>\n<\/td>\n<\/tr>\n<tr id=\"row83\" class=\"blue\">\n<td>Matheus Jos\u00e9 Krumenauer Weber, Marilton Sanchotene de Aguiar and Luciana Marini Kopp. Uma abordagem baseada em heur\u00edsticas para a redu\u00e7\u00e3o do custo energ\u00e9tico em esta\u00e7\u00f5es de bombeamento em lavouras de arroz<\/td>\n<td>\n<ol class=\"fix-media-list-overlap\">\n<li>Porto<\/li>\n<li>Cavalheiro<\/li>\n<\/ol>\n<\/td>\n<\/tr>\n<tr id=\"row92\" class=\"blue\">\n<td>Leonardo Joao, Ana Marilza Pernas and Adenauer Corr\u00eaa Yamin. SB-FOG: Explorando Fog Computing no Servidor de Borda do Middleware EXEHDA<\/td>\n<td>\n<ol class=\"fix-media-list-overlap\">\n<li>Pilla<\/li>\n<li>Correa<\/li>\n<\/ol>\n<\/td>\n<\/tr>\n<tr id=\"row101\" class=\"blue\">\n<td>Cristian Maruan Bosin and Tatiana Aires Tavares. Estudo de Caso Avaliativo sobre Sensores Biom\u00e9dicos N\u00e3o-Invasivos<\/td>\n<td>\n<ol class=\"fix-media-list-overlap\">\n<li>Zatt<\/li>\n<li>Mattos<\/li>\n<\/ol>\n<\/td>\n<\/tr>\n<tr id=\"row110\" class=\"blue\">\n<td>Daiane Andrade and Marilton Aguiar. An\u00e1lise de Desempenho para Campanhas de M\u00eddia Online com Aprendizado de M\u00e1quina<\/td>\n<td>\n<ol class=\"fix-media-list-overlap\">\n<li>Reiser<\/li>\n<li>Araujo<\/li>\n<\/ol>\n<\/td>\n<\/tr>\n<tr id=\"row119\" class=\"blue\">\n<td>Felipe Da Silva Oliveira and Anderson Priebe Ferrugem. Uso de t\u00e9cnicas de aprendizado de m\u00e1quina e deep learning na otimiza\u00e7\u00e3o de consumo energ\u00e9tico e no gerenciamento de conforto t\u00e9rmico de &#8220;smart buildings&#8221;<\/td>\n<td>\n<ol class=\"fix-media-list-overlap\">\n<li>Cechinel<\/li>\n<li>Araujo<\/li>\n<\/ol>\n<\/td>\n<\/tr>\n<tr id=\"row128\" class=\"blue\">\n<td>Paulo Henrique Martins, Rafael Iankowski Soares and Vitor Gon\u00e7alves De Lima Gon\u00e7alves de Lima. Investiga\u00e7\u00e3o de algoritmos para detec\u00e7\u00e3o e extra\u00e7\u00e3o de assinaturas de consumo de pot\u00eancia em arquiteturas criptogr\u00e1ficas com pipeline de execu\u00e7\u00e3o.<\/td>\n<td>\n<ol class=\"fix-media-list-overlap\">\n<li>Porto<\/li>\n<li>Rosa Jr<\/li>\n<\/ol>\n<\/td>\n<\/tr>\n<tr id=\"row137\" class=\"blue\">\n<td>Pedro Ballester, Ricardo Araujo, Silvia Botelho and Ulisses Corr\u00eaa. Uma Solu\u00e7\u00e3o Bioinspirada para Mapeamento de Ambientes Subaqu\u00e1ticos<\/td>\n<td>\n<ol class=\"fix-media-list-overlap\">\n<li>Costa<\/li>\n<li>Foss<\/li>\n<\/ol>\n<\/td>\n<\/tr>\n<tr id=\"row146\" class=\"blue\">\n<td>Mateus M. Meruvia, Luciana Foss and Simone Andr\u00e9 Da Costa Cavalheiro. Desenvolvimento de uma Teoria para Gram\u00e1tica de Grafos em Event-B utilizando a Plataforma Rodin<\/td>\n<td>\n<ol class=\"fix-media-list-overlap\">\n<li>Ferreira Jr.<\/li>\n<li>Reiser<\/li>\n<\/ol>\n<\/td>\n<\/tr>\n<tr id=\"row155\" class=\"blue\">\n<td>Wine Silva and Simone Cavalheiro. Constru\u00e7\u00e3o e Compara\u00e7\u00e3o de Metodologias para o Ensino de L\u00f3gica para Crian\u00e7as<\/td>\n<td>\n<ol class=\"fix-media-list-overlap\">\n<li>Pernas<\/li>\n<li>Cechinel<\/li>\n<\/ol>\n<\/td>\n<\/tr>\n<tr id=\"row164\" class=\"blue\">\n<td>Leonardo Marques and Anderson Ferrugem. Gerenciamento de conforto t\u00e9rmico em edifica\u00e7\u00f5es usando sistemas de controle com l\u00f3gica difusa (Fuzzy Logic Control)<\/td>\n<td>\n<ol class=\"fix-media-list-overlap\">\n<li>Soares<\/li>\n<li>Reiser<\/li>\n<\/ol>\n<\/td>\n<\/tr>\n<tr id=\"row173\" class=\"blue\">\n<td>Lucas Lima and Anderson Ferrugem. Uso de algoritmos gen\u00e9ticos para gerenciar sistemas de ventila\u00e7\u00e3o passivos em edifica\u00e7\u00f5es visando o conforto t\u00e9rmico de seus ocupantes.<\/td>\n<td>\n<ol class=\"fix-media-list-overlap\">\n<li>Marques<\/li>\n<li>Soares<\/li>\n<\/ol>\n<\/td>\n<\/tr>\n<tr id=\"row182\" class=\"blue\">\n<td>Vagner Seibert, Rafael Torchelsen and Christian Pagot. T\u00e9cnicas de renderiza\u00e7\u00e3o de flu\u00eddos representados por part\u00edculas lagrangianas<\/td>\n<td>\n<ol class=\"fix-media-list-overlap\">\n<li>Ferreira Jr.<\/li>\n<li>Soares<\/li>\n<\/ol>\n<\/td>\n<\/tr>\n<tr id=\"row191\" class=\"blue\">\n<td>Davi Decker Reinke, Ricardo Matsumura Arau\u0301jo and Virginia Ortiz Andersson. Predic\u0327a\u0303o de Crimes no Estado do Rio Grande do Sul Atrave\u0301s de Dados do Twitter<\/td>\n<td>\n<ol class=\"fix-media-list-overlap\">\n<li>Pernas<\/li>\n<li>Cechinel<\/li>\n<\/ol>\n<\/td>\n<\/tr>\n<tr id=\"row200\" class=\"blue\">\n<td>Mauricio Peske and Anderson Ferrugem. Usando vis\u00e3o computacional para estimar atrav\u00e9s de imagens o tipo de vestimenta utilizada por uma pessoa e a resist\u00eancia t\u00e9rmica oferecida.<\/td>\n<td>\n<ol class=\"fix-media-list-overlap\">\n<li>Torchelsen<\/li>\n<li>Cavalheiro<\/li>\n<\/ol>\n<\/td>\n<\/tr>\n<tr id=\"row209\" class=\"blue\">\n<td>Leandro Neves, Fl\u00e1via Azambuja and Tatiana Tavares. Plataforma Online para an\u00e1lise dos fatores que influenciam a resili\u00eancia em profissionais cuidadores de idosos ou pacientes debilitados.<\/td>\n<td>\n<ol class=\"fix-media-list-overlap\">\n<li>Costa<\/li>\n<li>Cavalheiro<\/li>\n<\/ol>\n<\/td>\n<\/tr>\n<tr id=\"row218\" class=\"blue\">\n<td>Vinicius Signori Furlan and Paulo Roberto Ferreira Jr.. Execu\u00e7\u00e3o de miss\u00f5es indoor com drones aut\u00f4nomos utilizando m\u00e9todos de SLAM e reconhecimento em imagens<\/td>\n<td>\n<ol class=\"fix-media-list-overlap\">\n<li>Araujo<\/li>\n<li>Zatt<\/li>\n<\/ol>\n<\/td>\n<\/tr>\n<tr id=\"row227\" class=\"blue\">\n<td>Bruno Santi, Ana Pernas and Adenauer Yamin. Mapeamento e Integra\u00e7\u00e3o de Dados de Contexto para Aprendizagem Ub\u00edqua<\/td>\n<td>\n<ol class=\"fix-media-list-overlap\">\n<li>Reiser<\/li>\n<li>Tavares<\/li>\n<\/ol>\n<\/td>\n<\/tr>\n<tr id=\"row236\" class=\"blue\">\n<td>Felipe Prestes and Tatiana Tavares. Estudo te\u00f3rico-pr\u00e1tico de padr\u00f5es organizacionais e metodologias aplicadas a projetos de startups<\/td>\n<td>\n<ol class=\"fix-media-list-overlap\">\n<li>Costa<\/li>\n<li>Foss<\/li>\n<\/ol>\n<\/td>\n<\/tr>\n<tr id=\"row245\" class=\"blue\">\n<td>Rodrigo de Brum Acosta and Paulo Roberto Ferreira Jr.. Compara\u00e7\u00e3o do Consumo Energ\u00e9tico de Diferentes Arquiteturas para Monitoramento de Pragas com Rede de Sensores Sem Fio<\/td>\n<td>\n<ol class=\"fix-media-list-overlap\">\n<li>Brisolara<\/li>\n<li>Ferrugem<\/li>\n<\/ol>\n<\/td>\n<\/tr>\n<tr id=\"row254\" class=\"blue\">\n<td>Ta\u00edne Freitas, Guilherme Corr\u00eaa and Tatiana Tavares. Avalia\u00e7\u00e3o da Qualidade da Experi\u00eancia na Visualiza\u00e7\u00e3o de V\u00eddeos 2D e 3D em Dispositivos Multim\u00eddia Fixos e M\u00f3veis<\/td>\n<td>\n<ol class=\"fix-media-list-overlap\">\n<li>Porto<\/li>\n<li>Torchelsen<\/li>\n<\/ol>\n<\/td>\n<\/tr>\n<tr id=\"row263\" class=\"blue\">\n<td>Eduardo Silva, Guilherme Corr\u00eaa and Marcelo Porto. Redu\u00e7\u00e3o da Complexidade do Processo de Codifica\u00e7\u00e3o de V\u00eddeos de Conte\u00fado de Tela segundo a Extens\u00e3o Screen Content Coding (SCC) do Padr\u00e3o HEVC<\/td>\n<td>\n<ol class=\"fix-media-list-overlap\">\n<li>Yamin<\/li>\n<li>Mattos<\/li>\n<\/ol>\n<\/td>\n<\/tr>\n<tr id=\"row272\" class=\"blue\">\n<td>Nicolas Borges Da Silva, Julio Carlos Balzano de Mattos and Paulo Roberto Ferreira Jr. Estudo do Consumo Energ\u00e9tico em Rede de Sensores Sem Fio utilizando Ve\u00edculo A\u00e9reo N\u00e3o Tripulado como Coletor de Dados<\/td>\n<td>\n<ol class=\"fix-media-list-overlap\">\n<li>Pilla<\/li>\n<li>Rosa Jr<\/li>\n<\/ol>\n<\/td>\n<\/tr>\n<tr id=\"row281\" class=\"blue\">\n<td>Pedro Marchi and Julio Mattos. Desenvolvimento de um Estudo de Caso de Internet das Coisas aplicado em Cidades Inteligentes<\/td>\n<td>\n<ol class=\"fix-media-list-overlap\">\n<li>Correa<\/li>\n<li>Brisolara<\/li>\n<\/ol>\n<\/td>\n<\/tr>\n<tr id=\"row290\" class=\"blue\">\n<td>Julio Machado Da Neto, Renata Reiser and Maur\u00edcio Pilla. ExMOD-GM: Extension for Measurement Operations on the D-GM Enviromment.<\/td>\n<td>\n<ol class=\"fix-media-list-overlap\">\n<li>Tavares<\/li>\n<li>Mattos<\/li>\n<\/ol>\n<\/td>\n<\/tr>\n<\/tbody>\n<\/table>\n<\/div>\n","protected":false},"excerpt":{"rendered":"<p>Avaliadores Adenauer Yamin adenauer@inf.ufpel.edu.br Ana Pernas anamarilza@gmail.com Anderson Ferrugem apferrugem@gmail.com Andre Du Bois dubois@inf.ufpel.edu.br Bruno Zatt zatt@inf.ufpel.edu.br Cristian Cechinel contato@cristiancechinel.pro.br Fabricio Harter fpharter@gmail.com Felipe Marques felipem@inf.ufpel.edu.br Gerson Cavalheiro gerson.cavalheiro@inf.ufpel.edu.br Guilherme Correa gcorrea@inf.ufpel.edu.br Julio Mattos julio.c.b.mattos@gmail.com Leomar Rosa Jr leomarjr@inf.ufpel.edu.br Lisane Brisolara lisane@gmail.com Luciana Foss lfoss@inf.ufpel.edu.br Marcelo Porto porto@inf.ufpel.edu.br Marilton Admin marilton@gmail.com Marilton Sanchotene de Aguiar [&hellip;]<\/p>\n","protected":false},"author":657,"featured_media":0,"parent":31,"menu_order":0,"comment_status":"closed","ping_status":"closed","template":"","meta":{"footnotes":""},"class_list":["post-79","page","type-page","status-publish","hentry"],"_links":{"self":[{"href":"https:\/\/wp.ufpel.edu.br\/notcc\/wp-json\/wp\/v2\/pages\/79","targetHints":{"allow":["GET"]}}],"collection":[{"href":"https:\/\/wp.ufpel.edu.br\/notcc\/wp-json\/wp\/v2\/pages"}],"about":[{"href":"https:\/\/wp.ufpel.edu.br\/notcc\/wp-json\/wp\/v2\/types\/page"}],"author":[{"embeddable":true,"href":"https:\/\/wp.ufpel.edu.br\/notcc\/wp-json\/wp\/v2\/users\/657"}],"replies":[{"embeddable":true,"href":"https:\/\/wp.ufpel.edu.br\/notcc\/wp-json\/wp\/v2\/comments?post=79"}],"version-history":[{"count":1,"href":"https:\/\/wp.ufpel.edu.br\/notcc\/wp-json\/wp\/v2\/pages\/79\/revisions"}],"predecessor-version":[{"id":80,"href":"https:\/\/wp.ufpel.edu.br\/notcc\/wp-json\/wp\/v2\/pages\/79\/revisions\/80"}],"up":[{"embeddable":true,"href":"https:\/\/wp.ufpel.edu.br\/notcc\/wp-json\/wp\/v2\/pages\/31"}],"wp:attachment":[{"href":"https:\/\/wp.ufpel.edu.br\/notcc\/wp-json\/wp\/v2\/media?parent=79"}],"curies":[{"name":"wp","href":"https:\/\/api.w.org\/{rel}","templated":true}]}}