{"id":76,"date":"2016-12-02T11:49:03","date_gmt":"2016-12-02T13:49:03","guid":{"rendered":"https:\/\/wp.ufpel.edu.br\/notcc\/?page_id=76"},"modified":"2016-12-02T11:49:03","modified_gmt":"2016-12-02T13:49:03","slug":"2016_1","status":"publish","type":"page","link":"https:\/\/wp.ufpel.edu.br\/notcc\/propostas\/avaliacoes\/2016_1\/","title":{"rendered":"Propostas 2016\/1"},"content":{"rendered":"<h2 id=\"avaliadores\" class=\"sectionedit5 page-header\">Avaliadores<\/h2>\n<div class=\"level2\">\n<ul class=\"fix-media-list-overlap\">\n<li class=\"level1\">\n<div class=\"li\">Adenauer Yamin <a class=\"mail\" title=\"adenauer@inf.ufpel.edu.br\" href=\"mailto:adenauer@inf.ufpel.edu.br\">adenauer@inf.ufpel.edu.br<\/a><\/div>\n<\/li>\n<li class=\"level1\">\n<div class=\"li\">Ana Pernas <a class=\"mail\" title=\"anamarilza@gmail.com\" href=\"mailto:anamarilza@gmail.com\">anamarilza@gmail.com<\/a><\/div>\n<\/li>\n<li class=\"level1\">\n<div class=\"li\">Anderson Ferrugem <a class=\"mail\" title=\"apferrugem@gmail.com\" href=\"mailto:apferrugem@gmail.com\">apferrugem@gmail.com<\/a><\/div>\n<\/li>\n<li class=\"level1\">\n<div class=\"li\">Andre Du Bois <a class=\"mail\" title=\"dubois@inf.ufpel.edu.br\" href=\"mailto:dubois@inf.ufpel.edu.br\">dubois@inf.ufpel.edu.br<\/a><\/div>\n<\/li>\n<li class=\"level1\">\n<div class=\"li\">Bruno Zatt <a class=\"mail\" title=\"zatt@inf.ufpel.edu.br\" href=\"mailto:zatt@inf.ufpel.edu.br\">zatt@inf.ufpel.edu.br<\/a><\/div>\n<\/li>\n<li class=\"level1\">\n<div class=\"li\">Cristian Cechinel <a class=\"mail\" title=\"contato@cristiancechinel.pro.br\" href=\"mailto:contato@cristiancechinel.pro.br\">contato@cristiancechinel.pro.br<\/a><\/div>\n<\/li>\n<li class=\"level1\">\n<div class=\"li\">Felipe Marques <a class=\"mail\" title=\"felipem@inf.ufpel.edu.br\" href=\"mailto:felipem@inf.ufpel.edu.br\">felipem@inf.ufpel.edu.br<\/a><\/div>\n<\/li>\n<li class=\"level1\">\n<div class=\"li\">Gerson Cavalheiro <a class=\"mail\" title=\"gerson.cavalheiro@inf.ufpel.edu.br\" href=\"mailto:gerson.cavalheiro@inf.ufpel.edu.br\">gerson.cavalheiro@inf.ufpel.edu.br<\/a><\/div>\n<\/li>\n<li class=\"level1\">\n<div class=\"li\">Guilherme Correa <a class=\"mail\" title=\"gcorrea@inf.ufpel.edu.br\" href=\"mailto:gcorrea@inf.ufpel.edu.br\">gcorrea@inf.ufpel.edu.br<\/a><\/div>\n<\/li>\n<li class=\"level1\">\n<div class=\"li\">Julio Mattos <a class=\"mail\" title=\"julio.c.b.mattos@gmail.com\" href=\"mailto:julio.c.b.mattos@gmail.com\">julio.c.b.mattos@gmail.com<\/a><\/div>\n<\/li>\n<li class=\"level1\">\n<div class=\"li\">Leomar Rosa Jr <a class=\"mail\" title=\"leomarjr@inf.ufpel.edu.br\" href=\"mailto:leomarjr@inf.ufpel.edu.br\">leomarjr@inf.ufpel.edu.br<\/a><\/div>\n<\/li>\n<li class=\"level1\">\n<div class=\"li\">Lisane Brisolara <a class=\"mail\" title=\"lisane@gmail.com\" href=\"mailto:lisane@gmail.com\">lisane@gmail.com<\/a><\/div>\n<\/li>\n<li class=\"level1\">\n<div class=\"li\">Luciana Foss <a class=\"mail\" title=\"lfoss@inf.ufpel.edu.br\" href=\"mailto:lfoss@inf.ufpel.edu.br\">lfoss@inf.ufpel.edu.br<\/a><\/div>\n<\/li>\n<li class=\"level1\">\n<div class=\"li\">Marcelo Porto <a class=\"mail\" title=\"porto@inf.ufpel.edu.br\" href=\"mailto:porto@inf.ufpel.edu.br\">porto@inf.ufpel.edu.br<\/a><\/div>\n<\/li>\n<li class=\"level1\">\n<div class=\"li\">Marcus Eslabao <a class=\"mail\" title=\"marcus.eslabao@yahoo.com.BR\" href=\"mailto:marcus.eslabao@yahoo.com.BR\">marcus.eslabao@yahoo.com.BR<\/a><\/div>\n<\/li>\n<li class=\"level1\">\n<div class=\"li\">Marilton Sanchotene de Aguiar <a class=\"mail\" title=\"marilton@inf.ufpel.edu.br\" href=\"mailto:marilton@inf.ufpel.edu.br\">marilton@inf.ufpel.edu.br<\/a><\/div>\n<\/li>\n<li class=\"level1\">\n<div class=\"li\">Mauricio Pilla <a class=\"mail\" title=\"pilla@inf.ufpel.edu.br\" href=\"mailto:pilla@inf.ufpel.edu.br\">pilla@inf.ufpel.edu.br<\/a><\/div>\n<\/li>\n<li class=\"level1\">\n<div class=\"li\">Paulo Ferreira Jr. <a class=\"mail\" title=\"paulo.ferreira.jr@gmail.com\" href=\"mailto:paulo.ferreira.jr@gmail.com\">paulo.ferreira.jr@gmail.com<\/a><\/div>\n<\/li>\n<li class=\"level1\">\n<div class=\"li\">Rafael Borges <a class=\"mail\" title=\"passarel@gmail.com\" href=\"mailto:passarel@gmail.com\">passarel@gmail.com<\/a><\/div>\n<\/li>\n<li class=\"level1\">\n<div class=\"li\">Rafael Soares <a class=\"mail\" title=\"rafa.isoares@gmail.com\" href=\"mailto:rafa.isoares@gmail.com\">rafa.isoares@gmail.com<\/a><\/div>\n<\/li>\n<li class=\"level1\">\n<div class=\"li\">Rafael Torchelsen <a class=\"mail\" title=\"rafael.torchelsen@gmail.com\" href=\"mailto:rafael.torchelsen@gmail.com\">rafael.torchelsen@gmail.com<\/a><\/div>\n<\/li>\n<li class=\"level1\">\n<div class=\"li\">Renata Reiser <a class=\"mail\" title=\"renata.reiser@gmail.com\" href=\"mailto:renata.reiser@gmail.com\">renata.reiser@gmail.com<\/a><\/div>\n<\/li>\n<li class=\"level1\">\n<div class=\"li\">Ricardo Araujo <a class=\"mail\" title=\"ricardo.araujo@gmail.com\" href=\"mailto:ricardo.araujo@gmail.com\">ricardo.araujo@gmail.com<\/a><\/div>\n<\/li>\n<li class=\"level1\">\n<div class=\"li\">Simone Costa <a class=\"mail\" title=\"simone.costa@gmail.com\" href=\"mailto:simone.costa@gmail.com\">simone.costa@gmail.com<\/a><\/div>\n<\/li>\n<li class=\"level1\">\n<div class=\"li\">Tatiana Tavares <a class=\"mail\" title=\"tatiana@lavid.ufpb.br\" href=\"mailto:tatiana@lavid.ufpb.br\">tatiana@lavid.ufpb.br<\/a><\/div>\n<\/li>\n<\/ul>\n<\/div>\n<div class=\"secedit editbutton_section editbutton_5\"><\/div>\n<h2 id=\"propostas\" class=\"sectionedit6 page-header\">Propostas<\/h2>\n<div class=\"level2\">\n<table>\n<thead>\n<tr>\n<th>#<\/th>\n<th>Proposta<\/th>\n<th>Revisor<\/th>\n<\/tr>\n<\/thead>\n<tbody>\n<tr id=\"row11\">\n<td>2<\/td>\n<td>Weslen Schiavon de Souza and Marilton Sanchotene de Aguiar. An\u00e1lise de vulnerabilidades em redes sem fio: uma ferramenta para diagn\u00f3stico e sugest\u00e3o de contramedidas para roteadores<\/td>\n<td>\n<ol class=\"fix-media-list-overlap\">\n<li>Pilla<\/li>\n<li>Ferreira Jr.<\/li>\n<li>Yamin<\/li>\n<\/ol>\n<\/td>\n<\/tr>\n<tr id=\"row20\">\n<td>3<\/td>\n<td>Bruno Pinto and Gerson Cavalheiro. Implementa\u00e7\u00e3o de Uma Interface de Express\u00e3o de Paralelismo Compat\u00edvel com C++11<\/td>\n<td>\n<ol class=\"fix-media-list-overlap\">\n<li>V\u00edtor Ataides (Pilla)<\/li>\n<li>Yamin<\/li>\n<\/ol>\n<\/td>\n<\/tr>\n<tr id=\"row29\">\n<td>4<\/td>\n<td>Inessa Diniz Luerce and Marilton Aguiar. Um estudo comparativo entre t\u00e9cnicas de reconhecimento de gestos da LIBRAS utilizando imagens e dados extra\u00eddos do Microsoft Kinect<\/td>\n<td>\n<ol class=\"fix-media-list-overlap\">\n<li>Cechinel<\/li>\n<li>Correa<\/li>\n<li>Tavares<\/li>\n<\/ol>\n<\/td>\n<\/tr>\n<tr id=\"row38\">\n<td>5<\/td>\n<td>Michel Silveira Pedroso, Marilton Sanchotene de Aguiar and Frederico Schmitt Kremer. Ordena\u00e7\u00e3o de fragmentos da montagem de genomas com base em m\u00faltiplas refer\u00eancias utilizando algoritmo gen\u00e9tico<\/td>\n<td>\n<ol class=\"fix-media-list-overlap\">\n<li>Virginia Andersson (Araujo)<\/li>\n<li>Eslabao<\/li>\n<li>Ferreira Jr.<\/li>\n<\/ol>\n<\/td>\n<\/tr>\n<tr id=\"row47\">\n<td>6<\/td>\n<td>Henrique Pereira Borges and Marilton Sanchotene de Aguiar. Classifica\u00e7\u00e3o de imagens microsc\u00f3picas de min\u00e9rios utilizando aprendizado supervisionado<\/td>\n<td>\n<ol class=\"fix-media-list-overlap\">\n<li>Soares<\/li>\n<li>Borges<\/li>\n<li>Ferrugem<\/li>\n<\/ol>\n<\/td>\n<\/tr>\n<tr id=\"row56\">\n<td>7<\/td>\n<td>Charles Porto, Maria Isabel Giusti Moreira and Marilton Sanchotene de Aguiar. Sistemas Multiagente aplicados no monitoramento de a\u00e7\u00f5es legais: Um estudo de caso no AVA MOODLE<\/td>\n<td>\n<ol class=\"fix-media-list-overlap\">\n<li>Costa<\/li>\n<li>Reiser<\/li>\n<\/ol>\n<\/td>\n<\/tr>\n<tr id=\"row65\">\n<td>8<\/td>\n<td>William Dalmorra de Souza, Paulo Roberto Ferreira Jr. and Marilton Sanchotene de Aguiar. Um Modelo para Previs\u00e3o de Infesta\u00e7\u00f5es de Pragas em Lavouras Baseado nas Altera\u00e7\u00f5es Meteorol\u00f3gicas da Regi\u00e3o<\/td>\n<td>\n<ol class=\"fix-media-list-overlap\">\n<li>Cavalheiro<\/li>\n<li>Pernas<\/li>\n<li>Brisolara<\/li>\n<\/ol>\n<\/td>\n<\/tr>\n<tr id=\"row74\">\n<td>9<\/td>\n<td>Vinicius Silva de Moraes and Ricardo Matsumura de Araujo. Concep\u00e7\u00e3o de Fases em Jogos Eletr\u00f4nicos do G\u00eanero Puzzle Match\u00adThree Utilizando T\u00e9cnicas de Gera\u00e7\u00e3o Procedural<\/td>\n<td>\n<ol class=\"fix-media-list-overlap\">\n<li>Torchelsen<\/li>\n<li>Porto<\/li>\n<li>Foss<\/li>\n<\/ol>\n<\/td>\n<\/tr>\n<tr id=\"row83\">\n<td>10<\/td>\n<td>Edmundo Silveira and Paulo R. Ferreira Jr.. Uma Abordagem Emergente Para Maximiza\u00e7\u00e3o Da Cobertura De \u00c1rea Em Redes De Sensores Sem Fio M\u00f3veis<\/td>\n<td>\n<ol class=\"fix-media-list-overlap\">\n<li>Brisolara<\/li>\n<li>Rosa Jr<\/li>\n<\/ol>\n<\/td>\n<\/tr>\n<tr id=\"row92\">\n<td>11<\/td>\n<td>Michael Alexandre Costa, Maur\u00edcio Lima Pilla and Andr\u00e9 Rauber Du Bois. Desenvolvimento de um escalonador de transa\u00e7\u00f5es para TinySTM aplicado a arquiteturas NUMA<\/td>\n<td>\n<ol class=\"fix-media-list-overlap\">\n<li>Cavalheiro<\/li>\n<li>Pernas<\/li>\n<li>Marques<\/li>\n<\/ol>\n<\/td>\n<\/tr>\n<tr id=\"row101\">\n<td>12<\/td>\n<td>Davi Decker Reinke, Felipe S. Marques and Gustavo Gra\u00f1a Gomes Da Silva. Ferramenta para auxiliar o processo de desenvolvimento de aplica\u00e7\u00f5es com foco em sugest\u00e3o de rotas para o transporte coletivo<\/td>\n<td>\n<ol class=\"fix-media-list-overlap\">\n<li>Ulisses Brisolara Corr\u00eaa (Araujo)<\/li>\n<li>Borges<\/li>\n<li>Ferrugem<\/li>\n<\/ol>\n<\/td>\n<\/tr>\n<tr id=\"row110\">\n<td>13<\/td>\n<td>Tain\u00e3 Carvalho, Ana Pernas and Adenauer Yamin. Um Framework para Gerenciamento de Regras Direcionado \u00e0 Ci\u00eancia de Contexto no EXEHDA<\/td>\n<td>\n<ol class=\"fix-media-list-overlap\">\n<li>Costa<\/li>\n<li>Foss<\/li>\n<\/ol>\n<\/td>\n<\/tr>\n<tr id=\"row119\">\n<td>14<\/td>\n<td>Rodrigo de Brum Acosta and Paulo Roberto Ferreira Jr.. Compara\u00e7\u00e3o de Consumo Energ\u00e9tico de Diferentes Arquiteturas para Monitoramento de Pragas com Rede de Sensores Sem Fio<\/td>\n<td>\n<ol class=\"fix-media-list-overlap\">\n<li>Cechinel<\/li>\n<li>Soares<\/li>\n<\/ol>\n<\/td>\n<\/tr>\n<tr id=\"row128\">\n<td>15<\/td>\n<td>Andr\u00e9 Alba and Ricardo Ara\u00fajo. Recomenda\u00e7\u00e3o e Agrupamento de Pesquisadores em Grupos de Pesquisa<\/td>\n<td>\n<ol class=\"fix-media-list-overlap\">\n<li>Torchelsen<\/li>\n<li>Zatt<\/li>\n<li>Borges<\/li>\n<\/ol>\n<\/td>\n<\/tr>\n<tr id=\"row137\">\n<td>16<\/td>\n<td>Rodrigo Medeiros Duarte, Andr\u00e9 Rauber Du Bois, Renata Reiser and Mauricio Pilla. Implementa\u00e7\u00e3o de um escalonador de transa\u00e7\u00f5es para STM Haskell<\/td>\n<td>\n<ol class=\"fix-media-list-overlap\">\n<li>Marques<\/li>\n<li>Ferreira Jr.<\/li>\n<li>Rosa Jr<\/li>\n<\/ol>\n<\/td>\n<\/tr>\n<tr id=\"row146\">\n<td>17<\/td>\n<td>Thainan Bystronski Remboski, Marilton Sanchotene de Aguiar and Paulo Roberto Ferreira Jr.. Identifica\u00e7\u00e3o e contagem de insetos usando t\u00e9cnicas de processamento de imagens e de aprendizagem de m\u00e1quina<\/td>\n<td>\n<ol class=\"fix-media-list-overlap\">\n<li>Virginia Andersson (Araujo)<\/li>\n<li>Reiser<\/li>\n<li>Ferrugem<\/li>\n<\/ol>\n<\/td>\n<\/tr>\n<tr id=\"row155\">\n<td>18<\/td>\n<td>Lucas Xavier, Ana Pernas and Adenauer Yamin. Explorando QoC no Subsistema de Reconhecimento de Contexto e Adapta\u00e7\u00e3o do EXEHDA<\/td>\n<td>\n<ol class=\"fix-media-list-overlap\">\n<li>Cavalheiro<\/li>\n<li>Zatt<\/li>\n<li>Porto<\/li>\n<\/ol>\n<\/td>\n<\/tr>\n<tr id=\"row164\">\n<td>19<\/td>\n<td>Lucas Agostini, Renata Reiser and Mauricio Pilla. Representa\u00e7\u00e3o de Conjuntos Fuzzy Intuicionista via Computa\u00e7\u00e3o Qu\u00e2ntica<\/td>\n<td>\n<ol class=\"fix-media-list-overlap\">\n<li>Costa<\/li>\n<li>Foss<\/li>\n<li>Tavares<\/li>\n<\/ol>\n<\/td>\n<\/tr>\n<tr id=\"row173\">\n<td>20<\/td>\n<td>Jean Antunes and Lisane de Brisolara. Avalia\u00e7\u00e3o do impacto do uso de frameworks multiplataforma na efici\u00eancia de aplicativos m\u00f3veis<\/td>\n<td>\n<ol class=\"fix-media-list-overlap\">\n<li>Pernas<\/li>\n<li>Rosa Jr<\/li>\n<\/ol>\n<\/td>\n<\/tr>\n<tr id=\"row182\">\n<td>21<\/td>\n<td>Daiane Andrade and Gerson Cavalheiro. Estrutura de baixa conten\u00e7\u00e3o em ambiente multithread voltada para o Ambiente Anahy<\/td>\n<td>\n<ol class=\"fix-media-list-overlap\">\n<li>Giovane Torres (Pilla)<\/li>\n<li>Torchelsen<\/li>\n<li>Yamin<\/li>\n<\/ol>\n<\/td>\n<\/tr>\n<tr id=\"row191\">\n<td>22<\/td>\n<td>Jo\u00e3o V\u00edtor Valente Tarouco de Oliveira, Maur\u00edcio Lima Pilla and La\u00e9rcio Lima Pilla. Cloud-in-a-Box<\/td>\n<td>\n<ol class=\"fix-media-list-overlap\">\n<li>Reiser<\/li>\n<li>Yamin<\/li>\n<\/ol>\n<\/td>\n<\/tr>\n<tr id=\"row200\">\n<td>23<\/td>\n<td>Erico Grehs and Andre Du Bois. Um Compilador para Featherweight Java e sua Extens\u00e3o com Interfaces<\/td>\n<td>\n<ol class=\"fix-media-list-overlap\">\n<li>Marques<\/li>\n<li>Soares<\/li>\n<li>Brisolara<\/li>\n<\/ol>\n<\/td>\n<\/tr>\n<tr id=\"row209\">\n<td>24<\/td>\n<td>Eliezer Ribeiro, Ruhan Concei\u00e7\u00e3o and Guilherme Corr\u00eaa. Transcodifica\u00e7\u00e3o R\u00e1pida para Adapta\u00e7\u00e3o de Taxa de Bits em V\u00eddeos HEVC Utilizando Minera\u00e7\u00e3o de Dados<\/td>\n<td>\n<ol class=\"fix-media-list-overlap\">\n<li>Zatt<\/li>\n<li>Porto<\/li>\n<li>Cechinel<\/li>\n<\/ol>\n<\/td>\n<\/tr>\n<tr id=\"row218\">\n<td>25<\/td>\n<td>Nat\u00e1lia Darley, Tatiana Tavares and Gilberto Collares. Intera\u00e7\u00e3o de Usu\u00e1rio com Interfaces Tang\u00edveis: Uma An\u00e1lise de Experi\u00eancias Utilizando o ARsandbox<\/td>\n<td>\n<ol class=\"fix-media-list-overlap\">\n<li>Cavalheiro<\/li>\n<li>Ulisses Brisolara Corr\u00eaa (Araujo)<\/li>\n<li>Correa<\/li>\n<\/ol>\n<\/td>\n<\/tr>\n<tr id=\"row227\">\n<td>26<\/td>\n<td>Mateus T. Schoenknecht, Gerson G. H. Cavalheiro and Vitor A. De Ataides. An\u00e1lise do Desempenho do Benchmark Agglomerative Clustering em Diferentes Ferramentas de Paraleliza\u00e7\u00e3o<\/td>\n<td>\n<ol class=\"fix-media-list-overlap\">\n<li>Pernas<\/li>\n<li>Costa<\/li>\n<li>Rodrigo Moura (Pilla)<\/li>\n<\/ol>\n<\/td>\n<\/tr>\n<tr id=\"row236\">\n<td>27<\/td>\n<td>Yuri Peter, Anderson Ferrugem and Tatiana Tavares. Reconhecimento autom\u00e1tico de express\u00f5es emocionais usando t\u00e9cnicas de rastreamento de objetos<\/td>\n<td>\n<ol class=\"fix-media-list-overlap\">\n<li>Torchelsen<\/li>\n<li>Porto<\/li>\n<li>Correa<\/li>\n<\/ol>\n<\/td>\n<\/tr>\n<tr id=\"row245\">\n<td>28<\/td>\n<td>\u00cdtalo Machado, Bruno Zatt and Wagner Penny. Controlador de Energia para o Software x265 Utilizando Frentes de Pareto<\/td>\n<td>\n<ol class=\"fix-media-list-overlap\">\n<li>Brisolara<\/li>\n<li>Tavares<\/li>\n<\/ol>\n<\/td>\n<\/tr>\n<tr id=\"row254\">\n<td>29<\/td>\n<td>Mariana Esp\u00edndola Vieira and Anderson P. Ferrugem. DESENVOLVIMENTO E ESTUDOS DO CONFORT\u00cdMETRO UTILISANDO O MICROCONTROLADOR ARDUINO<\/td>\n<td>\n<ol class=\"fix-media-list-overlap\">\n<li>Marques<\/li>\n<li>Soares<\/li>\n<li>Rosa Jr<\/li>\n<\/ol>\n<\/td>\n<\/tr>\n<tr id=\"row263\">\n<td>30<\/td>\n<td>Jones Goebel, Bruno Zatt and Marcelo Porto. Arquitetura aproximada para a DCT 2D do padr\u00e3o de codifica\u00e7\u00e3o HEVC<\/td>\n<td>\n<ol class=\"fix-media-list-overlap\">\n<li>Ferrugem<\/li>\n<li>Correa<\/li>\n<li>Tavares<\/li>\n<\/ol>\n<\/td>\n<\/tr>\n<\/tbody>\n<\/table>\n<\/div>\n","protected":false},"excerpt":{"rendered":"<p>Avaliadores Adenauer Yamin adenauer@inf.ufpel.edu.br Ana Pernas anamarilza@gmail.com Anderson Ferrugem apferrugem@gmail.com Andre Du Bois dubois@inf.ufpel.edu.br Bruno Zatt zatt@inf.ufpel.edu.br Cristian Cechinel contato@cristiancechinel.pro.br Felipe Marques felipem@inf.ufpel.edu.br Gerson Cavalheiro gerson.cavalheiro@inf.ufpel.edu.br Guilherme Correa gcorrea@inf.ufpel.edu.br Julio Mattos julio.c.b.mattos@gmail.com Leomar Rosa Jr leomarjr@inf.ufpel.edu.br Lisane Brisolara lisane@gmail.com Luciana Foss lfoss@inf.ufpel.edu.br Marcelo Porto porto@inf.ufpel.edu.br Marcus Eslabao marcus.eslabao@yahoo.com.BR Marilton Sanchotene de Aguiar marilton@inf.ufpel.edu.br Mauricio Pilla [&hellip;]<\/p>\n","protected":false},"author":657,"featured_media":0,"parent":31,"menu_order":0,"comment_status":"closed","ping_status":"closed","template":"","meta":{"footnotes":""},"class_list":["post-76","page","type-page","status-publish","hentry"],"_links":{"self":[{"href":"https:\/\/wp.ufpel.edu.br\/notcc\/wp-json\/wp\/v2\/pages\/76","targetHints":{"allow":["GET"]}}],"collection":[{"href":"https:\/\/wp.ufpel.edu.br\/notcc\/wp-json\/wp\/v2\/pages"}],"about":[{"href":"https:\/\/wp.ufpel.edu.br\/notcc\/wp-json\/wp\/v2\/types\/page"}],"author":[{"embeddable":true,"href":"https:\/\/wp.ufpel.edu.br\/notcc\/wp-json\/wp\/v2\/users\/657"}],"replies":[{"embeddable":true,"href":"https:\/\/wp.ufpel.edu.br\/notcc\/wp-json\/wp\/v2\/comments?post=76"}],"version-history":[{"count":1,"href":"https:\/\/wp.ufpel.edu.br\/notcc\/wp-json\/wp\/v2\/pages\/76\/revisions"}],"predecessor-version":[{"id":77,"href":"https:\/\/wp.ufpel.edu.br\/notcc\/wp-json\/wp\/v2\/pages\/76\/revisions\/77"}],"up":[{"embeddable":true,"href":"https:\/\/wp.ufpel.edu.br\/notcc\/wp-json\/wp\/v2\/pages\/31"}],"wp:attachment":[{"href":"https:\/\/wp.ufpel.edu.br\/notcc\/wp-json\/wp\/v2\/media?parent=76"}],"curies":[{"name":"wp","href":"https:\/\/api.w.org\/{rel}","templated":true}]}}