{"id":757,"date":"2018-10-16T16:00:26","date_gmt":"2018-10-16T19:00:26","guid":{"rendered":"https:\/\/wp.ufpel.edu.br\/notcc\/?page_id=757"},"modified":"2019-08-13T11:46:23","modified_gmt":"2019-08-13T14:46:23","slug":"propostas-2018-2","status":"publish","type":"page","link":"https:\/\/wp.ufpel.edu.br\/notcc\/propostas\/avaliacoes\/propostas-2018-2\/","title":{"rendered":"Propostas 2018\/2"},"content":{"rendered":"<h2 id=\"propostas\" class=\"sectionedit6 page-header\">Avaliadores<\/h2>\n<table id=\"ec:table1\" class=\"ct_table\" cellspacing=\"0\" cellpadding=\"0\">\n<thead align=\"center\">\n<tr>\n<th>first name<\/th>\n<th class=\"sort_both\">\n<div style=\"padding-bottom: 10pt\">last name<\/div>\n<\/th>\n<th>email<\/th>\n<\/tr>\n<\/thead>\n<tbody>\n<tr id=\"row24\" class=\"blue\">\n<td>Marilton<\/td>\n<td>Sanchotene de Aguiar<\/td>\n<td>marilton@inf.ufpel.edu.br<\/td>\n<\/tr>\n<tr id=\"row35\" class=\"green\">\n<td>Andre<\/td>\n<td>Du Bois<\/td>\n<td>dubois@inf.ufpel.edu.br<\/td>\n<\/tr>\n<tr id=\"row57\" class=\"green\">\n<td>Vinicius<\/td>\n<td>Camargo<\/td>\n<td>vvacamargo@inf.ufpel.edu.br<\/td>\n<\/tr>\n<tr id=\"row68\" class=\"green\">\n<td>Anderson<\/td>\n<td>Ferrugem<\/td>\n<td>apferrugem@gmail.com<\/td>\n<\/tr>\n<tr id=\"row90\" class=\"green\">\n<td>Renata<\/td>\n<td>Reiser<\/td>\n<td>renata.reiser@gmail.com<\/td>\n<\/tr>\n<tr id=\"row101\" class=\"green\">\n<td>Felipe<\/td>\n<td>Marques<\/td>\n<td>felipem@inf.ufpel.edu.br<\/td>\n<\/tr>\n<tr id=\"row112\" class=\"green\">\n<td>Marcelo<\/td>\n<td>Porto<\/td>\n<td>porto@inf.ufpel.edu.br<\/td>\n<\/tr>\n<tr id=\"row123\" class=\"green\">\n<td>Luciana<\/td>\n<td>Foss<\/td>\n<td>lfoss@inf.ufpel.edu.br<\/td>\n<\/tr>\n<tr id=\"row134\" class=\"green\">\n<td>Rafael<\/td>\n<td>Soares<\/td>\n<td>rafa.isoares@gmail.com<\/td>\n<\/tr>\n<tr id=\"row145\" class=\"green\">\n<td>Guilherme<\/td>\n<td>Correa<\/td>\n<td>gcorrea@inf.ufpel.edu.br<\/td>\n<\/tr>\n<tr id=\"row167\" class=\"green\">\n<td>Adenauer<\/td>\n<td>Yamin<\/td>\n<td>adenauer@inf.ufpel.edu.br<\/td>\n<\/tr>\n<tr id=\"row178\" class=\"green\">\n<td>Gerson<\/td>\n<td>Cavalheiro<\/td>\n<td>gerson.cavalheiro@inf.ufpel.edu.br<\/td>\n<\/tr>\n<tr id=\"row189\" class=\"green\">\n<td>Leomar<\/td>\n<td>Rosa Jr<\/td>\n<td>leomarjr@inf.ufpel.edu.br<\/td>\n<\/tr>\n<tr id=\"row211\" class=\"green\">\n<td>Lisane<\/td>\n<td>Brisolara<\/td>\n<td>lisane@gmail.com<\/td>\n<\/tr>\n<tr id=\"row233\" class=\"green\">\n<td>Luciano<\/td>\n<td>Agostini<\/td>\n<td>agostini@inf.ufpel.edu.br<\/td>\n<\/tr>\n<tr id=\"row244\" class=\"green\">\n<td>Ricardo<\/td>\n<td>Araujo<\/td>\n<td>ricardo.araujo@gmail.com<\/td>\n<\/tr>\n<tr id=\"row255\" class=\"green\">\n<td>Paulo<\/td>\n<td>Ferreira Jr.<\/td>\n<td>paulo.ferreira.jr@gmail.com<\/td>\n<\/tr>\n<tr id=\"row277\" class=\"green\">\n<td>Bruno<\/td>\n<td>Zatt<\/td>\n<td>zatt@inf.ufpel.edu.br<\/td>\n<\/tr>\n<tr id=\"row288\" class=\"green\">\n<td>Ana<\/td>\n<td>Pernas<\/td>\n<td>anamarilza@gmail.com<\/td>\n<\/tr>\n<tr id=\"row299\" class=\"green\">\n<td>Simone<\/td>\n<td>Costa<\/td>\n<td>simone.costa@gmail.com<\/td>\n<\/tr>\n<tr id=\"row321\" class=\"green\">\n<td>Alex<\/td>\n<td>Borges<\/td>\n<td>amborges@inf.ufpel.edu.br<\/td>\n<\/tr>\n<tr id=\"row332\" class=\"green\">\n<td>Tiago<\/td>\n<td>Primo<\/td>\n<td>tiagoprimo@gmail.com<\/td>\n<\/tr>\n<tr id=\"row343\" class=\"green\">\n<td>Mauricio<\/td>\n<td>Pilla<\/td>\n<td>pilla@inf.ufpel.edu.br<\/td>\n<\/tr>\n<tr id=\"row365\" class=\"green\">\n<td>Rafael<\/td>\n<td>Torchelsen<\/td>\n<td>rafael.torchelsen@gmail.com<\/td>\n<\/tr>\n<tr id=\"row376\" class=\"green\">\n<td>Tatiana<\/td>\n<td>Tavares<\/td>\n<td>tatianaires@gmail.com<\/td>\n<\/tr>\n<tr id=\"row387\" class=\"green\">\n<td>Julio<\/td>\n<td>Mattos<\/td>\n<td>julio.c.b.mattos@gmail.com<\/td>\n<\/tr>\n<\/tbody>\n<\/table>\n<p><b>Avaliadores por Propostas 2018-2 <\/b><\/p>\n<p class=\"p4\"><span class=\"s1\">Gleider Campos and Larissa Freitas. An\u00e1lise de Sentimentos em tweets nos debates de candidatos \u00e0 presid\u00eancia da rep\u00fablica em 2018<\/span><\/p>\n<p>Tiago Primo<br \/>\nLisane Brisolara<\/p>\n<p class=\"p4\"><span class=\"s1\">Carlos Edy Yano and Tatiana Tavares. Acessibilidade no Cobalto: Um Estudo de caso<\/span><\/p>\n<p>AnaPernas<br \/>\nLisane Brisolara<\/p>\n<p class=\"p2\"><span class=\"s1\">Mateus T. Schoenknecht and Gerson Geraldo H. Cavalheiro. An\u00e1lise do Desempenho do Benchmark Agglomerative Clustering em Diferent<\/span><\/p>\n<p>Andr\u00e9 Rauber Du Bois<br \/>\nLisane Brisolara<\/p>\n<p class=\"p2\"><span class=\"s1\">Tamires Rodrigues and Tatiana Tavares. Avalia\u00e7\u00e3o da perspectiva do usu\u00e1rio em rela\u00e7\u00e3o a dist\u00e2ncia proximal de VANTs<\/span><\/p>\n<p>Rafael Torchelsen<br \/>\nPaulo Ferreira Jr.<\/p>\n<p class=\"p2\"><span class=\"s1\">Gabriel Bittencourt, Anderson Ferrugem and Tiago Primo. Reconhecimento de express\u00f5es faciais aplicado \u00e0 educa\u00e7\u00e3o<\/span><\/p>\n<p>Ricardo Matsumura Araujo<br \/>\nFelipe Marques<\/p>\n<p class=\"p2\"><span class=\"s1\">Edson J. Rottava Jr, Leomar Rosa Jr, Felipe S. Marques and Renato Souza. O desenvolvimento de uma ferramenta educacional para o ensin<\/span><\/p>\n<p>Valduga de Almeida Camargo<br \/>\nRafael Soares<\/p>\n<p class=\"p2\"><span class=\"s1\">Bruno Iost and Anderson Ferrugem. Padroniza\u00e7\u00e3o e aperfei\u00e7oamento do Chatterbot da Secretaria dos cursos de Computa\u00e7\u00e3o da UFPEL<\/span><\/p>\n<p>Sanchotene de Aguiar<br \/>\nAlex Machado Borges<\/p>\n<p class=\"p2\"><span class=\"s1\">Yuri Weisshahn and Simone Cavalheiro. Dissemina\u00e7\u00e3o do Pensamento Computacional na Educa\u00e7\u00e3o B\u00e1sica: Proposta e Aplica\u00e7\u00e3o de Ativida<\/span><\/p>\n<p>Rafael Torchelsen<br \/>\nRenata Reiser<\/p>\n<p class=\"p2\"><span class=\"s1\">Taisson de Oliveira and Tatiana Aires Tavares. Um tour pelo museu do doce usando realidade virtual<\/span><\/p>\n<p>Tiago Primo<br \/>\nGuilherme Corr\u00eaa<\/p>\n<p class=\"p2\"><span class=\"s1\">Lucas Cavalini, Rafael Soares and Pl\u00ednio Finkenauer Junior. Investiga\u00e7\u00e3o do espa\u00e7o de projeto de implementa\u00e7\u00e3o da arquitetura GALS pipeli<\/span><\/p>\n<p>Pilla<br \/>\nLeomar Rosa Jr<\/p>\n<p class=\"p2\"><span class=\"s1\">Samuel Oliveira and Ricardo Matsumura. Minera\u00e7\u00e3o de dados utilizando algoritmos de aprendizado de m\u00e1quina para encontrar padr\u00f5es n<\/span><\/p>\n<p>Sanchotene de Aguiar<br \/>\nLarissa Freitas<\/p>\n<p class=\"p2\"><span class=\"s1\">Mateus Leme, Marcelo Porto, Bruno Zatt and Luciano Braatz. Explora\u00e7\u00e3o de Hardware Impreciso para a Transformada Discreta do Cosseno<\/span><\/p>\n<p>Guilherme Corr\u00eaa<br \/>\nRafael Soares<\/p>\n<p class=\"p2\"><span class=\"s1\">Guilherme Bayer Schneider, Renata Hax Sander Reiser and Mauricio Lima Pilla. f-ClouD: Sistema Fuzzy para Avalia\u00e7\u00e3o da Utiliza\u00e7\u00e3o de Servi<\/span><\/p>\n<p>Gerson Cavalheiro<br \/>\nLuciana Foss<\/p>\n<p class=\"p2\"><span class=\"s1\">Marco Ant\u00f4nio Ferreira Birck, Ulisses Brisolara Corr\u00eaa and Ricardo Matsumura De Araujo. Transfer\u00eancia de Conhecimento em Aprendizado<\/span><\/p>\n<p>Bruno Zatt<br \/>\nLuciana Foss<\/p>\n<p class=\"p2\"><span class=\"s1\">Rafael Azevedo and J\u00falio Mattos. Avalia\u00e7\u00e3o de desempenho e consumo energ\u00e9tico da arquitetura ARM big.LITTLE<\/span><\/p>\n<p>Pilla<br \/>\nBruno Zatt<\/p>\n<p class=\"p2\"><span class=\"s1\">Gustavo Henrique Cunha da Rosa, Rafael Piccin Torchelsen and Anderson Maciel. Modelagem das intera\u00e7\u00f5es tecido-ferramenta fisicament<\/span><\/p>\n<p>Ferrugem<br \/>\nTatiana Tavares<\/p>\n<p class=\"p2\"><span class=\"s1\">Bruno Gon\u00e7alves and Rafael Soares. Implementa\u00e7\u00e3o de um TRNG Visando a Otimiza\u00e7\u00e3o da Arquitetura GALS Pipeline<\/span><\/p>\n<p>Tatiana Tavares<br \/>\nLeomar Rosa Jr<\/p>\n<p class=\"p2\"><span class=\"s1\">Henrique Saenger, Ana Pernas and Tiago Primo. Sistema de recomenda\u00e7\u00e3o para aux\u00edlio a sugest\u00e3o de alimentos \u00e0 al\u00e9rgicos e intolerantes <\/span><\/p>\n<p>Ricardo Matsumura Araujo<br \/>\nLarissa Freitas<\/p>\n<p class=\"p2\"><span class=\"s1\">Gustavo Barbosa dos Santos and Guilherme Ribeiro Corr\u00eaa. An\u00e1lise da Experi\u00eancia do Usu\u00e1rio em Streaming de V\u00eddeo Adaptativo sobre HT<\/span><\/p>\n<p>Marcelo Porto<br \/>\nAgostini<\/p>\n<p class=\"p2\"><span class=\"s1\">Marcelo Noguez, Ana Fleischmann and Tiago Primo. Ambientes Educacionais Abertos: uma Proposta de Modelagem Ontol\u00f3gica do Ambie<\/span><\/p>\n<p>Larissa Freitas<br \/>\nFerrugem<\/p>\n<p class=\"p2\"><span class=\"s1\">Arthur Piccoli, Leomar Soares da Rosa Junior and Felipe de Souza Marques. Desenvolvimento de ferramenta voltada ao ensino de t\u00e9cnicas <\/span><\/p>\n<p>Porto<br \/>\nAgostini<\/p>\n<p class=\"p2\"><span class=\"s1\">Felipe Tadeu Trinhain Palermo and Larissa Astrogildo de Freitas. Desenvolvimento de ferramenta de an\u00e1lise de sentimento com conjunto d<\/span><\/p>\n<p>Ana Pernas<br \/>\nGerson Cavalheiro<\/p>\n<p class=\"p2\"><span class=\"s1\">Frederico Sedrez and Guilherme Corr\u00eaa. Estudo e An\u00e1lise da Experi\u00eancia do Usu\u00e1rio WebRTC sob Condi\u00e7\u00f5es Controladas de Rede<\/span><\/p>\n<p>Pilla<br \/>\nAdenauer Yamin<\/p>\n<p class=\"p2\"><span class=\"s1\">Guilherme Tessmann, Guilherme Corr\u00eaa and Darlan Marchi. Desenvolvimento de Aplica\u00e7\u00e3o para Obten\u00e7\u00e3o e Manipula\u00e7\u00e3o de Dados de um<\/span><\/p>\n<p>Ana Pernas<br \/>\nRenata Reiser<\/p>\n<p class=\"p2\"><span class=\"s1\">Leticia Sampaio and Tatiana Tavares. Projeto de Aplicativo para Motivar Comportamentos Positivos e Conquistas Pessoais<\/span><\/p>\n<p>Gerson Cavalheiro<br \/>\nAdenauer Yamin<\/p>\n<p class=\"p2\"><span class=\"s1\">Freddy Ilha, Tiago Primo and Ricardo Araujo. Estudo sobre benef\u00edcios da ci\u00eancia de dados em dados coletados pelo Scratch<\/span><\/p>\n<p>Felipe Marques<br \/>\nAndr\u00e9 Rauber Du Bois<\/p>\n<p class=\"p2\"><span class=\"s1\">Guilherme Barbosa Manske and Leomar Soares da Rosa J\u00fanior. Cria\u00e7\u00e3o de heur\u00edstica para posicionamento de transistores em redes que n\u00e3<\/span><\/p>\n<p>Valduga de Almeida Camargo<br \/>\nAgostini<\/p>\n<p class=\"p2\"><span class=\"s1\">Matheus Hertzog, Ricardo Matsumura and Ulisses Brisolara. Proposta de an\u00e1lise sobre m\u00e9todos de inicializa\u00e7\u00e3o de Redes Neurais Convolu<\/span><\/p>\n<p>Ferrugem<br \/>\nGuilherme Corr\u00eaa<\/p>\n<p class=\"p2\"><span class=\"s1\">Pedro Gon\u00e7alves and Larissa Freitas. Aplica\u00e7\u00e3o de M\u00e9todos de Recupera\u00e7\u00e3o de Informa\u00e7\u00e3o e Detec\u00e7\u00e3o de Linguagem na Recupera\u00e7\u00e3o de A<\/span><\/p>\n<p>Gerson Cavalheiro<br \/>\nAlex Machado Borges<\/p>\n","protected":false},"excerpt":{"rendered":"<p>Avaliadores first name last name email Marilton Sanchotene de Aguiar marilton@inf.ufpel.edu.br Andre Du Bois dubois@inf.ufpel.edu.br Vinicius Camargo vvacamargo@inf.ufpel.edu.br Anderson Ferrugem apferrugem@gmail.com Renata Reiser renata.reiser@gmail.com Felipe Marques felipem@inf.ufpel.edu.br Marcelo Porto porto@inf.ufpel.edu.br Luciana Foss lfoss@inf.ufpel.edu.br Rafael Soares rafa.isoares@gmail.com Guilherme Correa gcorrea@inf.ufpel.edu.br Adenauer Yamin adenauer@inf.ufpel.edu.br Gerson Cavalheiro gerson.cavalheiro@inf.ufpel.edu.br Leomar Rosa Jr leomarjr@inf.ufpel.edu.br Lisane Brisolara lisane@gmail.com Luciano Agostini agostini@inf.ufpel.edu.br [&hellip;]<\/p>\n","protected":false},"author":800,"featured_media":0,"parent":31,"menu_order":0,"comment_status":"closed","ping_status":"closed","template":"","meta":{"footnotes":""},"class_list":["post-757","page","type-page","status-publish","hentry"],"_links":{"self":[{"href":"https:\/\/wp.ufpel.edu.br\/notcc\/wp-json\/wp\/v2\/pages\/757","targetHints":{"allow":["GET"]}}],"collection":[{"href":"https:\/\/wp.ufpel.edu.br\/notcc\/wp-json\/wp\/v2\/pages"}],"about":[{"href":"https:\/\/wp.ufpel.edu.br\/notcc\/wp-json\/wp\/v2\/types\/page"}],"author":[{"embeddable":true,"href":"https:\/\/wp.ufpel.edu.br\/notcc\/wp-json\/wp\/v2\/users\/800"}],"replies":[{"embeddable":true,"href":"https:\/\/wp.ufpel.edu.br\/notcc\/wp-json\/wp\/v2\/comments?post=757"}],"version-history":[{"count":4,"href":"https:\/\/wp.ufpel.edu.br\/notcc\/wp-json\/wp\/v2\/pages\/757\/revisions"}],"predecessor-version":[{"id":964,"href":"https:\/\/wp.ufpel.edu.br\/notcc\/wp-json\/wp\/v2\/pages\/757\/revisions\/964"}],"up":[{"embeddable":true,"href":"https:\/\/wp.ufpel.edu.br\/notcc\/wp-json\/wp\/v2\/pages\/31"}],"wp:attachment":[{"href":"https:\/\/wp.ufpel.edu.br\/notcc\/wp-json\/wp\/v2\/media?parent=757"}],"curies":[{"name":"wp","href":"https:\/\/api.w.org\/{rel}","templated":true}]}}