{"id":73,"date":"2016-12-02T11:47:50","date_gmt":"2016-12-02T13:47:50","guid":{"rendered":"https:\/\/wp.ufpel.edu.br\/notcc\/?page_id=73"},"modified":"2016-12-02T11:47:50","modified_gmt":"2016-12-02T13:47:50","slug":"2015_2","status":"publish","type":"page","link":"https:\/\/wp.ufpel.edu.br\/notcc\/propostas\/avaliacoes\/2015_2\/","title":{"rendered":"Propostas 2015\/2"},"content":{"rendered":"<h2 id=\"avaliadores\" class=\"sectionedit5 page-header\">Avaliadores<\/h2>\n<div class=\"level2\">\n<ul class=\"fix-media-list-overlap\">\n<li class=\"level1\">\n<div class=\"li\">Adenauer Yamin <a class=\"mail\" title=\"adenauer@inf.ufpel.edu.br\" href=\"mailto:adenauer@inf.ufpel.edu.br\">adenauer@inf.ufpel.edu.br<\/a><\/div>\n<\/li>\n<li class=\"level1\">\n<div class=\"li\">Anderson Ferrugem <a class=\"mail\" title=\"apferrugem@gmail.com\" href=\"mailto:apferrugem@gmail.com\">apferrugem@gmail.com<\/a><\/div>\n<\/li>\n<li class=\"level1\">\n<div class=\"li\">Andre Du Bois <a class=\"mail\" title=\"dubois@inf.ufpel.edu.br\" href=\"mailto:dubois@inf.ufpel.edu.br\">dubois@inf.ufpel.edu.br<\/a><\/div>\n<\/li>\n<li class=\"level1\">\n<div class=\"li\">Bruno Zatt <a class=\"mail\" title=\"zatt@inf.ufpel.edu.br\" href=\"mailto:zatt@inf.ufpel.edu.br\">zatt@inf.ufpel.edu.br<\/a><\/div>\n<\/li>\n<li class=\"level1\">\n<div class=\"li\">Cristian Cechinel <a class=\"mail\" title=\"contato@cristiancechinel.pro.br\" href=\"mailto:contato@cristiancechinel.pro.br\">contato@cristiancechinel.pro.br<\/a><\/div>\n<\/li>\n<li class=\"level1\">\n<div class=\"li\">Daniela Brauner <a class=\"mail\" title=\"danibrauner@gmail.com\" href=\"mailto:danibrauner@gmail.com\">danibrauner@gmail.com<\/a><\/div>\n<\/li>\n<li class=\"level1\">\n<div class=\"li\">Felipe Marques <a class=\"mail\" title=\"felipem@inf.ufpel.edu.br\" href=\"mailto:felipem@inf.ufpel.edu.br\">felipem@inf.ufpel.edu.br<\/a><\/div>\n<\/li>\n<li class=\"level1\">\n<div class=\"li\">Gerson Cavalheiro <a class=\"mail\" title=\"gerson.cavalheiro@inf.ufpel.edu.br\" href=\"mailto:gerson.cavalheiro@inf.ufpel.edu.br\">gerson.cavalheiro@inf.ufpel.edu.br<\/a><\/div>\n<\/li>\n<li class=\"level1\">\n<div class=\"li\">Guilherme Correa <a class=\"mail\" title=\"gcorrea@inf.ufpel.edu.br\" href=\"mailto:gcorrea@inf.ufpel.edu.br\">gcorrea@inf.ufpel.edu.br<\/a><\/div>\n<\/li>\n<li class=\"level1\">\n<div class=\"li\">Guilherme Netto <a class=\"mail\" title=\"guilherme.netto@gmail.com\" href=\"mailto:guilherme.netto@gmail.com\">guilherme.netto@gmail.com<\/a><\/div>\n<\/li>\n<li class=\"level1\">\n<div class=\"li\">Julio Mattos <a class=\"mail\" title=\"julio.c.b.mattos@gmail.com\" href=\"mailto:julio.c.b.mattos@gmail.com\">julio.c.b.mattos@gmail.com<\/a><\/div>\n<\/li>\n<li class=\"level1\">\n<div class=\"li\">Leomar Rosa Jr <a class=\"mail\" title=\"leomarjr@inf.ufpel.edu.br\" href=\"mailto:leomarjr@inf.ufpel.edu.br\">leomarjr@inf.ufpel.edu.br<\/a><\/div>\n<\/li>\n<li class=\"level1\">\n<div class=\"li\">Lisane Brisolara <a class=\"mail\" title=\"lisane@gmail.com\" href=\"mailto:lisane@gmail.com\">lisane@gmail.com<\/a><\/div>\n<\/li>\n<li class=\"level1\">\n<div class=\"li\">Luciana Foss <a class=\"mail\" title=\"lfoss@inf.ufpel.edu.br\" href=\"mailto:lfoss@inf.ufpel.edu.br\">lfoss@inf.ufpel.edu.br<\/a><\/div>\n<\/li>\n<li class=\"level1\">\n<div class=\"li\">Marcelo Porto <a class=\"mail\" title=\"porto@inf.ufpel.edu.br\" href=\"mailto:porto@inf.ufpel.edu.br\">porto@inf.ufpel.edu.br<\/a><\/div>\n<\/li>\n<li class=\"level1\">\n<div class=\"li\">Marilton Sanchotene de Aguiar <a class=\"mail\" title=\"marilton@inf.ufpel.edu.br\" href=\"mailto:marilton@inf.ufpel.edu.br\">marilton@inf.ufpel.edu.br<\/a><\/div>\n<\/li>\n<li class=\"level1\">\n<div class=\"li\">Mauricio Pilla <a class=\"mail\" title=\"pilla@inf.ufpel.edu.br\" href=\"mailto:pilla@inf.ufpel.edu.br\">pilla@inf.ufpel.edu.br<\/a><\/div>\n<\/li>\n<li class=\"level1\">\n<div class=\"li\">Paulo Ferreira Jr. <a class=\"mail\" title=\"paulo.ferreira.jr@gmail.com\" href=\"mailto:paulo.ferreira.jr@gmail.com\">paulo.ferreira.jr@gmail.com<\/a><\/div>\n<\/li>\n<li class=\"level1\">\n<div class=\"li\">Rafael Soares <a class=\"mail\" title=\"rafa.isoares@gmail.com\" href=\"mailto:rafa.isoares@gmail.com\">rafa.isoares@gmail.com<\/a><\/div>\n<\/li>\n<li class=\"level1\">\n<div class=\"li\">Renata Reiser <a class=\"mail\" title=\"renata.reiser@gmail.com\" href=\"mailto:renata.reiser@gmail.com\">renata.reiser@gmail.com<\/a><\/div>\n<\/li>\n<li class=\"level1\">\n<div class=\"li\">Ricardo Araujo <a class=\"mail\" title=\"ricardo.araujo@gmail.com\" href=\"mailto:ricardo.araujo@gmail.com\">ricardo.araujo@gmail.com<\/a><\/div>\n<\/li>\n<li class=\"level1\">\n<div class=\"li\">Simone Costa <a class=\"mail\" title=\"simone.costa@gmail.com\" href=\"mailto:simone.costa@gmail.com\">simone.costa@gmail.com<\/a><\/div>\n<\/li>\n<li class=\"level1\">\n<div class=\"li\">Rafael Torchelsen <a class=\"mail\" title=\"rafael.torchelsen@gmail.com\" href=\"mailto:rafael.torchelsen@gmail.com\">rafael.torchelsen@gmail.com<\/a><\/div>\n<\/li>\n<li class=\"level1\">\n<div class=\"li\">Tatiana Tavares <a class=\"mail\" title=\"tatiana@lavid.ufpb.br\" href=\"mailto:tatiana@lavid.ufpb.br\">tatiana@lavid.ufpb.br<\/a><\/div>\n<\/li>\n<\/ul>\n<\/div>\n<div class=\"secedit editbutton_section editbutton_5\"><\/div>\n<h2 id=\"propostas\" class=\"sectionedit6 page-header\">Propostas<\/h2>\n<div class=\"level2\">\n<table id=\"ec:table1\" cellspacing=\"0\" cellpadding=\"0\">\n<tbody>\n<tr id=\"row24\" class=\"oddblue\">\n<td class=\"right\">1<\/td>\n<td>Luan Einhardt, Cristian Cechinel and Tatiana Tavares. Desenvolvimento de um dashboard de Anal\u00edtica de Aprendizagem para dados de logs do Moodle<\/td>\n<td>\n<ol class=\"fix-media-list-overlap\">\n<li>Cavalheiro<\/li>\n<li>Ferrugem<\/li>\n<li>Brauner<\/li>\n<\/ol>\n<\/td>\n<\/tr>\n<tr id=\"row33\" class=\"evenblue\">\n<td class=\"right\">2<\/td>\n<td>Edemar Xavier Junior and Tatiana Tavares. Promo\u00e7\u00e3o do Conhecimento Hist\u00f3rico Local: Uma Proposta de Interatividade para o Memorial Anglo UFPEL<\/td>\n<td>\n<ol class=\"fix-media-list-overlap\">\n<li>Cechinel<\/li>\n<li>Reiser<\/li>\n<li>Torchelsen<\/li>\n<\/ol>\n<\/td>\n<\/tr>\n<tr id=\"row42\" class=\"oddblue\">\n<td class=\"right\">3<\/td>\n<td>Rodrigo Bazo, Rafael Soares and Gerson Cavalheiro. Investiga\u00e7\u00e3o de m\u00e9todos de implementa\u00e7\u00e3o paralela de uma ferramenta para an\u00e1lise de diferencial de pot\u00eancia<\/td>\n<td>\n<ol class=\"fix-media-list-overlap\">\n<li>Pilla<\/li>\n<li>Yamin<\/li>\n<\/ol>\n<\/td>\n<\/tr>\n<tr id=\"row51\" class=\"evenblue\">\n<td class=\"right\">4<\/td>\n<td>Davi Decker Reinke, Felipe de Souza Marques and Gustavo Gra\u00f1a Gomes Da Silva. Ambiente para obten\u00e7\u00e3o de dados e apresenta\u00e7\u00e3o de rotas alternativas aos servi\u00e7os de transporte p\u00fablico urbano<\/td>\n<td>\n<ol class=\"fix-media-list-overlap\">\n<li>Araujo<\/li>\n<li>Ferrugem<\/li>\n<li>Ferreira Jr.<\/li>\n<\/ol>\n<\/td>\n<\/tr>\n<tr id=\"row60\" class=\"oddblue\">\n<td class=\"right\">5<\/td>\n<td>Marcos R. P. Bueno, Bruno Zatt and Marcelo Schiavon Porto. Desenvolvimento de um IP core para Deblocking Filter segundo o padr\u00e3o HEVC<\/td>\n<td>\n<ol class=\"fix-media-list-overlap\">\n<li>Brisolara<\/li>\n<li>Correa<\/li>\n<li>Rosa Jr<\/li>\n<\/ol>\n<\/td>\n<\/tr>\n<tr id=\"row69\" class=\"evenblue\">\n<td class=\"right\">6<\/td>\n<td>Mikael Poetsch and Marilton Sanchotene de Aguiar. Avalia\u00e7\u00e3o do desempenho do Leap Motion aplicado ao aprendizado<\/td>\n<td>\n<ol class=\"fix-media-list-overlap\">\n<li>Tavares<\/li>\n<li>Foss<\/li>\n<li>Torchelsen<\/li>\n<\/ol>\n<\/td>\n<\/tr>\n<tr id=\"row78\" class=\"oddblue\">\n<td class=\"right\">7<\/td>\n<td>Gabriel Balota, Marcelo Porto and Bruno Zatt. Projeto e Prototipa\u00e7\u00e3o de um IP Core para a Estima\u00e7\u00e3o de Movimento do Padr\u00e3o HEVC<\/td>\n<td>\n<ol class=\"fix-media-list-overlap\">\n<li>Correa<\/li>\n<li>Brisolara<\/li>\n<li>Rosa Jr<\/li>\n<\/ol>\n<\/td>\n<\/tr>\n<tr id=\"row87\" class=\"evenblue\">\n<td class=\"right\">8<\/td>\n<td>Lucas Tortelli, Marilton Aguiar and Aline Loreto. Uma Proposta de Extens\u00e3o Intervalar para Redes Neurais Convolucionais<\/td>\n<td>\n<ol class=\"fix-media-list-overlap\">\n<li>Araujo<\/li>\n<li>Reiser<\/li>\n<li>Ferreira Jr.<\/li>\n<\/ol>\n<\/td>\n<\/tr>\n<tr id=\"row96\" class=\"oddblue\">\n<td class=\"right\">9<\/td>\n<td>Simone Drawanz Rutz, Marilton Sanchotene de Aguiar and Tatiana Aires Tavares. Estudo de Interfaces Tang\u00edveis como Tecnologia Assistiva em Casos de Mal de Parkinson<\/td>\n<td>\n<ol class=\"fix-media-list-overlap\">\n<li>Brauner<\/li>\n<li>Yamin<\/li>\n<li>Du Bois<\/li>\n<\/ol>\n<\/td>\n<\/tr>\n<tr id=\"row105\" class=\"evenblue\">\n<td class=\"right\">10<\/td>\n<td>Mateus Noremberg, Guilherme Corr\u00eaa and Bruno Zatt. Redu\u00e7\u00e3o de Complexidade da Estima\u00e7\u00e3o de Movimento no Codificador de V\u00eddeos HEVC Utilizando Algoritmo Adaptativo<\/td>\n<td>\n<ol class=\"fix-media-list-overlap\">\n<li>Araujo<\/li>\n<li>Porto<\/li>\n<li>Ferreira Jr.<\/li>\n<\/ol>\n<\/td>\n<\/tr>\n<tr id=\"row114\" class=\"oddblue\">\n<td class=\"right\">11<\/td>\n<td>Rafael Rad\u00fcnz Borba and Luciana Foss. Desenvolvendo o Pensamento Computacional: Criando Code Clubs em Pelotas<\/td>\n<td>\n<ol class=\"fix-media-list-overlap\">\n<li>Costa<\/li>\n<li>Tavares<\/li>\n<li>Soares<\/li>\n<\/ol>\n<\/td>\n<\/tr>\n<tr id=\"row123\" class=\"evenblue\">\n<td class=\"right\">12<\/td>\n<td>Guilherme Goebel, Rafael Iankowski Soares and Adenauer Corr\u00eaa Yamin. Uma plataforma para consci\u00eancia de contexto utilizando Computa\u00e7\u00e3o em Nuvem<\/td>\n<td>\n<ol class=\"fix-media-list-overlap\">\n<li>Pilla<\/li>\n<li>Brauner<\/li>\n<li>Du Bois<\/li>\n<\/ol>\n<\/td>\n<\/tr>\n<tr id=\"row132\" class=\"oddblue\">\n<td class=\"right\">13<\/td>\n<td>Gustavo Pinho, Gerson Cavalheiro and Tatiana Tavares. Do tecnol\u00f3gico ao l\u00fadico: o uso de dispositivos m\u00f3veis no Pensamento Computacional<\/td>\n<td>\n<ol class=\"fix-media-list-overlap\">\n<li>Costa<\/li>\n<li>Foss<\/li>\n<li>Marques<\/li>\n<\/ol>\n<\/td>\n<\/tr>\n<tr id=\"row141\" class=\"evenblue\">\n<td class=\"right\">14<\/td>\n<td>Leila Nobre and Leomar Soares Da Rosa Jr. Investiga\u00e7\u00e3o da Implementa\u00e7\u00e3o de Leiaute de Circuitos Integrados Utilizando Topologias de Redes de Transistores Alternativas<\/td>\n<td>\n<ol class=\"fix-media-list-overlap\">\n<li>Soares<\/li>\n<li>Porto<\/li>\n<li>Marques<\/li>\n<\/ol>\n<\/td>\n<\/tr>\n<tr>\n<td>15<\/td>\n<td>Regis Zanandrea, Leomar Da Rosa Jr. and Felipe de Souza Marques. Desenvolvimento de uma adapta\u00e7\u00e3o do algoritmo ST-Router para grade com custos distintos.<\/td>\n<td>\n<ol class=\"fix-media-list-overlap\">\n<li>Cechinel<\/li>\n<li>Sanchotene de Aguiar<\/li>\n<\/ol>\n<\/td>\n<\/tr>\n<tr id=\"row150\" class=\"oddblue\">\n<td class=\"right\">16<\/td>\n<td>Vin\u00edcius Santos, Renata Reiser and Mauricio Pilla. Extens\u00e3o Intervalar da Transformada Wavelet de Daubechies e Otimiza\u00e7\u00f5es para An\u00e1lise de Sinais Card\u00edacos<\/td>\n<td>\n<ol class=\"fix-media-list-overlap\">\n<li>Cavalheiro<\/li>\n<li>Porto<\/li>\n<\/ol>\n<\/td>\n<\/tr>\n<tr id=\"row159\" class=\"evenblue\">\n<td class=\"right\">17<\/td>\n<td>Carlos Edy Yano, Fabio K. Schramm and Julio C. B. Mattos. Aplica\u00e7\u00e3o da Realidade Aumentada na Concep\u00e7\u00e3o, Gest\u00e3o e Manuten\u00e7\u00e3o de Edifica\u00e7\u00f5es<\/td>\n<td>\n<ol class=\"fix-media-list-overlap\">\n<li>Tavares<\/li>\n<li>Cavalheiro<\/li>\n<li>Torchelsen<\/li>\n<\/ol>\n<\/td>\n<\/tr>\n<\/tbody>\n<\/table>\n<\/div>\n","protected":false},"excerpt":{"rendered":"<p>Avaliadores Adenauer Yamin adenauer@inf.ufpel.edu.br Anderson Ferrugem apferrugem@gmail.com Andre Du Bois dubois@inf.ufpel.edu.br Bruno Zatt zatt@inf.ufpel.edu.br Cristian Cechinel contato@cristiancechinel.pro.br Daniela Brauner danibrauner@gmail.com Felipe Marques felipem@inf.ufpel.edu.br Gerson Cavalheiro gerson.cavalheiro@inf.ufpel.edu.br Guilherme Correa gcorrea@inf.ufpel.edu.br Guilherme Netto guilherme.netto@gmail.com Julio Mattos julio.c.b.mattos@gmail.com Leomar Rosa Jr leomarjr@inf.ufpel.edu.br Lisane Brisolara lisane@gmail.com Luciana Foss lfoss@inf.ufpel.edu.br Marcelo Porto porto@inf.ufpel.edu.br Marilton Sanchotene de Aguiar marilton@inf.ufpel.edu.br Mauricio Pilla [&hellip;]<\/p>\n","protected":false},"author":657,"featured_media":0,"parent":31,"menu_order":0,"comment_status":"closed","ping_status":"closed","template":"","meta":{"footnotes":""},"class_list":["post-73","page","type-page","status-publish","hentry"],"_links":{"self":[{"href":"https:\/\/wp.ufpel.edu.br\/notcc\/wp-json\/wp\/v2\/pages\/73","targetHints":{"allow":["GET"]}}],"collection":[{"href":"https:\/\/wp.ufpel.edu.br\/notcc\/wp-json\/wp\/v2\/pages"}],"about":[{"href":"https:\/\/wp.ufpel.edu.br\/notcc\/wp-json\/wp\/v2\/types\/page"}],"author":[{"embeddable":true,"href":"https:\/\/wp.ufpel.edu.br\/notcc\/wp-json\/wp\/v2\/users\/657"}],"replies":[{"embeddable":true,"href":"https:\/\/wp.ufpel.edu.br\/notcc\/wp-json\/wp\/v2\/comments?post=73"}],"version-history":[{"count":1,"href":"https:\/\/wp.ufpel.edu.br\/notcc\/wp-json\/wp\/v2\/pages\/73\/revisions"}],"predecessor-version":[{"id":74,"href":"https:\/\/wp.ufpel.edu.br\/notcc\/wp-json\/wp\/v2\/pages\/73\/revisions\/74"}],"up":[{"embeddable":true,"href":"https:\/\/wp.ufpel.edu.br\/notcc\/wp-json\/wp\/v2\/pages\/31"}],"wp:attachment":[{"href":"https:\/\/wp.ufpel.edu.br\/notcc\/wp-json\/wp\/v2\/media?parent=73"}],"curies":[{"name":"wp","href":"https:\/\/api.w.org\/{rel}","templated":true}]}}