{"id":700,"date":"2018-07-04T19:29:15","date_gmt":"2018-07-04T22:29:15","guid":{"rendered":"https:\/\/wp.ufpel.edu.br\/notcc\/?page_id=700"},"modified":"2018-11-23T15:29:18","modified_gmt":"2018-11-23T17:29:18","slug":"bancas-2018-1","status":"publish","type":"page","link":"https:\/\/wp.ufpel.edu.br\/notcc\/bancas\/historico\/bancas-2018-1\/","title":{"rendered":"Bancas 2018\/1"},"content":{"rendered":"<h3>Felipe Luzzardi da Rosa<\/h3>\n<p><strong>Curso:<\/strong> Ci\u00eancia da Computa\u00e7\u00e3o<br \/>\n<strong>T\u00edtulo:<\/strong> Aprendizagem Ciente de Contexto: um estudo de caso utilizando o ambiente virtual OpenRedu<br \/>\n<strong>Banca:<\/strong><br \/>\nProf. Ana Marilza Pernas Fleischmann (orientador(a))<br \/>\nRoger da Silva Machado (coorientador(a))<br \/>\nProf. Tiago Thompsen Primo (coorientador(a))<br \/>\nProf. Tatiana Aires Tavares<br \/>\nProf. Isabela Gasparini<br \/>\n<strong>Data:<\/strong> 13 de julho de 2018<br \/>\n<strong>Hora:<\/strong> 10:00h<br \/>\n<strong>Local:<\/strong> Lab. 2<\/p>\n<hr>\n<h3>Franco Terres dos Santos<\/h3>\n<p><strong>Curso:<\/strong> Ci\u00eancia da Computa\u00e7\u00e3o<br \/>\n<strong>T\u00edtulo:<\/strong> Intelig\u00eancia Artificial e o Controle Social da Administra\u00e7\u00e3o P\u00fablica<br \/>\n<strong>Banca:<\/strong><br \/>\nProf. Tiago Thompsen Primo (orientador(a))<br \/>\nProf. Ricardo Matsumura de Ara\u00fajo (coorientador(a))<br \/>\nProf. Ana Marilza Pernas Fleischmann<br \/>\nProf. Tatiana Alves Tavares<br \/>\n<strong>Data:<\/strong> 11 de julho de 2018<br \/>\n<strong>Hora:<\/strong> 9:30h<br \/>\n<strong>Local:<\/strong> Aud. Reitoria<\/p>\n<hr>\n<h3>Jos\u00e9 Vitor Schneid da Silva<\/h3>\n<p><strong>Curso:<\/strong> Ci\u00eancia da Computa\u00e7\u00e3o<br \/>\n<strong>T\u00edtulo:<\/strong> SpreadOut: Uma Proposta de Regulariza\u00e7\u00e3o Baseada na Diferencia\u00e7\u00e3o de Kernels de Convolu\u00e7\u00e3o em Redes Neurais Convolucionais<br \/>\n<strong>Banca:<\/strong><br \/>\nProf. Ricardo Matsumura Ara\u00fajo (orientador(a))<br \/>\nProf. Marilton Sanchotene de Aguiar<br \/>\nProf. Ulisses Brisolara Corr\u00eaa<br \/>\n<strong>Data:<\/strong> 05 de julho de 2018<br \/>\n<strong>Hora:<\/strong> 8:00<br \/>\n<strong>Local:<\/strong> Sala 112<\/p>\n<hr>\n<h3>Leonardo Corr\u00eaa Rodrigues<\/h3>\n<p><strong>Curso:<\/strong> Ci\u00eancia da Computa\u00e7\u00e3o<br \/>\n<strong>T\u00edtulo:<\/strong> An\u00e1lise de estrat\u00e9gias de paralelismo em CPU e GPU para o modelo Lavras Simulation of Hydrology (LASH)<br \/>\n<strong>Banca:<\/strong><br \/>\nProf. Marilton Sanchotene de Aguiar (orientador(a))<br \/>\nProf. Samuel Beskow (coorientador(a))<br \/>\nProf. Gerson Geraldo Homrich Cavalheiro<br \/>\nProf. Alice Steinmetz<br \/>\n<strong>Data:<\/strong> 11 de julho de 2018<br \/>\n<strong>Hora:<\/strong> 13:30h<br \/>\n<strong>Local:<\/strong> Sala 311-Anglo<\/p>\n<hr>\n<h3>Lucas Rego Da Rocha<\/h3>\n<p><strong>Curso:<\/strong> Engenharia de Computa\u00e7\u00e3o<br \/>\n<strong>T\u00edtulo:<\/strong> Investiga\u00e7\u00e3o da T\u00e9cnica de Dessincroniza\u00e7\u00e3o de circuitos integrados: estudo de caso com a arquitetura MIPS Pipeline<br \/>\n<strong>Banca:<\/strong><br \/>\nProf. Rafael Iankowski Soares (orientador(a))<br \/>\nProf. Leomar Soares da Rosa J\u00fanior<br \/>\nProf. Renato Souza de Souza<br \/>\n<strong>Data:<\/strong> 13 de julho de 2018<br \/>\n<strong>Hora:<\/strong> 13:30h<br \/>\n<strong>Local:<\/strong> Sala 427<\/p>\n<hr>\n<h3>N\u00edcolas Oreques de Araujo<\/h3>\n<p><strong>Curso:<\/strong> Ci\u00eancia da Computa\u00e7\u00e3o<br \/>\n<strong>T\u00edtulo:<\/strong> Recomendador Pastejando: um sistema de recomenda\u00e7\u00e3o baseado em conhecimento para suporte a produtores rurais de leite<br \/>\n<strong>Banca:<\/strong><br \/>\nProf. Ana Marilza Pernas Fleischmann (orientador(a))<br \/>\nProf. Tiago Thompsen Primo (coorientador(a))<br \/>\nProf. Marilton Sanchotene de Aguiar<br \/>\nProf. Adenauer Correa Yamin<br \/>\nRogerio Morcelles Dereti<br \/>\n<strong>Data:<\/strong> 13 de julho de 2018<br \/>\n<strong>Hora:<\/strong> 8:00<br \/>\n<strong>Local:<\/strong> Lab 2<\/p>\n<hr>\n<h3>Ra\u00edssa Teles Pinto<\/h3>\n<p><strong>Curso:<\/strong> Ci\u00eancia da Computa\u00e7\u00e3o<br \/>\n<strong>T\u00edtulo:<\/strong> SFuzzzy Avalia E\/A: Uma Abordagem Fuzzy para a Avalia\u00e7\u00e3o do Ensino Aprendizagem com Estudo de Caso do Projeto EXP-PC via Habilidades do Pensamento Computacional<br \/>\n<strong>Banca:<\/strong><br \/>\nProf. Renata Hax Sander Reiser (orientador(a))<br \/>\nProf. Adenauer Corr\u00eaa Yamin (coorientador(a))<br \/>\nProf. Ana Marilza Pernas Fleischmann<br \/>\nProf. Mauricio Lima Pilla<br \/>\nAmanda Argou Cardozo<br \/>\n<strong>Data:<\/strong> 30 de julho de 2018<br \/>\n<strong>Hora:<\/strong> 15:10<br \/>\n<strong>Local:<\/strong> Sala 120<\/p>\n<hr>\n<h3>Victor Renan Covalski Junes<\/h3>\n<p><strong>Curso:<\/strong> Ci\u00eancia da Computa\u00e7\u00e3o<br \/>\n<strong>T\u00edtulo:<\/strong> Uma Arquitetura Colaborativa para Detec\u00e7\u00e3o de Ataques de Phishing<br \/>\n<strong>Banca:<\/strong><br \/>\nProf. Ana Marilza Pernas (orientador(a))<br \/>\nRicardo Borges Almeida (coorientador(a))<br \/>\nProf. Ricardo Matsumura Ara\u00fajo (coorientador(a))<br \/>\nProf. Paulo Roberto Ferreira Jr.<br \/>\nProf. Guilherme Ribeiro Corr\u00eaa<br \/>\n<strong>Data:<\/strong> 10 de julho de 2018<br \/>\n<strong>Hora:<\/strong> 8:00h<br \/>\n<strong>Local:<\/strong> Sala Auditorio Academico<\/p>\n<hr>\n<h3>\u00c2ndrio Ferreira de Ara\u00fajo Campos<\/h3>\n<p><strong>Curso:<\/strong> Ci\u00eancia da Computa\u00e7\u00e3o<br \/>\n<strong>T\u00edtulo:<\/strong> Chatterbot de acesso a informa\u00e7\u00e3o de procedimentos discentes na UFPel atrav\u00e9s de m\u00eddias sociais<br \/>\n<strong>Banca:<\/strong><br \/>\nProf. Anderson Priebe Ferrugem (orientador(a))<br \/>\nProf. Marilton Sanchotene de Aguiar<br \/>\nProf. Tatiana Aires Tavares<br \/>\n<strong>Data:<\/strong> 23 de julho de 2018<br \/>\n<strong>Hora:<\/strong> 16:00<br \/>\n<strong>Local:<\/strong> Sala 306<\/p>\n<hr>\n<h3>\u00c9rico Alves Grehs<\/h3>\n<p><strong>Curso:<\/strong> Ci\u00eancia da Computa\u00e7\u00e3o<br \/>\n<strong>T\u00edtulo:<\/strong> Um Compilador para Featherweight Java e sua Extens\u00e3o com Interfaces<br \/>\n<strong>Banca:<\/strong><br \/>\nProf. Andr\u00e9 Rauber Du Bois (orientador(a))<br \/>\nProf. Samuel da Silva Feitosa<br \/>\nProf. Rafael Iankowski Soares<br \/>\n<strong>Data:<\/strong> 25 de julho de 2018<br \/>\n<strong>Hora:<\/strong> 13:30<br \/>\n<strong>Local:<\/strong> Sala 120<\/p>\n<hr>\n","protected":false},"excerpt":{"rendered":"<p>Felipe Luzzardi da Rosa Curso: Ci\u00eancia da Computa\u00e7\u00e3o T\u00edtulo: Aprendizagem Ciente de Contexto: um estudo de caso utilizando o ambiente virtual OpenRedu Banca: Prof. Ana Marilza Pernas Fleischmann (orientador(a)) Roger da Silva Machado (coorientador(a)) Prof. Tiago Thompsen Primo (coorientador(a)) Prof. Tatiana Aires Tavares Prof. Isabela Gasparini Data: 13 de julho de 2018 Hora: 10:00h Local: [&hellip;]<\/p>\n","protected":false},"author":800,"featured_media":0,"parent":84,"menu_order":0,"comment_status":"closed","ping_status":"closed","template":"","meta":{"footnotes":""},"class_list":["post-700","page","type-page","status-publish","hentry"],"_links":{"self":[{"href":"https:\/\/wp.ufpel.edu.br\/notcc\/wp-json\/wp\/v2\/pages\/700","targetHints":{"allow":["GET"]}}],"collection":[{"href":"https:\/\/wp.ufpel.edu.br\/notcc\/wp-json\/wp\/v2\/pages"}],"about":[{"href":"https:\/\/wp.ufpel.edu.br\/notcc\/wp-json\/wp\/v2\/types\/page"}],"author":[{"embeddable":true,"href":"https:\/\/wp.ufpel.edu.br\/notcc\/wp-json\/wp\/v2\/users\/800"}],"replies":[{"embeddable":true,"href":"https:\/\/wp.ufpel.edu.br\/notcc\/wp-json\/wp\/v2\/comments?post=700"}],"version-history":[{"count":5,"href":"https:\/\/wp.ufpel.edu.br\/notcc\/wp-json\/wp\/v2\/pages\/700\/revisions"}],"predecessor-version":[{"id":773,"href":"https:\/\/wp.ufpel.edu.br\/notcc\/wp-json\/wp\/v2\/pages\/700\/revisions\/773"}],"up":[{"embeddable":true,"href":"https:\/\/wp.ufpel.edu.br\/notcc\/wp-json\/wp\/v2\/pages\/84"}],"wp:attachment":[{"href":"https:\/\/wp.ufpel.edu.br\/notcc\/wp-json\/wp\/v2\/media?parent=700"}],"curies":[{"name":"wp","href":"https:\/\/api.w.org\/{rel}","templated":true}]}}