{"id":70,"date":"2016-12-02T11:46:08","date_gmt":"2016-12-02T13:46:08","guid":{"rendered":"https:\/\/wp.ufpel.edu.br\/notcc\/?page_id=70"},"modified":"2016-12-02T11:46:08","modified_gmt":"2016-12-02T13:46:08","slug":"2015_1","status":"publish","type":"page","link":"https:\/\/wp.ufpel.edu.br\/notcc\/propostas\/avaliacoes\/2015_1\/","title":{"rendered":"Propostas 2015\/1"},"content":{"rendered":"<h3 id=\"avaliadores\" class=\"sectionedit5\">Avaliadores<\/h3>\n<div class=\"level3\">\n<ul class=\"fix-media-list-overlap\">\n<li class=\"level1\">\n<div class=\"li\">Adenauer Yamin adenauer@inf.ufpel.edu.br<\/div>\n<\/li>\n<li class=\"level1\">\n<div class=\"li\">Aline Loreto alineloreto@gmail.com<\/div>\n<\/li>\n<li class=\"level1\">\n<div class=\"li\">Anderson Ferrugem apferrugem@gmail.com<\/div>\n<\/li>\n<li class=\"level1\">\n<div class=\"li\">Andre Du Bois dubois@inf.ufpel.edu.br<\/div>\n<\/li>\n<li class=\"level1\">\n<div class=\"li\">Andr\u00e9 Jardim adjardim@terra.com.br<\/div>\n<\/li>\n<li class=\"level1\">\n<div class=\"li\">Bruno Zatt zatt@inf.ufpel.edu.br<\/div>\n<\/li>\n<li class=\"level1\">\n<div class=\"li\">Cristian Cechinel contato@cristiancechinel.pro.br<\/div>\n<\/li>\n<li class=\"level1\">\n<div class=\"li\">Daniela Brauner danibrauner@gmail.com<\/div>\n<\/li>\n<li class=\"level1\">\n<div class=\"li\">Felipe Marques felipem@inf.ufpel.edu.br<\/div>\n<\/li>\n<li class=\"level1\">\n<div class=\"li\">Gerson Cavalheiro gerson.cavalheiro@inf.ufpel.edu.br<\/div>\n<\/li>\n<li class=\"level1\">\n<div class=\"li\">Guilherme Correa gcorrea@inf.ufpel.edu.br<\/div>\n<\/li>\n<li class=\"level1\">\n<div class=\"li\">Guilherme Netto guilherme.netto@gmail.com<\/div>\n<\/li>\n<li class=\"level1\">\n<div class=\"li\">Julio Mattos julio.c.b.mattos@gmail.com<\/div>\n<\/li>\n<li class=\"level1\">\n<div class=\"li\">Leomar Rosa Jr leomarjr@inf.ufpel.edu.br<\/div>\n<\/li>\n<li class=\"level1\">\n<div class=\"li\">Lisane Brisolara lisane@gmail.com<\/div>\n<\/li>\n<li class=\"level1\">\n<div class=\"li\">Luciana Foss lfoss@inf.ufpel.edu.br<\/div>\n<\/li>\n<li class=\"level1\">\n<div class=\"li\">Marcelo Porto porto@inf.ufpel.edu.br<\/div>\n<\/li>\n<li class=\"level1\">\n<div class=\"li\">Mauricio Pilla pilla@inf.ufpel.edu.br<\/div>\n<\/li>\n<li class=\"level1\">\n<div class=\"li\">Milena Sena Marques milenarotasena@gmail.com<\/div>\n<\/li>\n<li class=\"level1\">\n<div class=\"li\">Paulo Ferreira Jr. paulo.ferreira.jr@gmail.com<\/div>\n<\/li>\n<li class=\"level1\">\n<div class=\"li\">Rafael Soares rafa.isoares@gmail.com<\/div>\n<\/li>\n<li class=\"level1\">\n<div class=\"li\">Renata Reiser renata.reiser@gmail.com<\/div>\n<\/li>\n<li class=\"level1\">\n<div class=\"li\">Ricardo Araujo ricardo.araujo@gmail.com<\/div>\n<\/li>\n<li class=\"level1\">\n<div class=\"li\">Simone Costa simone.costa@gmail.com<\/div>\n<\/li>\n<li class=\"level1\">\n<div class=\"li\">Rafael Torchelsen rafael.torchelsen@gmail.com<\/div>\n<\/li>\n<li class=\"level1\">\n<div class=\"li\">Tatiana Tavares tatiana@lavid.ufpb.br<\/div>\n<\/li>\n<li class=\"level1\">\n<div class=\"li\">Guilherme Weymar guicefetrs@gmail.com<\/div>\n<\/li>\n<\/ul>\n<\/div>\n<div class=\"secedit editbutton_section editbutton_5\"><\/div>\n<h3 id=\"propostas\" class=\"sectionedit6\">Propostas<\/h3>\n<div class=\"level3\">\n<table id=\"ec:table1\" class=\"ct_table\" cellspacing=\"0\" cellpadding=\"0\">\n<thead>\n<tr>\n<th>#<\/th>\n<th>Proposta<\/th>\n<th>Revisor<\/th>\n<\/tr>\n<\/thead>\n<tbody>\n<tr id=\"row11\" class=\"evenblue\">\n<td class=\"right\"><a name=\"1\"><\/a>1<\/td>\n<td>Daniel Farias and Marilton Aguiar. <i>Estudo e aplica\u00e7\u00e3o da realidade aumentada em jogos s\u00e9rios para o desenvolvimento do pensamento computacional<\/i><\/td>\n<td>Costa<br \/>\nFoss<br \/>\nTorchelsen<\/td>\n<\/tr>\n<tr id=\"row20\" class=\"oddblue\">\n<td class=\"right\"><a name=\"2\"><\/a>2<\/td>\n<td>Rafael Silveira, Felipe de Souza Marques and Bruno Zatt. <i>Desenvolvimento de uma Solu\u00e7\u00e3o para o Registro de Presen\u00e7as e Controle de Acesso em Eventos Acad\u00eamicos Utilizando Identifica\u00e7\u00e3o e Comunica\u00e7\u00e3o por Radiofrequ\u00eancia<\/i><\/td>\n<td>Tavares<br \/>\nJardim<br \/>\nSoares<\/td>\n<\/tr>\n<tr id=\"row29\" class=\"evenblue\">\n<td class=\"right\"><a name=\"3\"><\/a>3<\/td>\n<td>Marlon Dias and Marilton Sanchotene de Aguiar. <i>Detec\u00e7\u00e3o de spots em imagens oriundas de g\u00e9is de eletroforese bidimensional utilizando aprendizado supervisionado<\/i><\/td>\n<td>Lucas Nachtigall (Araujo)<br \/>\nTorchelsen<br \/>\nCechinel<\/td>\n<\/tr>\n<tr id=\"row38\" class=\"oddblue\">\n<td class=\"right\"><a name=\"4\"><\/a>4<\/td>\n<td>L\u00edvia Amaral, Dieison Silveira and Bruno Zatt. <i>Redu\u00e7\u00e3o do Consumo Energ\u00e9tico em Codificadores de V\u00eddeos Digitais Atrav\u00e9s do Reuso de Dados e da Compress\u00e3o de Quadros de Refer\u00eancia<\/i><\/td>\n<td>Porto<br \/>\nCorrea<br \/>\nSoares<\/td>\n<\/tr>\n<tr id=\"row47\" class=\"evenblue\">\n<td class=\"right\"><a name=\"5\"><\/a>5<\/td>\n<td>Alex Machado Borges, Marcelo Schiavon Porto and Bruno Zatt. <i>Desenvolvimento de Arquitetura em Hardware para Pr\u00e9-Codifica\u00e7\u00e3o de V\u00eddeo em High Dynamic Range (HDR)<\/i><\/td>\n<td>Marques<br \/>\nTavares<br \/>\nCorrea<\/td>\n<\/tr>\n<tr id=\"row56\" class=\"oddblue\">\n<td class=\"right\"><a name=\"6\"><\/a>6<\/td>\n<td>Andr\u00e9 Felipe Da Silva, Felipe De Souza Marques and Leomar Soares Da Rosa Jr. <i>Uma ferramenta para o ensino de T\u00e9cnicas Digitais<\/i><\/td>\n<td>Porto<br \/>\nSoares<\/td>\n<\/tr>\n<tr id=\"row65\" class=\"evenblue\">\n<td class=\"right\"><a name=\"7\"><\/a>7<\/td>\n<td>Glauco Roberto Munsberg Dos Santos, Ricardo Matsumura Araujo and Daniela Francisco Brauner. <i>Curr\u00edculos Lattes: Expans\u00e3o Autom\u00e1tica de Consulta baseado em Ontologia<\/i><\/td>\n<td>Cechinel<br \/>\nNetto<\/td>\n<\/tr>\n<tr id=\"row74\" class=\"oddblue\">\n<td class=\"right\"><a name=\"8\"><\/a>8<\/td>\n<td>Tamara Cruz, Daniela Buske and Marilton Aguiar. <i>Uma ferramenta computacional para integra\u00e7\u00e3o de modelos multidimensionais para a simula\u00e7\u00e3o da dispers\u00e3o de poluentes na atmosfera<\/i><\/td>\n<td>Loreto<br \/>\nWeymar<br \/>\nReiser<\/td>\n<\/tr>\n<tr id=\"row83\" class=\"evenblue\">\n<td class=\"right\"><a name=\"9\"><\/a>9<\/td>\n<td>Marcelo V. Zschornack and Anderson P. Ferrugem. <i>Rastreamento dos olhos para detec\u00e7\u00e3o da distra\u00e7\u00e3o de motoristas no tr\u00e2nsito.<\/i><\/td>\n<td>Cavalheiro<br \/>\nAraujo<br \/>\nCechinel<\/td>\n<\/tr>\n<tr id=\"row92\" class=\"oddblue\">\n<td class=\"right\"><a name=\"10\"><\/a>10<\/td>\n<td>Raphael T. Santana and Marilton S. De Aguiar. <i>Verificando a autorregula\u00e7\u00e3o de agentes utilizando a teoria dos jogos<\/i><\/td>\n<td>Loreto<br \/>\nBrauner<br \/>\nFerrugem<\/td>\n<\/tr>\n<tr id=\"row101\" class=\"evenblue\">\n<td class=\"right\"><a name=\"11\"><\/a>11<\/td>\n<td>Lira Specht and Rafael Soares. <i>Estudo dos Ataques Matem\u00e1ticos ao Algoritmo de Criptografia RSA: Perspectiva de uma Crise de Seguran\u00e7a<\/i><\/td>\n<td>Pilla<br \/>\nFerrugem<br \/>\nZatt<\/td>\n<\/tr>\n<tr id=\"row110\" class=\"oddblue\">\n<td class=\"right\"><a name=\"12\"><\/a>12<\/td>\n<td>Pargles Dall&#8217;Oglio, Guilherme Corr\u00eaa and Luciano Agostini. <i>Implementa\u00e7\u00e3o e An\u00e1lise de M\u00e9todos para Redu\u00e7\u00e3o de Complexidade Computacional do Codificador HEVC Baseados em T\u00e9cnicas de Aprendizado de M\u00e1quina<\/i><\/td>\n<td>Porto<br \/>\nBrisolara<br \/>\nZatt<\/td>\n<\/tr>\n<tr id=\"row119\" class=\"evenblue\">\n<td class=\"right\"><a name=\"13\"><\/a>13<\/td>\n<td>M\u00e1rio Saldanha, Luciano Agostini, Bruno Zatt and Marcelo Porto. <i>Redu\u00e7\u00e3o da Complexidade nos Modos de Predi\u00e7\u00e3o dos Mapas de Profundidade no Padr\u00e3o Emergente 3D-HEVC<\/i><\/td>\n<td>Rosa Jr<br \/>\nCorrea<br \/>\nSena Marques<\/td>\n<\/tr>\n<tr id=\"row128\" class=\"oddblue\">\n<td class=\"right\"><a name=\"14\"><\/a>14<\/td>\n<td>Ariel Azevedo and Mauricio Pilla. <i>Cloud Computing &#8211; Monitora\u00e7\u00e3o e Otimiza\u00e7\u00e3o de recursos computacionais<\/i><\/td>\n<td>Brauner<br \/>\nYamin<br \/>\nDu Bois<\/td>\n<\/tr>\n<tr id=\"row137\" class=\"evenblue\">\n<td class=\"right\"><a name=\"15\"><\/a>15<\/td>\n<td>\u00c1lvaro Joan Santos, Andr\u00e9 Du Bois and Maur\u00edcio Pilla. <i>Compilador dirigido por sintaxe que traduz linguagem CMTJava para Express\u00f5es Lambda do Java 8<\/i><\/td>\n<td>Cavalheiro<br \/>\nFoss<\/td>\n<\/tr>\n<tr id=\"row146\" class=\"oddblue\">\n<td class=\"right\"><a name=\"16\"><\/a>16<\/td>\n<td>Huberto Kaiser Filho, Ana Marilza Pernas Fleischmann and Adenauer Corr\u00eaa Yamin. <i>EXEHDA-SA: Gerenciamento de Sensores e Atuadores Direcionado \u00e0 Ambientes Ub\u00edquos<\/i><\/td>\n<td>Cavalheiro<br \/>\nBrauner<\/td>\n<\/tr>\n<tr id=\"row155\" class=\"evenblue\">\n<td class=\"right\"><a name=\"17\"><\/a>17<\/td>\n<td>Erick Espindula and Gerson Cavalheiro. <i>Transcri\u00e7\u00e3o de atividades l\u00fadicas de pensamento computacional para aplicativos mobile cross platform<\/i><\/td>\n<td>Costa<br \/>\nJardim<br \/>\nTavares<\/td>\n<\/tr>\n<tr id=\"row164\" class=\"oddblue\">\n<td class=\"right\"><a name=\"18\"><\/a>18<\/td>\n<td>Eduardo Vin\u00edcius Dos Santos, Bruno Zatt and Maur\u00edcio Campelo Tavares. <i>Development of a System for Posturography based on force plate for balance evaluation<\/i><\/td>\n<td>Porto<br \/>\nMarques<br \/>\nRosa Jr<\/td>\n<\/tr>\n<tr id=\"row173\" class=\"evenblue\">\n<td class=\"right\"><a name=\"19\"><\/a>19<\/td>\n<td>Nat\u00e1lia Darley and Simone Cavalheiro. <i>Desenvolvimento de uma Teoria de Gram\u00e1tica de Grafos para a Plataforma Rodin<\/i><\/td>\n<td>Foss<br \/>\nLoreto<br \/>\nReiser<\/td>\n<\/tr>\n<tr id=\"row182\" class=\"oddblue\">\n<td class=\"right\"><a name=\"20\"><\/a>20<\/td>\n<td>Vinicius Maciel Silva and Ricardo Araujo. <i>Compara\u00e7\u00e3o de posicionamento de aplicativos em diferentes Sistemas Operacionais para Smartphones<\/i><\/td>\n<td>Brisolara<br \/>\nSena Marques<\/td>\n<\/tr>\n<tr id=\"row191\" class=\"evenblue\">\n<td class=\"right\"><a name=\"21\"><\/a>21<\/td>\n<td>Maur\u00edcio Balboni, Aline Loreto and Alice Finger. <i>Estudo da Preced\u00eancia de Opera\u00e7\u00f5es em Diferentes Ambientes Intervalares<\/i><\/td>\n<td>Foss<br \/>\nReiser<\/td>\n<\/tr>\n<tr id=\"row200\" class=\"oddblue\">\n<td class=\"right\"><a name=\"23\"><\/a>23<\/td>\n<td>Pablo Kila and Gerson Cavalheiro. <i>Compara\u00e7\u00e3o das interfaces de programa\u00e7\u00e3o de ferramentas paralelas com problemas Cowichan<\/i><\/td>\n<td>Pilla<br \/>\nYamin<\/td>\n<\/tr>\n<tr id=\"row209\" class=\"evenblue\">\n<td class=\"right\"><a name=\"24\"><\/a>24<\/td>\n<td>Lucio Bastos, Daniela Brauner, Cristian Cechinel and Ricardo Matsumura Araujo. <i>Enriquecendo o conte\u00fado de Objetos de Aprendizagem usando dados abertos conectados<\/i><\/td>\n<td>Costa<br \/>\nRosa Jr<br \/>\nSena Marques<\/td>\n<\/tr>\n<tr id=\"row218\" class=\"oddblue\">\n<td class=\"right\"><a name=\"25\"><\/a>25<\/td>\n<td>Jonathan Gonczoroski, Lisane Brisolara and Milena Marques. <i>An\u00e1lise do Pontecial do Uso de HTML5 para Desenvolvimento de Aplica\u00e7\u00f5es M\u00f3veis Multi-plataformas<\/i><\/td>\n<td>Cavalheiro<br \/>\nTorchelsen<\/td>\n<\/tr>\n<tr id=\"row227\" class=\"evenblue\">\n<td class=\"right\"><a name=\"26\"><\/a>26<\/td>\n<td>Jo\u00e3o J\u00fanior Da Silva Machado, Julio Sara\u00e7ol Domingues Junior, Leomar Soares Da Rosa Junior and Felipe de Souza Marques. <i>Desenvolvimento de um m\u00f3dulo para assinatura de c\u00e9lulas na ferramenta FlexMap<\/i><\/td>\n<td>Zatt<br \/>\nFerreira Jr.<\/td>\n<\/tr>\n<tr id=\"row236\" class=\"oddblue\">\n<td class=\"right\"><a name=\"27\"><\/a>27<\/td>\n<td>Luis Henrique Martins and Julio C. B. Mattos. <i>Avalia\u00e7\u00e3o do uso de arquiteturas reconfigur\u00e1veis em aplica\u00e7\u00f5es embarcadas<\/i><\/td>\n<td>Marques<br \/>\nRosa Jr<br \/>\nBrisolara<\/td>\n<\/tr>\n<tr id=\"row245\" class=\"evenblue\">\n<td class=\"right\"><a name=\"28\"><\/a>28<\/td>\n<td>Rafael Dutra and Ricardo Araujo. <i>Utiliza\u00e7\u00e3o do Novo Sensor Kinect para o Reconhecimento do Caminhar Humano<\/i><\/td>\n<td>Jardim<br \/>\nFerrugem<\/td>\n<\/tr>\n<tr id=\"row254\" class=\"oddblue\">\n<td class=\"right\"><a name=\"29\"><\/a>29<\/td>\n<td>Gabriel Gruppelli and Rafael Soares. <i>Avalia\u00e7\u00e3o da seguran\u00e7a de sistemas criptogr\u00e1ficos baseados em microprocessadores ARM<\/i><\/td>\n<td>Pilla<br \/>\nYamin<br \/>\nZatt<\/td>\n<\/tr>\n<tr id=\"row263\" class=\"evenblue\">\n<td class=\"right\"><a name=\"30\"><\/a>30<\/td>\n<td>Vitor Lima and Paulo J\u00fanior. <i>Desenvolvimento de Ferramenta para Mapeamento de \u00c1reas de Congestionamentos de Tr\u00e1fego Urbano na Regi\u00e3o de Porto Alegre utilizando Twitter e Jornais Locais<\/i><\/td>\n<td>Lucas Nachtigall (Araujo)<br \/>\nCechinel<br \/>\nFerrugem<\/td>\n<\/tr>\n<tr id=\"row272\" class=\"oddblue\">\n<td class=\"right\"><a name=\"31\"><\/a>31<\/td>\n<td>Andr\u00e9 Guimar\u00e3es Peil, Daniela Franscico Brauner and Ricardo Matsumura de Ara\u00fajo. <i>Uma abordagem para desambigua\u00e7\u00e3o de nomes para os Curr\u00edculos Lattes da UFPel<\/i><\/td>\n<td>Tavares<br \/>\nYamin<\/td>\n<\/tr>\n<tr id=\"row281\" class=\"evenblue\">\n<td class=\"right\"><a name=\"32\"><\/a>32<\/td>\n<td>Luiza Beltrame, Gerson Cavalheiro and Daniela Brauner. <i>Modelo de Neg\u00f3cio para Aplica\u00e7\u00f5es em Nuvem <\/i><\/td>\n<td>Araujo<br \/>\nPilla<br \/>\nReiser<\/td>\n<\/tr>\n<tr id=\"row290\" class=\"oddblue bottom\">\n<td class=\"right\"><a name=\"33\"><\/a>33<\/td>\n<td>Rodrigo Vieira Falc\u00e3o, Gerson Geraldo H. Cavalheiro and Eduardo Costa Couto. <i>Paraleliza\u00e7\u00e3o de t\u00e9cnicas de resolu\u00e7\u00e3o de sistemas de equa\u00e7\u00f5es aplicadas \u00e0 escava\u00e7\u00e3o de t\u00faneis<\/i><\/td>\n<td>Costa<br \/>\nMarques<br \/>\nSoares<\/td>\n<\/tr>\n<\/tbody>\n<\/table>\n<\/div>\n<div class=\"secedit editbutton_section editbutton_6\"><\/div>\n<nav id=\"dokuwiki__toc\" class=\"small affix\"><\/nav>\n<div class=\"dw-page-row row dw-toc-closed\"><\/div>\n","protected":false},"excerpt":{"rendered":"<p>Avaliadores Adenauer Yamin adenauer@inf.ufpel.edu.br Aline Loreto alineloreto@gmail.com Anderson Ferrugem apferrugem@gmail.com Andre Du Bois dubois@inf.ufpel.edu.br Andr\u00e9 Jardim adjardim@terra.com.br Bruno Zatt zatt@inf.ufpel.edu.br Cristian Cechinel contato@cristiancechinel.pro.br Daniela Brauner danibrauner@gmail.com Felipe Marques felipem@inf.ufpel.edu.br Gerson Cavalheiro gerson.cavalheiro@inf.ufpel.edu.br Guilherme Correa gcorrea@inf.ufpel.edu.br Guilherme Netto guilherme.netto@gmail.com Julio Mattos julio.c.b.mattos@gmail.com Leomar Rosa Jr leomarjr@inf.ufpel.edu.br Lisane Brisolara lisane@gmail.com Luciana Foss lfoss@inf.ufpel.edu.br Marcelo Porto porto@inf.ufpel.edu.br Mauricio [&hellip;]<\/p>\n","protected":false},"author":657,"featured_media":0,"parent":31,"menu_order":0,"comment_status":"closed","ping_status":"closed","template":"","meta":{"footnotes":""},"class_list":["post-70","page","type-page","status-publish","hentry"],"_links":{"self":[{"href":"https:\/\/wp.ufpel.edu.br\/notcc\/wp-json\/wp\/v2\/pages\/70","targetHints":{"allow":["GET"]}}],"collection":[{"href":"https:\/\/wp.ufpel.edu.br\/notcc\/wp-json\/wp\/v2\/pages"}],"about":[{"href":"https:\/\/wp.ufpel.edu.br\/notcc\/wp-json\/wp\/v2\/types\/page"}],"author":[{"embeddable":true,"href":"https:\/\/wp.ufpel.edu.br\/notcc\/wp-json\/wp\/v2\/users\/657"}],"replies":[{"embeddable":true,"href":"https:\/\/wp.ufpel.edu.br\/notcc\/wp-json\/wp\/v2\/comments?post=70"}],"version-history":[{"count":1,"href":"https:\/\/wp.ufpel.edu.br\/notcc\/wp-json\/wp\/v2\/pages\/70\/revisions"}],"predecessor-version":[{"id":71,"href":"https:\/\/wp.ufpel.edu.br\/notcc\/wp-json\/wp\/v2\/pages\/70\/revisions\/71"}],"up":[{"embeddable":true,"href":"https:\/\/wp.ufpel.edu.br\/notcc\/wp-json\/wp\/v2\/pages\/31"}],"wp:attachment":[{"href":"https:\/\/wp.ufpel.edu.br\/notcc\/wp-json\/wp\/v2\/media?parent=70"}],"curies":[{"name":"wp","href":"https:\/\/api.w.org\/{rel}","templated":true}]}}