{"id":67,"date":"2016-12-02T11:43:32","date_gmt":"2016-12-02T13:43:32","guid":{"rendered":"https:\/\/wp.ufpel.edu.br\/notcc\/?page_id=67"},"modified":"2016-12-02T11:43:32","modified_gmt":"2016-12-02T13:43:32","slug":"2014_2","status":"publish","type":"page","link":"https:\/\/wp.ufpel.edu.br\/notcc\/propostas\/avaliacoes\/2014_2\/","title":{"rendered":"Propostas 2014\/2"},"content":{"rendered":"<table border=\"1\" cellspacing=\"0\" cellpadding=\"0\">\n<tbody>\n<tr class=\"ro1\">\n<td>Nome<\/td>\n<td>Sobrenome<\/td>\n<td style=\"text-align: left\">Email<\/td>\n<\/tr>\n<tr class=\"ro1\">\n<td>Ricardo<\/td>\n<td>Araujo<\/td>\n<td>ricardo.araujo@gmail.com<\/td>\n<\/tr>\n<tr class=\"ro1\">\n<td>Lisane<\/td>\n<td>Brisolara<\/td>\n<td>lisane@gmail.com<\/td>\n<\/tr>\n<tr class=\"ro1\">\n<td>Gerson<\/td>\n<td>Cavalheiro<\/td>\n<td>gerson.cavalheiro@inf.ufpel.edu.br<\/td>\n<\/tr>\n<tr class=\"ro1\">\n<td>Cristian<\/td>\n<td>Cechinel<\/td>\n<td>contato@cristiancechinel.pro.br<\/td>\n<\/tr>\n<tr class=\"ro1\">\n<td>Simone<\/td>\n<td>Costa<\/td>\n<td>simone.costa@gmail.com<\/td>\n<\/tr>\n<tr class=\"ro1\">\n<td>Andre<\/td>\n<td>Du Bois<\/td>\n<td>dubois@inf.ufpel.edu.br<\/td>\n<\/tr>\n<tr class=\"ro1\">\n<td>Paulo<\/td>\n<td>Ferreira Jr.<\/td>\n<td>paulo.ferreira.jr@gmail.com<\/td>\n<\/tr>\n<tr class=\"ro1\">\n<td>Anderson<\/td>\n<td>Ferrugem<\/td>\n<td>apferrugem@gmail.com<\/td>\n<\/tr>\n<tr class=\"ro1\">\n<td>Luciana<\/td>\n<td>Foss<\/td>\n<td>lfoss@inf.ufpel.edu.br<\/td>\n<\/tr>\n<tr class=\"ro1\">\n<td>Andr\u00e9<\/td>\n<td>Jardim<\/td>\n<td>adjardim@terra.com.br<\/td>\n<\/tr>\n<tr class=\"ro1\">\n<td>Julio<\/td>\n<td>Junior<\/td>\n<td>juliosaracol@gmail.com<\/td>\n<\/tr>\n<tr class=\"ro1\">\n<td>Aline<\/td>\n<td>Loreto<\/td>\n<td>alineloreto@gmail.com<\/td>\n<\/tr>\n<tr class=\"ro1\">\n<td>Felipe<\/td>\n<td>Marques<\/td>\n<td>felipem@inf.ufpel.edu.br<\/td>\n<\/tr>\n<tr class=\"ro1\">\n<td>Guilherme<\/td>\n<td>Netto<\/td>\n<td>guilherme.netto@gmail.com<\/td>\n<\/tr>\n<tr class=\"ro1\">\n<td>Ana<\/td>\n<td>Pernas<\/td>\n<td>anamarilza@gmail.com<\/td>\n<\/tr>\n<tr class=\"ro1\">\n<td>Mauricio<\/td>\n<td>Pilla<\/td>\n<td>pilla@inf.ufpel.edu.br<\/td>\n<\/tr>\n<tr class=\"ro1\">\n<td>Marcelo<\/td>\n<td>Porto<\/td>\n<td>porto@inf.ufpel.edu.br<\/td>\n<\/tr>\n<tr class=\"ro1\">\n<td>Vinicius<\/td>\n<td>Possani<\/td>\n<td>vini.possani@gmail.com<\/td>\n<\/tr>\n<tr class=\"ro1\">\n<td>Renata<\/td>\n<td>Reiser<\/td>\n<td>renata.reiser@gmail.com<\/td>\n<\/tr>\n<tr class=\"ro1\">\n<td>Leomar<\/td>\n<td>Rosa Jr<\/td>\n<td>leomarjr@inf.ufpel.edu.br<\/td>\n<\/tr>\n<tr class=\"ro1\">\n<td>Milena<\/td>\n<td>Sena Marques<\/td>\n<td>milenarotasena@gmail.com<\/td>\n<\/tr>\n<tr class=\"ro1\">\n<td>Rafael<\/td>\n<td>Soares<\/td>\n<td>rafa.isoares@gmail.com<\/td>\n<\/tr>\n<tr class=\"ro1\">\n<td>Adenauer<\/td>\n<td>Yamin<\/td>\n<td>adenauer@inf.ufpel.edu.br<\/td>\n<\/tr>\n<tr class=\"ro1\">\n<td>Bruno<\/td>\n<td>Zatt<\/td>\n<td>zatt@inf.ufpel.edu.br<\/td>\n<\/tr>\n<\/tbody>\n<\/table>\n<table id=\"ec:table1\" class=\"ct_table\" style=\"clear: right;text-align: left;margin-left: 0px;margin-right: 0px\" border=\"1\" cellspacing=\"0\" cellpadding=\"0\">\n<thead>\n<tr>\n<th style=\"width: 1165px;text-align: center\">Trabalho<\/th>\n<th style=\"width: 267px;text-align: center\">Revisores<\/th>\n<\/tr>\n<\/thead>\n<tbody>\n<tr id=\"row11\" class=\"evenblue\">\n<td style=\"width: 1165px\">Gunther Ribak and Ricardo Matsumura. <i>Utiliza\u00e7\u00e3o<br \/>\nde aprendizado de m\u00e1quina para predi\u00e7\u00e3o de elei\u00e7\u00f5es brasileiras<\/i><\/td>\n<td style=\"width: 267px\">\n<ol>\n<li>Cechinel<\/li>\n<li>Porto<\/li>\n<li>Foss<\/li>\n<\/ol>\n<\/td>\n<\/tr>\n<tr id=\"row20\" class=\"oddblue\">\n<td style=\"width: 1165px\">Ivan Jos\u00e9 Rambo, Ana Marilza Pernas<br \/>\nFleischmann and Adenauer Corr\u00eaa Yamin. <i>Uma proposta n\u00e3o relacional<br \/>\npara tratamento de dados no middleware EXEHDA<\/i><\/td>\n<td style=\"width: 267px\">\n<ol>\n<li>Pilla<\/li>\n<li>Cavalheiro<\/li>\n<li>Du Bois<\/li>\n<\/ol>\n<\/td>\n<\/tr>\n<tr id=\"row29\" class=\"evenblue\">\n<td style=\"width: 1165px\">Edison Hund Lucas, Rafael Soares and<br \/>\nSamuel Beskow. <i>Desenvolvimento de uma Esta\u00e7\u00e3o Meteorol\u00f3gica<br \/>\nAutom\u00e1tica com a Plataforma Arduino<\/i><\/td>\n<td style=\"width: 267px\">\n<ol>\n<li>Yamin<\/li>\n<li>Ferrugem<\/li>\n<li>Cavalheiro<\/li>\n<\/ol>\n<\/td>\n<\/tr>\n<tr id=\"row38\" class=\"oddblue\">\n<td style=\"width: 1165px\">Vinicius Steffens Pazzini and Marilton<br \/>\nSanchotene de Aguiar. <i>Avalia\u00e7\u00e3o de t\u00e9cnicas de intelig\u00eancia<br \/>\nartificial na descoberta de Motifs em cadeias de DNA de bact\u00e9rias do<br \/>\ntipo Leptospira<\/i><\/td>\n<td style=\"width: 267px\">\n<ol>\n<li>Cechinel<\/li>\n<li>Soares<\/li>\n<li>Yamin<\/li>\n<\/ol>\n<\/td>\n<\/tr>\n<tr id=\"row47\" class=\"evenblue\">\n<td style=\"width: 1165px\">Lidiane Costa, Ana Pernas and Jo\u00e3o<br \/>\nLopes. <i>Explorando propostas baseadas em regras sem\u00e2nticas para<br \/>\nidentifica\u00e7\u00e3o de situa\u00e7\u00f5es.<\/i><\/td>\n<td style=\"width: 267px\">\n<ol>\n<li>Araujo<\/li>\n<li>Costa<\/li>\n<li>Foss<\/li>\n<\/ol>\n<\/td>\n<\/tr>\n<tr id=\"row56\" class=\"oddblue\">\n<td style=\"width: 1165px\">Dione Silveira Da Silva and Anderson<br \/>\nPriebe Ferrugem. <i>Reconhecimento Facial: Uma Abordagem H\u00edbrida<br \/>\nUsando Viola-Jones e Computa\u00e7\u00e3o Natural<\/i><\/td>\n<td style=\"width: 267px\">\n<ol>\n<li>Pilla<\/li>\n<li>Netto<\/li>\n<li>Ferreira Jr.<\/li>\n<\/ol>\n<\/td>\n<\/tr>\n<tr id=\"row65\" class=\"evenblue\">\n<td style=\"width: 1165px\">Mateus Nascimento, Maur\u00edcio Pilla and<br \/>\nRenata Reiser. <i>Implementa\u00e7\u00e3o de Computa\u00e7\u00e3o em Nuvem para Execu\u00e7\u00e3o<br \/>\nde Simula\u00e7\u00f5es Qu\u00e2nticas do VPE-qGM<\/i><\/td>\n<td style=\"width: 267px\">\n<ol>\n<li>Pernas<\/li>\n<li>Cavalheiro<\/li>\n<li>Foss<\/li>\n<\/ol>\n<\/td>\n<\/tr>\n<tr>\n<td style=\"vertical-align: top\">Henrique Do Amarilho Maich,<br \/>\nMarcelo Schiavon Porto and Bruno Zatt. <span style=\"font-style: italic\">Desenvolvimento de m\u00f3dulos do codificador<br \/>\nde v\u00eddeo HEVC em OpenCL: Avalia\u00e7\u00e3o de desempenho e consumo energ\u00e9tico<\/span><\/td>\n<td style=\"vertical-align: top\">\n<ol>\n<li>Rosa Jr<\/li>\n<li>Soares<\/li>\n<li>Marques<\/li>\n<\/ol>\n<\/td>\n<\/tr>\n<tr id=\"row83\" class=\"evenblue\">\n<td style=\"width: 1165px\">Giovane Torres and Maur\u00edcio Pilla. <i>Um<br \/>\nestudo sobre os efeitos da t\u00e9cnica de reuso de tra\u00e7os em arquiteturas<br \/>\nARM nas quest\u00f5es de desempenho e consumo de energia<\/i><\/td>\n<td style=\"width: 267px\">\n<ol>\n<li>Soares<\/li>\n<li>Rosa Jr<\/li>\n<li>Araujo<\/li>\n<\/ol>\n<\/td>\n<\/tr>\n<tr id=\"row92\" class=\"oddblue\">\n<td style=\"width: 1165px\">Murilo Schmalfuss, Renata Reiser and<br \/>\nMaur\u00edcio Pilla. <i>Extens\u00e3o do Ambiente VirD-GM para Suporte \u00e0 Portas<br \/>\nControladas<\/i><\/td>\n<td style=\"width: 267px\">\n<ol>\n<li>Pernas<\/li>\n<li>Costa<\/li>\n<li>Du Bois<\/li>\n<\/ol>\n<\/td>\n<\/tr>\n<tr id=\"row101\" class=\"evenblue\">\n<td style=\"width: 1165px\">Marlon Mahl, Marilton Sanchotene de<br \/>\nAguiar and Rodrigo Costa de Moura. <i>Estudo de t\u00e9cnicas de IA para<br \/>\ndesenvolvimento de uma solu\u00e7\u00e3o para o problema de aloca\u00e7\u00e3o de salas da<br \/>\nUFPel<\/i><\/td>\n<td style=\"width: 267px\">\n<ol>\n<li>Jardim<\/li>\n<li>Ferreira Jr.<\/li>\n<li>Araujo<\/li>\n<\/ol>\n<\/td>\n<\/tr>\n<tr id=\"row110\" class=\"oddblue\">\n<td style=\"width: 1165px\">Gabriel Cardoso, Bruno Zatt, Marcelo<br \/>\nPorto and Luciano Agostini. <i>Uma<br \/>\nan\u00e1lise do comportamento e da influ\u00eancia de m\u00ednimos locais em<br \/>\nalgoritmos de estima\u00e7\u00e3o de movimento aplicados a v\u00eddeos Full HDTV e<br \/>\nUHDTV<\/i><\/td>\n<td style=\"width: 267px\">\n<ol>\n<li>Loreto<\/li>\n<li>Junior<\/li>\n<\/ol>\n<\/td>\n<\/tr>\n<tr id=\"row119\" class=\"evenblue\">\n<td style=\"width: 1165px\">Charles Porto and Simone Andr\u00e9 Da<br \/>\nCosta Cavalheiro. <i>Ensino<br \/>\nde Algoritmos e Programa\u00e7\u00e3o para Desenvolvimento de Habilidades do<br \/>\nPensamento Computacional em Crian\u00e7as do Ensino Fundamental<\/i><\/td>\n<td style=\"width: 267px\">\n<ol>\n<li>Pernas<\/li>\n<li>Reiser<\/li>\n<li>Sena Marques<\/li>\n<\/ol>\n<\/td>\n<\/tr>\n<tr id=\"row128\" class=\"oddblue\">\n<td style=\"width: 1165px\">Guilherme Povala, Luciano Agostini and<br \/>\nDieison Silveira. <i>Redu\u00e7\u00e3o do Consumo Energ\u00e9tico em Codificadores de<br \/>\nV\u00eddeos Digitais: Uma Abordagem com Compress\u00e3o de Quadros de Refer\u00eancia<\/i><\/td>\n<td style=\"width: 267px\">\n<ol>\n<li>Brisolara<\/li>\n<li>Zatt<\/li>\n<\/ol>\n<\/td>\n<\/tr>\n<tr id=\"row137\" class=\"evenblue\">\n<td style=\"width: 1165px\">Gustavo Magalh\u00e3es and Anderson<br \/>\nFerrugem. <i>Rastreio de M\u00faltiplos Objetos em V\u00eddeos Utilizando o<br \/>\nAlgoritmo Firefly<\/i><\/td>\n<td style=\"width: 267px\">\n<ol>\n<li>Netto<\/li>\n<li>Porto<\/li>\n<li>Zatt<\/li>\n<\/ol>\n<\/td>\n<\/tr>\n<tr id=\"row146\" class=\"oddblue\">\n<td style=\"width: 1165px\">Mateus T. Schoenknecht and Gerson G.<br \/>\nH. Cavalheiro. <i>Mapeamento hist\u00f3rico da evolu\u00e7\u00e3o das t\u00e9cnicas e<br \/>\nferramentas de programa\u00e7\u00e3o paralela.<\/i><\/td>\n<td style=\"width: 267px\">\n<ol>\n<li>Porto<\/li>\n<li>Yamin<\/li>\n<li>Du Bois<\/li>\n<\/ol>\n<\/td>\n<\/tr>\n<tr id=\"row155\" class=\"evenblue\">\n<td style=\"width: 1165px\">Erick Espindula and Luciana Foss. <i>Tradu\u00e7\u00e3o<br \/>\nautom\u00e1tica de gram\u00e1tica de grafos para Event-B<\/i><\/td>\n<td style=\"width: 267px\">\n<ol>\n<li>Netto<\/li>\n<li>Loreto<\/li>\n<li>Costa<\/li>\n<\/ol>\n<\/td>\n<\/tr>\n<tr id=\"row164\" class=\"oddblue\">\n<td style=\"width: 1165px\">Leonardo Bonow Krause and Rafael<br \/>\nSoares. <i>Desenvolvimento de uma ferramenta WEB para o ensino de<br \/>\ncriptografia no ensino fundamental.<\/i><\/td>\n<td style=\"width: 267px\">\n<ol>\n<li>Loreto<\/li>\n<li>Marques<\/li>\n<li>Sena Marques<\/li>\n<\/ol>\n<\/td>\n<\/tr>\n<tr id=\"row173\" class=\"evenblue\">\n<td style=\"width: 1165px\">Andr\u00e9 Basso de Almeida, Marcelo<br \/>\nSchiavon Porto and Bruno Zatt. <i>Desenvolvimento de Software<br \/>\nAplicativo para Reprodu\u00e7\u00e3o de V\u00eddeo sem Compress\u00e3o em Smart TVs Samsung<\/i><\/td>\n<td style=\"width: 267px\">\n<ol>\n<li>Soares<\/li>\n<li>Rosa Jr<\/li>\n<li>Junior<\/li>\n<\/ol>\n<\/td>\n<\/tr>\n<tr id=\"row182\" class=\"oddblue\">\n<td style=\"width: 1165px\">Daniel Retzlaff and Ricardo Matsumura.<br \/>\n<i>Algoritmos para Sugest\u00e3o de Colabora\u00e7\u00f5es baseado em Curr\u00edculos<br \/>\nLattes<\/i><\/td>\n<td style=\"width: 267px\">\n<ol>\n<li>Pernas<\/li>\n<li>Reiser<\/li>\n<li>Ferrugem<\/li>\n<\/ol>\n<\/td>\n<\/tr>\n<tr id=\"row191\" class=\"evenblue\">\n<td style=\"width: 1165px\">Guilherme Cousin and Gerson<br \/>\nCavalheiro. <i>Influ\u00eancia da Interface de Programa\u00e7\u00e3o nas Atividades<br \/>\nde Escalonamento<\/i><\/td>\n<td style=\"width: 267px\">\n<ol>\n<li>Pilla<\/li>\n<li>Marques<\/li>\n<li>Junior<\/li>\n<\/ol>\n<\/td>\n<\/tr>\n<tr id=\"row200\" class=\"oddblue\">\n<td style=\"width: 1165px\">Andr\u00e9 Lima and Rafael Soares. <i>Sistema<br \/>\nde Monitoramento Residencial Remoto via Rede Social Utilizando<br \/>\nDispositivos M\u00f3veis e a Plataforma Arduino <\/i><\/td>\n<td style=\"width: 267px\">\n<ol>\n<li>Possani<\/li>\n<li>Ferrugem<\/li>\n<\/ol>\n<\/td>\n<\/tr>\n<tr id=\"row209\" class=\"evenblue\">\n<td style=\"width: 1165px\">Luciano Luz, Ricardo Araujo and<br \/>\nGuilherme Mussi. <i>Utiliza\u00e7\u00e3o de ferramentas de IA no aux\u00edlio de<br \/>\nautomatiza\u00e7\u00e3o de testes.<\/i><\/td>\n<td style=\"width: 267px\">\n<ol>\n<li>Possani<\/li>\n<li>Brisolara<\/li>\n<li>Ferrugem<\/li>\n<\/ol>\n<\/td>\n<\/tr>\n<tr id=\"row218\" class=\"oddblue\">\n<td style=\"width: 1165px\">Tamara Cruz, Luciana Foss and Simone<br \/>\nCavalheiro. <i>Especifica\u00e7\u00e3o e verifica\u00e7\u00e3o formal de hardware:<br \/>\naplica\u00e7\u00e3o em um estudo de caso<\/i><\/td>\n<td style=\"width: 267px\">\n<ol>\n<li>Reiser<\/li>\n<li>Araujo<\/li>\n<li>Zatt<\/li>\n<\/ol>\n<\/td>\n<\/tr>\n<\/tbody>\n<\/table>\n<p><\/p>\n","protected":false},"excerpt":{"rendered":"<p>Nome Sobrenome Email Ricardo Araujo ricardo.araujo@gmail.com Lisane Brisolara lisane@gmail.com Gerson Cavalheiro gerson.cavalheiro@inf.ufpel.edu.br Cristian Cechinel contato@cristiancechinel.pro.br Simone Costa simone.costa@gmail.com Andre Du Bois dubois@inf.ufpel.edu.br Paulo Ferreira Jr. paulo.ferreira.jr@gmail.com Anderson Ferrugem apferrugem@gmail.com Luciana Foss lfoss@inf.ufpel.edu.br Andr\u00e9 Jardim adjardim@terra.com.br Julio Junior juliosaracol@gmail.com Aline Loreto alineloreto@gmail.com Felipe Marques felipem@inf.ufpel.edu.br Guilherme Netto guilherme.netto@gmail.com Ana Pernas anamarilza@gmail.com Mauricio Pilla pilla@inf.ufpel.edu.br Marcelo Porto [&hellip;]<\/p>\n","protected":false},"author":657,"featured_media":0,"parent":31,"menu_order":0,"comment_status":"closed","ping_status":"closed","template":"","meta":{"footnotes":""},"class_list":["post-67","page","type-page","status-publish","hentry"],"_links":{"self":[{"href":"https:\/\/wp.ufpel.edu.br\/notcc\/wp-json\/wp\/v2\/pages\/67","targetHints":{"allow":["GET"]}}],"collection":[{"href":"https:\/\/wp.ufpel.edu.br\/notcc\/wp-json\/wp\/v2\/pages"}],"about":[{"href":"https:\/\/wp.ufpel.edu.br\/notcc\/wp-json\/wp\/v2\/types\/page"}],"author":[{"embeddable":true,"href":"https:\/\/wp.ufpel.edu.br\/notcc\/wp-json\/wp\/v2\/users\/657"}],"replies":[{"embeddable":true,"href":"https:\/\/wp.ufpel.edu.br\/notcc\/wp-json\/wp\/v2\/comments?post=67"}],"version-history":[{"count":1,"href":"https:\/\/wp.ufpel.edu.br\/notcc\/wp-json\/wp\/v2\/pages\/67\/revisions"}],"predecessor-version":[{"id":68,"href":"https:\/\/wp.ufpel.edu.br\/notcc\/wp-json\/wp\/v2\/pages\/67\/revisions\/68"}],"up":[{"embeddable":true,"href":"https:\/\/wp.ufpel.edu.br\/notcc\/wp-json\/wp\/v2\/pages\/31"}],"wp:attachment":[{"href":"https:\/\/wp.ufpel.edu.br\/notcc\/wp-json\/wp\/v2\/media?parent=67"}],"curies":[{"name":"wp","href":"https:\/\/api.w.org\/{rel}","templated":true}]}}