{"id":61,"date":"2016-12-02T11:39:21","date_gmt":"2016-12-02T13:39:21","guid":{"rendered":"https:\/\/wp.ufpel.edu.br\/notcc\/?page_id=61"},"modified":"2016-12-02T11:39:21","modified_gmt":"2016-12-02T13:39:21","slug":"2013_2","status":"publish","type":"page","link":"https:\/\/wp.ufpel.edu.br\/notcc\/propostas\/avaliacoes\/2013_2\/","title":{"rendered":"Propostas 2013\/2"},"content":{"rendered":"<p>&nbsp;<\/p>\n<table style=\"clear: right;text-align: left\" border=\"1\" cellspacing=\"0\" cellpadding=\"0\">\n<thead>\n<tr>\n<th>#<\/th>\n<th style=\"width: 750px\">Proposta<\/th>\n<th style=\"width: 212px\">Revisores<\/th>\n<\/tr>\n<\/thead>\n<tbody>\n<tr id=\"row11\" class=\"evenblue\">\n<td class=\"right\">1<\/td>\n<td style=\"width: 750px\">Alexandre R. Fonseca and Paulo Ferreira<br \/>\nJr.. Desenvolvimento de uma ferramenta para a convers\u00e3o otimizada de<br \/>\natividades escritas em linguagem TAEMS para DCOP<\/td>\n<td style=\"width: 212px\">Luciana Foss<br \/>\nSimone Costa<br \/>\nAndr\u00e9 Du Bois<\/td>\n<\/tr>\n<tr id=\"row20\" class=\"oddblue\">\n<td class=\"right\">2<\/td>\n<td style=\"width: 750px\">Bruno Stone and Marilton Aguiar.<br \/>\nAn\u00e1lise de t\u00e9cnicas de processamento de imagens em dispositivos m\u00f3veis:<br \/>\num estudo de caso no diagn\u00f3stico de melanomas<\/td>\n<td style=\"width: 212px\">Gerson Cavalheiro<br \/>\nAnderson Ferrugem<br \/>\nAdenauer Yamin<\/td>\n<\/tr>\n<tr id=\"row29\" class=\"evenblue\">\n<td class=\"right\">3<\/td>\n<td style=\"width: 750px\">Vinicius Santos, Ana Pernas and<br \/>\nCristian Cechinel. Sistema de Identifica\u00e7\u00e3o de M\u00e9tricas de Qualidade<br \/>\npara Objetos de Aprendizagem Dentro de Reposit\u00f3rios<\/td>\n<td style=\"width: 212px\">Paulo Ferreira Jr.<br \/>\nAdenauer Yamin<br \/>\nLisane Brisolara<\/td>\n<\/tr>\n<tr id=\"row38\" class=\"oddblue\">\n<td class=\"right\">4<\/td>\n<td style=\"width: 750px\">Maicon Schneider Cardoso, Felipe de<br \/>\nSouza Marques and Leomar Soares Da Rosa Junior. Estrat\u00e9gias para<br \/>\nGera\u00e7\u00e3o de Leiautes de Redes de Transistores N\u00e3o-Complementares<br \/>\nS\u00e9rie\/Paralelo<\/td>\n<td style=\"width: 212px\">Mauricio Pilla<br \/>\nMarcelo Porto<\/td>\n<\/tr>\n<tr id=\"row47\" class=\"evenblue\">\n<td class=\"right\">5<\/td>\n<td style=\"width: 750px\">Alex Bertei, Luciana Foss and Simone<br \/>\nAndr\u00e9 Da Costa Cavalheiro. Uso de Provador de Teoremas para Verifica\u00e7\u00e3o<br \/>\nde Sistemas Multiagentes baseados no modelo PopOrg<\/td>\n<td style=\"width: 212px\">Ana Pernas<br \/>\nAndr\u00e9 Du Bois<br \/>\nRenata Reiser<\/td>\n<\/tr>\n<tr id=\"row56\" class=\"oddblue\">\n<td class=\"right\">6<\/td>\n<td style=\"width: 750px\">Mauro Britto and Anderson Ferrugem.<br \/>\nIntelig\u00eancia Artificial aplicada ao Twitter: Rastreando a gripe atrav\u00e9s<br \/>\nde tweets<\/td>\n<td style=\"width: 212px\">Paulo Ferreira Jr.<br \/>\nRicardo Araujo<br \/>\nMatheus Nachtigall<\/td>\n<\/tr>\n<tr id=\"row65\" class=\"evenblue\">\n<td class=\"right\">7<\/td>\n<td style=\"width: 750px\">Maureen Souza, Anderson Priebe Ferrugem<br \/>\nand Rafael Teixeira Dos Santos. Testes em sistema web: compara\u00e7\u00e3o de<br \/>\nferramentas aplicadas a ambientes parcialmente ou completamente<br \/>\ndesenvolvidos<\/td>\n<td style=\"width: 212px\">Ana Pernas<br \/>\nLisane Brisolara<br \/>\nBruno Zatt<\/td>\n<\/tr>\n<tr id=\"row74\" class=\"oddblue\">\n<td class=\"right\">8<\/td>\n<td style=\"width: 750px\">Mohammad Nimer Hammad and Anderson<br \/>\nFerrugem. Minera\u00e7\u00e3o e constru\u00e7\u00e3o de Corpus L\u00e9xico na \u00e1rea musical<br \/>\nusando t\u00e9cnicas de intelig\u00eancia artificial<\/td>\n<td style=\"width: 212px\">Alice Finger<br \/>\nRicardo Araujo<br \/>\nFlavia Azambuja<\/td>\n<\/tr>\n<tr id=\"row83\" class=\"evenblue\">\n<td class=\"right\">9<\/td>\n<td style=\"width: 750px\">Vitor Lima, Felipe Marques and Leomar<br \/>\nJ\u00fanior. Desenvolvimento de um Algoritmo para o Dimensionamento de<br \/>\nTransistores de Portas L\u00f3gicas CMOS<\/td>\n<td style=\"width: 212px\">Rafael Soares<br \/>\nBruno Zatt<\/td>\n<\/tr>\n<tr id=\"row92\" class=\"oddblue\">\n<td class=\"right\">10<\/td>\n<td style=\"width: 750px\">C\u00e1ssio Cristani, Luciano Agostini and<br \/>\nMarcelo Porto. Investiga\u00e7\u00e3o<br \/>\nda Estima\u00e7\u00e3o de Movimento para Pr\u00f3xima Gera\u00e7\u00e3o de V\u00eddeos Digitais em<br \/>\nUltra-Alta Defini\u00e7\u00e3o Usando o Novo Codificador de V\u00eddeo HEVC<\/td>\n<td style=\"width: 212px\">Anderson Ferrugem<br \/>\nRafael Soares<\/td>\n<\/tr>\n<tr id=\"row101\" class=\"evenblue\">\n<td class=\"right\">11<\/td>\n<td style=\"width: 750px\">Andrei Costa, Simone Andr\u00e9 Da Costa<br \/>\nCavalheiro and Luciana Foss. Uma Extens\u00e3o para uma Proposta de<br \/>\nMapeamento de Diagramas UML para Modelos Simulink<\/td>\n<td style=\"width: 212px\">Ana Pernas<br \/>\nMarcelo Porto<br \/>\nLisane Brisolara<\/td>\n<\/tr>\n<tr id=\"row110\" class=\"oddblue\">\n<td class=\"right\">12<\/td>\n<td style=\"width: 750px\">Israel Barbar\u00e1 and Gerson Cavalheiro.<br \/>\nAlgoritmos n\u00e3o bloqueantes para manipula\u00e7\u00e3o de opera\u00e7\u00f5es sobre grafos<\/td>\n<td style=\"width: 212px\">Mauricio Pilla<br \/>\nRenata Reiser<br \/>\nAline Loreto<\/td>\n<\/tr>\n<tr id=\"row119\" class=\"evenblue\">\n<td class=\"right\">13<\/td>\n<td style=\"width: 750px\">Gustavo de Souza Meireles and Ricardo<br \/>\nMatsumura de Ara\u00fajo. Minera\u00e7\u00e3o de dados em redes sociais: Um estudo de<br \/>\ncaso aplicado \u00e0 disputas eleitorais<\/td>\n<td style=\"width: 212px\">Gerson Cavalheiro<br \/>\nPaulo Ferreira Jr.<br \/>\nFlavia Azambuja<\/td>\n<\/tr>\n<tr id=\"row128\" class=\"oddblue\">\n<td class=\"right\">14<\/td>\n<td style=\"width: 750px\">Eduardo Nicola and J\u00falio Carlos Balzano<br \/>\nDe Mattos. Uma Arquitetura Reconfiguravel para Dispositivos Moveis<\/td>\n<td style=\"width: 212px\">Felipe Marques<br \/>\nAdenauer Yamin<br \/>\nLeomar Rosa Jr<\/td>\n<\/tr>\n<tr id=\"row137\" class=\"evenblue\">\n<td class=\"right\">15<\/td>\n<td style=\"width: 750px\">Douglas Detoni, Ricardo Ara\u00fajo and<br \/>\nCristian Cechinel. Modelagem e predi\u00e7\u00e3o de comportamentos de alunos de<br \/>\neduca\u00e7\u00e3o a dist\u00e2ncia.<\/td>\n<td style=\"width: 212px\">Simone Costa<br \/>\nAline Loreto<br \/>\nLeomar Rosa Jr<\/td>\n<\/tr>\n<tr id=\"row146\" class=\"oddblue\">\n<td class=\"right\">16<\/td>\n<td style=\"width: 750px\">Luciano de Azevedo Telesca Mota, Paulo<br \/>\nRoberto Ferreira Jr. and Marilton Sanchonete de Aguiar. Uma metodologia<br \/>\nbaseada em sistemas multiagentes para busca colaborativa de vagas de<br \/>\nestacionamento em espa\u00e7o p\u00fablico<\/td>\n<td style=\"width: 212px\">Luciana Foss<br \/>\nAlice Finger<\/td>\n<\/tr>\n<tr id=\"row155\" class=\"evenblue\">\n<td class=\"right\">17<\/td>\n<td style=\"width: 750px\">Maximiliano Porta and Paulo Roberto<br \/>\nFerreira Jr.. Comportamento Adaptativo em Redes de Sensores<br \/>\nDistribu\u00eddos baseado em Intelig\u00eancia de Enxames<\/td>\n<td style=\"width: 212px\">Ricardo Araujo<br \/>\nFelipe Marques<br \/>\nMatheus Nachtigall<\/td>\n<\/tr>\n<\/tbody>\n<\/table>\n<p>&nbsp;<\/p>\n","protected":false},"excerpt":{"rendered":"<p>&nbsp; # Proposta Revisores 1 Alexandre R. Fonseca and Paulo Ferreira Jr.. Desenvolvimento de uma ferramenta para a convers\u00e3o otimizada de atividades escritas em linguagem TAEMS para DCOP Luciana Foss Simone Costa Andr\u00e9 Du Bois 2 Bruno Stone and Marilton Aguiar. An\u00e1lise de t\u00e9cnicas de processamento de imagens em dispositivos m\u00f3veis: um estudo de caso [&hellip;]<\/p>\n","protected":false},"author":657,"featured_media":0,"parent":31,"menu_order":0,"comment_status":"closed","ping_status":"closed","template":"","meta":{"footnotes":""},"class_list":["post-61","page","type-page","status-publish","hentry"],"_links":{"self":[{"href":"https:\/\/wp.ufpel.edu.br\/notcc\/wp-json\/wp\/v2\/pages\/61","targetHints":{"allow":["GET"]}}],"collection":[{"href":"https:\/\/wp.ufpel.edu.br\/notcc\/wp-json\/wp\/v2\/pages"}],"about":[{"href":"https:\/\/wp.ufpel.edu.br\/notcc\/wp-json\/wp\/v2\/types\/page"}],"author":[{"embeddable":true,"href":"https:\/\/wp.ufpel.edu.br\/notcc\/wp-json\/wp\/v2\/users\/657"}],"replies":[{"embeddable":true,"href":"https:\/\/wp.ufpel.edu.br\/notcc\/wp-json\/wp\/v2\/comments?post=61"}],"version-history":[{"count":1,"href":"https:\/\/wp.ufpel.edu.br\/notcc\/wp-json\/wp\/v2\/pages\/61\/revisions"}],"predecessor-version":[{"id":62,"href":"https:\/\/wp.ufpel.edu.br\/notcc\/wp-json\/wp\/v2\/pages\/61\/revisions\/62"}],"up":[{"embeddable":true,"href":"https:\/\/wp.ufpel.edu.br\/notcc\/wp-json\/wp\/v2\/pages\/31"}],"wp:attachment":[{"href":"https:\/\/wp.ufpel.edu.br\/notcc\/wp-json\/wp\/v2\/media?parent=61"}],"curies":[{"name":"wp","href":"https:\/\/api.w.org\/{rel}","templated":true}]}}