{"id":58,"date":"2016-12-02T11:38:17","date_gmt":"2016-12-02T13:38:17","guid":{"rendered":"https:\/\/wp.ufpel.edu.br\/notcc\/?page_id=58"},"modified":"2016-12-02T11:38:17","modified_gmt":"2016-12-02T13:38:17","slug":"2013_1","status":"publish","type":"page","link":"https:\/\/wp.ufpel.edu.br\/notcc\/propostas\/avaliacoes\/2013_1\/","title":{"rendered":"Propostas 2013\/1"},"content":{"rendered":"<div class=\"level2\">\n<ul class=\"fix-media-list-overlap\">\n<li class=\"level1\">\n<div class=\"li\">Daniel Pettenon and Paulo Ferreira. Predi\u00e7\u00e3o de Obstru\u00e7\u00e3o em Bombas Hidr\u00e1ulicas Utilizando um Algoritmo de Identifica\u00e7\u00e3o de \u00c1udio. (Marilton, Ricardo e Rafael)<\/div>\n<\/li>\n<li class=\"level1\">\n<div class=\"li\">Felipe Teixeira, Maur\u00edcio Pilla and Andr\u00e9 Rauber. Implementa\u00e7\u00e3o de um mecanismo que diminui o n\u00famero de escritas na Mem\u00f3ria PCM em uma biblioteca de Mem\u00f3rias Transacionais. (Gerson, Adenauer, Bruno)<\/div>\n<\/li>\n<li class=\"level1\">\n<div class=\"li\">Jhonathan de Carvalho Juncal and Fl\u00e1via Braga de Azambuja. Reconfigura\u00e7\u00e3o din\u00e2mica de um ambiente de workflow para gerenciar um servi\u00e7o multi-inquilino de banco de dados em nuvem atrav\u00e9s de um gerenciador de conte\u00fado web. (Pilla, Lisane, Ana)<\/div>\n<\/li>\n<li class=\"level1\">\n<div class=\"li\">Lucas Garcia Nachtigall, Ana Marilza Pernas Fleischmann and Adenauer Corr\u00eaa Yamin. Uma An\u00e1lise sobre Sensibilidade ao Contexto em Ambientes Educacionais na Web. (Marcelo, Rafael, Alice (Loreto))<\/div>\n<\/li>\n<li class=\"level1\">\n<div class=\"li\">St\u00e8phano Gon\u00e7alves, Felipe S. Marques and Leomar Rosa Jr. Algoritmos de Posicionamento e Roteamento para um Visualizador de Circuito Digitais. (Felipe, Luciano)<\/div>\n<\/li>\n<li class=\"level1\">\n<div class=\"li\">Lucas Pires, Ana Marilza Pernas and Adenauer Yamin. Aplica\u00e7\u00e3o de T\u00e9cnicas Baseadas em Ontologia para Mapeamento e Integra\u00e7\u00e3o de Dados de Contexto. (Pilla, Du Bois, Marcelo)<\/div>\n<\/li>\n<li class=\"level1\">\n<div class=\"li\">N\u00edcolas N. Bisi and Mauricio Pilla. Implementa\u00e7\u00e3o de autentica\u00e7\u00e3o de dois passos no sistema Openstack. (Adenauer, Renata, Du Bois)<\/div>\n<\/li>\n<li class=\"level1\">\n<div class=\"li\">Anderson Avila, Renata Reiser and Mauricio Pilla. VirD-GM\/Multiware &#8211; Inova\u00e7\u00e3o nas estrat\u00e9gias de gerenciamento de processos computacionais para suporte \u00e0s aplica\u00e7\u00f5es m\u00f3veis\/distribu\u00eddas. (Simone, Lisane, Felipe)<\/div>\n<\/li>\n<li class=\"level1\">\n<div class=\"li\">Leila Nobre and Gerson Cavalheiro. Implementa\u00e7\u00e3o de uma Interface Visual para Esqueletos de Concorr\u00eancia. (Pilla, Fl\u00e1via, Leomar)<\/div>\n<\/li>\n<li class=\"level1\">\n<div class=\"li\">Vanderson Da Silva and Fl\u00e1via Braga de Azambuja. Ferramenta web de modelagem conceitual para modelos de entidade relacionamento estendido. (Lisane, Luciana, Ana)<\/div>\n<\/li>\n<li class=\"level1\">\n<div class=\"li\">Helio Caruccio, Ana Pernas and Adenauer Yamin. Um Servidor de Contexto na Perspectiva de Software como Servi\u00e7o. (Renata, Du Bois, Marcelo)<\/div>\n<\/li>\n<li class=\"level1\">\n<div class=\"li\">Matheus Bastos and Andr\u00e9 Du Bois. Implementa\u00e7\u00e3o e especifica\u00e7\u00e3o de padr\u00f5es de paralelismo em Java, utilizando padr\u00f5es de projeto para execu\u00e7\u00e3o em m\u00e1quinas multi-core. (Gerson, Felipe, Luciano)<\/div>\n<\/li>\n<li class=\"level1\">\n<div class=\"li\">Fernando Leichtweis and Rafael Soares. Controle e Vigil\u00e2ncia Residencial Utilizando a Plataforma Ardu\u00edno Controlado Remotamente via Aplicativo para Android. (Paulo, Bruno, Leomar)<\/div>\n<\/li>\n<li class=\"level1\">\n<div class=\"li\">Marcelo Da Silva Machado and Andr\u00e9 Rauber Du Bois. Tabela Hash concorrente para a linguagem CMTJava. (Paulo, Ricardo)<\/div>\n<\/li>\n<li class=\"level1\">\n<div class=\"li\">Abilio Gambim Parada, Lisane Brisolara and Milena Rota Sena. Uma abordagem MDD para modelagem e gera\u00e7\u00e3o de c\u00f3digo para a plataforma m\u00f3vel Windows Phone. (Gerson, Fl\u00e1via, Alice Finger (Loreto))<\/div>\n<\/li>\n<li class=\"level1\">\n<div class=\"li\">Paulo Fernandes and Lisane Brisolara. Gera\u00e7\u00e3o de casos de teste a partir de diagramas UML de sequencia. (Fl\u00e1via, Luciana, Bruno)<\/div>\n<\/li>\n<li class=\"level1\">\n<div class=\"li\">Jer\u00f4nimo Medina Madruga and Gerson Geraldo Homrich Cavalheiro. Desenvolvimento de estrat\u00e9gias para otimiza\u00e7\u00e3o da performance do Moodle no contexto de uso da UFPel. (Simone, Ana, Leomar)<\/div>\n<\/li>\n<li class=\"level1\">\n<div class=\"li\">William Bastos and Andr\u00e9 Du Bois. An\u00e1lise de Desempenho e Consumo de Energia de Algoritmos Concorrentes para Listas Encadeadas. (Paulo, Ricardo, Luciana)<\/div>\n<\/li>\n<li class=\"level1\">\n<div class=\"li\">Gabriel Cardoso and Andr\u00e9 Du Bois. Traduzindo <abbr title=\"\">CSS<\/abbr>: Uma melhor visualiza\u00e7\u00e3o atrav\u00e9s de Pr\u00e9-Processadores. (Adenauer, Renata, Felipe)<\/div>\n<\/li>\n<li class=\"level1\">\n<div class=\"li\">Pargles Dall&#8217;Oglio and Luciano Agostini. Desenvolvimento em Hardware do filtro Sample Adaptive Offset do padr\u00e3o emergente de compress\u00e3o de v\u00eddeos HEVC. (Leomar, Daniel Palomino, Fabiane Rediess)<\/div>\n<\/li>\n<\/ul>\n<\/div>\n","protected":false},"excerpt":{"rendered":"<p>Daniel Pettenon and Paulo Ferreira. Predi\u00e7\u00e3o de Obstru\u00e7\u00e3o em Bombas Hidr\u00e1ulicas Utilizando um Algoritmo de Identifica\u00e7\u00e3o de \u00c1udio. (Marilton, Ricardo e Rafael) Felipe Teixeira, Maur\u00edcio Pilla and Andr\u00e9 Rauber. Implementa\u00e7\u00e3o de um mecanismo que diminui o n\u00famero de escritas na Mem\u00f3ria PCM em uma biblioteca de Mem\u00f3rias Transacionais. (Gerson, Adenauer, Bruno) Jhonathan de Carvalho Juncal [&hellip;]<\/p>\n","protected":false},"author":657,"featured_media":0,"parent":31,"menu_order":0,"comment_status":"closed","ping_status":"closed","template":"","meta":{"footnotes":""},"class_list":["post-58","page","type-page","status-publish","hentry"],"_links":{"self":[{"href":"https:\/\/wp.ufpel.edu.br\/notcc\/wp-json\/wp\/v2\/pages\/58","targetHints":{"allow":["GET"]}}],"collection":[{"href":"https:\/\/wp.ufpel.edu.br\/notcc\/wp-json\/wp\/v2\/pages"}],"about":[{"href":"https:\/\/wp.ufpel.edu.br\/notcc\/wp-json\/wp\/v2\/types\/page"}],"author":[{"embeddable":true,"href":"https:\/\/wp.ufpel.edu.br\/notcc\/wp-json\/wp\/v2\/users\/657"}],"replies":[{"embeddable":true,"href":"https:\/\/wp.ufpel.edu.br\/notcc\/wp-json\/wp\/v2\/comments?post=58"}],"version-history":[{"count":1,"href":"https:\/\/wp.ufpel.edu.br\/notcc\/wp-json\/wp\/v2\/pages\/58\/revisions"}],"predecessor-version":[{"id":59,"href":"https:\/\/wp.ufpel.edu.br\/notcc\/wp-json\/wp\/v2\/pages\/58\/revisions\/59"}],"up":[{"embeddable":true,"href":"https:\/\/wp.ufpel.edu.br\/notcc\/wp-json\/wp\/v2\/pages\/31"}],"wp:attachment":[{"href":"https:\/\/wp.ufpel.edu.br\/notcc\/wp-json\/wp\/v2\/media?parent=58"}],"curies":[{"name":"wp","href":"https:\/\/api.w.org\/{rel}","templated":true}]}}