{"id":55,"date":"2016-12-02T11:37:12","date_gmt":"2016-12-02T13:37:12","guid":{"rendered":"https:\/\/wp.ufpel.edu.br\/notcc\/?page_id=55"},"modified":"2016-12-02T11:37:12","modified_gmt":"2016-12-02T13:37:12","slug":"2012_2","status":"publish","type":"page","link":"https:\/\/wp.ufpel.edu.br\/notcc\/propostas\/avaliacoes\/2012_2\/","title":{"rendered":"Propostas 2012\/2"},"content":{"rendered":"<ol class=\"fix-media-list-overlap\">\n<li class=\"level1\">\n<div class=\"li\">Daniel Santin Debastiani e Marilton Sanchotene de Aguiar. Uma An\u00e1lise Explorat\u00f3ria de Metodologias de Desenvolvimento de Software para Dispositivos M\u00f3veis mais Adequadas \u00e0s Aplica\u00e7\u00f5es Handheld AR (Professores avaliadores: Lisane Brisolara, Gerson Cavalheiro, Adenauer Yamin)<\/div>\n<\/li>\n<li class=\"level1\">\n<div class=\"li\">Eliane Siegert, Lisane Brisolara e Milena Marques. Suporte \u00e0 ger\u00eancia de requisitos orientada a modelos para o dom\u00ednio de sistemas embarcados (Professores avaliadores: Luciana Foss, Ana Pernas)<\/div>\n<\/li>\n<li class=\"level1\">\n<div class=\"li\">\u00c9ric F. Timm e Paulo R. Ferreira Jr.. Aplica\u00e7\u00e3o de um Algoritmo de Busca de \u00c1udio para prever uma Obstru\u00e7\u00e3o da Sa\u00edda de uma Bomba Hidr\u00e1ulica (Professores avaliadores: Ricardo Araujo, Marcelo Porto, Gerson Cavalheiro)<\/div>\n<\/li>\n<li class=\"level1\">\n<div class=\"li\">Gabriel Cardoso, Marcelo Porto e Luciano Agostini. Estima\u00e7\u00e3o de Movimento no Padr\u00e3o Emergente HEVC: Uma implementa\u00e7\u00e3o e An\u00e1lise de Algoritmos de Estima\u00e7\u00e3o de Movimento no Software de Refer\u00eancia (Professores avaliadores: Felipe Marques, Paulo Ferreira Jr., Rafael Soares)<\/div>\n<\/li>\n<li class=\"level1\">\n<div class=\"li\">Gustavo Feijo, Aline Brum Loreto e Alice Fonseca Finger. Estudo e a aplica\u00e7\u00e3o da fun\u00e7\u00e3o de distribui\u00e7\u00e3o de probabilidade de Pareto Intervalar em redes de computadores (Professores avaliadores: Simone Costa, Adenauer Yamin, Renata Reiser)<\/div>\n<\/li>\n<li class=\"level1\">\n<div class=\"li\">Mateus T. Schoenknecht, Luciano Agostini e Marcelo Porto. Arquitetura em hardware para o interpolador de quarter-pixel do padr\u00e3o HEVC utilizando tamanhos vari\u00e1veis de blocos (Professores avaliadores: Lisane Brisolara, Felipe Marques, Leomar Rosa Jr)<\/div>\n<\/li>\n<li class=\"level1\">\n<div class=\"li\">Rafael Burkert, Lisane Brisolara e Vilnei Neves. Estudo de estrat\u00e9gias para automa\u00e7\u00e3o do desenvolvimento dirigido por testes para aplica\u00e7\u00f5es Ruby On Rails (Professores avaliadores: Ricardo Araujo, Ana Pernas, Flavia Azambuja)<\/div>\n<\/li>\n<li class=\"level1\">\n<div class=\"li\">Renato Souza, Felipe Marques e Leomar Da Rosa Jr.. Implementa\u00e7\u00e3o de Portas L\u00f3gicas no Estilo L\u00f3gico Mux-Based Visando a Constru\u00e7\u00e3o de Sistemas Digitais Seguros Imunes a DPA. (Professores avaliadores: Marcelo Porto, Luciano Agostini, Rafael Soares)<\/div>\n<\/li>\n<li class=\"level1\">\n<div class=\"li\">Ricardo Almeida, Ana Fleischmann, Adenauer Yamin e Lucas Donato. Seguran\u00e7a no projeto AMPLUS: Uma abordagem baseada em consci\u00eancia de situa\u00e7\u00e3o (Professores avaliadores: Mauricio Pilla, Andr\u00e9 Rauber Du Bois, Renata Reiser)<\/div>\n<\/li>\n<li class=\"level1\">\n<div class=\"li\">Ricardo de La Rocha Ladeira, Marilton Sanchotene de Aguiar e Lucas Medeiros Donato. Esteganografia aplicada \u00e0 documenta\u00e7\u00e3o necess\u00e1ria para a emiss\u00e3o de certificados digitais no \u00e2mbito da ICP-Brasil (Professores avaliadores: Mauricio Pilla, Aline Loreto, Luciana Foss)<\/div>\n<\/li>\n<li class=\"level1\">\n<div class=\"li\">Roger Machado, Ana Marilza Pernas e Adenauer Yamin. An\u00e1lise din\u00e2mica de logs nos servidores do projeto AMPLUS: uma abordagem direcionada a detec\u00e7\u00e3o de eventos (Professores avaliadores: Andr\u00e9 Rauber Du Bois, Paulo Ferreira Jr.)<\/div>\n<\/li>\n<li class=\"level1\">\n<div class=\"li\">Vinicius Maciel Silva e Ricardo Matsumura de Araujo. Previs\u00e3o de comportamento de mercados de a\u00e7\u00f5es atrav\u00e9s de an\u00e1lise de m\u00eddias sociais (Professores avaliadores: Luciano Agostini, Leomar Rosa Jr, Flavia Azambuja)<\/div>\n<\/li>\n<\/ol>\n","protected":false},"excerpt":{"rendered":"<p>Daniel Santin Debastiani e Marilton Sanchotene de Aguiar. Uma An\u00e1lise Explorat\u00f3ria de Metodologias de Desenvolvimento de Software para Dispositivos M\u00f3veis mais Adequadas \u00e0s Aplica\u00e7\u00f5es Handheld AR (Professores avaliadores: Lisane Brisolara, Gerson Cavalheiro, Adenauer Yamin) Eliane Siegert, Lisane Brisolara e Milena Marques. Suporte \u00e0 ger\u00eancia de requisitos orientada a modelos para o dom\u00ednio de sistemas embarcados [&hellip;]<\/p>\n","protected":false},"author":657,"featured_media":0,"parent":31,"menu_order":0,"comment_status":"closed","ping_status":"closed","template":"","meta":{"footnotes":""},"class_list":["post-55","page","type-page","status-publish","hentry"],"_links":{"self":[{"href":"https:\/\/wp.ufpel.edu.br\/notcc\/wp-json\/wp\/v2\/pages\/55","targetHints":{"allow":["GET"]}}],"collection":[{"href":"https:\/\/wp.ufpel.edu.br\/notcc\/wp-json\/wp\/v2\/pages"}],"about":[{"href":"https:\/\/wp.ufpel.edu.br\/notcc\/wp-json\/wp\/v2\/types\/page"}],"author":[{"embeddable":true,"href":"https:\/\/wp.ufpel.edu.br\/notcc\/wp-json\/wp\/v2\/users\/657"}],"replies":[{"embeddable":true,"href":"https:\/\/wp.ufpel.edu.br\/notcc\/wp-json\/wp\/v2\/comments?post=55"}],"version-history":[{"count":1,"href":"https:\/\/wp.ufpel.edu.br\/notcc\/wp-json\/wp\/v2\/pages\/55\/revisions"}],"predecessor-version":[{"id":56,"href":"https:\/\/wp.ufpel.edu.br\/notcc\/wp-json\/wp\/v2\/pages\/55\/revisions\/56"}],"up":[{"embeddable":true,"href":"https:\/\/wp.ufpel.edu.br\/notcc\/wp-json\/wp\/v2\/pages\/31"}],"wp:attachment":[{"href":"https:\/\/wp.ufpel.edu.br\/notcc\/wp-json\/wp\/v2\/media?parent=55"}],"curies":[{"name":"wp","href":"https:\/\/api.w.org\/{rel}","templated":true}]}}