{"id":52,"date":"2016-12-02T11:36:04","date_gmt":"2016-12-02T13:36:04","guid":{"rendered":"https:\/\/wp.ufpel.edu.br\/notcc\/?page_id=52"},"modified":"2016-12-02T11:36:04","modified_gmt":"2016-12-02T13:36:04","slug":"2012_1","status":"publish","type":"page","link":"https:\/\/wp.ufpel.edu.br\/notcc\/propostas\/avaliacoes\/2012_1\/","title":{"rendered":"Propostas 2012\/1"},"content":{"rendered":"<ol class=\"fix-media-list-overlap\">\n<li class=\"level1\">\n<div class=\"li\">Alan Araujo e Gerson Cavalheiro (orient). <strong>Anahy 3: Um novo Ambiente de Programa\u00e7\u00e3o Otimizado para Arquiteturas Multicore<\/strong>. Avaliadores: Mauricio Pilla, Adenauer Yamin e Andr\u00e9 Du Bois<\/div>\n<\/li>\n<li class=\"level1\">\n<div class=\"li\">Andrws Vieira, Julio C. B. Mattos (orient) e Felipe Marques (co-orient). <strong>Gera\u00e7\u00e3o de C\u00f3digo e Avalia\u00e7\u00e3o de Diferentes Paradigmas de Projeto de Algoritmos para Aplica\u00e7\u00f5es Android<\/strong>. Avaliadores: Leonardo Fernandes, Fl\u00e1via Azambuja e Leomar Rosa Jr.<\/div>\n<\/li>\n<li class=\"level1\">\n<div class=\"li\">Leandro Soares Guedes, Marilton Sanchotene de Aguiar (orient) e Alexandre Solon Nery (co-orient). <strong>Estudo e Aplica\u00e7\u00e3o de M\u00e9todos de Segmenta\u00e7\u00e3o de Imagens para o Diagn\u00f3stico de Problemas na Fabrica\u00e7\u00e3o de Equipos Utilizados na Infus\u00e3o Intravenosa<\/strong>. Avaliadores: Ricardo Araujo, Cassio Carvalho e Anderson Ferrugem<\/div>\n<\/li>\n<li class=\"level1\">\n<div class=\"li\">Gustavo de Castro Feij\u00f3 e Maur\u00edcio Lima Pilla (orient). <strong>Ferramenta para Simula\u00e7\u00e3o e Avalia\u00e7\u00e3o de Consumo de Energia para Ambientes Pervasivos<\/strong>. Lidiane Visintin, Renata Reiser<\/div>\n<\/li>\n<li class=\"level1\">\n<div class=\"li\">Julio Sara\u00e7ol Domingues J\u00fanior, Leomar Soares Da Rosa Jr (orient) e Felipe S. Marques (co-orient). <strong>Desenvolvimento de um fluxo gen\u00e9rico para mapeamento tecnol\u00f3gico<\/strong>. Avaliadores: Paulo Ferreira, Julio Mattos e Luciano Agostini.<\/div>\n<\/li>\n<li class=\"level1\">\n<div class=\"li\">Vinicius Possani, Leomar Da Rosa Jr. (orient) e Felipe Marques (co-orient). <strong>Gera\u00e7\u00e3o de Redes de Transistores Otimizadas para a Tecnologia CMOS<\/strong>. Avaliadores: Rafael Soares, Julio Mattos e Luciano Agostini.<\/div>\n<\/li>\n<li class=\"level1\">\n<div class=\"li\">\u00c9ric F. Timm, Paulo R. Ferreira Jr. (orient) e Matheus G. Nachtigall (co-orient). <strong>Aplica\u00e7\u00e3o de um Algoritmo de Ant Colony Optimization no Processo de Mapeamento Tecnol\u00f3gico<\/strong>. Avaliadores: Andr\u00e9 Santos, Lidiane Visintin e Felipe Marques<\/div>\n<\/li>\n<li class=\"level1\">\n<div class=\"li\">Marcel Corr\u00eaa, Luciano Agostini (orient) e Marcelo Porto (co-orient). <strong>Arquitetura em Hardware para a Unidade de Interpola\u00e7\u00e3o de Sub-Pixels da Estima\u00e7\u00e3o de Movimento do Padr\u00e3o Emergente HEVC<\/strong>. Avaliadores: Leomar Rosa Jr., Rafael Soares e Felipe Marques<\/div>\n<\/li>\n<li class=\"level1\">\n<div class=\"li\">Gustavo Freitas Sanchez, Luciano Agostini (orient) e Marcelo Porto (orient). <strong>Implementa\u00e7\u00e3o e An\u00e1lise de Algoritmos para a Estima\u00e7\u00e3o de Movimento em V\u00eddeos de Alta Defini\u00e7\u00e3o no Padr\u00e3o Emergente HEVC<\/strong>. Avaliadores: Leomar Rosa Jr., Rafael Soares e Felipe Marques<\/div>\n<\/li>\n<li class=\"level1\">\n<div class=\"li\">Miguel Satte Alam Lisboa, Lisane Brisolara de Brisolara (orient) e Adenauer Corr\u00eaa Yamin (co-orient). <strong>Uma Solu\u00e7\u00e3o Embarcada para Tratamento de Sensores e Atuadores na Ubicomp<\/strong>. Avaliadores: Mauricio Pilla, Andr\u00e9 Jardim<\/div>\n<\/li>\n<li class=\"level1\">\n<div class=\"li\">Dieison Silveira e Luciano Agostini (orient). <strong>Desenvolvimento e Implementa\u00e7\u00e3o em Hardware de um Compressor de Quadros de Refer\u00eancia para Codificadores de V\u00eddeos Digitais<\/strong>. Avaliadores: Lisane Brisolara, Paulo Ferreira e Marcelo Porto<\/div>\n<\/li>\n<li class=\"level1\">\n<div class=\"li\">Pamela P. Gnutzmann, Renata H. S. Reiser (orient) e Mauricio L. Pilla (co-orient). <strong>Integrando o m-QCEdit ao VPE-qGM<\/strong>. Avaliadores: Fernanda Jeannes, Andr\u00e9 Du Bois e Luciana Foss<\/div>\n<\/li>\n<li class=\"level1\">\n<div class=\"li\">Gabriel Cardoso e Ricardo Ara\u00fajo (orient). <strong>Filtro de timeline: Uma nova forma de receber informa\u00e7\u00f5es<\/strong>. Avaliadores: Andr\u00e9 Jardim, Fl\u00e1via Azambuja e Andr\u00e9 Du Bois<\/div>\n<\/li>\n<li class=\"level1\">\n<div class=\"li\">Samuel Sant&#8217;Anna, Renata Reiser (orient) e Adenauer Yamin (co-orient). <strong>Um M\u00f3dulo para Tomada de Decis\u00f5es em Regime de Incerteza Direcionado ao Escalonamento de Recursos em Sistemas Distribu\u00eddos<\/strong>. Avaliadores: Fernanda Jeannes, Aline Loreto<\/div>\n<\/li>\n<li class=\"level1\">\n<div class=\"li\">Mateus Grellert, Julio C. B. Mattos (orient), Luciano Agostini (co-orient) e Felipe Sampaio (co-orient). <strong>Heur\u00edsticas para Controle de Complexidade na Predi\u00e7\u00e3o Inter-Quadros do Padr\u00e3o Emergente HEVC<\/strong>. Avaliadores: Ricardo Araujo, Lisane Brisolara e Marcelo Porto<\/div>\n<\/li>\n<li class=\"level1\">\n<div class=\"li\">Vitor Ataides e Maur\u00edcio Pilla (orient). <strong>Avalia\u00e7\u00e3o de Consumo em Dispositivos iOS com Benchmarks de C\u00f3digo Aberto<\/strong>. Ricardo Araujo, Adenauer Yamin<\/div>\n<\/li>\n<li class=\"level1\">\n<div class=\"li\">Bruno Hecktheuer, Julio C. B. Mattos (orient) e Felipe Marques (co-orient). <strong>Desenvolvimento e An\u00e1lise de Aplica\u00e7\u00e3o Embarcada para Plataforma iOS e com Conte\u00fado Did\u00e1tico voltado para Ensino de Matem\u00e1tica<\/strong>. Avaliadores: Mauricio Pilla, Andr\u00e9 Santos e Aline Loreto<\/div>\n<\/li>\n<li class=\"level1\">\n<div class=\"li\">Gabriel Siedler e Ricardo Araujo (orient). <strong>Predi\u00e7\u00e3o de Sentimentos de Usu\u00e1rios Individuais no Twitter<\/strong>. Avaliadores: Renata Reiser, Paulo Ferreira e Luciana Foss<\/div>\n<\/li>\n<li class=\"level1\">\n<div class=\"li\">William Bastos e Marilton Aguiar (orient). <strong>Aplica\u00e7\u00e3o da Realidade Aumentada na Constru\u00e7\u00e3o Civil<\/strong>. Avaliadores: Leonardo Fernandes, Cassio Carvalho e Anderson Ferrugem<\/div>\n<\/li>\n<\/ol>\n","protected":false},"excerpt":{"rendered":"<p>Alan Araujo e Gerson Cavalheiro (orient). Anahy 3: Um novo Ambiente de Programa\u00e7\u00e3o Otimizado para Arquiteturas Multicore. Avaliadores: Mauricio Pilla, Adenauer Yamin e Andr\u00e9 Du Bois Andrws Vieira, Julio C. B. Mattos (orient) e Felipe Marques (co-orient). Gera\u00e7\u00e3o de C\u00f3digo e Avalia\u00e7\u00e3o de Diferentes Paradigmas de Projeto de Algoritmos para Aplica\u00e7\u00f5es Android. Avaliadores: Leonardo Fernandes, [&hellip;]<\/p>\n","protected":false},"author":657,"featured_media":0,"parent":31,"menu_order":0,"comment_status":"closed","ping_status":"closed","template":"","meta":{"footnotes":""},"class_list":["post-52","page","type-page","status-publish","hentry"],"_links":{"self":[{"href":"https:\/\/wp.ufpel.edu.br\/notcc\/wp-json\/wp\/v2\/pages\/52","targetHints":{"allow":["GET"]}}],"collection":[{"href":"https:\/\/wp.ufpel.edu.br\/notcc\/wp-json\/wp\/v2\/pages"}],"about":[{"href":"https:\/\/wp.ufpel.edu.br\/notcc\/wp-json\/wp\/v2\/types\/page"}],"author":[{"embeddable":true,"href":"https:\/\/wp.ufpel.edu.br\/notcc\/wp-json\/wp\/v2\/users\/657"}],"replies":[{"embeddable":true,"href":"https:\/\/wp.ufpel.edu.br\/notcc\/wp-json\/wp\/v2\/comments?post=52"}],"version-history":[{"count":1,"href":"https:\/\/wp.ufpel.edu.br\/notcc\/wp-json\/wp\/v2\/pages\/52\/revisions"}],"predecessor-version":[{"id":53,"href":"https:\/\/wp.ufpel.edu.br\/notcc\/wp-json\/wp\/v2\/pages\/52\/revisions\/53"}],"up":[{"embeddable":true,"href":"https:\/\/wp.ufpel.edu.br\/notcc\/wp-json\/wp\/v2\/pages\/31"}],"wp:attachment":[{"href":"https:\/\/wp.ufpel.edu.br\/notcc\/wp-json\/wp\/v2\/media?parent=52"}],"curies":[{"name":"wp","href":"https:\/\/api.w.org\/{rel}","templated":true}]}}