{"id":518,"date":"2017-11-13T15:42:57","date_gmt":"2017-11-13T17:42:57","guid":{"rendered":"https:\/\/wp.ufpel.edu.br\/notcc\/?page_id=518"},"modified":"2017-11-14T08:54:36","modified_gmt":"2017-11-14T10:54:36","slug":"2017_2","status":"publish","type":"page","link":"https:\/\/wp.ufpel.edu.br\/notcc\/propostas\/avaliacoes\/2017_2\/","title":{"rendered":"Propostas 2017\/2"},"content":{"rendered":"<h2 id=\"propostas\" class=\"sectionedit6 page-header\">Avaliadores<\/h2>\n<table id=\"ec:table1\" class=\"ct_table\" cellspacing=\"0\" cellpadding=\"0\">\n<thead align=\"center\">\n<tr>\n<th>first name<\/th>\n<th class=\"sort_both\">\n<div style=\"padding-bottom: 10pt\">last name<\/div>\n<\/th>\n<th>email<\/th>\n<\/tr>\n<\/thead>\n<tbody>\n<tr id=\"row24\" class=\"blue\">\n<td>Marilton<\/td>\n<td>Sanchotene de Aguiar<\/td>\n<td>marilton@inf.ufpel.edu.br<\/td>\n<\/tr>\n<tr id=\"row35\" class=\"green\">\n<td>Andre<\/td>\n<td>Du Bois<\/td>\n<td>dubois@inf.ufpel.edu.br<\/td>\n<\/tr>\n<tr id=\"row46\" class=\"green\">\n<td>Lizandro<\/td>\n<td>Oliveira<\/td>\n<td>lsoliveira@inf.ufpel.edu.br<\/td>\n<\/tr>\n<tr id=\"row57\" class=\"green\">\n<td>Vinicius<\/td>\n<td>Camargo<\/td>\n<td>vvacamargo@inf.ufpel.edu.br<\/td>\n<\/tr>\n<tr id=\"row68\" class=\"green\">\n<td>Anderson<\/td>\n<td>Ferrugem<\/td>\n<td>apferrugem@gmail.com<\/td>\n<\/tr>\n<tr id=\"row79\" class=\"green\">\n<td>Renato<\/td>\n<td>Souza<\/td>\n<td>rsdsouza@inf.ufpel.edu.br<\/td>\n<\/tr>\n<tr id=\"row90\" class=\"green\">\n<td>Renata<\/td>\n<td>Reiser<\/td>\n<td>renata.reiser@gmail.com<\/td>\n<\/tr>\n<tr id=\"row101\" class=\"green\">\n<td>Felipe<\/td>\n<td>Marques<\/td>\n<td>felipem@inf.ufpel.edu.br<\/td>\n<\/tr>\n<tr id=\"row112\" class=\"green\">\n<td>Marcelo<\/td>\n<td>Porto<\/td>\n<td>porto@inf.ufpel.edu.br<\/td>\n<\/tr>\n<tr id=\"row123\" class=\"green\">\n<td>Luciana<\/td>\n<td>Foss<\/td>\n<td>lfoss@inf.ufpel.edu.br<\/td>\n<\/tr>\n<tr id=\"row134\" class=\"green\">\n<td>Rafael<\/td>\n<td>Soares<\/td>\n<td>rafa.isoares@gmail.com<\/td>\n<\/tr>\n<tr id=\"row145\" class=\"green\">\n<td>Guilherme<\/td>\n<td>Correa<\/td>\n<td>gcorrea@inf.ufpel.edu.br<\/td>\n<\/tr>\n<tr id=\"row156\" class=\"green\">\n<td>Mateus<\/td>\n<td>Nascimento<\/td>\n<td>mateus.msnascimento@gmail.com<\/td>\n<\/tr>\n<tr id=\"row167\" class=\"green\">\n<td>Adenauer<\/td>\n<td>Yamin<\/td>\n<td>adenauer@inf.ufpel.edu.br<\/td>\n<\/tr>\n<tr id=\"row178\" class=\"green\">\n<td>Gerson<\/td>\n<td>Cavalheiro<\/td>\n<td>gerson.cavalheiro@inf.ufpel.edu.br<\/td>\n<\/tr>\n<tr id=\"row189\" class=\"green\">\n<td>Leomar<\/td>\n<td>Rosa Jr<\/td>\n<td>leomarjr@inf.ufpel.edu.br<\/td>\n<\/tr>\n<tr id=\"row200\" class=\"green\">\n<td>Matheus<\/td>\n<td>Nachtigall<\/td>\n<td>matheustche@gmail.com<\/td>\n<\/tr>\n<tr id=\"row211\" class=\"green\">\n<td>Lisane<\/td>\n<td>Brisolara<\/td>\n<td>lisane@gmail.com<\/td>\n<\/tr>\n<tr id=\"row222\" class=\"green\">\n<td>Carla<\/td>\n<td>Pires<\/td>\n<td>carlasmpires@gmail.com<\/td>\n<\/tr>\n<tr id=\"row233\" class=\"green\">\n<td>Luciano<\/td>\n<td>Agostini<\/td>\n<td>agostini@inf.ufpel.edu.br<\/td>\n<\/tr>\n<tr id=\"row244\" class=\"green\">\n<td>Ricardo<\/td>\n<td>Araujo<\/td>\n<td>ricardo.araujo@gmail.com<\/td>\n<\/tr>\n<tr id=\"row255\" class=\"green\">\n<td>Paulo<\/td>\n<td>Ferreira Jr.<\/td>\n<td>paulo.ferreira.jr@gmail.com<\/td>\n<\/tr>\n<tr id=\"row266\" class=\"green\">\n<td>M\u00edriam<\/td>\n<td>Born<\/td>\n<td>miriamborn@gmail.com<\/td>\n<\/tr>\n<tr id=\"row277\" class=\"green\">\n<td>Bruno<\/td>\n<td>Zatt<\/td>\n<td>zatt@inf.ufpel.edu.br<\/td>\n<\/tr>\n<tr id=\"row288\" class=\"green\">\n<td>Ana<\/td>\n<td>Pernas<\/td>\n<td>anamarilza@gmail.com<\/td>\n<\/tr>\n<tr id=\"row299\" class=\"green\">\n<td>Simone<\/td>\n<td>Costa<\/td>\n<td>simone.costa@gmail.com<\/td>\n<\/tr>\n<tr id=\"row310\" class=\"green\">\n<td>Carlos<\/td>\n<td>Betemps<\/td>\n<td>cm.betemps@inf.ufpel.edu.br<\/td>\n<\/tr>\n<tr id=\"row321\" class=\"green\">\n<td>Alex<\/td>\n<td>Borges<\/td>\n<td>amborges@inf.ufpel.edu.br<\/td>\n<\/tr>\n<tr id=\"row332\" class=\"green\">\n<td>Tiago<\/td>\n<td>Primo<\/td>\n<td>tiagoprimo@gmail.com<\/td>\n<\/tr>\n<tr id=\"row343\" class=\"green\">\n<td>Mauricio<\/td>\n<td>Pilla<\/td>\n<td>pilla@inf.ufpel.edu.br<\/td>\n<\/tr>\n<tr id=\"row354\" class=\"green\">\n<td>Fabio Aiub<\/td>\n<td>Sperotto<\/td>\n<td>fabio.aiub@gmail.com<\/td>\n<\/tr>\n<tr id=\"row365\" class=\"green\">\n<td>Rafael<\/td>\n<td>Torchelsen<\/td>\n<td>rafael.torchelsen@gmail.com<\/td>\n<\/tr>\n<tr id=\"row376\" class=\"green\">\n<td>Tatiana<\/td>\n<td>Tavares<\/td>\n<td>tatianaires@gmail.com<\/td>\n<\/tr>\n<tr id=\"row387\" class=\"green\">\n<td>Julio<\/td>\n<td>Mattos<\/td>\n<td>julio.c.b.mattos@gmail.com<\/td>\n<\/tr>\n<\/tbody>\n<\/table>\n<h2 id=\"propostas\" class=\"sectionedit6 page-header\">Propostas<\/h2>\n<table id=\"ec:table1\" class=\"ct_table\" style=\"clear: right\" cellspacing=\"0\" cellpadding=\"0\">\n<thead>\n<tr>\n<th>#<\/th>\n<th>Submission<\/th>\n<th>(Update review)<br \/>\nPC member<\/th>\n<\/tr>\n<\/thead>\n<tbody>\n<tr id=\"row11\" class=\"blue\">\n<td class=\"right\">1<\/td>\n<td>Renata Junges, Marilton De Aguiar and Mariana Remi\u00e3o.<br \/>\nClassifica\u00e7\u00e3o\u200b \u200b do\u200b \u200b est\u00e1gio\u200b \u200b de\u200b \u200b matura\u00e7\u00e3o\u200b \u200b de\u200b \u200b<br \/>\no\u00f3citos\u200b \u200b a \u200b \u200b partir\u200b \u200b de\u200b \u200b imagens\u200b \u200b microsc\u00f3picas<br \/>\nutilizando\u200b \u200b processamento\u200b \u200b digital\u200b \u200b de\u200b \u200b imagens\u200b \u200b<br \/>\ne \u200b \u200b aprendizado\u200b \u200b de\u200b \u200b m\u00e1quina<\/td>\n<td>\n<ol>\n<li>Pernas<\/li>\n<li>Born<\/li>\n<li>Araujo<\/li>\n<\/ol>\n<\/td>\n<\/tr>\n<tr id=\"row20\" class=\"blue\">\n<td class=\"right\">2<\/td>\n<td>Guilherme Lagemann, Tatiana Tavares and Vinicius Costa.<br \/>\nDesenvolvimento de um Jogo para o Dispositivo IOM<br \/>\n(Interface \u00d3culos Mouse)<\/td>\n<td>\n<ol>\n<li>Marques<\/li>\n<li>Yamin<\/li>\n<li>Torchelsen<\/li>\n<\/ol>\n<\/td>\n<\/tr>\n<tr id=\"row29\" class=\"blue\">\n<td class=\"right\">3<\/td>\n<td>Monique N. Faria, Marilton S. D. Aguiar and Rafael I.<br \/>\nSoares. Proposta de um sistema inteligente de irriga\u00e7\u00e3o de<br \/>\nplantas para ambiente dom\u00e9stico<\/td>\n<td>\n<ol>\n<li>Sperotto<\/li>\n<li>Camargo<\/li>\n<\/ol>\n<\/td>\n<\/tr>\n<tr id=\"row38\" class=\"blue\">\n<td class=\"right\">4<\/td>\n<td>Yasmin Hackbart and Tatiana Aires. Tecnologia Assistiva<br \/>\nVoltada para Museus<\/td>\n<td>\n<ol>\n<li>Borges<\/li>\n<li>Correa<\/li>\n<li>Yamin<\/li>\n<\/ol>\n<\/td>\n<\/tr>\n<tr id=\"row47\" class=\"blue\">\n<td class=\"right\">5<\/td>\n<td>Yan Soares and Guilherme Corr\u00eaa. Redu\u00e7\u00e3o da Complexidade<br \/>\nde Transcodifica\u00e7\u00e3o Heterog\u00eanea H.264\/AVC para HEVC<br \/>\nUtilizando Aprendizado de M\u00e1quina<\/td>\n<td>\n<ol>\n<li>Zatt<\/li>\n<li>Agostini<\/li>\n<li>Porto<\/li>\n<\/ol>\n<\/td>\n<\/tr>\n<tr id=\"row56\" class=\"blue\">\n<td class=\"right\">6<\/td>\n<td>Iago Storch, Daniel Palomino and Bruno Zatt. Otimiza\u00e7\u00e3o<br \/>\ndas ferramentas de codifica\u00e7\u00e3o de v\u00eddeo do padr\u00e3o HEVC<br \/>\npara aplica\u00e7\u00f5es com v\u00eddeos omnidirecionais<\/td>\n<td>\n<ol>\n<li>Correa<\/li>\n<li>Agostini<\/li>\n<li>Souza<\/li>\n<\/ol>\n<\/td>\n<\/tr>\n<tr id=\"row65\" class=\"blue\">\n<td class=\"right\">7<\/td>\n<td>Rafael Dias Lagemann, Tatiana Aires Tavares and Vinicius<br \/>\nKruger Da Costa. Desenvolvimento de um assistente de<br \/>\nmovimenta\u00e7\u00e3o de cursor para usu\u00e1rios com paralisia motora<br \/>\nutilizando processamento digital de imagens e a tecnologia<br \/>\nassistiva IOM &#8211; Interface \u00d3culos Mouse<\/td>\n<td>\n<ol>\n<li>Borges<\/li>\n<li>Pires<\/li>\n<li>Souza<\/li>\n<\/ol>\n<\/td>\n<\/tr>\n<tr id=\"row74\" class=\"blue\">\n<td class=\"right\">8<\/td>\n<td>Domarys Da Silva Corr\u00eaa and Guilherme Correa. An\u00e1lise<br \/>\nComparativa da Precis\u00e3o de um Sistema de Detec\u00e7\u00e3o de<br \/>\nIntrus\u00e3o (SDI) Open-Source Assistido por Aprendizado de<br \/>\nM\u00e1quina<\/td>\n<td>\n<ol>\n<li>Araujo<\/li>\n<li>Brisolara<\/li>\n<li>Nachtigall<\/li>\n<\/ol>\n<\/td>\n<\/tr>\n<tr id=\"row83\" class=\"blue\">\n<td class=\"right\">9<\/td>\n<td>Joao Pedro Bretanha and Anderson Ferrugem. Rastreamento<br \/>\nde jogadores de futebol utilizando o algoritmo de Monte<br \/>\nCarlo<\/td>\n<td>\n<ol>\n<li>Costa<\/li>\n<li>Rosa Jr<\/li>\n<li>Torchelsen<\/li>\n<\/ol>\n<\/td>\n<\/tr>\n<tr id=\"row92\" class=\"blue\">\n<td class=\"right\">10<\/td>\n<td>Freddy Ilha and Ricardo Araujo. Uma abordagem de deep<br \/>\nlearning aplicada a Metroid<\/td>\n<td>\n<ol>\n<li>Borges<\/li>\n<li>Du Bois<\/li>\n<li>Nachtigall<\/li>\n<\/ol>\n<\/td>\n<\/tr>\n<tr id=\"row101\" class=\"blue\">\n<td class=\"right\">11<\/td>\n<td>Ra\u00edssa Teles Pinto, Renata Hax Sander Reiser and<br \/>\nAdenauer Corr\u00eaa Yamin. Usando Sistema Fuzzy para Avalia\u00e7\u00e3o<br \/>\nde Aprendizagem com base no Projeto de Extens\u00e3o<br \/>\n&#8220;Pensamento Computacional&#8221;<\/td>\n<td>\n<ol>\n<li>Primo<\/li>\n<li>Foss<\/li>\n<li>Ferrugem<\/li>\n<\/ol>\n<\/td>\n<\/tr>\n<tr id=\"row110\" class=\"blue\">\n<td class=\"right\">12<\/td>\n<td>Jos\u00e9 Vitor Schneid Da Silva and Ricardo de Ara\u00fajo. Uma<br \/>\nProposta de Regulariza\u00e7\u00e3o Baseada na Diferencia\u00e7\u00e3o de<br \/>\nKernels de Convolu\u00e7\u00e3o em Redes Neurais Convolucionais<\/td>\n<td>\n<ol>\n<li>Ferreira Jr.<\/li>\n<li>Reiser<\/li>\n<li>Ferrugem<\/li>\n<\/ol>\n<\/td>\n<\/tr>\n<tr id=\"row119\" class=\"blue\">\n<td class=\"right\">13<\/td>\n<td>Felipe Luzzardi Rosa, Ana Marilza Pernas and Roger Da<br \/>\nSilva Machado. Aprendizagem Ub\u00edqua: proposta de educa\u00e7\u00e3o a<br \/>\ndist\u00e2ncia como contexto de interesse do middleware EXEHDA<\/td>\n<td>\n<ol>\n<li>Soares<\/li>\n<li>Oliveira<\/li>\n<\/ol>\n<\/td>\n<\/tr>\n<tr id=\"row128\" class=\"blue\">\n<td class=\"right\">14<\/td>\n<td>Matheus Garcia and Anderson Ferrugem. Livre Mercado do<br \/>\nAgroneg\u00f3cio Priorizando Melhores Negocia\u00e7\u00f5es<\/td>\n<td>\n<ol>\n<li>Sperotto<\/li>\n<li>Reiser<\/li>\n<\/ol>\n<\/td>\n<\/tr>\n<tr id=\"row137\" class=\"blue\">\n<td class=\"right\">15<\/td>\n<td>N\u00edcolas Oreques de Araujo and Rafael Piccin Torchelsen.<br \/>\nUm simulador Open Source para l\u00edquidos e corpos r\u00edgidos<br \/>\nutilizando um modelo de part\u00edcula unificado<\/td>\n<td>\n<ol>\n<li>Betemps<\/li>\n<li>Costa<\/li>\n<li>Brisolara<\/li>\n<\/ol>\n<\/td>\n<\/tr>\n<tr id=\"row146\" class=\"blue\">\n<td class=\"right\">16<\/td>\n<td>Guilherme D.S. Hanauer and Tatiana Aires Tavares.<br \/>\nPromo\u00e7\u00e3o de Interatividade para o Museu de Hist\u00f3ria<br \/>\nNatural Carlos Ritter atrav\u00e9s do Desenvolvimento de um<br \/>\nChatbot<\/td>\n<td>\n<ol>\n<li>Primo<\/li>\n<li>Yamin<\/li>\n<li>Foss<\/li>\n<\/ol>\n<\/td>\n<\/tr>\n<tr id=\"row155\" class=\"blue\">\n<td class=\"right\">17<\/td>\n<td>Heitor Augusto G. Almeida and Gerson Geraldo H.<br \/>\nCavalheiro. Uma Avalia\u00e7\u00e3o de Performance e Expressividade<br \/>\nEntre as Linguagens de Programa\u00e7\u00e3o Go e Rust<\/td>\n<td>\n<ol>\n<li>Pilla<\/li>\n<li>Nascimento<\/li>\n<li>Du Bois<\/li>\n<\/ol>\n<\/td>\n<\/tr>\n<tr id=\"row164\" class=\"blue\">\n<td class=\"right\">18<\/td>\n<td>Diego Poleto de Souza and Gerson Cavalheiro. An\u00e1lise do<br \/>\nUso das Ferramentas Estat\u00edsticas para Valida\u00e7\u00e3o de<br \/>\nResultados em Meios de Divulga\u00e7\u00e3o Cient\u00edfica<\/td>\n<td>\n<ol>\n<li>Pilla<\/li>\n<li>Porto<\/li>\n<li>Nascimento<\/li>\n<\/ol>\n<\/td>\n<\/tr>\n<tr id=\"row173\" class=\"blue\">\n<td class=\"right\">19<\/td>\n<td>\u00c9rick Moreira and Anderson Ferrugem. Uso de Kalman<br \/>\nextendido em rastreamento de m\u00faltiplos objetos. Uma<br \/>\nabordagem em partidas de futebol.<\/td>\n<td>\n<ol>\n<li>Ferreira Jr.<\/li>\n<li>Sanchotene de Aguiar<\/li>\n<li>Torchelsen<\/li>\n<\/ol>\n<\/td>\n<\/tr>\n<tr id=\"row182\" class=\"blue\">\n<td class=\"right\">20<\/td>\n<td>Leonardo Rodrigues, Marilton Aguiar and Samuel Beskow.<br \/>\nAn\u00e1lise de estrat\u00e9gias de paralelismo em CPU e GPU para o<br \/>\nmodelo Lavras Simulation of Hydrology (LASH)<\/td>\n<td>\n<ol>\n<li>Betemps<\/li>\n<li>Born<\/li>\n<li>Cavalheiro<\/li>\n<\/ol>\n<\/td>\n<\/tr>\n<tr id=\"row191\" class=\"blue\">\n<td class=\"right\">21<\/td>\n<td>Hemerton Joaquim Buffon, Rafael Soares and Vitor Lima.<br \/>\nExplora\u00e7\u00e3o de Espa\u00e7o de Projeto para Concep\u00e7\u00e3o de C\u00e9lulas<br \/>\nL\u00f3gicas B\u00e1sicas Robustas a Ataques DPA<\/td>\n<td>\n<ol>\n<li>Zatt<\/li>\n<li>Marques<\/li>\n<li>Oliveira<\/li>\n<\/ol>\n<\/td>\n<\/tr>\n<tr id=\"row200\" class=\"blue\">\n<td class=\"right\">22<\/td>\n<td>Helena Dufau De Carvalho and Rafael Iankowski Soares.<br \/>\nProposta de um M\u00e9todo de Seguran\u00e7a para Redes de Sensores<br \/>\nsem Fio dedicadas a Casas Inteligentes<\/td>\n<td>\n<ol>\n<li>Rosa Jr<\/li>\n<li>Cavalheiro<\/li>\n<li>Camargo<\/li>\n<\/ol>\n<\/td>\n<\/tr>\n<tr id=\"row209\" class=\"blue\">\n<td class=\"right\">23<\/td>\n<td>Diogo Lima and Tatiana Tavares. Uma proposta de<br \/>\nimplementa\u00e7\u00e3o utilizando os sensores Kinect e Leap Motion<br \/>\npara o Museu do Doce de Pelotas<\/td>\n<td>\n<ol>\n<li>Pires<\/li>\n<li>Pernas<\/li>\n<li>Soares<\/li>\n<\/ol>\n<\/td>\n<\/tr>\n<tr id=\"row218\" class=\"blue\">\n<td class=\"right\">24<\/td>\n<td>Franco Santos, Tiago Primo and Ricardo Araujo.<br \/>\nIntelig\u00eancia Artificial e o Controle Social da<br \/>\nAdministra\u00e7\u00e3o P\u00fablica<\/td>\n<td>\n<ol>\n<li>Sanchotene de Aguiar<\/li>\n<li>Costa<\/li>\n<li>Ferrugem<\/li>\n<\/ol>\n<\/td>\n<\/tr>\n<\/tbody>\n<\/table>\n<p>&nbsp;<\/p>\n","protected":false},"excerpt":{"rendered":"<p>Avaliadores first name last name email Marilton Sanchotene de Aguiar marilton@inf.ufpel.edu.br Andre Du Bois dubois@inf.ufpel.edu.br Lizandro Oliveira lsoliveira@inf.ufpel.edu.br Vinicius Camargo vvacamargo@inf.ufpel.edu.br Anderson Ferrugem apferrugem@gmail.com Renato Souza rsdsouza@inf.ufpel.edu.br Renata Reiser renata.reiser@gmail.com Felipe Marques felipem@inf.ufpel.edu.br Marcelo Porto porto@inf.ufpel.edu.br Luciana Foss lfoss@inf.ufpel.edu.br Rafael Soares rafa.isoares@gmail.com Guilherme Correa gcorrea@inf.ufpel.edu.br Mateus Nascimento mateus.msnascimento@gmail.com Adenauer Yamin adenauer@inf.ufpel.edu.br Gerson Cavalheiro gerson.cavalheiro@inf.ufpel.edu.br Leomar [&hellip;]<\/p>\n","protected":false},"author":800,"featured_media":0,"parent":31,"menu_order":0,"comment_status":"closed","ping_status":"closed","template":"","meta":{"footnotes":""},"class_list":["post-518","page","type-page","status-publish","hentry"],"_links":{"self":[{"href":"https:\/\/wp.ufpel.edu.br\/notcc\/wp-json\/wp\/v2\/pages\/518","targetHints":{"allow":["GET"]}}],"collection":[{"href":"https:\/\/wp.ufpel.edu.br\/notcc\/wp-json\/wp\/v2\/pages"}],"about":[{"href":"https:\/\/wp.ufpel.edu.br\/notcc\/wp-json\/wp\/v2\/types\/page"}],"author":[{"embeddable":true,"href":"https:\/\/wp.ufpel.edu.br\/notcc\/wp-json\/wp\/v2\/users\/800"}],"replies":[{"embeddable":true,"href":"https:\/\/wp.ufpel.edu.br\/notcc\/wp-json\/wp\/v2\/comments?post=518"}],"version-history":[{"count":3,"href":"https:\/\/wp.ufpel.edu.br\/notcc\/wp-json\/wp\/v2\/pages\/518\/revisions"}],"predecessor-version":[{"id":524,"href":"https:\/\/wp.ufpel.edu.br\/notcc\/wp-json\/wp\/v2\/pages\/518\/revisions\/524"}],"up":[{"embeddable":true,"href":"https:\/\/wp.ufpel.edu.br\/notcc\/wp-json\/wp\/v2\/pages\/31"}],"wp:attachment":[{"href":"https:\/\/wp.ufpel.edu.br\/notcc\/wp-json\/wp\/v2\/media?parent=518"}],"curies":[{"name":"wp","href":"https:\/\/api.w.org\/{rel}","templated":true}]}}