{"id":506,"date":"2017-11-03T15:21:48","date_gmt":"2017-11-03T17:21:48","guid":{"rendered":"https:\/\/wp.ufpel.edu.br\/notcc\/?page_id=506"},"modified":"2018-03-05T15:01:26","modified_gmt":"2018-03-05T18:01:26","slug":"2017_2","status":"publish","type":"page","link":"https:\/\/wp.ufpel.edu.br\/notcc\/bancas\/historico\/2017_2\/","title":{"rendered":"Bancas 2017\/2"},"content":{"rendered":"<h3>Alex Borges Braga<\/h3>\n<p><strong>Curso:<\/strong> Ci\u00eancia da Computa\u00e7\u00e3o<br \/>\n<strong>T\u00edtulo:<\/strong> Aplica\u00e7\u00e3o de Algoritmos Gen\u00e9ticos na Configura\u00e7\u00e3o dos Par\u00e2metros da T\u00e9cnica de Balanceamento de Carga PS Aplicada em RSSF<br \/>\n<strong>Banca:<\/strong><br \/>\nProf. Lisane Brisolara de Brisolara (orientador(a))<br \/>\nProf. Paulo Roberto Ferreira J\u00fanior (coorientador(a))<br \/>\nProf. Marilton Sanchotene de Aguiar<br \/>\nAndrea Veronica Gonz\u00e1lez<br \/>\n<strong>Data:<\/strong> 01\/Mar\/2018<br \/>\n<strong>Hora:<\/strong> 15:10h<br \/>\n<strong>Local:<\/strong> Sala 235, Campus Anglo<\/p>\n<hr>\n<h3>Alysson Nogueira Rodrigues<\/h3>\n<p><strong>Curso:<\/strong> Ci\u00eancia da Computa\u00e7\u00e3o<br \/>\n<strong>T\u00edtulo:<\/strong> Smartphones no monitoramento de atividade f\u00edsica conforme a m\u00e9trica MVPA de Intensidade estabelecida pela OMS<br \/>\n<strong>Banca:<\/strong><br \/>\nProf. Paulo Roberto Ferreira Jr. (orientador(a))<br \/>\nProf. Natan Feter<br \/>\nProfa. Tatiana Aires Tavares<br \/>\n<strong>Data:<\/strong> 13\/Dez\/2017<br \/>\n<strong>Hora:<\/strong> 08:30h<br \/>\n<strong>Local:<\/strong> Audit\u00f3rio Acad\u00eamico<\/p>\n<hr>\n<h3>Braz Araujo da Silva Junior<\/h3>\n<p><strong>Curso:<\/strong> Engenharia de Computa\u00e7\u00e3o<br \/>\n<strong>T\u00edtulo:<\/strong> A \u00daltima \u00c1rvore, Utilizando Gram\u00e1tica de Grafos em um Jogo Educacional para Explorar o Pensamento Computacional<br \/>\n<strong>Banca:<\/strong><br \/>\nProfa. Simone Andr\u00e9 da Costa Cavalheiro (orientador(a))<br \/>\nProfa. Luciana Foss (coorientador(a))<br \/>\nProfa. Renata Hax Sander Reiser<br \/>\nProf. Andr\u00e9 Rauber Du Bois<br \/>\n<strong>Data:<\/strong> 28\/Fev\/2018<br \/>\n<strong>Hora:<\/strong> 17:00h<br \/>\n<strong>Local:<\/strong> Sala 440 (Campus Anglo)<\/p>\n<hr>\n<h3>Bruno Pera\u00e7a Santi<\/h3>\n<p><strong>Curso:<\/strong> Ci\u00eancia da Computa\u00e7\u00e3o<br \/>\n<strong>T\u00edtulo:<\/strong> Mapeamento e Integra\u00e7\u00e3o de Dados de Contexto para Aprendizagem Ub\u00edqua<br \/>\n<strong>Banca:<\/strong><br \/>\nProfa. Ana Marilza Pernas Fleischmann (orientador(a))<br \/>\nProf. Adenauer Correa Yamin (coorientador(a))<br \/>\nProfa. Tatiana Aires Tavares<br \/>\nProf. Tiago Thompsen Primo<br \/>\n<strong>Data:<\/strong> 15\/Dez\/2017<br \/>\n<strong>Hora:<\/strong> 10:00h<br \/>\n<strong>Local:<\/strong> Audit\u00f3rio Acad\u00eamico<\/p>\n<hr>\n<h3>Eduardo Dias da Silva<\/h3>\n<p><strong>Curso:<\/strong> Ci\u00eancia da Computa\u00e7\u00e3o<br \/>\n<strong>T\u00edtulo:<\/strong> Redu\u00e7\u00e3o da Complexidade do Processo de Codifica\u00e7\u00e3o de V\u00eddeos de Conte\u00fado de Tela segundo a Extens\u00e3o Screen Content Coding (SCC) do Padr\u00e3o HEVC<br \/>\n<strong>Banca:<\/strong><br \/>\nProf. Guilherme Ribeiro Corr\u00eaa (orientador(a))<br \/>\nProf. Marcelo Schiavon Porto (coorientador(a))<br \/>\nProf. Bruno Zatt<br \/>\nProf. Daniel Munari Palomino<br \/>\n<strong>Data:<\/strong> 06\/Mar\/2018<br \/>\n<strong>Hora:<\/strong> 13:30h<br \/>\n<strong>Local:<\/strong> Laborat\u00f3rio 2<\/p>\n<hr>\n<h3>Eduardo Gomes Lemos<\/h3>\n<p><strong>Curso:<\/strong> Ci\u00eancia da Computa\u00e7\u00e3o<br \/>\n<strong>T\u00edtulo:<\/strong> Transfer\u00eancia de estilo com redes neurais convolucionais: um estudo de caso com graffiti<br \/>\n<strong>Banca:<\/strong><br \/>\nProf. Ricardo Matsumura Araujo (orientador(a))<br \/>\nLuiz Fernando Sperb Gomes (coorientador(a))<br \/>\nProf. Marilton Sanchotene de Aguiar<br \/>\nProfa. Tatiana Aires Tavares<br \/>\n<strong>Data:<\/strong> 22\/Fev\/2018<br \/>\n<strong>Hora:<\/strong> 10:30h<br \/>\n<strong>Local:<\/strong> A definir<\/p>\n<hr>\n<h3>Felipe da Silva Oliveira<\/h3>\n<p><strong>Curso:<\/strong> Ci\u00eancia da Computa\u00e7\u00e3o<br \/>\n<strong>T\u00edtulo:<\/strong> Uso de t\u00e9cnicas de aprendizado de m\u00e1quina e deep learning na otimiza\u00e7\u00e3o de consumo energ\u00e9tico e no gerenciamento de conforto t\u00e9rmico de &#8220;smart buildings&#8221;<br \/>\n<strong>Banca:<\/strong><br \/>\nProf. Anderson Priebe Ferrugem (orientador(a))<br \/>\nProf. Antonio C\u00e9sar Silveira Baptista da Silva (coorientador(a))<br \/>\nProf. Marilton Sanchotene de Aguiar<br \/>\nProfa. Juliana Al-Alam Pouey<br \/>\n<strong>Data:<\/strong> 06\/Mar\/2018<br \/>\n<strong>Hora:<\/strong> 10:00h<br \/>\n<strong>Local:<\/strong> Laborat\u00f3rio 2<\/p>\n<hr>\n<h3>Gustavo Henrique Smaniotto<\/h3>\n<p><strong>Curso:<\/strong> Engenharia de Computa\u00e7\u00e3o<br \/>\n<strong>T\u00edtulo:<\/strong> Logical and Physical Synthesis Improvements Aiming to Design Optimized Layouts Automatically<br \/>\n<strong>Banca:<\/strong><br \/>\nProf. Leomar Soares da Rosa Junior (orientador(a))<br \/>\nProf. Felipe Marques de Souza (coorientador(a))<br \/>\nProf. Adriel Mota Ziesemer Junior (coorientador(a))<br \/>\nProf. Vin\u00edcius Valduga de Almeida Camargo<br \/>\nProf. Rafael Iankowski Soares<br \/>\n<strong>Data:<\/strong> 27\/Fev\/2018<br \/>\n<strong>Hora:<\/strong> 15:10h<br \/>\n<strong>Local:<\/strong> Audit\u00f3rio Acad\u00eamico<\/p>\n<hr>\n<h3>Gustavo Lima de Magalh\u00e3es<\/h3>\n<p><strong>Curso:<\/strong> Ci\u00eancia da Computa\u00e7\u00e3o<br \/>\n<strong>T\u00edtulo:<\/strong> Dados abertos: uma revis\u00e3o te\u00f3rica<br \/>\n<strong>Banca:<\/strong><br \/>\nProf. Anderson Priebe Ferrugem (orientador(a))<br \/>\nProfa. Tatiana Tavares Aires<br \/>\nHenrique Avila Vianna<br \/>\n<strong>Data:<\/strong> 26\/Fev\/2018<br \/>\n<strong>Hora:<\/strong> 17:00h<br \/>\n<strong>Local:<\/strong> Audit\u00f3rio Acad\u00eamico<\/p>\n<hr>\n<h3>Kellerson Kurtz<\/h3>\n<p><strong>Curso:<\/strong> Ci\u00eancia da Computa\u00e7\u00e3o<br \/>\n<strong>T\u00edtulo:<\/strong> Gera\u00e7\u00e3o Autom\u00e1tica de C\u00f3digo Multiplataforma para Aplica\u00e7\u00f5es M\u00f3veis Centradas em Dados na Nuvem: Mapeamento fo Modelo UML para Tecnologias Web<br \/>\n<strong>Banca:<\/strong><br \/>\nProfa. Lisane Brisolara de Brisolara (orientador(a))<br \/>\nProf. Adenauer Correa Yamin (coorientador(a))<br \/>\nProf. Paulo Roberto Ferreira J\u00fanior<br \/>\nProf. Julio Carlos Balzano de Mattos<br \/>\n<strong>Data:<\/strong> 13\/Dez\/2017<br \/>\n<strong>Hora:<\/strong> 10:00h<br \/>\n<strong>Local:<\/strong> Audit\u00f3rio Acad\u00eamico<\/p>\n<hr>\n<h3>Mariana Esp\u00edndola Vieira<\/h3>\n<p><strong>Curso:<\/strong> Ci\u00eancia da Computa\u00e7\u00e3o<br \/>\n<strong>T\u00edtulo:<\/strong> Estudo e Desenvolvimento do Confort\u00edmetro Lotus utilizando a Plataforma Arduino<br \/>\n<strong>Banca:<\/strong><br \/>\nProf. Anderson Priebe Ferrugem (orientador(a))<br \/>\nProf. Ant\u00f4nio C\u00e9sar Silveira Baptista da Silva (coorientador(a))<br \/>\nProf. Adenauer Correa Yamin<br \/>\nProf. Rafael Iankowski Soares<br \/>\nProf. Vinicius Valduga de Almeida Camargo<br \/>\n<strong>Data:<\/strong> 13\/Dez\/2017<br \/>\n<strong>Hora:<\/strong> 17:00h<br \/>\n<strong>Local:<\/strong> Sala B427 (Lab 4)<\/p>\n<hr>\n<h3>Mateus Santos de Melo<\/h3>\n<p><strong>Curso:<\/strong> Engenharia de Computa\u00e7\u00e3o<br \/>\n<strong>T\u00edtulo:<\/strong> Filtros de Interpola\u00e7\u00e3o para a Compensa\u00e7\u00e3o de Movimento do Decodificador HEVC visando MPSoCs Heterog\u00eaneos com suporte OpenCL<br \/>\n<strong>Banca:<\/strong><br \/>\nProf. Marcelo Schiavon Porto (orientador(a))<br \/>\nProf. Bruno Zatt (coorientador(a))<br \/>\nProf. Guilherme Ribeiro Corr\u00eaa<br \/>\nProf. J\u00falio Carlos Balzano de Mattos<br \/>\n<strong>Data:<\/strong> 02\/Mar\/2018<br \/>\n<strong>Hora:<\/strong> 15:30h<br \/>\n<strong>Local:<\/strong> Audit\u00f3rio Acad\u00eamico<\/p>\n<hr>\n<h3>Murilo Roschildt Perleberg<\/h3>\n<p><strong>Curso:<\/strong> Engenharia de Computa\u00e7\u00e3o<br \/>\n<strong>T\u00edtulo:<\/strong> Projeto de Hardware Dedicado para a Etapa de Estima\u00e7\u00e3o de Movimento do Padr\u00e3o HEVC Visando o Processamento de V\u00eddeos UHD em Tempo Real<br \/>\n<strong>Banca:<\/strong><br \/>\nProf. Bruno Zatt (orientador(a))<br \/>\nProf. Vladimir Afonso (coorientador(a))<br \/>\nProf. Leomar Soares da Rosa Jr.<br \/>\nProf. Daniel Munari Palomino<br \/>\n<strong>Data:<\/strong> 05\/Mar\/2018<br \/>\n<strong>Hora:<\/strong> 13:30h<br \/>\n<strong>Local:<\/strong> Audit\u00f3rio Acad\u00eamico<\/p>\n<hr>\n<h3>Nicolas Borges da Silva<\/h3>\n<p><strong>Curso:<\/strong> Engenharia de Computa\u00e7\u00e3o<br \/>\n<strong>T\u00edtulo:<\/strong> Estudo do Consumo Energ\u00e9tico em Redes de Sensores Sem Fio Utilizando Ve\u00edculo A\u00e9reo N\u00e3o Tripulado como Coletor de Dados<br \/>\n<strong>Banca:<\/strong><br \/>\nProf. J\u00falio Carlos Balzano de Mattos (orientador(a))<br \/>\nProf. Paulo Roberto Ferreira J\u00fanior (coorientador(a))<br \/>\nProf. Rafael Iankowski Soares<br \/>\nProf. Tau\u00e3 Milech Cabreira<br \/>\n<strong>Data:<\/strong> 07\/Mar\/2018<br \/>\n<strong>Hora:<\/strong> 10:00h<br \/>\n<strong>Local:<\/strong> Laborat\u00f3rio 3<\/p>\n<hr>\n<h3>N\u00e1igon Medeiros Martins<\/h3>\n<p><strong>Curso:<\/strong> Engenharia de Computa\u00e7\u00e3o<br \/>\n<strong>T\u00edtulo:<\/strong> Desenvolvimento de uma Esta\u00e7\u00e3o Meteorol\u00f3gica Baseada na Plataforma Arduino e Avalia\u00e7\u00e3o do Consumo Energ\u00e9tico usando Diferentes M\u00f3dulos de Comunica\u00e7\u00e3o Sem Fio<br \/>\n<strong>Banca:<\/strong><br \/>\nProf. Rafael Iankowski Soares (orientador(a))<br \/>\nProf. Anderson Priebe Ferrugem<br \/>\nProf. Leomar Soares da Rosa Jr.<br \/>\n<strong>Data:<\/strong> 08\/Mar\/2018<br \/>\n<strong>Hora:<\/strong> 10:00h<br \/>\n<strong>Local:<\/strong> Lab 1<\/p>\n<hr>\n<h3>Paulo Henrique Martins<\/h3>\n<p><strong>Curso:<\/strong> Engenharia de Computa\u00e7\u00e3o<br \/>\n<strong>T\u00edtulo:<\/strong> Detec\u00e7\u00e3o e extra\u00e7\u00e3o de assinaturas de consumo de energia em arquiteturas criptogr\u00e1ficas com pipeline de execu\u00e7\u00e3o<br \/>\n<strong>Banca:<\/strong><br \/>\nProf. Rafael Iankowski Soares (orientador(a))<br \/>\nVitor Gon\u00e7alves Lima (coorientador(a))<br \/>\nProf. Marilton Sanchotene de Aguiar<br \/>\nProf. Rodrigo Nuevo Lellis<br \/>\n<strong>Data:<\/strong> 01\/Mar\/2018<br \/>\n<strong>Hora:<\/strong> 08:00h<br \/>\n<strong>Local:<\/strong> Laborat\u00f3rio 2<\/p>\n<hr>\n<h3>Pedro Lemos Ballester<\/h3>\n<p><strong>Curso:<\/strong> Ci\u00eancia da Computa\u00e7\u00e3o<br \/>\n<strong>T\u00edtulo:<\/strong> Aprendizado de Representa\u00e7\u00e3o Lateral para Redes Neurais Convolucionais<br \/>\n<strong>Banca:<\/strong><br \/>\nProf. Ricardo Matsumura Araujo (orientador(a))<br \/>\nProf. Ulisses Brisolara Corr\u00eaa (coorientador(a))<br \/>\nProf. Tiago Thompsen Primo<br \/>\nProf. Paulo Lilles Jorge Drews Junior<br \/>\n<strong>Data:<\/strong> 17\/Nov\/2017<br \/>\n<strong>Hora:<\/strong> 09:00h<br \/>\n<strong>Local:<\/strong> Sala B218<\/p>\n<hr>\n<h3>Pl\u00ednio Finkenauer Junior<\/h3>\n<p><strong>Curso:<\/strong> Engenharia de Computa\u00e7\u00e3o<br \/>\n<strong>T\u00edtulo:<\/strong> Um estudo sobre a aplica\u00e7\u00e3o de t\u00e9cnicas de clusteriza\u00e7\u00e3o para extra\u00e7\u00e3o da assinatura alvo do tra\u00e7os em ataques DPA<br \/>\n<strong>Banca:<\/strong><br \/>\nProf. Marilton Sanchotene de Aguiar (orientador(a))<br \/>\nProf. Rafael Iankowski Soares (coorientador(a))<br \/>\nProf. Tiago Thompsen Primo<br \/>\nProf. Vin\u00edcius Valduga de Almeida Camargo<br \/>\n<strong>Data:<\/strong> 22\/Fev\/2018<br \/>\n<strong>Hora:<\/strong> 13:30h<br \/>\n<strong>Local:<\/strong> Laborat\u00f3rio 4<\/p>\n<hr>\n<h3>Rodrigo Karini Leitzke<\/h3>\n<p><strong>Curso:<\/strong> Ci\u00eancia da Computa\u00e7\u00e3o<br \/>\n<strong>T\u00edtulo:<\/strong> Aplica\u00e7\u00e3o para parametriza\u00e7\u00e3o do processo de simula\u00e7\u00e3o computacional utilizando o software EnergyPlus<br \/>\n<strong>Banca:<\/strong><br \/>\nProf. Anderson Priebe Ferrugem (orientador(a))<br \/>\nProf. Eduardo Grala da Cunha (coorientador(a))<br \/>\nProfa. Tatiana Aires Tavares<br \/>\nProfa. Juliana Al-Alam Pouey<br \/>\n<strong>Data:<\/strong> 22\/Fev\/2018<br \/>\n<strong>Hora:<\/strong> 08:00h<br \/>\n<strong>Local:<\/strong> Sala 216 (Faurb)<\/p>\n<hr>\n<h3>Rodrigo Vieira Falc\u00e3o<\/h3>\n<p><strong>Curso:<\/strong> Ci\u00eancia da Computa\u00e7\u00e3o<br \/>\n<strong>T\u00edtulo:<\/strong> Aplica\u00e7\u00e3o do paralelismo via OpenMP em um programa de simula\u00e7\u00e3o de escava\u00e7\u00e3o de t\u00faneis pr\u00e9-existente<br \/>\n<strong>Banca:<\/strong><br \/>\nProf. Gerson Geraldo Homrich Cavalheiro (orientador(a))<br \/>\nProf. Eduardo Costa Couto (coorientador(a))<br \/>\nProf. Paulo Roberto Ferreira J\u00fanior<br \/>\nProf. Andr\u00e9 Rauber Du Bois<br \/>\n<strong>Data:<\/strong> 07\/Mar\/2018<br \/>\n<strong>Hora:<\/strong> 08:30h<br \/>\n<strong>Local:<\/strong> Sala 413<\/p>\n<hr>\n<h3>Rodrigo da Rosa Oliveira<\/h3>\n<p><strong>Curso:<\/strong> Ci\u00eancia da Computa\u00e7\u00e3o<br \/>\n<strong>T\u00edtulo:<\/strong> Uma Biblioteca com Suporte Multithread a Matrizes Esparsas em C++<br \/>\n<strong>Banca:<\/strong><br \/>\nProf. Gerson Geraldo Homrich Cavalheiro (orientador(a))<br \/>\nMSc. Andr\u00e9 Desessards Jardim (coorientador(a))<br \/>\nProf. Adenauer Correa Yamin<br \/>\nProf. Andr\u00e9 Rauber Du Bois<br \/>\n<strong>Data:<\/strong> 05\/Mar\/2018<br \/>\n<strong>Hora:<\/strong> 13:30h<br \/>\n<strong>Local:<\/strong> Sala 210B<\/p>\n<hr>\n<h3>Sim\u00e3o Schiller Martin<\/h3>\n<p><strong>Curso:<\/strong> Ci\u00eancia da Computa\u00e7\u00e3o<br \/>\n<strong>T\u00edtulo:<\/strong> Infer\u00eancia do metabolismo de ocupantes de uma resid\u00eancia atrav\u00e9s do uso de imagens de v\u00eddeo<br \/>\n<strong>Banca:<\/strong><br \/>\nProf. Anderson Priebe Ferrugem (orientador(a))<br \/>\nFelipe Aguiar Corr\u00eaa (coorientador(a))<br \/>\nProf. Rafael Iankowski Soares<br \/>\nProfa. Tatiana Aires Tavares<br \/>\n<strong>Data:<\/strong> 02\/Mar\/2018<br \/>\n<strong>Hora:<\/strong> 17:15h<br \/>\n<strong>Local:<\/strong> Lab 3<\/p>\n<hr>\n<h3>Vagner Artur Seibert<\/h3>\n<p><strong>Curso:<\/strong> Ci\u00eancia da Computa\u00e7\u00e3o<br \/>\n<strong>T\u00edtulo:<\/strong> Valida\u00e7\u00e3o de Sensores Usando Ci\u00eancia de Dados<br \/>\n<strong>Banca:<\/strong><br \/>\nProf. Ricardo Matsumura Ara\u00fajo (orientador(a))<br \/>\nRichard McElligott (coorientador(a))<br \/>\nNeil Glover (coorientador(a))<br \/>\nProf. Paulo R. Ferreira Jr<br \/>\nProf. Adenauer C. Yamin<br \/>\n<strong>Data:<\/strong> 22\/Fev\/2018<br \/>\n<strong>Hora:<\/strong> 15:10h<br \/>\n<strong>Local:<\/strong> Campus Anglo<\/p>\n<hr>\n","protected":false},"excerpt":{"rendered":"<p>Alex Borges Braga Curso: Ci\u00eancia da Computa\u00e7\u00e3o T\u00edtulo: Aplica\u00e7\u00e3o de Algoritmos Gen\u00e9ticos na Configura\u00e7\u00e3o dos Par\u00e2metros da T\u00e9cnica de Balanceamento de Carga PS Aplicada em RSSF Banca: Prof. Lisane Brisolara de Brisolara (orientador(a)) Prof. Paulo Roberto Ferreira J\u00fanior (coorientador(a)) Prof. Marilton Sanchotene de Aguiar Andrea Veronica Gonz\u00e1lez Data: 01\/Mar\/2018 Hora: 15:10h Local: Sala 235, Campus [&hellip;]<\/p>\n","protected":false},"author":800,"featured_media":0,"parent":84,"menu_order":0,"comment_status":"closed","ping_status":"closed","template":"","meta":{"footnotes":""},"class_list":["post-506","page","type-page","status-publish","hentry"],"_links":{"self":[{"href":"https:\/\/wp.ufpel.edu.br\/notcc\/wp-json\/wp\/v2\/pages\/506","targetHints":{"allow":["GET"]}}],"collection":[{"href":"https:\/\/wp.ufpel.edu.br\/notcc\/wp-json\/wp\/v2\/pages"}],"about":[{"href":"https:\/\/wp.ufpel.edu.br\/notcc\/wp-json\/wp\/v2\/types\/page"}],"author":[{"embeddable":true,"href":"https:\/\/wp.ufpel.edu.br\/notcc\/wp-json\/wp\/v2\/users\/800"}],"replies":[{"embeddable":true,"href":"https:\/\/wp.ufpel.edu.br\/notcc\/wp-json\/wp\/v2\/comments?post=506"}],"version-history":[{"count":24,"href":"https:\/\/wp.ufpel.edu.br\/notcc\/wp-json\/wp\/v2\/pages\/506\/revisions"}],"predecessor-version":[{"id":674,"href":"https:\/\/wp.ufpel.edu.br\/notcc\/wp-json\/wp\/v2\/pages\/506\/revisions\/674"}],"up":[{"embeddable":true,"href":"https:\/\/wp.ufpel.edu.br\/notcc\/wp-json\/wp\/v2\/pages\/84"}],"wp:attachment":[{"href":"https:\/\/wp.ufpel.edu.br\/notcc\/wp-json\/wp\/v2\/media?parent=506"}],"curies":[{"name":"wp","href":"https:\/\/api.w.org\/{rel}","templated":true}]}}