{"id":49,"date":"2016-12-02T11:34:56","date_gmt":"2016-12-02T13:34:56","guid":{"rendered":"https:\/\/wp.ufpel.edu.br\/notcc\/?page_id=49"},"modified":"2016-12-02T11:34:56","modified_gmt":"2016-12-02T13:34:56","slug":"2011_2","status":"publish","type":"page","link":"https:\/\/wp.ufpel.edu.br\/notcc\/propostas\/avaliacoes\/2011_2\/","title":{"rendered":"Propostas 2011\/2"},"content":{"rendered":"<ol class=\"fix-media-list-overlap\">\n<li class=\"level1\">\n<div class=\"li\">Cl\u00e1udia Pires, Leomar Soares Da Rosa Junior (orient) e Adriane Borda Almeida Da Silva (co-orient). <strong>Sistema Integrado UFPel em Rede<\/strong>. Professores Avaliadores: Aline Loreto, Ricardo Ara\u00fajo e Lisane Brisolara.<\/div>\n<\/li>\n<li class=\"level1\">\n<div class=\"li\">Gustavo Feijo e Maur\u00edcio Lima Pilla (orient). <strong>Ferramenta para Simula\u00e7\u00e3o e Avalia\u00e7\u00e3o de Consumo de Energia para Ambientes Pervasivos<\/strong>. Professores Avaliadores: Andr\u00e9 Du Bois, Gerson Cavalheiro, Adenauer Yamin.<\/div>\n<\/li>\n<li class=\"level1\">\n<div class=\"li\">Gustavo Gra\u00f1a Gomes Da Silva, Ricardo Araujo (orient) e Virginia Andersson (co-orient). <strong>Estudo da utiliza\u00e7\u00e3o do Kinect para Biometria<\/strong>. Professores Avaliadores: Rafael Soares, Anderson Ferrugem e Felipe Marques.<\/div>\n<\/li>\n<li class=\"level1\">\n<div class=\"li\">Lester Zimmer e Gerson Cavalheiro (orient). <strong>Esteganografia e Marca d&#8217;\u00e1gua na Propriedade intelectual<\/strong>. Professores Avaliadores: Mauricio Pilla, Renata Reiser e Ricardo Ara\u00fajo.<\/div>\n<\/li>\n<li class=\"level1\">\n<div class=\"li\">Tiago Schenkel, Ricardo Matsumura De Ara\u00fajo (orient) e Djonatan Buss (co-orient). <strong>Al\u00e9m dos filtros sociais: aprendizado de m\u00e1quina aplicado a personaliza\u00e7\u00e3o de fluxos de mensagens no Twitter<\/strong>. Professores Avaliadores: Paulo Ferreira Jr., Luciana Foss e Leomar Rosa Jr.<\/div>\n<\/li>\n<\/ol>\n","protected":false},"excerpt":{"rendered":"<p>Cl\u00e1udia Pires, Leomar Soares Da Rosa Junior (orient) e Adriane Borda Almeida Da Silva (co-orient). Sistema Integrado UFPel em Rede. Professores Avaliadores: Aline Loreto, Ricardo Ara\u00fajo e Lisane Brisolara. Gustavo Feijo e Maur\u00edcio Lima Pilla (orient). Ferramenta para Simula\u00e7\u00e3o e Avalia\u00e7\u00e3o de Consumo de Energia para Ambientes Pervasivos. Professores Avaliadores: Andr\u00e9 Du Bois, Gerson Cavalheiro, [&hellip;]<\/p>\n","protected":false},"author":657,"featured_media":0,"parent":31,"menu_order":0,"comment_status":"closed","ping_status":"closed","template":"","meta":{"footnotes":""},"class_list":["post-49","page","type-page","status-publish","hentry"],"_links":{"self":[{"href":"https:\/\/wp.ufpel.edu.br\/notcc\/wp-json\/wp\/v2\/pages\/49","targetHints":{"allow":["GET"]}}],"collection":[{"href":"https:\/\/wp.ufpel.edu.br\/notcc\/wp-json\/wp\/v2\/pages"}],"about":[{"href":"https:\/\/wp.ufpel.edu.br\/notcc\/wp-json\/wp\/v2\/types\/page"}],"author":[{"embeddable":true,"href":"https:\/\/wp.ufpel.edu.br\/notcc\/wp-json\/wp\/v2\/users\/657"}],"replies":[{"embeddable":true,"href":"https:\/\/wp.ufpel.edu.br\/notcc\/wp-json\/wp\/v2\/comments?post=49"}],"version-history":[{"count":1,"href":"https:\/\/wp.ufpel.edu.br\/notcc\/wp-json\/wp\/v2\/pages\/49\/revisions"}],"predecessor-version":[{"id":50,"href":"https:\/\/wp.ufpel.edu.br\/notcc\/wp-json\/wp\/v2\/pages\/49\/revisions\/50"}],"up":[{"embeddable":true,"href":"https:\/\/wp.ufpel.edu.br\/notcc\/wp-json\/wp\/v2\/pages\/31"}],"wp:attachment":[{"href":"https:\/\/wp.ufpel.edu.br\/notcc\/wp-json\/wp\/v2\/media?parent=49"}],"curies":[{"name":"wp","href":"https:\/\/api.w.org\/{rel}","templated":true}]}}