{"id":486,"date":"2017-08-28T11:35:50","date_gmt":"2017-08-28T14:35:50","guid":{"rendered":"https:\/\/wp.ufpel.edu.br\/notcc\/?page_id=486"},"modified":"2019-02-01T11:19:01","modified_gmt":"2019-02-01T13:19:01","slug":"2017_","status":"publish","type":"page","link":"https:\/\/wp.ufpel.edu.br\/notcc\/monografias\/acervo\/2017_\/","title":{"rendered":"Monografias 2017"},"content":{"rendered":"<h3 style=\"text-align: center\"><a href=\"https:\/\/drive.google.com\/open?id=1JKv2d2LkUSN6VeKzzj9BUZBytfSou4HY\" target=\"_blank\" rel=\"noopener\">:: Clique aqui para fazer Download \/ Click here to Download ::<\/a><\/h3>\n<ul>\n<li><em>A \u00daltima \u00c1rvore, Utilizando Gram\u00e1tica de Grafos em um Jogo Educacional para Explorar o Pensamento Computacional<\/em><br \/> por <strong>Braz Araujo da Silva Junior<\/strong><\/li>\n<li><em>An\u00e1lise de Campanhas em M\u00eddias Sociais Utilizando Aprendizado de M\u00e1quina<\/em><br \/> por <strong>Daiane Focking Andrade<\/strong><\/li>\n<li><em>Aplica\u00e7\u00e3o de Algoritmos Gen\u00e9ticos na Configura\u00e7\u00e3o dos Par\u00e2metros da T\u00e9cnica de Balanceamento de Carga PS Aplicada em RSSF<\/em><br \/> por <strong>Alex Borges Braga<\/strong><\/li>\n<li><em>Aplica\u00e7\u00e3o do paralelismo via OpenMP em um programa de simula\u00e7\u00e3o de escava\u00e7\u00e3o de t\u00faneis pr\u00e9-existente<\/em><br \/> por <strong>Rodrigo Vieira Falc\u00e3o<\/strong><\/li>\n<li><em>Aplica\u00e7\u00e3o para parametriza\u00e7\u00e3o do processo de simula\u00e7\u00e3o computacional utilizando o software EnergyPlus<\/em><br \/> por <strong>Rodrigo Karini Leitzke<\/strong><\/li>\n<li><em>Aprendizado de Representa\u00e7\u00e3o Lateral para Redes Neurais Convolucionais<\/em><br \/> por <strong>Pedro Lemos Ballester<\/strong><\/li>\n<li><em>Arquitetura multi-modo para a predi\u00e7\u00e3o Intraquadro de mapas de profundidade segundo a extens\u00e3o 3D-HEVC<\/em><br \/> por <strong>Luan Pizzamiglio Audibert<\/strong><\/li>\n<li><em>Classifica\u00e7\u00e3o de Minerais usando Imagens Digitais de L\u00e2minas Delgadas de Rocha e Aprendizado de M\u00e1quina<\/em><br \/> por <strong>Henrique Pereira Borges<\/strong><\/li>\n<li><em>Compara\u00e7\u00e3o de Diferentes Abordagens de Processamento e Transmiss\u00e3o de Dados em uma Rede de Sensores Sem Fio<\/em><br \/> por <strong>Pedro Henrique Giovanella Marchi<\/strong><\/li>\n<li><em>Controle de estabilidade de UAV utilizando o algoritmo Semi-Direct Visual Odometr<\/em><br \/> por <strong>Vinicius Signori Furlan<\/strong><\/li>\n<li><em>Dados abertos: uma revis\u00e3o te\u00f3rica<\/em><br \/> por <strong>Gustavo Lima de Magalh\u00e3es<\/strong><\/li>\n<li><em>Descoberta do perfil dos estudantes evadidos dos cursos de Computa\u00e7\u00e3o da UFPel utilizando aprendizado n\u00e3o supervisionado<\/em><br \/> por <strong>Inessa Diniz Luerce<\/strong><\/li>\n<li><em>Desenvolvimento de uma Esta\u00e7\u00e3o Meteorol\u00f3gica Baseada na Plataforma Arduino e Avalia\u00e7\u00e3o do Consumo Energ\u00e9tico usando Diferentes M\u00f3dulos de Comunica\u00e7\u00e3o Sem Fio<\/em><br \/> por <strong>N\u00e1igon Medeiros Martins<\/strong><\/li>\n<li><em>Detec\u00e7\u00e3o e extra\u00e7\u00e3o de assinaturas de consumo de energia em arquiteturas criptogr\u00e1ficas com pipeline de execu\u00e7\u00e3o<\/em><br \/> por <strong>Paulo Henrique Martins<\/strong><\/li>\n<li><em>Estudo do Consumo Energ\u00e9tico em Redes de Sensores Sem Fio Utilizando Ve\u00edculo A\u00e9reo N\u00e3o Tripulado como Coletor de Dados<\/em><br \/> por <strong>Nicolas Borges da Silva<\/strong><\/li>\n<li><em>Estudo e Desenvolvimento do Confort\u00edmetro Lotus utilizando a Plataforma Arduino<\/em><br \/> por <strong>Mariana Esp\u00edndola Vieira<\/strong><\/li>\n<li><em>ExMOD-GM: Extension for Measurement Operations on the D-GM Enviromment<\/em><br \/> por <strong>Julio Machado da Silveira Neto<\/strong><\/li>\n<li><em>Filtros de Interpola\u00e7\u00e3o para a Compensa\u00e7\u00e3o de Movimento do Decodificador HEVC visando MPSoCs Heterog\u00eaneos com suporte OpenCL<\/em><br \/> por <strong>Mateus Santos de Melo<\/strong><\/li>\n<li><em>Gera\u00e7\u00e3o Autom\u00e1tica de C\u00f3digo Multiplataforma para Aplica\u00e7\u00f5es M\u00f3veis Centradas em Dados na Nuvem: Mapeamento fo Modelo UML para Tecnologias Web<\/em><br \/> por <strong>Kellerson Kurtz<\/strong><\/li>\n<li><em>Infer\u00eancia do metabolismo de ocupantes de uma resid\u00eancia atrav\u00e9s do uso de imagens de v\u00eddeo<\/em><br \/> por <strong>Sim\u00e3o Schiller Martin<\/strong><\/li>\n<li><em>LogiCs: ensino de L\u00f3gica para crian\u00e7as<\/em><br \/> por <strong>Wine dos Santos Silva<\/strong><\/li>\n<li><em>Logical and Physical Synthesis Improvements Aiming to Design Optimized Layouts Automatically<\/em><br \/> por <strong>Gustavo Henrique Smaniotto<\/strong><\/li>\n<li><em>Mapeamento e Integra\u00e7\u00e3o de Dados de Contexto para Aprendizagem Ub\u00edqua<\/em><br \/> por <strong>Bruno Pera\u00e7a Santi<\/strong><\/li>\n<li><em>Observat\u00f3rio Cuidativo Virtual: Uma ferramenta no aux\u00edlio ao desenvolvimento do bem-estar e da resili\u00eancia entre cuidadores familiares<\/em><br \/> por <strong>Leandro Bresciani das Neves<\/strong><\/li>\n<li><em>Projeto de Hardware Dedicado para a Etapa de Estima\u00e7\u00e3o de Movimento do Padr\u00e3o HEVC Visando o Processamento de V\u00eddeos UHD em Tempo Real<\/em><br \/> por <strong>Murilo Roschildt Perleberg<\/strong><\/li>\n<li><em>Recomenda\u00e7\u00e3o e Agrupamento de Pesquisadores em Grupos de Pesquisa<\/em><br \/> por <strong>Andr\u00e9 Daniel Hemb Alba<\/strong><\/li>\n<li><em>Redu\u00e7\u00e3o da Complexidade do Processo de Codifica\u00e7\u00e3o de V\u00eddeos de Conte\u00fado de Tela segundo a Extens\u00e3o Screen Content Coding (SCC) do Padr\u00e3o HEVC<\/em><br \/> por <strong>Eduardo Dias da Silva<\/strong><\/li>\n<li><em>SB-FOG: Uma Proposta para o Servidor de Borda do Middleware EXEHDA Direcionada ao Fog Computing<\/em><br \/> por <strong>Leonardo da Rosa Silveira Jo\u00e3o<\/strong><\/li>\n<li><em>Sistema de Planejamento de Rotas para Futebol de Rob\u00f4s da liga Very Small Size usando Deep Learning<\/em><br \/> por <strong>Giovani de Quadros Rodrigues<\/strong><\/li>\n<li><em>Smartphones no monitoramento de atividade f\u00edsica conforme a m\u00e9trica MVPA de Intensidade estabelecida pela OMS<\/em><br \/> por <strong>Alysson Nogueira Rodrigues<\/strong><\/li>\n<li><em>Transfer\u00eancia de estilo com redes neurais convolucionais: um estudo de caso com graffiti<\/em><br \/> por <strong>Eduardo Gomes Lemos<\/strong><\/li>\n<li><em>Um Jogo S\u00e9rio utilizando Interface Natural como Tecnologia Assistiva para Portadores de Mal de Parkinson<\/em><br \/> por <strong>Simone Drawanz Rutz<\/strong><\/li>\n<li><em>Um estudo sobre a aplica\u00e7\u00e3o de t\u00e9cnicas de clusteriza\u00e7\u00e3o para extra\u00e7\u00e3o da assinatura alvo do tra\u00e7os em ataques DPA<\/em><br \/> por <strong>Pl\u00ednio Finkenauer Junior<\/strong><\/li>\n<li><em>Uma Biblioteca com Suporte Multithread a Matrizes Esparsas em C++<\/em><br \/> por <strong>Rodrigo da Rosa Oliveira<\/strong><\/li>\n<li><em>Uma abordagem baseada em heur\u00edsticas para a redu\u00e7\u00e3o do custo total em esta\u00e7\u00f5es de bombeamento em lavouras de arroz<\/em><br \/> por <strong>Matheus Jos\u00e9 Krumenauer Weber<\/strong><\/li>\n<li><em>Usando Redes Neurais Artificiais para identificar o tipo de vestimenta utilizada por uma pessoa e estimar sua resist\u00eancia t\u00e9rmica<\/em><br \/> por <strong>Maur\u00edcio Estivalet Peske<\/strong><\/li>\n<li><em>Uso de t\u00e9cnicas de aprendizado de m\u00e1quina e deep learning na otimiza\u00e7\u00e3o de consumo energ\u00e9tico e no gerenciamento de conforto t\u00e9rmico de &#8220;smart buildings&#8221;<\/em><br \/> por <strong>Felipe da Silva Oliveira<\/strong><\/li>\n<li><em>Utiliza\u00e7\u00e3o de m\u00e9tricas de an\u00e1lise de redes sociais em f\u00f3runs para a identifica\u00e7\u00e3o de alunos em risco em cursos a dist\u00e2ncia<\/em><br \/> por <strong>Henrique Lemos dos Santos<\/strong><\/li>\n<li><em>Valida\u00e7\u00e3o de Sensores Usando Ci\u00eancia de Dados<\/em><br \/> por <strong>Vagner Artur Seibert<\/strong><\/li>\n<\/ul>\n","protected":false},"excerpt":{"rendered":"<p>:: Clique aqui para fazer Download \/ Click here to Download :: A \u00daltima \u00c1rvore, Utilizando Gram\u00e1tica de Grafos em um Jogo Educacional para Explorar o Pensamento Computacional por Braz Araujo da Silva Junior An\u00e1lise de Campanhas em M\u00eddias Sociais Utilizando Aprendizado de M\u00e1quina por Daiane Focking Andrade Aplica\u00e7\u00e3o de Algoritmos Gen\u00e9ticos na Configura\u00e7\u00e3o dos [&hellip;]<\/p>\n","protected":false},"author":657,"featured_media":0,"parent":143,"menu_order":0,"comment_status":"closed","ping_status":"closed","template":"","meta":{"footnotes":""},"class_list":["post-486","page","type-page","status-publish","hentry"],"_links":{"self":[{"href":"https:\/\/wp.ufpel.edu.br\/notcc\/wp-json\/wp\/v2\/pages\/486","targetHints":{"allow":["GET"]}}],"collection":[{"href":"https:\/\/wp.ufpel.edu.br\/notcc\/wp-json\/wp\/v2\/pages"}],"about":[{"href":"https:\/\/wp.ufpel.edu.br\/notcc\/wp-json\/wp\/v2\/types\/page"}],"author":[{"embeddable":true,"href":"https:\/\/wp.ufpel.edu.br\/notcc\/wp-json\/wp\/v2\/users\/657"}],"replies":[{"embeddable":true,"href":"https:\/\/wp.ufpel.edu.br\/notcc\/wp-json\/wp\/v2\/comments?post=486"}],"version-history":[{"count":6,"href":"https:\/\/wp.ufpel.edu.br\/notcc\/wp-json\/wp\/v2\/pages\/486\/revisions"}],"predecessor-version":[{"id":839,"href":"https:\/\/wp.ufpel.edu.br\/notcc\/wp-json\/wp\/v2\/pages\/486\/revisions\/839"}],"up":[{"embeddable":true,"href":"https:\/\/wp.ufpel.edu.br\/notcc\/wp-json\/wp\/v2\/pages\/143"}],"wp:attachment":[{"href":"https:\/\/wp.ufpel.edu.br\/notcc\/wp-json\/wp\/v2\/media?parent=486"}],"curies":[{"name":"wp","href":"https:\/\/api.w.org\/{rel}","templated":true}]}}