{"id":46,"date":"2016-12-02T11:33:57","date_gmt":"2016-12-02T13:33:57","guid":{"rendered":"https:\/\/wp.ufpel.edu.br\/notcc\/?page_id=46"},"modified":"2016-12-02T11:33:57","modified_gmt":"2016-12-02T13:33:57","slug":"2011_1","status":"publish","type":"page","link":"https:\/\/wp.ufpel.edu.br\/notcc\/propostas\/avaliacoes\/2011_1\/","title":{"rendered":"Propostas 2011\/1"},"content":{"rendered":"<ul class=\"fix-media-list-overlap\">\n<li class=\"level1\">\n<div class=\"li\">Deives Mesquita Kist, Gerson Cavalheiro (orient.). <strong>Desenvolvimento e valida\u00e7\u00e3o de uma metodologia para extra\u00e7\u00e3o de atributos de forma em imagens<\/strong>.<br \/>\nAvaliadores: Ricardo Matsumura de Ara\u00fajo, Paulo Roberto Ferreira Jr. e Anderson Priebe Ferrugem.<\/div>\n<\/li>\n<li class=\"level1\">\n<div class=\"li\">Guilherme Paniz Patzer, J\u00falio Carlos Balzano De Mattos (orient.), Lisane Brisolara De Brisolara (co-orient.). <strong>An\u00e1lise de Desempenho de Sistemas Operacionais Embarcados<\/strong>.<br \/>\nAvaliadores: Mauricio Lima Pilla, Felipe de Souza Marques e Rafael Iankowski Soares.<\/div>\n<\/li>\n<li class=\"level1\">\n<div class=\"li\">Luisa Dal Molin, Gerson Cavalheiro (orient.), Adenauer Yamin (co-orient.). <strong>Fus\u00e3o de Dados na Aloca\u00e7\u00e3o de Recursos na Computa\u00e7\u00e3o em Grade<\/strong>.<br \/>\nAvaliadores: Andr\u00e9 Rauber Du Bois, Lisane Brisolara de Brisolara e Julio Carlos Balzano de Mattos.<\/div>\n<\/li>\n<li class=\"level1\">\n<div class=\"li\">Marco Beckmann, Lisane Brisolara (orient.), Julio Mattos (co-orient.). <strong>Desenvolvimento de software embarcado otimizado para plataformas ARM<\/strong>.<br \/>\nAvaliadores: Luciana Foss, Leomar Soares da Rosa Jr e Luciano Volcan Agostini.<\/div>\n<\/li>\n<li class=\"level1\">\n<div class=\"li\">Matheus Nachtigall, Maur\u00edcio Pilla (orient.). <strong>Perfis de consumo e desempenho para aplica\u00e7\u00f5es multim\u00eddia<\/strong>.<br \/>\nAvaliadores: Gerson Cavalheiro, Juliano Lucas Gon\u00e7alves e Renata Hax Sander Reiser.<\/div>\n<\/li>\n<li class=\"level1\">\n<div class=\"li\">Vinicius Maciel Silva, Ricardo Ara\u00fajo (orient.). <strong>An\u00e1lise de sentimento coletivo presente em mensagens do Twitter para a previs\u00e3o de \u00edndices do mercado de a\u00e7\u00f5es<\/strong>.<br \/>\nAvaliadores: Simone Andr\u00e9 da Costa Cavalheiro, Cassio Soares Carvalho e Aline Brum Loreto.<\/div>\n<\/li>\n<\/ul>\n","protected":false},"excerpt":{"rendered":"<p>Deives Mesquita Kist, Gerson Cavalheiro (orient.). Desenvolvimento e valida\u00e7\u00e3o de uma metodologia para extra\u00e7\u00e3o de atributos de forma em imagens. Avaliadores: Ricardo Matsumura de Ara\u00fajo, Paulo Roberto Ferreira Jr. e Anderson Priebe Ferrugem. Guilherme Paniz Patzer, J\u00falio Carlos Balzano De Mattos (orient.), Lisane Brisolara De Brisolara (co-orient.). An\u00e1lise de Desempenho de Sistemas Operacionais Embarcados. Avaliadores: [&hellip;]<\/p>\n","protected":false},"author":657,"featured_media":0,"parent":31,"menu_order":0,"comment_status":"closed","ping_status":"closed","template":"","meta":{"footnotes":""},"class_list":["post-46","page","type-page","status-publish","hentry"],"_links":{"self":[{"href":"https:\/\/wp.ufpel.edu.br\/notcc\/wp-json\/wp\/v2\/pages\/46","targetHints":{"allow":["GET"]}}],"collection":[{"href":"https:\/\/wp.ufpel.edu.br\/notcc\/wp-json\/wp\/v2\/pages"}],"about":[{"href":"https:\/\/wp.ufpel.edu.br\/notcc\/wp-json\/wp\/v2\/types\/page"}],"author":[{"embeddable":true,"href":"https:\/\/wp.ufpel.edu.br\/notcc\/wp-json\/wp\/v2\/users\/657"}],"replies":[{"embeddable":true,"href":"https:\/\/wp.ufpel.edu.br\/notcc\/wp-json\/wp\/v2\/comments?post=46"}],"version-history":[{"count":1,"href":"https:\/\/wp.ufpel.edu.br\/notcc\/wp-json\/wp\/v2\/pages\/46\/revisions"}],"predecessor-version":[{"id":47,"href":"https:\/\/wp.ufpel.edu.br\/notcc\/wp-json\/wp\/v2\/pages\/46\/revisions\/47"}],"up":[{"embeddable":true,"href":"https:\/\/wp.ufpel.edu.br\/notcc\/wp-json\/wp\/v2\/pages\/31"}],"wp:attachment":[{"href":"https:\/\/wp.ufpel.edu.br\/notcc\/wp-json\/wp\/v2\/media?parent=46"}],"curies":[{"name":"wp","href":"https:\/\/api.w.org\/{rel}","templated":true}]}}