{"id":43,"date":"2016-12-02T11:32:55","date_gmt":"2016-12-02T13:32:55","guid":{"rendered":"https:\/\/wp.ufpel.edu.br\/notcc\/?page_id=43"},"modified":"2016-12-02T11:32:55","modified_gmt":"2016-12-02T13:32:55","slug":"2010_2","status":"publish","type":"page","link":"https:\/\/wp.ufpel.edu.br\/notcc\/propostas\/avaliacoes\/2010_2\/","title":{"rendered":"Propostas 2010\/2"},"content":{"rendered":"<ol class=\"fix-media-list-overlap\">\n<li class=\"level1\">\n<div class=\"li\"><strong>Alice Finger, Aline Loreto (orient.) e Marilton Aguiar (co-orient.).<\/strong><br \/>\n<em>Simula\u00e7\u00f5es Num\u00e9rica e Gr\u00e1fica de Enchentes do Sul do RS.<\/em><br \/>\nAvaliadores: Paulo Roberto Ferreira Jr., Maur\u00edcio Braga de Paula e Andr\u00e9 Luis Andrejew Ferreira.<\/div>\n<\/li>\n<li class=\"level1\">\n<div class=\"li\"><strong>Tiago Schenkel e Paulo Roberto Ferreira J\u00fanior (orient.).<\/strong><br \/>\n<em>Desenvolvimento para Quadric\u00f3ptero: <abbr title=\"\">API<\/abbr> e Simulador Virtual.<\/em><br \/>\nAvaliadores: Ricardo Matsumura de Ara\u00fajo, Lisane Brisolara de Brisolara e Carlos Hennig.<\/div>\n<\/li>\n<li class=\"level1\">\n<div class=\"li\"><strong>Gustavo Feijo e Lisane Brisolara (orient.).<\/strong><br \/>\n<em>Transforma\u00e7\u00e3o de Modelos para Automatizar o Projeto de Software Embarcado.<\/em><br \/>\nAvaliadores: Profs. M\u00e1rcio Kreutz, Luciana Foss e Julio Carlos Balzano de Mattos.<\/div>\n<\/li>\n<\/ol>\n","protected":false},"excerpt":{"rendered":"<p>Alice Finger, Aline Loreto (orient.) e Marilton Aguiar (co-orient.). Simula\u00e7\u00f5es Num\u00e9rica e Gr\u00e1fica de Enchentes do Sul do RS. Avaliadores: Paulo Roberto Ferreira Jr., Maur\u00edcio Braga de Paula e Andr\u00e9 Luis Andrejew Ferreira. Tiago Schenkel e Paulo Roberto Ferreira J\u00fanior (orient.). Desenvolvimento para Quadric\u00f3ptero: API e Simulador Virtual. Avaliadores: Ricardo Matsumura de Ara\u00fajo, Lisane Brisolara [&hellip;]<\/p>\n","protected":false},"author":657,"featured_media":0,"parent":31,"menu_order":0,"comment_status":"closed","ping_status":"closed","template":"","meta":{"footnotes":""},"class_list":["post-43","page","type-page","status-publish","hentry"],"_links":{"self":[{"href":"https:\/\/wp.ufpel.edu.br\/notcc\/wp-json\/wp\/v2\/pages\/43","targetHints":{"allow":["GET"]}}],"collection":[{"href":"https:\/\/wp.ufpel.edu.br\/notcc\/wp-json\/wp\/v2\/pages"}],"about":[{"href":"https:\/\/wp.ufpel.edu.br\/notcc\/wp-json\/wp\/v2\/types\/page"}],"author":[{"embeddable":true,"href":"https:\/\/wp.ufpel.edu.br\/notcc\/wp-json\/wp\/v2\/users\/657"}],"replies":[{"embeddable":true,"href":"https:\/\/wp.ufpel.edu.br\/notcc\/wp-json\/wp\/v2\/comments?post=43"}],"version-history":[{"count":1,"href":"https:\/\/wp.ufpel.edu.br\/notcc\/wp-json\/wp\/v2\/pages\/43\/revisions"}],"predecessor-version":[{"id":44,"href":"https:\/\/wp.ufpel.edu.br\/notcc\/wp-json\/wp\/v2\/pages\/43\/revisions\/44"}],"up":[{"embeddable":true,"href":"https:\/\/wp.ufpel.edu.br\/notcc\/wp-json\/wp\/v2\/pages\/31"}],"wp:attachment":[{"href":"https:\/\/wp.ufpel.edu.br\/notcc\/wp-json\/wp\/v2\/media?parent=43"}],"curies":[{"name":"wp","href":"https:\/\/api.w.org\/{rel}","templated":true}]}}