{"id":417,"date":"2017-06-20T09:23:37","date_gmt":"2017-06-20T12:23:37","guid":{"rendered":"https:\/\/wp.ufpel.edu.br\/notcc\/?page_id=417"},"modified":"2017-06-20T09:26:29","modified_gmt":"2017-06-20T12:26:29","slug":"2017_1","status":"publish","type":"page","link":"https:\/\/wp.ufpel.edu.br\/notcc\/propostas\/avaliacoes\/2017_1\/","title":{"rendered":"Propostas 2017\/1"},"content":{"rendered":"<h2 id=\"avaliadores\" class=\"sectionedit5 page-header\">Avaliadores<\/h2>\n<table id=\"ec:table1\" class=\"ct_table\" style=\"width: 492px;height: 574px\" cellspacing=\"0\" cellpadding=\"0\">\n<thead>\n<tr>\n<th>Nome<\/th>\n<th class=\"sort_both\">\n<div style=\"padding-bottom: 10pt\">Sobrenome<\/div>\n<\/th>\n<th>e-mail<\/th>\n<\/tr>\n<\/thead>\n<tbody>\n<tr id=\"row24\" class=\"green\">\n<td>Adenauer<\/td>\n<td>Yamin<\/td>\n<td>adenauer@inf.ufpel.edu.br<\/td>\n<\/tr>\n<tr id=\"row35\" class=\"green\">\n<td>Bruno<\/td>\n<td>Zatt<\/td>\n<td>zatt@inf.ufpel.edu.br<\/td>\n<\/tr>\n<tr id=\"row46\" class=\"green\">\n<td>Tatiana<\/td>\n<td>Tavares<\/td>\n<td>tatianaires@gmail.com<\/td>\n<\/tr>\n<tr id=\"row57\" class=\"green\">\n<td>Renata<\/td>\n<td>Reiser<\/td>\n<td>renata.reiser@gmail.com<\/td>\n<\/tr>\n<tr id=\"row68\" class=\"green\">\n<td>Mauricio<\/td>\n<td>Pilla<\/td>\n<td>pilla@inf.ufpel.edu.br<\/td>\n<\/tr>\n<tr id=\"row79\" class=\"green\">\n<td>Leomar<\/td>\n<td>Rosa Jr<\/td>\n<td>leomarjr@inf.ufpel.edu.br<\/td>\n<\/tr>\n<tr id=\"row90\" class=\"green\">\n<td>Mateus<\/td>\n<td>Nascimento<\/td>\n<td>mateus.msnascimento@gmail.com<\/td>\n<\/tr>\n<tr id=\"row101\" class=\"green\">\n<td>Rafael<\/td>\n<td>Torchelsen<\/td>\n<td>rafael.torchelsen@gmail.com<\/td>\n<\/tr>\n<tr id=\"row112\" class=\"green\">\n<td>Luciano<\/td>\n<td>Agostini<\/td>\n<td>agostini@inf.ufpel.edu.br<\/td>\n<\/tr>\n<tr id=\"row123\" class=\"green\">\n<td>Cristian<\/td>\n<td>Cechinel<\/td>\n<td>contato@cristiancechinel.pro.br<\/td>\n<\/tr>\n<tr id=\"row134\" class=\"green\">\n<td>Anderson<\/td>\n<td>Ferrugem<\/td>\n<td>apferrugem@gmail.com<\/td>\n<\/tr>\n<tr id=\"row145\" class=\"green\">\n<td>Andre<\/td>\n<td>Du Bois<\/td>\n<td>dubois@inf.ufpel.edu.br<\/td>\n<\/tr>\n<tr id=\"row156\" class=\"green\">\n<td>Marcelo<\/td>\n<td>Porto<\/td>\n<td>porto@inf.ufpel.edu.br<\/td>\n<\/tr>\n<tr id=\"row167\" class=\"green\">\n<td>Lisane<\/td>\n<td>Brisolara<\/td>\n<td>lisane@gmail.com<\/td>\n<\/tr>\n<tr id=\"row178\" class=\"green\">\n<td>Luciana<\/td>\n<td>Foss<\/td>\n<td>lfoss@inf.ufpel.edu.br<\/td>\n<\/tr>\n<tr id=\"row189\" class=\"green\">\n<td>Ricardo<\/td>\n<td>Araujo<\/td>\n<td>ricardo.araujo@gmail.com<\/td>\n<\/tr>\n<tr id=\"row200\" class=\"green\">\n<td>Paulo<\/td>\n<td>Ferreira Jr.<\/td>\n<td>paulo.ferreira.jr@gmail.com<\/td>\n<\/tr>\n<tr id=\"row211\" class=\"green\">\n<td>Matheus<\/td>\n<td>Nachtigall<\/td>\n<td>matheustche@gmail.com<\/td>\n<\/tr>\n<tr id=\"row222\" class=\"green\">\n<td>Julia<\/td>\n<td>Vieira<\/td>\n<td>jkvieira@inf.ufpel.edu.br<\/td>\n<\/tr>\n<tr id=\"row233\" class=\"green\">\n<td>Rafael<\/td>\n<td>Soares<\/td>\n<td>rafa.isoares@gmail.com<\/td>\n<\/tr>\n<tr id=\"row244\" class=\"green\">\n<td>Felipe<\/td>\n<td>Marques<\/td>\n<td>felipem@inf.ufpel.edu.br<\/td>\n<\/tr>\n<tr id=\"row255\" class=\"green\">\n<td>Guilherme<\/td>\n<td>Correa<\/td>\n<td>gcorrea@inf.ufpel.edu.br<\/td>\n<\/tr>\n<tr id=\"row266\" class=\"blue\">\n<td>Marilton<\/td>\n<td>Sanchotene de Aguiar<\/td>\n<td>marilton@inf.ufpel.edu.br<\/td>\n<\/tr>\n<tr id=\"row277\" class=\"green\">\n<td>Gerson<\/td>\n<td>Cavalheiro<\/td>\n<td>gerson.cavalheiro@inf.ufpel.edu.br<\/td>\n<\/tr>\n<tr id=\"row288\" class=\"green\">\n<td>Ana<\/td>\n<td>Pernas<\/td>\n<td>anamarilza@gmail.com<\/td>\n<\/tr>\n<tr id=\"row299\" class=\"green\">\n<td>Alex<\/td>\n<td>Borges<\/td>\n<td>amborges@inf.ufpel.edu.br<\/td>\n<\/tr>\n<tr id=\"row310\" class=\"green\">\n<td>Simone<\/td>\n<td>Costa<\/td>\n<td>simone.costa@gmail.com<\/td>\n<\/tr>\n<tr id=\"row321\" class=\"green\">\n<td>Vin\u00edcius<\/td>\n<td>Valduga de Almeida Camargo<\/td>\n<td>vvacamargo@inf.ufpel.edu.br<\/td>\n<\/tr>\n<tr id=\"row332\" class=\"green\">\n<td>Julio<\/td>\n<td>Mattos<\/td>\n<td>julio.c.b.mattos@gmail.com<\/td>\n<\/tr>\n<tr id=\"row343\" class=\"green\">\n<td>Eliane<\/td>\n<td>Diniz<\/td>\n<td>eliane@ufpel.edu.br<\/td>\n<\/tr>\n<\/tbody>\n<\/table>\n<h2 id=\"propostas\" class=\"sectionedit6 page-header\">Propostas<\/h2>\n<div class=\"level2\">\n<table id=\"ec:table1\" class=\"ct_table\" style=\"clear: right\" cellspacing=\"0\" cellpadding=\"0\">\n<thead>\n<tr>\n<th>#<\/th>\n<th>Submission<\/th>\n<th>(Update review)<br \/>\nPC member<\/th>\n<\/tr>\n<\/thead>\n<tbody>\n<tr id=\"row11\" class=\"blue\">\n<td class=\"right\">1<\/td>\n<td>Gustavo Smaniotto, Leomar Rosa Jr and Felipe S. Marques. <i>Otimizac\u0327a\u0303o<br \/>\nna Si\u0301ntese Logica e Fisica Visando a Gera\u00e7\u00e3o Automa\u0301tica de Leiautes<br \/>\npara Circuitos Integrados VLSI<\/i><\/td>\n<td>Valduga de Almeida Camargo<br \/>\nVieira<br \/>\nPorto<\/td>\n<\/tr>\n<tr id=\"row20\" class=\"blue\">\n<td class=\"right\">2<\/td>\n<td>Rodrigo Oliveira and Gerson Cavalheiro. <i>Uma Biblioteca<br \/>\ncom Suporte Multithread a Matrizes Esparsas em C++<\/i><\/td>\n<td>Pilla<br \/>\nTorchelsen<br \/>\nNascimento<\/td>\n<\/tr>\n<tr id=\"row29\" class=\"blue\">\n<td class=\"right\">3<\/td>\n<td>Tiago Nunes Conde, Guilherme Ribeiro Corr\u00eaa and Eduardo<br \/>\nMaronas Monks. <i>Compara\u00e7\u00e3o de Desempenho das Regras de Firewall<br \/>\nentre Iptables e Nftables Aplicado na Rede UFPel<\/i><\/td>\n<td>Du Bois<br \/>\nFerrugem<br \/>\nNascimento<\/td>\n<\/tr>\n<tr id=\"row38\" class=\"blue\">\n<td class=\"right\">4<\/td>\n<td>Lucas Rocha and Rafael Soares. <i>Estudo de caso da T\u00e9cnica<br \/>\nde Dessincroniza\u00e7\u00e3o com a Arquitetura MIPS Pipeline<\/i><\/td>\n<td>Brisolara<br \/>\nPorto<br \/>\nZatt<\/td>\n<\/tr>\n<tr id=\"row47\" class=\"blue\">\n<td class=\"right\">5<\/td>\n<td>\u00c2ndrea Garcez, Marilton Aguiar and Tiago Collares. <i>Classifica\u00e7\u00e3o<br \/>\nde imagens microsc\u00f3picas de motilidade esperm\u00e1tica utilizando<br \/>\naprendizado de m\u00e1quina<\/i><\/td>\n<td>Borges<br \/>\nFerreira Jr.<br \/>\nPorto<\/td>\n<\/tr>\n<tr id=\"row56\" class=\"blue\">\n<td class=\"right\">6<\/td>\n<td>\u00c2ndrio Ferreira de Ara\u00fajo Campos and Anderson Priebe<br \/>\nFerrugem. <i>Chatterbot de acesso a informa\u00e7\u00e3o de procedimentos<br \/>\ndiscentes na UFPel atrav\u00e9s de m\u00eddias sociais<\/i><\/td>\n<td>Araujo<br \/>\nNascimento<\/td>\n<\/tr>\n<tr id=\"row65\" class=\"blue\">\n<td class=\"right\">7<\/td>\n<td>Eduardo Lemos and Ricardo Araujo. <i>Transfer\u00eancia de estilo<br \/>\ncom redes neurais convolucionais: um estudo de caso com graffiti<\/i><\/td>\n<td>Correa<br \/>\nBrisolara<br \/>\nAgostini<\/td>\n<\/tr>\n<tr id=\"row74\" class=\"blue\">\n<td class=\"right\">8<\/td>\n<td>Rodrigo Leitzke, Anderson Ferrugem and Eduardo Cunha. <i>Aplica\u00e7\u00e3o<br \/>\npara parametriza\u00e7\u00e3o do processo de simula\u00e7\u00e3o computacional utilizando o<br \/>\nsoftware EnergyPlus<\/i><\/td>\n<td>Pilla<br \/>\nDu Bois<br \/>\nReiser<\/td>\n<\/tr>\n<tr id=\"row83\" class=\"blue\">\n<td class=\"right\">9<\/td>\n<td>Eduardo Xavier, Luciana Foss and Tatiana Tavares. <i>Analise<br \/>\nde ferramentas para o ensino do pensamento computacional no ensino<br \/>\nfundamental.<\/i><\/td>\n<td>Costa<br \/>\nPernas<br \/>\nCechinel<\/td>\n<\/tr>\n<tr id=\"row92\" class=\"blue\">\n<td class=\"right\">10<\/td>\n<td>Anderson Silveira Cardoso and Tatiana Aires Tavares. <i>Desenvolvimento<br \/>\nde uma aplica\u00e7\u00e3o de Realidade Aumentada para promover o interesse do<br \/>\np\u00fablico infantil as visita\u00e7\u00f5es do museu de Ci\u00eancias naturais Carlos<br \/>\nRitter.<\/i><\/td>\n<td>Foss<br \/>\nRosa Jr<br \/>\nYamin<\/td>\n<\/tr>\n<tr id=\"row101\" class=\"blue\">\n<td class=\"right\">11<\/td>\n<td>Hemerton Joaquim Buffon, Rafael Iankowski Soares and Vitor<br \/>\nGon\u00e7alves de Lima. <i>Investiga\u00e7\u00e3o de Estrat\u00e9gias de Dimensionamento<br \/>\nde Portas L\u00f3gicas para Circuitos Robustos a Ataques DPA<\/i><\/td>\n<td>Valduga de Almeida Camargo<br \/>\nMarques<br \/>\nRosa Jr<\/td>\n<\/tr>\n<tr id=\"row110\" class=\"blue\">\n<td class=\"right\">12<\/td>\n<td>Kellerson Kurtz, Lisane Brisolara and Adenauer Yamin. <i>Abordagem<br \/>\npara Modelagem e Gera\u00e7\u00e3o Autom\u00e1tica de C\u00f3digo para Aplica\u00e7\u00f5es M\u00f3veis<br \/>\nWeb Centradas em Dados Suportando Paradigma de Computa\u00e7\u00e3o em Nuvem<\/i><\/td>\n<td>Cavalheiro<br \/>\nPernas<br \/>\nFerreira Jr.<\/td>\n<\/tr>\n<tr id=\"row119\" class=\"blue\">\n<td class=\"right\">13<\/td>\n<td>Pl\u00ednio Finkenauer, Marilton Aguiar and Rafael Soares. <i>Estudo<br \/>\nda viabilidade de aplica\u00e7\u00e3o de t\u00e9cnicas de aprendizado de m\u00e1quina para<br \/>\nextra\u00e7\u00e3o da assinatura alvo do tra\u00e7o em ataques SCA<\/i><\/td>\n<td>Cavalheiro<br \/>\nBrisolara<br \/>\nFerreira Jr.<\/td>\n<\/tr>\n<tr id=\"row128\" class=\"blue\">\n<td class=\"right\">14<\/td>\n<td>Braz Araujo Da Silva Junior, Simone Andr\u00e9 Da Costa Cavalheiro<br \/>\nand Luciana Foss. <i>A \u00daltima \u00c1rvore, Utilizando Gram\u00e1tica de Grafos<br \/>\nem um Jogo Educacional para Explorar o Pensamento Computacional<\/i><\/td>\n<td>Vieira<br \/>\nCechinel<br \/>\nTavares<\/td>\n<\/tr>\n<tr id=\"row137\" class=\"blue\">\n<td class=\"right\">15<\/td>\n<td>Gabriel Maciel and Anderson Ferrugem. <i>Uso de realidade<br \/>\nvirtual para gameterapia de portadores do transtorno do espectro autista<\/i><\/td>\n<td>Torchelsen<br \/>\nTavares<\/td>\n<\/tr>\n<tr id=\"row146\" class=\"blue\">\n<td class=\"right\">16<\/td>\n<td>Gustavo Magalhaes and Anderson Ferrugem. <i>Problematiza\u00e7\u00e3o<br \/>\nda implanta\u00e7\u00e3o de dados na Universidade Federal de Pelotas<\/i><\/td>\n<td>Nachtigall<br \/>\nTavares<\/td>\n<\/tr>\n<tr id=\"row155\" class=\"blue\">\n<td class=\"right\">17<\/td>\n<td>Marcelo V. Zschornack and Anderson Ferrugem. <i>Sports<br \/>\nAnalytics e Minera\u00e7\u00e3o de dados: M\u00e9tricas para avalia\u00e7\u00e3o de desempenho<br \/>\nno futebol atrav\u00e9s de grafos.<\/i><\/td>\n<td>Nachtigall<br \/>\nVieira<br \/>\nAraujo<\/td>\n<\/tr>\n<tr id=\"row164\" class=\"blue\">\n<td class=\"right\">18<\/td>\n<td>Murilo Perleberg, Bruno Zatt and Vladimir Afonso. <i>Projeto<br \/>\nde Hardware Dedicado para a Etapa de Estima\u00e7\u00e3o de Movimento do Padr\u00e3o<br \/>\nHEVC Visando o Processamento de V\u00eddeos UHD em Tempo Real<\/i><\/td>\n<td>Borges<br \/>\nCorrea<br \/>\nSoares<\/td>\n<\/tr>\n<tr id=\"row173\" class=\"blue\">\n<td class=\"right\">19<\/td>\n<td>Mateus M. Meruvia and Gerson Cavalheiro. <i>Implementa\u00e7\u00e3o de<br \/>\nKernels NPB em GPU<\/i><\/td>\n<td>Pilla<br \/>\nZatt<br \/>\nYamin<\/td>\n<\/tr>\n<tr id=\"row182\" class=\"blue\">\n<td class=\"right\">20<\/td>\n<td>Dione Silveira Da Silva, Anderson Priebe Ferrugem and Muriel<br \/>\nFigueredo Franco. <i>O<br \/>\nImpacto das Declara\u00e7\u00f5es de Formadores de Opini\u00e3o dos Extremos do<br \/>\nEspectro Ideol\u00f3gico: Uma An\u00e1lise do Contagio Emocional em Redes Sociais<\/i><\/td>\n<td>Nachtigall<br \/>\nCechinel<br \/>\nAgostini<\/td>\n<\/tr>\n<tr id=\"row191\" class=\"blue\">\n<td class=\"right\">21<\/td>\n<td>Giovanni D. de \u00c1vila and Guilherme Correa. <i>Projeto de<br \/>\nTranscodificador e Sistema Reprodutor de Livros Digitais para Cegos<\/i><\/td>\n<td>Marques<br \/>\nSoares<br \/>\nAgostini<\/td>\n<\/tr>\n<tr id=\"row200\" class=\"blue\">\n<td class=\"right\">22<\/td>\n<td>Fabio Abib Hecktheuer and Anderson Ferrugem. <i>Detec\u00e7\u00e3o de<br \/>\ndegenera\u00e7\u00e3o macular usando t\u00e9cnicas de processamento de imagens.<\/i><\/td>\n<td>Du Bois<br \/>\nTorchelsen<br \/>\nReiser<\/td>\n<\/tr>\n<tr id=\"row209\" class=\"blue\">\n<td class=\"right\">23<\/td>\n<td>Vagner Seibert, Ricardo Ara\u00fajo and Richard McElligott. <i>Valida\u00e7\u00e3o<br \/>\nde sensores usando an\u00e1lise de clusters<\/i><\/td>\n<td>Costa<br \/>\nFerrugem<br \/>\nYamin<\/td>\n<\/tr>\n<tr id=\"row218\" class=\"blue\">\n<td class=\"right\">24<\/td>\n<td>Mateus Melo, Marcelo Porto and Bruno Zatt. <i>Avalia\u00e7\u00e3o de<br \/>\nDesempenho e Consumo do Codificador x265 em MPSoC<\/i><\/td>\n<td>Valduga de Almeida Camargo<br \/>\nCorrea<br \/>\nSoares<\/td>\n<\/tr>\n<tr id=\"row227\" class=\"blue\">\n<td class=\"right\">25<\/td>\n<td>Felipe Tadeu Trinhain Palermo, Rafael Piccin Torchelsen and<br \/>\nTatiana Aires Tavares. <i>Desenvolvimento<br \/>\nde Aplicativo para Jogos Utilizando Realidade Aumentada para Constru\u00e7\u00e3o<br \/>\nde Mapas e Estruturas Atrav\u00e9s de Resposta \u00e0 Representa\u00e7\u00e3o Gr\u00e1fica<br \/>\nExecutada por Usu\u00e1rio<\/i><\/td>\n<td>Foss<br \/>\nRosa Jr<br \/>\nZatt<\/td>\n<\/tr>\n<tr id=\"row236\" class=\"blue\">\n<td class=\"right\">26<\/td>\n<td>Victor Renan Covalski Junes, Ana Marilza Pernas Fleischmann,<br \/>\nRicardo Borges Almeida and Ricardo Matsumura Ara\u00fajo. <i>Uma<br \/>\nArquitetura Colaborativa Baseada em uma Abordagem H\u00edbrida para Detec\u00e7\u00e3o<br \/>\nde Ataques de Phishing<\/i><\/td>\n<td>Costa<br \/>\nFerrugem<br \/>\nReiser<\/td>\n<\/tr>\n<tr id=\"row245\" class=\"blue\">\n<td class=\"right\">27<\/td>\n<td>Alex Braga, Lisane Brisolara and Paulo Ferreira. <i>Aplica\u00e7\u00e3o<br \/>\nde Algoritmos Gen\u00e9ticos na Configura\u00e7\u00e3o dos Par\u00e2metros da T\u00e9cnica de<br \/>\nBalanceamento de Carga PS Aplicada em RSSF<\/i><\/td>\n<td>Cavalheiro<br \/>\nMarques<br \/>\nAraujo<\/td>\n<\/tr>\n<tr id=\"row254\" class=\"blue\">\n<td class=\"right\">28<\/td>\n<td>Rodrigo De Brum Acosta and Tatiana Tavares. <i>Criac\u0327a\u0303o<br \/>\nde uma Plataforma de Realidade Virtual como Tecnologia Assistiva para<br \/>\nDeficientes Auditivos no Desempenho de Atividades Acade\u0302micas<\/i><\/td>\n<td>Borges<br \/>\nPernas<br \/>\nFoss<\/td>\n<\/tr>\n<\/tbody>\n<\/table>\n<\/div>\n","protected":false},"excerpt":{"rendered":"<p>Avaliadores Nome Sobrenome e-mail Adenauer Yamin adenauer@inf.ufpel.edu.br Bruno Zatt zatt@inf.ufpel.edu.br Tatiana Tavares tatianaires@gmail.com Renata Reiser renata.reiser@gmail.com Mauricio Pilla pilla@inf.ufpel.edu.br Leomar Rosa Jr leomarjr@inf.ufpel.edu.br Mateus Nascimento mateus.msnascimento@gmail.com Rafael Torchelsen rafael.torchelsen@gmail.com Luciano Agostini agostini@inf.ufpel.edu.br Cristian Cechinel contato@cristiancechinel.pro.br Anderson Ferrugem apferrugem@gmail.com Andre Du Bois dubois@inf.ufpel.edu.br Marcelo Porto porto@inf.ufpel.edu.br Lisane Brisolara lisane@gmail.com Luciana Foss lfoss@inf.ufpel.edu.br Ricardo Araujo ricardo.araujo@gmail.com Paulo [&hellip;]<\/p>\n","protected":false},"author":657,"featured_media":0,"parent":31,"menu_order":0,"comment_status":"closed","ping_status":"closed","template":"","meta":{"footnotes":""},"class_list":["post-417","page","type-page","status-publish","hentry"],"_links":{"self":[{"href":"https:\/\/wp.ufpel.edu.br\/notcc\/wp-json\/wp\/v2\/pages\/417","targetHints":{"allow":["GET"]}}],"collection":[{"href":"https:\/\/wp.ufpel.edu.br\/notcc\/wp-json\/wp\/v2\/pages"}],"about":[{"href":"https:\/\/wp.ufpel.edu.br\/notcc\/wp-json\/wp\/v2\/types\/page"}],"author":[{"embeddable":true,"href":"https:\/\/wp.ufpel.edu.br\/notcc\/wp-json\/wp\/v2\/users\/657"}],"replies":[{"embeddable":true,"href":"https:\/\/wp.ufpel.edu.br\/notcc\/wp-json\/wp\/v2\/comments?post=417"}],"version-history":[{"count":2,"href":"https:\/\/wp.ufpel.edu.br\/notcc\/wp-json\/wp\/v2\/pages\/417\/revisions"}],"predecessor-version":[{"id":421,"href":"https:\/\/wp.ufpel.edu.br\/notcc\/wp-json\/wp\/v2\/pages\/417\/revisions\/421"}],"up":[{"embeddable":true,"href":"https:\/\/wp.ufpel.edu.br\/notcc\/wp-json\/wp\/v2\/pages\/31"}],"wp:attachment":[{"href":"https:\/\/wp.ufpel.edu.br\/notcc\/wp-json\/wp\/v2\/media?parent=417"}],"curies":[{"name":"wp","href":"https:\/\/api.w.org\/{rel}","templated":true}]}}