{"id":40,"date":"2016-12-02T11:30:18","date_gmt":"2016-12-02T13:30:18","guid":{"rendered":"https:\/\/wp.ufpel.edu.br\/notcc\/?page_id=40"},"modified":"2016-12-02T11:30:18","modified_gmt":"2016-12-02T13:30:18","slug":"2010_1","status":"publish","type":"page","link":"https:\/\/wp.ufpel.edu.br\/notcc\/propostas\/avaliacoes\/2010_1\/","title":{"rendered":"Propostas 2010\/1"},"content":{"rendered":"<ul class=\"fix-media-list-overlap\">\n<li class=\"level1\">\n<div class=\"li\"><strong>C\u00edcero Augusto De Souza Camargo e Gerson Geraldo Homrich Cavalheiro (orient.)<\/strong><br \/>\n<em>An\u00e1lise do impacto da aplica\u00e7\u00e3o de algoritmos de lista em ambientes de threads din\u00e2micos<\/em><br \/>\nAvaliadores: Maur\u00edcio Lima Pilla, Andr\u00e9 Rauber Du Bois e Leomar Soares da Rosa Jr.<\/div>\n<\/li>\n<\/ul>\n<ul class=\"fix-media-list-overlap\">\n<li class=\"level1\">\n<div class=\"li\"><strong>Daniel Palomino, Luciano Agostini (orient.) e Guilherme Corr\u00eaa (co-orient.)<\/strong><br \/>\n<em>Desenvolvimento de Heur\u00edsticas e Implementa\u00e7\u00e3o em Hardware para o M\u00f3dulo de Decis\u00e3o do Padr\u00e3o H.264\/AVC de codifica\u00e7\u00e3o de v\u00eddeo.<\/em><br \/>\nAvaliadores: Ricardo Matsumura de Ara\u00fajo, Leomar Soares da Rosa Jr. e Julio Carlos Balzano de Mattos.<\/div>\n<\/li>\n<\/ul>\n<ul class=\"fix-media-list-overlap\">\n<li class=\"level1\">\n<div class=\"li\"><strong>Diego Noble, Luciano Agostini (orient.) e Marcelo Porto (co-orient.)<\/strong><br \/>\n<em>Explora\u00e7\u00e3o de Novos Algoritmos para a Estima\u00e7\u00e3o de Movimento em V\u00eddeos de Alta Defini\u00e7\u00e3o<\/em><br \/>\nAvaliadores: Carlos Ant\u00f4nio Pereira Campani, Marilton Aguiar e Andr\u00e9 Rauber Du Bois.<\/div>\n<\/li>\n<\/ul>\n<ul class=\"fix-media-list-overlap\">\n<li class=\"level1\">\n<div class=\"li\"><strong>Diogo Salaberri, Lisane Brisolara (orient.) e Ricardo de Ara\u00fajo (co-orient.)<\/strong><br \/>\n<em>Desenvolvimento de Aplica\u00e7\u00f5es Embarcadas com Android<\/em><br \/>\nAvaliadores: Marilton Aguiar, Aline Brum Loreto e Luciana Foss.<\/div>\n<\/li>\n<\/ul>\n<ul class=\"fix-media-list-overlap\">\n<li class=\"level1\">\n<div class=\"li\"><strong>Douglas Eduardo Rosa, Gerson Geraldo Homrich Cavalheiro (orient.) e Paulo Roberto Ferreira Jr. (co-orient.)<\/strong><br \/>\n<em>Sistematiza\u00e7\u00e3o de informa\u00e7\u00f5es em uma base de dados para cataloga\u00e7\u00e3o de sementes<\/em><br \/>\nAvaliadores: Lisane Brisolara de Brisolara, Anderson Priebe Ferrugem, Gil Carlos R. Medeiros e Marilton Sanchotene de Aguiar (2a. rodada).<\/div>\n<\/li>\n<\/ul>\n<ul class=\"fix-media-list-overlap\">\n<li class=\"level1\">\n<div class=\"li\"><strong>Eduardo Medevedovski, Anderson Ferrugem (orient.) e Eduardo Cunha (co-orient.)<\/strong><br \/>\n<em>T\u00e9cnicas de intelig\u00eancia artificial aplicadas a um dispositivo de aquecimento natural de ambientes<\/em><br \/>\nAvaliadores: Ricardo Matsumura de Ara\u00fajo, Lisane Brisolara de Brisolara e Eliane da Silva Alcoforado Diniz.<\/div>\n<\/li>\n<\/ul>\n<ul class=\"fix-media-list-overlap\">\n<li class=\"level1\">\n<div class=\"li\"><strong>Felipe Sampaio, Luciano Agostini (orient.) e Bruno Zatt (co-orient.)<\/strong><br \/>\n<em>Arquitetura para a Estima\u00e7\u00e3o de Movimento (ME) e de Disparidade (DE) com Hierarquia de Mem\u00f3ria Dedicada para a Codifica\u00e7\u00e3o de V\u00eddeos com M\u00faltiplas Vistas Segundo o Padr\u00e3o MVC<\/em><br \/>\nAvaliadores: Lisane Brisolara de Brisolara, Maur\u00edcio Lima Pilla e Roger Porto.<\/div>\n<\/li>\n<\/ul>\n<ul class=\"fix-media-list-overlap\">\n<li class=\"level1\">\n<div class=\"li\"><strong>Fl\u00e1via Botelho, Anderson Ferrugem (orient.) e Luciana Foss (co-orient.)<\/strong><br \/>\n<em>Estudo de estrat\u00e9gias de busca aplicada ao problema de acessibilidade em uma malha vi\u00e1ria<\/em><br \/>\nRicardo Matsumura de Ara\u00fajo, Aline Brum Loreto e Paulo Roberto Ferreira Jr.<\/div>\n<\/li>\n<\/ul>\n<ul class=\"fix-media-list-overlap\">\n<li class=\"level1\">\n<div class=\"li\"><strong>Juliano Almeida e Ricardo Ara\u00fajo (orient.)<\/strong><br \/>\n<em>An\u00e1lise do sentimento coletivo presente em mensagens do Twitter para previs\u00e3o de \u00edndices do mercado de a\u00e7\u00f5es<\/em><br \/>\nAvaliadores: Carlos Ant\u00f4nio Pereira Campani, Cassio Soares Carvalho e Paulo Roberto Ferreira Jr.<\/div>\n<\/li>\n<\/ul>\n<ul class=\"fix-media-list-overlap\">\n<li class=\"level1\">\n<div class=\"li\"><strong>Mois\u00e9s Dorneles da Silveira e Marilton Sanchotene de Aguiar (orient.)<\/strong><br \/>\n<em>Explora\u00e7\u00e3o de t\u00e9cnicas de realidade aumentada aplicadas a interatividade em jogos de m\u00eddias sociais<\/em><br \/>\nAvaliadores: Ricardo Matsumura de Ara\u00fajo, Gerson Geraldo Homrich Cavalheiro, Anderson Priebe Ferrugem e Luciana Foss (2a. rodada).<\/div>\n<\/li>\n<\/ul>\n<ul class=\"fix-media-list-overlap\">\n<li class=\"level1\">\n<div class=\"li\"><strong>Rafael De Leao Bandeira, Andr\u00e9 Rauber du Bois (orient.) e Maur\u00edcio Lima Pilla (co-orient.)<\/strong><br \/>\n<em>Compilador para a linguagem CMTJava<\/em><br \/>\nAvaliadores: Luciana Foss, Gerson Geraldo Homrich Cavalheiro, Julio Carlos Balzano de Mattos.<\/div>\n<\/li>\n<\/ul>\n<ul class=\"fix-media-list-overlap\">\n<li class=\"level1\">\n<div class=\"li\"><strong>Rafael Pereira, Julio C. B. Mattos (orient.) e Ulisses B. Correa (co-orient.)<\/strong><br \/>\n<em>Ferramenta de an\u00e1lise de bytecodes para aplica\u00e7\u00f5es Java Com \u00eanfase em sistemas embarcados<\/em><br \/>\nAvaliadores: Andr\u00e9 Rauber Du Bois, Juliano Lucas Gon\u00e7alves, Luciano Volcan Agostini.<\/div>\n<\/li>\n<\/ul>\n<ul class=\"fix-media-list-overlap\">\n<li class=\"level1\">\n<div class=\"li\"><strong>Rafael Sachett Medeiros, Ricardo Matsumura Araujo (orient.) e Lucas Ferrari de Oliveira (co-orient.)<\/strong><br \/>\n<em>Detec\u00e7\u00e3o de superposi\u00e7\u00e3o de manchas em cart\u00f5es hidrosens\u00edveis para calibragem de equipamentos de pulveriza\u00e7\u00e3o agr\u00edcola<\/em><br \/>\nAvaliadores: Marilton Aguiar, Anderson Priebe Ferrugem, Paulo Roberto Ferreira Jr. e Maur\u00edcio Lima Pilla (2a rodada).<\/div>\n<\/li>\n<\/ul>\n<ul class=\"fix-media-list-overlap\">\n<li class=\"level1\">\n<div class=\"li\"><strong>Taina Caetano Coimbra e Ricardo Matsumura de Araujo (orient.)<\/strong><br \/>\n<em>Computa\u00e7\u00e3o Humana Aplicada ao Problema do Caixeiro Viajante<\/em><br \/>\nAvaliadores: Aline Brum Loreto, Paulo Roberto Ferreira Jr. e Gerson Geraldo Homrich Cavalheiro.<\/div>\n<\/li>\n<\/ul>\n<ul class=\"fix-media-list-overlap\">\n<li class=\"level1\">\n<div class=\"li\"><strong>Tiago Trojahn, Leomar da Rosa Junior (orient.) e Juliano Gon\u00e7alves (co-orient.)<\/strong><br \/>\n<em>Implementa\u00e7\u00e3o e avalia\u00e7\u00e3o de desempenho de duas vers\u00f5es do componente respons\u00e1vel pela decodifica\u00e7\u00e3o de fluxos de m\u00eddia no middleware Ginga<\/em><br \/>\nAvaliadores: Maur\u00edcio Lima Pilla, Luciano Volcan Agostini e Julio Carlos Balzano de Mattos.<\/div>\n<\/li>\n<\/ul>\n<ul class=\"fix-media-list-overlap\">\n<li class=\"level1\">\n<div class=\"li\"><strong>Wellisson G. P, Da Silva, Lisane Brisolara (orient.) e Ulisses Brisolara Corr\u00eaa (co-orient.)<\/strong><br \/>\n<em>Uso de t\u00e9cnicas de engenharia de software na explora\u00e7\u00e3o do espa\u00e7o de projeto de software embarcado<\/em><br \/>\nAvaliadores: Luciana Foss, Luciano Volcan Agostini e Leomar Soares da Rosa Jr.<\/div>\n<\/li>\n<\/ul>\n","protected":false},"excerpt":{"rendered":"<p>C\u00edcero Augusto De Souza Camargo e Gerson Geraldo Homrich Cavalheiro (orient.) An\u00e1lise do impacto da aplica\u00e7\u00e3o de algoritmos de lista em ambientes de threads din\u00e2micos Avaliadores: Maur\u00edcio Lima Pilla, Andr\u00e9 Rauber Du Bois e Leomar Soares da Rosa Jr. Daniel Palomino, Luciano Agostini (orient.) e Guilherme Corr\u00eaa (co-orient.) Desenvolvimento de Heur\u00edsticas e Implementa\u00e7\u00e3o em Hardware [&hellip;]<\/p>\n","protected":false},"author":657,"featured_media":0,"parent":31,"menu_order":0,"comment_status":"closed","ping_status":"closed","template":"","meta":{"footnotes":""},"class_list":["post-40","page","type-page","status-publish","hentry"],"_links":{"self":[{"href":"https:\/\/wp.ufpel.edu.br\/notcc\/wp-json\/wp\/v2\/pages\/40","targetHints":{"allow":["GET"]}}],"collection":[{"href":"https:\/\/wp.ufpel.edu.br\/notcc\/wp-json\/wp\/v2\/pages"}],"about":[{"href":"https:\/\/wp.ufpel.edu.br\/notcc\/wp-json\/wp\/v2\/types\/page"}],"author":[{"embeddable":true,"href":"https:\/\/wp.ufpel.edu.br\/notcc\/wp-json\/wp\/v2\/users\/657"}],"replies":[{"embeddable":true,"href":"https:\/\/wp.ufpel.edu.br\/notcc\/wp-json\/wp\/v2\/comments?post=40"}],"version-history":[{"count":1,"href":"https:\/\/wp.ufpel.edu.br\/notcc\/wp-json\/wp\/v2\/pages\/40\/revisions"}],"predecessor-version":[{"id":41,"href":"https:\/\/wp.ufpel.edu.br\/notcc\/wp-json\/wp\/v2\/pages\/40\/revisions\/41"}],"up":[{"embeddable":true,"href":"https:\/\/wp.ufpel.edu.br\/notcc\/wp-json\/wp\/v2\/pages\/31"}],"wp:attachment":[{"href":"https:\/\/wp.ufpel.edu.br\/notcc\/wp-json\/wp\/v2\/media?parent=40"}],"curies":[{"name":"wp","href":"https:\/\/api.w.org\/{rel}","templated":true}]}}