{"id":33,"date":"2016-12-02T11:00:30","date_gmt":"2016-12-02T13:00:30","guid":{"rendered":"https:\/\/wp.ufpel.edu.br\/notcc\/?page_id=33"},"modified":"2016-12-02T11:02:44","modified_gmt":"2016-12-02T13:02:44","slug":"criterios","status":"publish","type":"page","link":"https:\/\/wp.ufpel.edu.br\/notcc\/propostas\/criterios\/","title":{"rendered":"Crit\u00e9rios de Avalia\u00e7\u00e3o"},"content":{"rendered":"<h3 class=\"sectionedit2 page-header\">Objetivos<\/h3>\n<div class=\"level3\">\n<ol class=\"fix-media-list-overlap\">\n<li class=\"level1\">\n<div class=\"li\">Apresenta\u00e7\u00e3o e consist\u00eancia (observar se a proposta se mostra bem estruturada e coerente)<br \/>\n1 (Insuficiente), 2 (regular), 3 (bom) ou 4 (Excelente).<\/div>\n<\/li>\n<li class=\"level1\">\n<div class=\"li\">Relev\u00e2ncia e contribui\u00e7\u00e3o (observar se o tema da proposta \u00e9 relevante e se o projeto tem contribui\u00e7\u00f5es para ensino, pesquisa ou extens\u00e3o)<br \/>\n1 (Insuficiente), 2 (regular), 3 (bom) ou 4 (Excelente).<\/div>\n<\/li>\n<li class=\"level1\">\n<div class=\"li\">Metodologia (observar se a metodologia \u00e9 adequada ao tipo de projeto, tornando o projeto exeq\u00fc\u00edvel ou n\u00e3o)<br \/>\n1 (Insuficiente), 2 (regular), 3 (bom) ou 4 (Excelente).<\/div>\n<\/li>\n<li class=\"level1\">\n<div class=\"li\">Adequa\u00e7\u00e3o ao curso (avaliar se o projeto \u00e9 relevante a forma\u00e7\u00e3o do aluno)<br \/>\n1 (N\u00e3o) ou 2 (Sim)<\/div>\n<\/li>\n<li class=\"level1\">\n<div class=\"li\">Plano de trabalho a ser desenvolvido (atividades e cronograma propostos)<br \/>\n1 (Mal especificado e\/ou n\u00e3o exeq\u00fc\u00edvel), 2 (Exeq\u00fc\u00edvel) ou 3 (Muito bem especificado e exeq\u00fc\u00edvel)<\/div>\n<\/li>\n<\/ol>\n<\/div>\n<h3 id=\"subjetivos_dissertativos\" class=\"sectionedit4\">Subjetivos (Dissertativos)<\/h3>\n<div class=\"level3\">\n<ol class=\"fix-media-list-overlap\">\n<li class=\"level1\">\n<div class=\"li\"><strong>RESUMO DA PROPOSTA<\/strong>: Destaque brevemente os objetivos e as contribui\u00e7\u00f5es da proposta.<\/div>\n<\/li>\n<li class=\"level1\">\n<div class=\"li\"><strong>PONTOS FORTES DA PROPOSTA<\/strong>: Destaque os pontos relevantes da proposta.<\/div>\n<\/li>\n<li class=\"level1\">\n<div class=\"li\"><strong>PONTOS FRACOS DA PROPOSTA<\/strong>: Destaque os pontos deficientes da proposta.<\/div>\n<\/li>\n<li class=\"level1\">\n<div class=\"li\"><strong>DETALHAMENTO DA AVALIA\u00c7\u00c3O<\/strong>: Comente aqui os motivos que levaram a escolha de sua avalia\u00e7\u00e3o (especialmente em caso de parecer negativo).<\/div>\n<\/li>\n<\/ol>\n<\/div>\n","protected":false},"excerpt":{"rendered":"<p>Objetivos Apresenta\u00e7\u00e3o e consist\u00eancia (observar se a proposta se mostra bem estruturada e coerente) 1 (Insuficiente), 2 (regular), 3 (bom) ou 4 (Excelente). Relev\u00e2ncia e contribui\u00e7\u00e3o (observar se o tema da proposta \u00e9 relevante e se o projeto tem contribui\u00e7\u00f5es para ensino, pesquisa ou extens\u00e3o) 1 (Insuficiente), 2 (regular), 3 (bom) ou 4 (Excelente). Metodologia [&hellip;]<\/p>\n","protected":false},"author":657,"featured_media":0,"parent":24,"menu_order":0,"comment_status":"closed","ping_status":"closed","template":"","meta":{"footnotes":""},"class_list":["post-33","page","type-page","status-publish","hentry"],"_links":{"self":[{"href":"https:\/\/wp.ufpel.edu.br\/notcc\/wp-json\/wp\/v2\/pages\/33","targetHints":{"allow":["GET"]}}],"collection":[{"href":"https:\/\/wp.ufpel.edu.br\/notcc\/wp-json\/wp\/v2\/pages"}],"about":[{"href":"https:\/\/wp.ufpel.edu.br\/notcc\/wp-json\/wp\/v2\/types\/page"}],"author":[{"embeddable":true,"href":"https:\/\/wp.ufpel.edu.br\/notcc\/wp-json\/wp\/v2\/users\/657"}],"replies":[{"embeddable":true,"href":"https:\/\/wp.ufpel.edu.br\/notcc\/wp-json\/wp\/v2\/comments?post=33"}],"version-history":[{"count":2,"href":"https:\/\/wp.ufpel.edu.br\/notcc\/wp-json\/wp\/v2\/pages\/33\/revisions"}],"predecessor-version":[{"id":37,"href":"https:\/\/wp.ufpel.edu.br\/notcc\/wp-json\/wp\/v2\/pages\/33\/revisions\/37"}],"up":[{"embeddable":true,"href":"https:\/\/wp.ufpel.edu.br\/notcc\/wp-json\/wp\/v2\/pages\/24"}],"wp:attachment":[{"href":"https:\/\/wp.ufpel.edu.br\/notcc\/wp-json\/wp\/v2\/media?parent=33"}],"curies":[{"name":"wp","href":"https:\/\/api.w.org\/{rel}","templated":true}]}}