{"id":24,"date":"2016-12-02T10:44:21","date_gmt":"2016-12-02T12:44:21","guid":{"rendered":"https:\/\/wp.ufpel.edu.br\/notcc\/?page_id=24"},"modified":"2016-12-02T15:03:15","modified_gmt":"2016-12-02T17:03:15","slug":"propostas","status":"publish","type":"page","link":"https:\/\/wp.ufpel.edu.br\/notcc\/propostas\/","title":{"rendered":"Sobre a Proposta"},"content":{"rendered":"<ul>\n<li><a href=\"https:\/\/wp.ufpel.edu.br\/notcc\/proposta\/instrucoes\/\">Instru\u00e7\u00f5es para Enviar a Proposta<\/a><\/li>\n<li><a href=\"https:\/\/wp.ufpel.edu.br\/notcc\/proposta\/criterios\/\">Crit\u00e9rios de Avalia\u00e7\u00e3o<\/a><\/li>\n<li><a href=\"https:\/\/wp.ufpel.edu.br\/notcc\/proposta\/avaliacoes\/\">Avalia\u00e7\u00f5es das Propostas<\/a><\/li>\n<\/ul>\n","protected":false},"excerpt":{"rendered":"<p>Instru\u00e7\u00f5es para Enviar a Proposta Crit\u00e9rios de Avalia\u00e7\u00e3o Avalia\u00e7\u00f5es das Propostas<\/p>\n","protected":false},"author":657,"featured_media":0,"parent":0,"menu_order":0,"comment_status":"closed","ping_status":"closed","template":"","meta":{"footnotes":""},"class_list":["post-24","page","type-page","status-publish","hentry"],"_links":{"self":[{"href":"https:\/\/wp.ufpel.edu.br\/notcc\/wp-json\/wp\/v2\/pages\/24","targetHints":{"allow":["GET"]}}],"collection":[{"href":"https:\/\/wp.ufpel.edu.br\/notcc\/wp-json\/wp\/v2\/pages"}],"about":[{"href":"https:\/\/wp.ufpel.edu.br\/notcc\/wp-json\/wp\/v2\/types\/page"}],"author":[{"embeddable":true,"href":"https:\/\/wp.ufpel.edu.br\/notcc\/wp-json\/wp\/v2\/users\/657"}],"replies":[{"embeddable":true,"href":"https:\/\/wp.ufpel.edu.br\/notcc\/wp-json\/wp\/v2\/comments?post=24"}],"version-history":[{"count":5,"href":"https:\/\/wp.ufpel.edu.br\/notcc\/wp-json\/wp\/v2\/pages\/24\/revisions"}],"predecessor-version":[{"id":131,"href":"https:\/\/wp.ufpel.edu.br\/notcc\/wp-json\/wp\/v2\/pages\/24\/revisions\/131"}],"wp:attachment":[{"href":"https:\/\/wp.ufpel.edu.br\/notcc\/wp-json\/wp\/v2\/media?parent=24"}],"curies":[{"name":"wp","href":"https:\/\/api.w.org\/{rel}","templated":true}]}}