{"id":225,"date":"2016-12-02T16:26:34","date_gmt":"2016-12-02T18:26:34","guid":{"rendered":"https:\/\/wp.ufpel.edu.br\/notcc\/?page_id=225"},"modified":"2025-08-13T15:41:39","modified_gmt":"2025-08-13T18:41:39","slug":"docs","status":"publish","type":"page","link":"https:\/\/wp.ufpel.edu.br\/notcc\/docs\/","title":{"rendered":"Docs &amp; Forms"},"content":{"rendered":"<ul>\n<li class=\"level1 node\"><strong><a href=\"https:\/\/drive.google.com\/open?id=1SqGEzCB4Ds_Rq7YhVnJJgQSxeWHQO7_h\" target=\"_blank\" rel=\"noopener noreferrer\">NORMAS DO TCC <\/a><\/strong>(Ci\u00eancia e Eng. de Computa\u00e7\u00e3o)<\/li>\n<li class=\"level1 node\"><strong><a class=\"urlextern\" title=\"http:\/\/inf.ufpel.edu.br\/ccomp\/104\" href=\"http:\/\/inf.ufpel.edu.br\/ccomp\/104\" rel=\"nofollow\">Projeto Pedag\u00f3gico do Curso de Ci\u00eancia da Computa\u00e7\u00e3o<\/a>.<\/strong><\/li>\n<li class=\"level1 node\"><strong><a class=\"urlextern\" title=\"http:\/\/inf.ufpel.edu.br\/ecomp\/441\" href=\"http:\/\/inf.ufpel.edu.br\/ecomp\/441\" rel=\"nofollow\">Projeto Pedag\u00f3gico do Curso de Engenharia de Computa\u00e7\u00e3o<\/a>.<\/strong><\/li>\n<\/ul>\n<p>&nbsp;<\/p>\n<ul>\n<li class=\"level1 node\"><strong>Normas da UFPel<\/strong>\n<ul>\n<li style=\"list-style-type: none;\">\n<ul>\n<li class=\"level1 node\"><a class=\"urlextern\" title=\"http:\/\/sisbi.ufpel.edu.br\/?p=manual\" href=\"https:\/\/wp.ufpel.edu.br\/sisbi\/#\" rel=\"nofollow\">Site da Biblioteca<\/a><\/li>\n<li class=\"level2\">\n<div class=\"li\"><strong><a class=\"urlextern\" title=\"https:\/\/wp.ufpel.edu.br\/sisbi\/files\/2023\/11\/Manual-versao-final-novembro-1.pdf\" href=\"https:\/\/wp.ufpel.edu.br\/sisbi\/files\/2023\/11\/Manual-versao-final-novembro-1.pdf\" rel=\"nofollow\">Manual de Normas da UFPel para Trabalhos Acad\u00eamicos<\/a><\/strong>. (Atualizado em Nov. 2023)<\/div>\n<\/li>\n<\/ul>\n<\/li>\n<\/ul>\n<\/li>\n<li><strong>Modelos de documentos:<\/strong>\n<ul>\n<li style=\"list-style-type: none;\">\n<ul>\n<li><a href=\"https:\/\/drive.google.com\/drive\/folders\/1AMZ19hky1m7yJx6BhmrVw-YYnTCxXVU8\" target=\"_blank\" rel=\"noopener noreferrer\"><strong>Modelos Word para Cronograma e Proposta de TCC <\/strong><\/a> (TCC1)- Modelos Word<\/li>\n<li><strong><a class=\"urlextern\" title=\"https:\/\/github.com\/notcc\/texufpel\" href=\"https:\/\/github.com\/notcc\/texufpel\" rel=\"nofollow\">Modelos Latex &#8211; Classe texufpel <\/a><\/strong>(Proposta e Monografia)<\/li>\n<li><a href=\"https:\/\/drive.google.com\/drive\/folders\/1AMZ19hky1m7yJx6BhmrVw-YYnTCxXVU8\" target=\"_blank\" rel=\"noopener noreferrer\"><strong>Avalia\u00e7\u00e3o da Monografia Parcial<\/strong><\/a> (TCC1-Professores orientadores)<\/li>\n<li><a href=\"https:\/\/drive.google.com\/drive\/folders\/1AMZ19hky1m7yJx6BhmrVw-YYnTCxXVU8\" target=\"_blank\" rel=\"noopener noreferrer\"><strong>Cronograma de TCC2<\/strong><\/a><\/li>\n<li class=\"li\"><a class=\"urlextern\" title=\"https:\/\/wp.ufpel.edu.br\/sisbi\/files\/2017\/05\/Capa_Paginas_pre-textuais_e_pos-textuais.docx\" href=\"https:\/\/drive.google.com\/open?id=1se5UBO0FeUJfiXBLzKxc9cdns5L2IymX\" rel=\"nofollow\">P\u00e1ginas pr\u00e9-textuais e p\u00f3s-textuais<\/a> (Monografia &#8211; usu\u00e1rios Word).<\/li>\n<li><a class=\"urlextern\" title=\"https:\/\/wp.ufpel.edu.br\/sisbi\/files\/2024\/02\/Termo-TCC-e-TCCP.pdf\" href=\"https:\/\/wp.ufpel.edu.br\/sisbi\/files\/2025\/01\/Termo-TCC-e-TCCP-07-2025-1.pdf\" rel=\"nofollow\"><strong>Termo de Autoriza\u00e7\u00e3o para inserir TCC (Gradua\u00e7\u00e3o) na Base de Dados da UFPel<\/strong><\/a> (Atualizado em 2025).<\/li>\n<\/ul>\n<\/li>\n<\/ul>\n<\/li>\n<\/ul>\n<ul>\n<li style=\"list-style-type: none;\">\n<ul>\n<li style=\"list-style-type: none;\"><\/li>\n<\/ul>\n<\/li>\n<\/ul>\n","protected":false},"excerpt":{"rendered":"<p>NORMAS DO TCC (Ci\u00eancia e Eng. de Computa\u00e7\u00e3o) Projeto Pedag\u00f3gico do Curso de Ci\u00eancia da Computa\u00e7\u00e3o. Projeto Pedag\u00f3gico do Curso de Engenharia de Computa\u00e7\u00e3o. &nbsp; Normas da UFPel Site da Biblioteca Manual de Normas da UFPel para Trabalhos Acad\u00eamicos. (Atualizado em Nov. 2023) Modelos de documentos: Modelos Word para Cronograma e Proposta de TCC (TCC1)- [&hellip;]<\/p>\n","protected":false},"author":657,"featured_media":0,"parent":0,"menu_order":0,"comment_status":"closed","ping_status":"closed","template":"","meta":{"footnotes":""},"class_list":["post-225","page","type-page","status-publish","hentry"],"_links":{"self":[{"href":"https:\/\/wp.ufpel.edu.br\/notcc\/wp-json\/wp\/v2\/pages\/225","targetHints":{"allow":["GET"]}}],"collection":[{"href":"https:\/\/wp.ufpel.edu.br\/notcc\/wp-json\/wp\/v2\/pages"}],"about":[{"href":"https:\/\/wp.ufpel.edu.br\/notcc\/wp-json\/wp\/v2\/types\/page"}],"author":[{"embeddable":true,"href":"https:\/\/wp.ufpel.edu.br\/notcc\/wp-json\/wp\/v2\/users\/657"}],"replies":[{"embeddable":true,"href":"https:\/\/wp.ufpel.edu.br\/notcc\/wp-json\/wp\/v2\/comments?post=225"}],"version-history":[{"count":5,"href":"https:\/\/wp.ufpel.edu.br\/notcc\/wp-json\/wp\/v2\/pages\/225\/revisions"}],"predecessor-version":[{"id":1503,"href":"https:\/\/wp.ufpel.edu.br\/notcc\/wp-json\/wp\/v2\/pages\/225\/revisions\/1503"}],"wp:attachment":[{"href":"https:\/\/wp.ufpel.edu.br\/notcc\/wp-json\/wp\/v2\/media?parent=225"}],"curies":[{"name":"wp","href":"https:\/\/api.w.org\/{rel}","templated":true}]}}