{"id":203,"date":"2016-12-02T16:05:08","date_gmt":"2016-12-02T18:05:08","guid":{"rendered":"https:\/\/wp.ufpel.edu.br\/notcc\/?page_id=203"},"modified":"2019-02-01T11:18:24","modified_gmt":"2019-02-01T13:18:24","slug":"2016_","status":"publish","type":"page","link":"https:\/\/wp.ufpel.edu.br\/notcc\/monografias\/acervo\/2016_\/","title":{"rendered":"Monografias 2016"},"content":{"rendered":"<div class=\"level2\">\n<h3 style=\"text-align: center\"><a href=\"https:\/\/drive.google.com\/open?id=1Q8PAAE0iwRCNAqHGEzF9tBoNFXUS-Ktj\" target=\"_blank\" rel=\"noopener\">:: Clique aqui para fazer Download \/ Click here to Download ::<\/a><\/h3>\n<ul>\n<li><em>Algoritmo Evolutivo H\u00edbrido Aplicado ao Problema de Aloca\u00e7\u00e3o de Salas da Universidade Federal de Pelotas<\/em><br \/>\npor <strong>Marlon Mahl<\/strong><\/li>\n<li><em>An\u00e1lise de vulnerabilidades em redes sem fio: uma ferramenta para diagn\u00f3stico e sugest\u00e3o de contramedidas para roteadores<\/em><br \/>\npor <strong>Weslen Schiavon de Souza<\/strong><\/li>\n<li><em>An\u00e1lise e Simula\u00e7\u00e3o dos Conectivos Fuzzy Intuicionistas via Computa\u00e7\u00e3o Qu\u00e2ntica<\/em><br \/>\npor <strong>Lucas Barreiro Agostini<\/strong><\/li>\n<li><em>Arquitetura Multitamanho para a Decodifica\u00e7\u00e3o de Res\u00edduos do Padr\u00e3o HEVC<\/em><br \/>\npor <strong>Jos\u00e9 Cl\u00e1udio de Souza J\u00fanior<\/strong><\/li>\n<li><em>Avalia\u00e7\u00e3o das interfaces de ferramentas de programa\u00e7\u00e3o multithread com a su\u00edte Cowichan<\/em><br \/>\npor <strong>Pablo Tyszkievicz Kila<\/strong><\/li>\n<li><em>Avalia\u00e7\u00e3o do Impacto do uso de Frameworks Multiplataforma na Efici\u00eancia de Aplicativos M\u00f3veis para plataforma Android<\/em><br \/>\npor <strong>Jean Roberto Antunes<\/strong><\/li>\n<li><em>Cloud-In-A-Box: implementa\u00e7\u00e3o de um n\u00f3 computacional em uma nuvem OpenStack utilizando Raspberry Pi<\/em><br \/>\npor <strong>Jo\u00e3o V\u00edtor Valente Tarouco de Oliveira<\/strong><\/li>\n<li><em>Controlador de Energia para o Codificador x265 Utilizando Frentes de Pareto<\/em><br \/>\npor <strong>Italo Dombrowski Machado<\/strong><\/li>\n<li><em>Desenvolvimento de Benchmark Concorrente para a Linguagem CMTJava<\/em><br \/>\npor <strong>Italo Menna Silveira<\/strong><\/li>\n<li><em>Desenvolvimento de um IP\/Core para Estima\u00e7\u00e3o de Movimento em V\u00eddeos de Alta Defini\u00e7\u00e3o<\/em><br \/>\npor <strong>Gabriel Machado Balota<\/strong><\/li>\n<li><em>Desenvolvimento de um escalonador de tarefas para TinySTM<\/em><br \/>\npor <strong>Michael Alexandre Costa<\/strong><\/li>\n<li><em>Desenvolvimento de uma Adapta\u00e7\u00e3o do Algoritmo ST-Router para Grade com Custos Distintos<\/em><br \/>\npor <strong>Regis Zanandrea<\/strong><\/li>\n<li><em>Do tecnol\u00f3gico ao l\u00fadico: o uso de dispositivos m\u00f3veis no Pensamento Computacional<\/em><br \/>\npor <strong>Gustavo Cruz de Pinho<\/strong><\/li>\n<li><em>Enriquecendo o conte\u00fado de Objetos de Aprendizagem usando dados abertos conectados<\/em><br \/>\npor <strong>L\u00facio Leal Bastos<\/strong><\/li>\n<li><em>Estudo e Implementa\u00e7\u00e3o de Estrat\u00e9gias para Redu\u00e7\u00e3o de Complexidade do Codificador de V\u00eddeo HEVC Baseadas em Aprendizado de M\u00e1quina<\/em><br \/>\npor <strong>Pargles Wenz Dall&#8217;Oglio<\/strong><\/li>\n<li><em>Estudo e aplica\u00e7\u00e3o da realidade aumentada em jogos s\u00e9rios para o desenvolvimento do pensamento computacional<\/em><br \/>\npor <strong>Daniel Rizzardi Farias<\/strong><\/li>\n<li><em>Extens\u00e3o Intervalar aplicado em Redes Neurais por Convolu\u00e7\u00e3o<\/em><br \/>\npor <strong>Lucas Mendes Tortelli<\/strong><\/li>\n<li><em>Identifica\u00e7\u00e3o de insetos usando t\u00e9cnicas de processamento digital de imagens e de aprendizagem de m\u00e1quina<\/em><br \/>\npor <strong>Thainan Bystronski Remboski<\/strong><\/li>\n<li><em>Implementa\u00e7\u00e3o de Um Escalonador de Transa\u00e7\u00f5es Para STM Haskell<\/em><br \/>\npor <strong>Rodrigo Medeiros Duarte<\/strong><\/li>\n<li><em>Implementa\u00e7\u00e3o de Uma Interface de Express\u00e3o de Concorr\u00eancia Compat\u00edvel com C++11<\/em><br \/>\npor <strong>Bruno Giacobo Pinto<\/strong><\/li>\n<li><em>Int-DWTs Library &#8211; Algebraic Simplifications Increasing Performance and Exactitude of Discrete Wavelet Transforms<\/em><br \/>\npor <strong>Vin\u00edcius Rodrigues dos Santos<\/strong><\/li>\n<li><em>Intera\u00e7\u00e3o de Usu\u00e1rio com Interfaces Tang\u00edveis: Uma An\u00e1lise de Experi\u00eancias Utilizando o Projeto AR Sandbox<\/em><br \/>\npor <strong>Nat\u00e1lia Toralles Darley<\/strong><\/li>\n<li><em>Investiga\u00e7\u00e3o de Vulnerabilidades do Algoritmo Criptogr\u00e1fico RSA: Perspectiva de uma Crise de Seguran\u00e7a<\/em><br \/>\npor <strong>Lira Specht Vital da Costa<\/strong><\/li>\n<li><em>Investiga\u00e7\u00e3o e Avalia\u00e7\u00e3o de Algoritmos para Identificar e Extrair Assinaturas de Consumo de Pot\u00eancia de Circuitos Criptogr\u00e1ficos<\/em><br \/>\npor <strong>Marcelo Le\u00e3o Corr\u00eaa Fay<\/strong><\/li>\n<li><em>Moodle Analytics Dashboard: Uma ferramenta de learning analytics para visualiza\u00e7\u00e3o de registros de acesso ao Moodle<\/em><br \/>\npor <strong>Luan da Silva Einhardt<\/strong><\/li>\n<li><em>Otimiza\u00e7\u00e3o e Projeto de Hardware Dedicado para o Pr\u00e9-Processamento de V\u00eddeo em High Dynamic Range (HDR)<\/em><br \/>\npor <strong>Alex Machado Borges<\/strong><\/li>\n<li><em>Projeto de Hardware Dedicado Modular para a DCT-2D do Padr\u00e3o HEVC<\/em><br \/>\npor <strong>Jones William Goebel<\/strong><\/li>\n<li><em>Promo\u00e7\u00e3o do Conhecimento Hist\u00f3rico Local: Uma Proposta de Interatividade para o Memorial Anglo UFPEL<\/em><br \/>\npor <strong>Edemar Dias Xavier Junior<\/strong><\/li>\n<li><em>Provimento de Processamento para Aplica\u00e7\u00f5es Bag of Task em uma Nuvem IaaS<\/em><br \/>\npor <strong>Luiza Pinto Beltrame<\/strong><\/li>\n<li><em>Redu\u00e7\u00e3o de Complexidade do Algoritmo Test Zone Search para Estima\u00e7\u00e3o de Movimento no Codificador de V\u00eddeo HEVC<\/em><br \/>\npor <strong>Mateus Wachholz Noremberg<\/strong><\/li>\n<li><em>Regras ECA no EXEHDA: Um Framework de Gerenciamento Direcionado ao Subsistema de Reconhecimento de Contexto e Adapta\u00e7\u00e3o<\/em><br \/>\npor <strong>Tain\u00e3 Ribeiro Carvalho<\/strong><\/li>\n<li><em>Um Modelo para Previs\u00e3o de Infesta\u00e7\u00f5es de Pragas em Lavouras Baseado nas Altera\u00e7\u00f5es Meteorol\u00f3gicas da Regi\u00e3o<\/em><br \/>\npor <strong>William Dalmorra de Souza<\/strong><\/li>\n<li><em>Um M\u00f3dulo de Sensoreamento Fuzzy no Ambiente OpenStack Samsara<\/em><br \/>\npor <strong>Ariel Furtado Azevedo<\/strong><\/li>\n<li><em>Uma Proposta de Ger\u00eancia de QoC para o Subsistema de Reconhecimento de Contexto e Adapta\u00e7\u00e3o do EXEHDA<\/em><br \/>\npor <strong>Lucas Mendon\u00e7a de Souza Xavier<\/strong><\/li>\n<li><em>Uma implementa\u00e7\u00e3o de alto desempenho de um algoritmo de An\u00e1lise Diferencial de Pot\u00eancia<\/em><br \/>\npor <strong>Rodrigo Bazo<\/strong><\/li>\n<li><em>Utiliza\u00e7\u00e3o de aprendizado de m\u00e1quina para predi\u00e7\u00e3o de elei\u00e7\u00f5es brasileiras<\/em><br \/>\npor <strong>G\u00fcnther Holz Ribak<\/strong><\/li>\n<\/ul>\n<\/div>\n","protected":false},"excerpt":{"rendered":"<p>:: Clique aqui para fazer Download \/ Click here to Download :: Algoritmo Evolutivo H\u00edbrido Aplicado ao Problema de Aloca\u00e7\u00e3o de Salas da Universidade Federal de Pelotas por Marlon Mahl An\u00e1lise de vulnerabilidades em redes sem fio: uma ferramenta para diagn\u00f3stico e sugest\u00e3o de contramedidas para roteadores por Weslen Schiavon de Souza An\u00e1lise e Simula\u00e7\u00e3o [&hellip;]<\/p>\n","protected":false},"author":657,"featured_media":0,"parent":143,"menu_order":0,"comment_status":"closed","ping_status":"closed","template":"","meta":{"footnotes":""},"class_list":["post-203","page","type-page","status-publish","hentry"],"_links":{"self":[{"href":"https:\/\/wp.ufpel.edu.br\/notcc\/wp-json\/wp\/v2\/pages\/203","targetHints":{"allow":["GET"]}}],"collection":[{"href":"https:\/\/wp.ufpel.edu.br\/notcc\/wp-json\/wp\/v2\/pages"}],"about":[{"href":"https:\/\/wp.ufpel.edu.br\/notcc\/wp-json\/wp\/v2\/types\/page"}],"author":[{"embeddable":true,"href":"https:\/\/wp.ufpel.edu.br\/notcc\/wp-json\/wp\/v2\/users\/657"}],"replies":[{"embeddable":true,"href":"https:\/\/wp.ufpel.edu.br\/notcc\/wp-json\/wp\/v2\/comments?post=203"}],"version-history":[{"count":11,"href":"https:\/\/wp.ufpel.edu.br\/notcc\/wp-json\/wp\/v2\/pages\/203\/revisions"}],"predecessor-version":[{"id":838,"href":"https:\/\/wp.ufpel.edu.br\/notcc\/wp-json\/wp\/v2\/pages\/203\/revisions\/838"}],"up":[{"embeddable":true,"href":"https:\/\/wp.ufpel.edu.br\/notcc\/wp-json\/wp\/v2\/pages\/143"}],"wp:attachment":[{"href":"https:\/\/wp.ufpel.edu.br\/notcc\/wp-json\/wp\/v2\/media?parent=203"}],"curies":[{"name":"wp","href":"https:\/\/api.w.org\/{rel}","templated":true}]}}