{"id":200,"date":"2016-12-02T16:03:32","date_gmt":"2016-12-02T18:03:32","guid":{"rendered":"https:\/\/wp.ufpel.edu.br\/notcc\/?page_id=200"},"modified":"2019-02-01T11:19:51","modified_gmt":"2019-02-01T13:19:51","slug":"2015_","status":"publish","type":"page","link":"https:\/\/wp.ufpel.edu.br\/notcc\/monografias\/acervo\/2015_\/","title":{"rendered":"Monografias 2015"},"content":{"rendered":"<div class=\"level2\">\n<h3 style=\"text-align: center\"><a href=\"https:\/\/drive.google.com\/open?id=1TAj9UeZckuF3dZYvhyctGCnVhhGZj0Z0\" target=\"_blank\" rel=\"noopener\">:: Clique aqui para fazer Download \/ Click here to Download ::<\/a><\/h3>\n<ul class=\"fix-media-list-overlap\">\n<li class=\"level1\">\n<div class=\"li\">Alinhamento de nomes de coautores em produ\u00e7\u00f5es cient\u00edficas de curr\u00edculos de pesquisadores<br \/>\npor <strong>Andr\u00e9 Guimar\u00e3es Peil<\/strong>.<\/div>\n<\/li>\n<li class=\"level1\">\n<div class=\"li\">An\u00e1lise de t\u00e9cnicas de processamento de imagens em dispositivos m\u00f3veis: um estudo de caso no diagn\u00f3stico de melanomas<br \/>\npor <strong>Bruno Cardozo Stone<\/strong>.<\/div>\n<\/li>\n<li class=\"level1\">\n<div class=\"li\">An\u00e1lise e Simula\u00e7\u00e3o dos Conectivos Fuzzy XOR e Classes Derivadas via Computa\u00e7\u00e3o Qu\u00e2ntica<br \/>\npor <strong> J\u00falia Kr\u00fcger Vieira<\/strong>.<\/div>\n<\/li>\n<li class=\"level1\">\n<div class=\"li\">Automatiza\u00e7\u00e3o de testes e gera\u00e7\u00e3o de casos de teste para formul\u00e1rios web: um estudo de caso<br \/>\npor <strong> Luciano Gon\u00e7alves da Luz<\/strong>.<\/div>\n<\/li>\n<li class=\"level1\">\n<div class=\"li\">Avalia\u00e7\u00e3o da Efici\u00eancia de Aplica\u00e7\u00f5es Android e iOS: Aplicativos Web versus Nativos<br \/>\npor <strong> Jonathan Mathias Gonczoroski<\/strong>.<\/div>\n<\/li>\n<li class=\"level1\">\n<div class=\"li\">Avalia\u00e7\u00e3o de t\u00e9cnicas de intelig\u00eancia artificial na descoberta de Motifs<br \/>\npor <strong>Vin\u00edcius Steffens Pazzini<\/strong>.<\/div>\n<\/li>\n<li class=\"level1\">\n<div class=\"li\">Biometria do Caminhar Humano Utilizando o Kinect, Uma Compara\u00e7\u00e3o Entre as Duas Vers\u00f5es do Sensor Kinect<br \/>\npor <strong>Rafael da Silva Dutra<\/strong>.<\/div>\n<\/li>\n<li class=\"level1\">\n<div class=\"li\">Compilador CMTJava para Java 8<br \/>\npor <strong>\u00c1lvaro Joan Gon\u00e7alves dos Santos<\/strong>.<\/div>\n<\/li>\n<li class=\"level1\">\n<div class=\"li\">Curr\u00edculos Lattes: Expans\u00e3o Autom\u00e1tica de Termos baseada em Ontologia<br \/>\npor <strong> Glauco Roberto Munsberg dos Santos<\/strong>.<\/div>\n<\/li>\n<li class=\"level1\">\n<div class=\"li\">Desenvolvimento de um Algoritmo para Assinatura de C\u00e9lulas na Ferramenta FlexMap<br \/>\npor <strong>Jo\u00e3o J\u00fanior da Silva Machado<\/strong>.<\/div>\n<\/li>\n<li class=\"level1\">\n<div class=\"li\">Desenvolvimento de uma Esta\u00e7\u00e3o Meteorol\u00f3gica Autom\u00e1tica com a Plataforma Arduino<br \/>\npor <strong>Edison Hund Lucas<\/strong>.<\/div>\n<\/li>\n<li class=\"level1\">\n<div class=\"li\">Desenvolvimento de uma Solu\u00e7\u00e3o para o Registro de Presen\u00e7as e Controle de Acesso em Eventos Acad\u00eamicos Utilizando Identifica\u00e7\u00e3o e Comunica\u00e7\u00e3o por Radiofrequ\u00eancia<br \/>\npor <strong>Rafael Silveira<\/strong>.<\/div>\n<\/li>\n<li class=\"level1\">\n<div class=\"li\">Detec\u00e7\u00e3o de spots em imagens oriundas de g\u00e9is de eletroforese bidimensional utilizando aprendizado supervisionado<br \/>\npor <strong> Marlon da Silva Dias<\/strong>.<\/div>\n<\/li>\n<li class=\"level1\">\n<div class=\"li\">Esquema para Redu\u00e7\u00e3o da Complexidade e Energia na Predi\u00e7\u00e3o de Mapas de Profundidade do Padr\u00e3o 3D-HEVC<br \/>\npor <strong> M\u00e1rio Roberto de Freitas Saldanha<\/strong>.<\/div>\n<\/li>\n<li class=\"level1\">\n<div class=\"li\">Estima\u00e7\u00e3o de Movimento Paralela para Codifica\u00e7\u00e3o de V\u00eddeos de Alta Resolu\u00e7\u00e3o Utilizando GPU em System on Chip Embarcado<br \/>\npor <strong> Henrique do Amarilho Maich<\/strong>.<\/div>\n<\/li>\n<li class=\"level1\">\n<div class=\"li\">EXEHDA-RM: Uma Contribui\u00e7\u00e3o ao Gerenciamento de Recursos de Sensoriamento e Atua\u00e7\u00e3o no Middleware EXEHDA<br \/>\npor <strong> Huberto Kaiser Filho<\/strong>.<\/div>\n<\/li>\n<li class=\"level1\">\n<div class=\"li\">Explorando o Processamento Din\u00e2mico de Regras Sem\u00e2nticas para Identifica\u00e7\u00e3o de Situa\u00e7\u00f5es de Alunos em um Ambiente Educacional<br \/>\npor <strong>Lidiane Costa da Silva<\/strong>.<\/div>\n<\/li>\n<li class=\"level1\">\n<div class=\"li\">Extens\u00e3o do Ambiente VirD-GM para Suporte a Processos Parciais Mistos para Portas Controladas<br \/>\npor <strong>Murilo Figueiredo Schmalfuss<\/strong>.<\/div>\n<\/li>\n<li class=\"level1\">\n<div class=\"li\">Implementa\u00e7\u00e3o de Computa\u00e7\u00e3o em Nuvem para Execu\u00e7\u00e3o de Simula\u00e7\u00f5es Qu\u00e2nticas do VPE-qGM<br \/>\npor <strong>Mateus Moreira Silveira do Nascimento<\/strong>.<\/div>\n<\/li>\n<li class=\"level1\">\n<div class=\"li\">Influ\u00eancia da Interface de Programa\u00e7\u00e3o nas Atividades de Escalonamento<br \/>\npor <strong>Guilherme Porto Britto Cousin<\/strong>.<\/div>\n<\/li>\n<li class=\"level1\">\n<div class=\"li\">Jogo para reabilita\u00e7\u00e3o em um sistema para posturografia est\u00e1tica<br \/>\npor <strong>Eduardo Vin\u00edcius dos Santos<\/strong>.<\/div>\n<\/li>\n<li class=\"level1\">\n<div class=\"li\">LogicFlow &#8211; Uma ferramenta para o ensino de T\u00e9cnicas Digitais<br \/>\npor <strong>Andr\u00e9 Felipe da Silva<\/strong>.<\/div>\n<\/li>\n<li class=\"level1\">\n<div class=\"li\">Minera\u00e7\u00e3o de Texto e constru\u00e7\u00e3o de corpus l\u00e9xicos na \u00e1rea da Ci\u00eancia Cognitiva usando t\u00e9cnicas de intelig\u00eancia artificial<br \/>\npor <strong>Mohammad Basciri Nimer Hammad<\/strong>.<\/div>\n<\/li>\n<li class=\"level1\">\n<div class=\"li\">Modelagem de sistemas web baseada em UML e IFML<br \/>\npor <strong>Valesca do Amaral Nunes<\/strong>.<\/div>\n<\/li>\n<li class=\"level1\">\n<div class=\"li\">Modelagem SystemC para Avalia\u00e7\u00e3o Energ\u00e9tica da Comunica\u00e7\u00e3o com a Mem\u00f3ria em Codificadores de V\u00eddeo<br \/>\npor <strong> L\u00edvia Silva do Amaral<\/strong>.<\/div>\n<\/li>\n<li class=\"level1\">\n<div class=\"li\">Predi\u00e7\u00e3o de Colabora\u00e7\u00f5es em Redes de Curr\u00edculos Lattes<br \/>\npor <strong>Daniel Krolow Retzlaff<\/strong>.<\/div>\n<\/li>\n<li class=\"level1\">\n<div class=\"li\">Redu\u00e7\u00e3o de Acesso \u00e0 Mem\u00f3ria Externa na Codifica\u00e7\u00e3o de V\u00eddeos UHD Utilizando Compress\u00e3o de Quadros de Refer\u00eancia<br \/>\npor <strong> Guilherme Povala<\/strong>.<\/div>\n<\/li>\n<li class=\"level1\">\n<div class=\"li\">RICNR2: Uma Proposta N\u00e3o-relacional para Tratamento de Dados de Contexto no EXEHDA<br \/>\npor <strong>Ivan Jos\u00e9 Rambo<\/strong>.<\/div>\n<\/li>\n<li class=\"level1\">\n<div class=\"li\">T\u00e9cnicas de Intelig\u00eancia Artificial para Mapeamento das Zonas de Congestionamento em Tempo-Real atrav\u00e9s do Twitter<br \/>\npor <strong> Vitor Gon\u00e7alves de Lima<\/strong>.<\/div>\n<\/li>\n<li class=\"level1\">\n<div class=\"li\">Testes em sistemas web: compara\u00e7\u00e3o de t\u00e9cnicas aplicadas a ambientes parcialmente ou completamente desenvolvidos<br \/>\npor <strong>Maureen Oliveira de Souza<\/strong>.<\/div>\n<\/li>\n<li class=\"level1\">\n<div class=\"li\">Um estudo sobre os efeitos da t\u00e9cnica de reuso de tra\u00e7os em arquiteturas ARM nas quest\u00f5es de desempenho<br \/>\npor <strong>Giovane de Oliveira Torres<\/strong>.<\/div>\n<\/li>\n<li class=\"level1\">\n<div class=\"li\">Um Modelo Evolutivo De Agentes Aplicado Ao Jogo Da Minoria Com Comunidades Heterog\u00eaneas<br \/>\npor <strong>Raphael Tom\u00e9 Santana<\/strong>.<\/div>\n<\/li>\n<li class=\"level1\">\n<div class=\"li\">Uma Abordagem Multicamada Inspirada no Comportamento Adaptativo dos Insetos Sociais para o Balanceamento de Carga em Redes de Sensores sem Fio<br \/>\npor <strong>Maximiliano Dalla Porta<\/strong>.<\/div>\n<\/li>\n<li class=\"level1\">\n<div class=\"li\">Uma ferramenta computacional para a simula\u00e7\u00e3o da dispers\u00e3o de poluentes na atmosfera<br \/>\npor <strong>Tamara Meneghetti da Cruz<\/strong>.<\/div>\n<\/li>\n<li class=\"level1\">\n<div class=\"li\">Uma ferramenta para avalia\u00e7\u00e3o visual de algoritmos de estima\u00e7\u00e3o de movimento<br \/>\npor <strong>Gabriel Leit\u00e3o Cardoso<\/strong>.<\/div>\n<\/li>\n<\/ul>\n<\/div>\n","protected":false},"excerpt":{"rendered":"<p>:: Clique aqui para fazer Download \/ Click here to Download :: Alinhamento de nomes de coautores em produ\u00e7\u00f5es cient\u00edficas de curr\u00edculos de pesquisadores por Andr\u00e9 Guimar\u00e3es Peil. An\u00e1lise de t\u00e9cnicas de processamento de imagens em dispositivos m\u00f3veis: um estudo de caso no diagn\u00f3stico de melanomas por Bruno Cardozo Stone. An\u00e1lise e Simula\u00e7\u00e3o dos Conectivos [&hellip;]<\/p>\n","protected":false},"author":657,"featured_media":0,"parent":143,"menu_order":0,"comment_status":"closed","ping_status":"closed","template":"","meta":{"footnotes":""},"class_list":["post-200","page","type-page","status-publish","hentry"],"_links":{"self":[{"href":"https:\/\/wp.ufpel.edu.br\/notcc\/wp-json\/wp\/v2\/pages\/200","targetHints":{"allow":["GET"]}}],"collection":[{"href":"https:\/\/wp.ufpel.edu.br\/notcc\/wp-json\/wp\/v2\/pages"}],"about":[{"href":"https:\/\/wp.ufpel.edu.br\/notcc\/wp-json\/wp\/v2\/types\/page"}],"author":[{"embeddable":true,"href":"https:\/\/wp.ufpel.edu.br\/notcc\/wp-json\/wp\/v2\/users\/657"}],"replies":[{"embeddable":true,"href":"https:\/\/wp.ufpel.edu.br\/notcc\/wp-json\/wp\/v2\/comments?post=200"}],"version-history":[{"count":7,"href":"https:\/\/wp.ufpel.edu.br\/notcc\/wp-json\/wp\/v2\/pages\/200\/revisions"}],"predecessor-version":[{"id":840,"href":"https:\/\/wp.ufpel.edu.br\/notcc\/wp-json\/wp\/v2\/pages\/200\/revisions\/840"}],"up":[{"embeddable":true,"href":"https:\/\/wp.ufpel.edu.br\/notcc\/wp-json\/wp\/v2\/pages\/143"}],"wp:attachment":[{"href":"https:\/\/wp.ufpel.edu.br\/notcc\/wp-json\/wp\/v2\/media?parent=200"}],"curies":[{"name":"wp","href":"https:\/\/api.w.org\/{rel}","templated":true}]}}