{"id":197,"date":"2016-12-02T16:01:50","date_gmt":"2016-12-02T18:01:50","guid":{"rendered":"https:\/\/wp.ufpel.edu.br\/notcc\/?page_id=197"},"modified":"2019-02-01T11:20:24","modified_gmt":"2019-02-01T13:20:24","slug":"2014_","status":"publish","type":"page","link":"https:\/\/wp.ufpel.edu.br\/notcc\/monografias\/acervo\/2014_\/","title":{"rendered":"Monografias 2014"},"content":{"rendered":"<div class=\"level2\">\n<h3 style=\"text-align: center\"><a href=\"https:\/\/drive.google.com\/open?id=1wITfaa1MNBNgS81rJlCA2sg2mOfxxzKr\" target=\"_blank\" rel=\"noopener\">:: Clique aqui para fazer Download \/ Click here to Download ::<\/a><\/h3>\n<ul class=\"fix-media-list-overlap\">\n<li class=\"level1\">\n<div class=\"li\">An\u00e1lise de Desempenho de Diferentes Vers\u00f5es do Sistema Operacional Android<br \/>\npor <strong>Guilherme Paniz Patzer<\/strong>.<\/div>\n<\/li>\n<li class=\"level1\">\n<div class=\"li\">Arquitetura Computacional para Controle Bioclim\u00e1tico: Uma Abordagem Baseada em Sistemas Inteligentes<br \/>\npor <strong>Muriel Figueredo Franco<\/strong>.<\/div>\n<\/li>\n<li class=\"level1\">\n<div class=\"li\">Automa\u00e7\u00e3o de um Ambiente de Servidores atrav\u00e9s da Computa\u00e7\u00e3o Ub\u00edqua<br \/>\npor <strong>N\u00edcolas Nogueira Bisi<\/strong>.<\/div>\n<\/li>\n<li class=\"level1\">\n<div class=\"li\">Automa\u00e7\u00e3o residencial e supervis\u00e3o remota utilizando a plataforma Arduino<br \/>\npor <strong>Fernando Furtado Leichtweis<\/strong>.<\/div>\n<\/li>\n<li class=\"level1\">\n<div class=\"li\">Busca colaborativa de vagas de estacionamento em espa\u00e7o p\u00fablico<br \/>\npor <strong>Luciano de Azevedo Telesca Mota<\/strong>.<\/div>\n<\/li>\n<li class=\"level1\">\n<div class=\"li\">Curr\u00edculo Lattes: Uma Abordagem de Busca Explorando a Recupera\u00e7\u00e3o de Informa\u00e7\u00e3o<br \/>\npor <strong>Gustavo de Souza Meireles<\/strong>.<\/div>\n<\/li>\n<li class=\"level1\">\n<div class=\"li\">Desenvolvendo uma Engine F\u00edsica com simula\u00e7\u00e3o b\u00e1sica de Tecidos<br \/>\npor <strong>Douglas Vanny Bento<\/strong>.<\/div>\n<\/li>\n<li class=\"level1\">\n<div class=\"li\">Desenvolvimento de um IP core para DCT e Quantiza\u00e7\u00e3o segundo padr\u00e3o HEVC: Projeto em Electronic System Level<br \/>\npor <strong>Gustavo Wrege Gon\u00e7alves<\/strong>.<\/div>\n<\/li>\n<li class=\"level1\">\n<div class=\"li\">Desenvolvimento de uma ferramenta para especifica\u00e7\u00f5es para DSC T\u00c6MS<br \/>\npor <strong>Alexandre da Rocha Fonseca<\/strong>.<\/div>\n<\/li>\n<li class=\"level1\">\n<div class=\"li\">Eronline &#8211; Uma ferramenta web para ensino de modelagem conceitual de banco de dados<br \/>\npor <strong>Vanderson Oliveira da Silva<\/strong>.<\/div>\n<\/li>\n<li class=\"level1\">\n<div class=\"li\">EXEHDA-RF &#8211; Uma Solu\u00e7\u00e3o RESTful para o Subsistema de Reconhecimento de Contexto do Middleware EXEHDA<br \/>\npor <strong>Helio Wichrestink Caruccio<\/strong>.<\/div>\n<\/li>\n<li class=\"level1\">\n<div class=\"li\">fGrid: Um M\u00f3dulo para Tomada de Decis\u00f5es em Regime de Incerteza Direcionado ao Escalonamento de Tarefas em Grades Computacionais<br \/>\npor <strong>Samuel Ribeiro Sant\u2019Anna<\/strong>.<\/div>\n<\/li>\n<li class=\"level1\">\n<div class=\"li\">Gera\u00e7\u00e3o de casos de teste de unidade a partir de diagramas de sequ\u00eancia da UML<br \/>\npor <strong>Paulo Eugenio Ferreira Fernandes<\/strong>.<\/div>\n<\/li>\n<li class=\"level1\">\n<div class=\"li\">Implementa\u00e7\u00e3o e An\u00e1lise de T\u00e9cnicas de Intelig\u00eancia Artificial Aplicadas \u00e0 Clusteriza\u00e7\u00e3o em Recursos H\u00eddricos<br \/>\npor <strong>Leonardo de Lima Corr\u00eaa<\/strong>.<\/div>\n<\/li>\n<li class=\"level1\">\n<div class=\"li\">Mapeamento e Integra\u00e7\u00e3o de Dados de Contexto com Base em Ontologias<br \/>\npor <strong>Lucas Vaz Pires<\/strong>.<\/div>\n<\/li>\n<li class=\"level1\">\n<div class=\"li\">Modelagem e Avalia\u00e7\u00e3o de Comportamento de Aplica\u00e7\u00f5es do Tipo Bag of Tasks em uma Nuvem Gerida pelo OpenStack<br \/>\npor <strong>Fernando Angelin<\/strong>.<\/div>\n<\/li>\n<li class=\"level1\">\n<div class=\"li\">Modelagem e predi\u00e7\u00e3o da situa\u00e7\u00e3o acad\u00eamica de alunos de educa\u00e7\u00e3o a dist\u00e2ncia<br \/>\npor <strong>Douglas Detoni<\/strong>.<\/div>\n<\/li>\n<li class=\"level1\">\n<div class=\"li\">O Processo de Desenvolvimento de uma Plataforma On-Line para Gerenciamento de Pesquisas e Descoberta de Conhecimento<br \/>\npor <strong>Lucas Barros Bonine<\/strong>.<\/div>\n<\/li>\n<li class=\"level1\">\n<div class=\"li\">Posicionamento e Roteamento de Redes de Transistores N\u00e3o-S\u00e9rie-Paralelo<br \/>\npor <strong>Maicon Schneider Cardoso<\/strong>.<\/div>\n<\/li>\n<li class=\"level1\">\n<div class=\"li\">Predi\u00e7\u00e3o de Obstru\u00e7\u00f5es no transporte de l\u00edquido em Bomba de Infus\u00e3o<br \/>\npor <strong>Daniel Fischer Pettenon<\/strong>.<\/div>\n<\/li>\n<li class=\"level1\">\n<div class=\"li\">Proposta de uma Extens\u00e3o para um Mapeamento de Diagramas UML para Modelos Simulink<br \/>\npor <strong>Andrei Costa<\/strong>.<\/div>\n<\/li>\n<li class=\"level1\">\n<div class=\"li\">Proposta de uma Ferramenta de Ger\u00eancia de Informa\u00e7\u00e3o Pessoal para o Desktop Sem\u00e2ntico<br \/>\npor <strong>Felipe Borges<\/strong>.<\/div>\n<\/li>\n<li class=\"level1\">\n<div class=\"li\">Sistema de Identifica\u00e7\u00e3o de M\u00e9tricas de Qualidade para Objetos de Aprendizagem Dentro de Reposit\u00f3rios<br \/>\npor <strong>Vin\u00edcius Vieira dos Santos<\/strong>.<\/div>\n<\/li>\n<li class=\"level1\">\n<div class=\"li\">Sustentabilidade de Produtos de Software: Uma Avalia\u00e7\u00e3o de Aplicativos M\u00f3veis<br \/>\npor <strong>Aline Rodrigues Tonini<\/strong>.<\/div>\n<\/li>\n<li class=\"level1\">\n<div class=\"li\">T\u00e9cnicas de Intelig\u00eancia Artificial na Epidemiologia: Rastreando a gripe atrav\u00e9s do Twitter<br \/>\npor <strong>Mauro Rosa de Britto<\/strong>.<\/div>\n<\/li>\n<li class=\"level1\">\n<div class=\"li\">Um Estudo Sobre Mecanismos de Acesso a Dados Compartilhados Aplicado a Grafos Paralelos<br \/>\npor <strong>Israel Silva Barbar\u00e1<\/strong>.<\/div>\n<\/li>\n<li class=\"level1\">\n<div class=\"li\">Uma proposta de agrega\u00e7\u00e3o de dados para computa\u00e7\u00e3o em grade direcionada a green computing<br \/>\npor <strong>Lu\u00edsa Dal Molin<\/strong>.<\/div>\n<\/li>\n<li class=\"level1\">\n<div class=\"li\">Uma proposta de rastreamento de pedestres baseada em caracter\u00edsticas utilizando Viola-Jones e compara\u00e7\u00e3o de histogramas por dist\u00e2ncia de Bhattacharyya<br \/>\npor <strong>Felipe Aguiar Corr\u00eaa<\/strong>.<\/div>\n<\/li>\n<li class=\"level1\">\n<div class=\"li\">Uma Solu\u00e7\u00e3o Hardware\/Software para o Filtro ALF do Padr\u00e3o HEVC<br \/>\npor <strong>Ruhan \u00c1vila da Concei\u00e7\u00e3o<\/strong>.<\/div>\n<\/li>\n<li class=\"level1\">\n<div class=\"li\">Uma tradu\u00e7\u00e3o de Gram\u00e1tica de Grafos Controlada para Event-B<br \/>\npor <strong>Alex Bertei<\/strong>.<\/div>\n<\/li>\n<\/ul>\n<\/div>\n","protected":false},"excerpt":{"rendered":"<p>:: Clique aqui para fazer Download \/ Click here to Download :: An\u00e1lise de Desempenho de Diferentes Vers\u00f5es do Sistema Operacional Android por Guilherme Paniz Patzer. Arquitetura Computacional para Controle Bioclim\u00e1tico: Uma Abordagem Baseada em Sistemas Inteligentes por Muriel Figueredo Franco. Automa\u00e7\u00e3o de um Ambiente de Servidores atrav\u00e9s da Computa\u00e7\u00e3o Ub\u00edqua por N\u00edcolas Nogueira Bisi. [&hellip;]<\/p>\n","protected":false},"author":657,"featured_media":0,"parent":143,"menu_order":0,"comment_status":"closed","ping_status":"closed","template":"","meta":{"footnotes":""},"class_list":["post-197","page","type-page","status-publish","hentry"],"_links":{"self":[{"href":"https:\/\/wp.ufpel.edu.br\/notcc\/wp-json\/wp\/v2\/pages\/197","targetHints":{"allow":["GET"]}}],"collection":[{"href":"https:\/\/wp.ufpel.edu.br\/notcc\/wp-json\/wp\/v2\/pages"}],"about":[{"href":"https:\/\/wp.ufpel.edu.br\/notcc\/wp-json\/wp\/v2\/types\/page"}],"author":[{"embeddable":true,"href":"https:\/\/wp.ufpel.edu.br\/notcc\/wp-json\/wp\/v2\/users\/657"}],"replies":[{"embeddable":true,"href":"https:\/\/wp.ufpel.edu.br\/notcc\/wp-json\/wp\/v2\/comments?post=197"}],"version-history":[{"count":6,"href":"https:\/\/wp.ufpel.edu.br\/notcc\/wp-json\/wp\/v2\/pages\/197\/revisions"}],"predecessor-version":[{"id":841,"href":"https:\/\/wp.ufpel.edu.br\/notcc\/wp-json\/wp\/v2\/pages\/197\/revisions\/841"}],"up":[{"embeddable":true,"href":"https:\/\/wp.ufpel.edu.br\/notcc\/wp-json\/wp\/v2\/pages\/143"}],"wp:attachment":[{"href":"https:\/\/wp.ufpel.edu.br\/notcc\/wp-json\/wp\/v2\/media?parent=197"}],"curies":[{"name":"wp","href":"https:\/\/api.w.org\/{rel}","templated":true}]}}