{"id":194,"date":"2016-12-02T16:00:02","date_gmt":"2016-12-02T18:00:02","guid":{"rendered":"https:\/\/wp.ufpel.edu.br\/notcc\/?page_id=194"},"modified":"2019-02-01T11:20:56","modified_gmt":"2019-02-01T13:20:56","slug":"2013_","status":"publish","type":"page","link":"https:\/\/wp.ufpel.edu.br\/notcc\/monografias\/acervo\/2013_\/","title":{"rendered":"Monografias 2013"},"content":{"rendered":"<div class=\"level2\">\n<h3 style=\"text-align: center\"><a href=\"https:\/\/drive.google.com\/open?id=1ACW32mWc49aMlhc-mS55cy_JVdv9KMJR\" target=\"_blank\" rel=\"noopener\">:: Clique aqui para fazer Download \/ Click here to Download ::<\/a><\/h3>\n<ul class=\"fix-media-list-overlap\">\n<li class=\"level1\">\n<div class=\"li\">Algoritmos de Posicionamento e Roteamento para a Visualiza\u00e7\u00e3o de Circuitos Digitais<br \/>\npor <strong>St\u00e8phano Machado Moreira Gon\u00e7alves<\/strong>.<\/div>\n<\/li>\n<li class=\"level1\">\n<div class=\"li\">Desenvolvendo Esqueletos Paralelos para Java usando Padr\u00f5es de Projeto e o Framework Fork\/Join<br \/>\npor <strong>Matheus Blaas Bastos<\/strong>.<\/div>\n<\/li>\n<li class=\"level1\">\n<div class=\"li\">Desenvolvimento de Tabelas Hash Concorrentes para a Linguagem CMTJava<br \/>\npor <strong>Marcelo da Silva Machado<\/strong>.<\/div>\n<\/li>\n<li class=\"level1\">\n<div class=\"li\">Esteganografia aplicada \u00e0 documenta\u00e7\u00e3o necess\u00e1ria para a emiss\u00e3o de certificados digitais no \u00e2mbito da ICP-Brasil<br \/>\npor <strong>Ricardo de la Rocha Ladeira<\/strong>.<\/div>\n<\/li>\n<li class=\"level1\">\n<div class=\"li\">Estudo e Aplica\u00e7\u00e3o de M\u00e9todos de Segmenta\u00e7\u00e3o de Imagens para o Diagn\u00f3stico de Falhas na Fabrica\u00e7\u00e3o de Equipos<br \/>\npor <strong>Leandro Soares Guedes<\/strong>.<\/div>\n<\/li>\n<li class=\"level1\">\n<div class=\"li\">Gera\u00e7\u00e3o de c\u00f3digo dirigida por modelos para aplicativos Android e Windows Phone<br \/>\npor <strong>Abilio Gambim Parada<\/strong>.<\/div>\n<\/li>\n<li class=\"level1\">\n<div class=\"li\">Implementa\u00e7\u00e3o de portas l\u00f3gicas no estilo l\u00f3gico mux-based visando a constru\u00e7\u00e3o de sistemas digitais seguros imunes a DPA<br \/>\npor <strong>Renato Souza de Souza<\/strong>.<\/div>\n<\/li>\n<li class=\"level1\">\n<div class=\"li\">Investiga\u00e7\u00e3o Da Estima\u00e7\u00e3o De Movimento Para O Novo Codificador De V\u00eddeo Hevc Em V\u00eddeos De Ultra Alta Defini\u00e7\u00e3o<br \/>\npor <strong>C\u00e1ssio Rodrigo Cristani<\/strong>.<\/div>\n<\/li>\n<li class=\"level1\">\n<div class=\"li\">LogA-DM: uma abordagem de an\u00e1lise din\u00e2mica de log com base em minera\u00e7\u00e3o de dados<br \/>\npor <strong>Roger da Silva Machado<\/strong>.<\/div>\n<\/li>\n<li class=\"level1\">\n<div class=\"li\">Seguran\u00e7a da Informa\u00e7\u00e3o e Gerenciamento de Eventos: Uma Abordagem Explorando Consci\u00eancia de Situa\u00e7\u00e3o<br \/>\npor <strong>Ricardo Borges Almeida<\/strong>.<\/div>\n<\/li>\n<li class=\"level1\">\n<div class=\"li\">Simula\u00e7\u00e3o Distribu\u00edda de Algoritmos Qu\u00e2nticos via GPUs<br \/>\npor <strong>Anderson Braga de Avila<\/strong>.<\/div>\n<\/li>\n<li class=\"level1\">\n<div class=\"li\">STM_BUFFER: Adapta\u00e7\u00e3o da biblioteca de STM TinySTM para PCM<br \/>\npor <strong>Felipe Leivas Teixeira<\/strong>.<\/div>\n<\/li>\n<li class=\"level1\">\n<div class=\"li\">Suporte \u00e0 Ger\u00eancia de Requisitos Orientada a Modelos para o Dom\u00ednio de Software Embarcado<br \/>\npor <strong> Eliane Siegert<\/strong>.<\/div>\n<\/li>\n<li class=\"level1\">\n<div class=\"li\">Uma an\u00e1lise dos desafios relacionados ao Desenvolvimento de Aplica\u00e7\u00f5es HandeldAR<br \/>\npor <strong>Daniel Santin Debastiani<\/strong>.<\/div>\n<\/li>\n<li class=\"level1\">\n<div class=\"li\">Uma Contribui\u00e7\u00e3o a Consci\u00eancia de Contexto no AdaptWeb<br \/>\npor <strong>Lucas Garcia Nachtigall<\/strong>.<\/div>\n<\/li>\n<\/ul>\n<\/div>\n","protected":false},"excerpt":{"rendered":"<p>:: Clique aqui para fazer Download \/ Click here to Download :: Algoritmos de Posicionamento e Roteamento para a Visualiza\u00e7\u00e3o de Circuitos Digitais por St\u00e8phano Machado Moreira Gon\u00e7alves. Desenvolvendo Esqueletos Paralelos para Java usando Padr\u00f5es de Projeto e o Framework Fork\/Join por Matheus Blaas Bastos. Desenvolvimento de Tabelas Hash Concorrentes para a Linguagem CMTJava por [&hellip;]<\/p>\n","protected":false},"author":657,"featured_media":0,"parent":143,"menu_order":0,"comment_status":"closed","ping_status":"closed","template":"","meta":{"footnotes":""},"class_list":["post-194","page","type-page","status-publish","hentry"],"_links":{"self":[{"href":"https:\/\/wp.ufpel.edu.br\/notcc\/wp-json\/wp\/v2\/pages\/194","targetHints":{"allow":["GET"]}}],"collection":[{"href":"https:\/\/wp.ufpel.edu.br\/notcc\/wp-json\/wp\/v2\/pages"}],"about":[{"href":"https:\/\/wp.ufpel.edu.br\/notcc\/wp-json\/wp\/v2\/types\/page"}],"author":[{"embeddable":true,"href":"https:\/\/wp.ufpel.edu.br\/notcc\/wp-json\/wp\/v2\/users\/657"}],"replies":[{"embeddable":true,"href":"https:\/\/wp.ufpel.edu.br\/notcc\/wp-json\/wp\/v2\/comments?post=194"}],"version-history":[{"count":6,"href":"https:\/\/wp.ufpel.edu.br\/notcc\/wp-json\/wp\/v2\/pages\/194\/revisions"}],"predecessor-version":[{"id":842,"href":"https:\/\/wp.ufpel.edu.br\/notcc\/wp-json\/wp\/v2\/pages\/194\/revisions\/842"}],"up":[{"embeddable":true,"href":"https:\/\/wp.ufpel.edu.br\/notcc\/wp-json\/wp\/v2\/pages\/143"}],"wp:attachment":[{"href":"https:\/\/wp.ufpel.edu.br\/notcc\/wp-json\/wp\/v2\/media?parent=194"}],"curies":[{"name":"wp","href":"https:\/\/api.w.org\/{rel}","templated":true}]}}