{"id":191,"date":"2016-12-02T15:58:24","date_gmt":"2016-12-02T17:58:24","guid":{"rendered":"https:\/\/wp.ufpel.edu.br\/notcc\/?page_id=191"},"modified":"2023-10-26T16:58:05","modified_gmt":"2023-10-26T19:58:05","slug":"2012_","status":"publish","type":"page","link":"https:\/\/wp.ufpel.edu.br\/notcc\/monografias\/acervo\/2012_\/","title":{"rendered":"Monografias 2012"},"content":{"rendered":"<div class=\"level2\">\n<h3 style=\"text-align: center;\"><a href=\"https:\/\/drive.google.com\/open?id=1Wvccx9_APnsJF6PhmpjqHfPwAyvVZSkl\" target=\"_blank\" rel=\"noopener\">:: Clique aqui para fazer Download \/ Click here to Download ::<\/a><\/h3>\n<ul class=\"fix-media-list-overlap\">\n<li class=\"level1\">\n<div class=\"li\">Anahy-3: Um novo Ambiente de Execu\u00e7\u00e3o Otimizado para Arquiteturas Multicore<br \/>\npor <strong> Alan Schlindvein de Araujo<\/strong>.<\/div>\n<\/li>\n<li class=\"level1\">\n<div class=\"li\">Avalia\u00e7\u00e3o das Boas Pr\u00e1ticas de Codifica\u00e7\u00e3o para Plataforma Android<br \/>\npor <strong>Marco Beckmann<\/strong>.<\/div>\n<\/li>\n<li class=\"level1\">\n<div class=\"li\">Desenvolvimento de arquiteturas para a interpola\u00e7\u00e3o de subamostras de lumin\u00e2ncia e cromin\u00e2ncia do padr\u00e3o de codifica\u00e7\u00e3o de v\u00eddeo emergente HEVC<br \/>\npor <strong>Marcel Moscarelli Corr\u00eaa<\/strong>.<\/div>\n<\/li>\n<li class=\"level1\">\n<div class=\"li\">Desenvolvimento de benchmarks de c\u00f3digo aberto e an\u00e1lise do consumo de energia em dispositivos iOS<br \/>\npor <strong>V\u00edtor Alano de Ata\u00eddes<\/strong>.<\/div>\n<\/li>\n<li class=\"level1\">\n<div class=\"li\">Desenvolvimento de um Fluxo Gen\u00e9rico para Mapeamento Tecnol\u00f3gico<br \/>\npor <strong>Julio Sara\u00e7ol Domingues J\u00fanior<\/strong><\/div>\n<\/li>\n<li class=\"level1\">\n<div class=\"li\">Desenvolvimento e Aplica\u00e7\u00e3o de Novas Tecnologias no Ensino de Matem\u00e1tica<br \/>\npor <strong>Bruno Baneiro Hecktheuer<\/strong>.<\/div>\n<\/li>\n<li class=\"level1\">\n<div class=\"li\">Estudo da utiliza\u00e7\u00e3o do Kinect para biometria<br \/>\npor <strong>Gustavo Gra\u00f1a Gomes da Silva<\/strong>.<\/div>\n<\/li>\n<li class=\"level1\">\n<div class=\"li\">Gera\u00e7\u00e3o Autom\u00e1tica de Redes de Transistores Otimizadas para a Tecnologia CMOS<br \/>\npor <strong>Vinicius Neves Possani<\/strong>.<\/div>\n<\/li>\n<li class=\"level1\">\n<div class=\"li\">Gera\u00e7\u00e3o de C\u00f3digo e Avalia\u00e7\u00e3o de Diferentes Paradigmas de Projeto de Algoritmos para Aplica\u00e7\u00f5es Android<br \/>\npor <strong>Andrws Aires Vieira<\/strong><\/div>\n<\/li>\n<li class=\"level1\">\n<div class=\"li\">Heur\u00edsticas para Redu\u00e7\u00e3o de Complexidade na Predi\u00e7\u00e3o Inter-Quadros do Padr\u00e3o de Codificac\u00e3o de V\u00eddeo Emergente HEVC<br \/>\npor <strong>Mateus Grellert da Silva<\/strong>.<\/div>\n<\/li>\n<li class=\"level1\">\n<div class=\"li\">Implementa\u00e7\u00e3o e An\u00e1lise de Algoritmos para a Estima\u00e7\u00e3o de Movimento em V\u00eddeos de Alta Defini\u00e7\u00e3o no Padr\u00e3o Emergente HEVC<br \/>\npor <strong>Gustavo Freitas Sanchez<\/strong>.<\/div>\n<\/li>\n<li class=\"level1\">\n<div class=\"li\">Instrumenta\u00e7\u00e3o de opera\u00e7\u00f5es em mem\u00f3ria cache em um ambiente multithread<br \/>\npor <strong>Victor Avila Ratuchenei<\/strong>.<\/div>\n<\/li>\n<li class=\"level1\">\n<div class=\"li\">m-qCEdit: Um Ambiente para Modelagem e Simula\u00e7\u00e3o de Circuitos Qu\u00e2nticos via Plataformas M\u00f3veis<br \/>\npor <strong>Pamela Polnow Gnutzmann<\/strong>.<\/div>\n<\/li>\n<li class=\"level1\">\n<div class=\"li\">Predi\u00e7\u00e3o de Sentimentos de Usu\u00e1rios no Twitter<br \/>\npor <strong>Gabriel Sica Siedler<\/strong>.<\/div>\n<\/li>\n<li class=\"level1\">\n<div class=\"li\">Projeto e Implementa\u00e7\u00e3o de um Compressor de Quadros de Refer\u00eancia para Codificadores de V\u00eddeos Digitais<br \/>\npor <strong>Dieison Soares Silveira<\/strong>.<\/div>\n<\/li>\n<li class=\"level1\">\n<div class=\"li\">Uma abordagem para predi\u00e7\u00e3o de obstru\u00e7\u00e3o de fluxo em bombas hidr\u00e1ulicas baseada no algoritmo Shazam<br \/>\npor <strong>\u00c9ric Falchi Timm<\/strong>.<\/div>\n<\/li>\n<li class=\"level1\">\n<div class=\"li\">Uma Solu\u00e7\u00e3o Embarcada para o Tratamento de Sensores e Atuadores na UbiComp<br \/>\npor <strong>Miguel Satte Alam Lisboa<\/strong>.<\/div>\n<\/li>\n<\/ul>\n<\/div>\n","protected":false},"excerpt":{"rendered":"<p>:: Clique aqui para fazer Download \/ Click here to Download :: Anahy-3: Um novo Ambiente de Execu\u00e7\u00e3o Otimizado para Arquiteturas Multicore por Alan Schlindvein de Araujo. Avalia\u00e7\u00e3o das Boas Pr\u00e1ticas de Codifica\u00e7\u00e3o para Plataforma Android por Marco Beckmann. Desenvolvimento de arquiteturas para a interpola\u00e7\u00e3o de subamostras de lumin\u00e2ncia e cromin\u00e2ncia do padr\u00e3o de codifica\u00e7\u00e3o [&hellip;]<\/p>\n","protected":false},"author":657,"featured_media":0,"parent":143,"menu_order":0,"comment_status":"closed","ping_status":"closed","template":"","meta":{"footnotes":""},"class_list":["post-191","page","type-page","status-publish","hentry"],"_links":{"self":[{"href":"https:\/\/wp.ufpel.edu.br\/notcc\/wp-json\/wp\/v2\/pages\/191","targetHints":{"allow":["GET"]}}],"collection":[{"href":"https:\/\/wp.ufpel.edu.br\/notcc\/wp-json\/wp\/v2\/pages"}],"about":[{"href":"https:\/\/wp.ufpel.edu.br\/notcc\/wp-json\/wp\/v2\/types\/page"}],"author":[{"embeddable":true,"href":"https:\/\/wp.ufpel.edu.br\/notcc\/wp-json\/wp\/v2\/users\/657"}],"replies":[{"embeddable":true,"href":"https:\/\/wp.ufpel.edu.br\/notcc\/wp-json\/wp\/v2\/comments?post=191"}],"version-history":[{"count":7,"href":"https:\/\/wp.ufpel.edu.br\/notcc\/wp-json\/wp\/v2\/pages\/191\/revisions"}],"predecessor-version":[{"id":1384,"href":"https:\/\/wp.ufpel.edu.br\/notcc\/wp-json\/wp\/v2\/pages\/191\/revisions\/1384"}],"up":[{"embeddable":true,"href":"https:\/\/wp.ufpel.edu.br\/notcc\/wp-json\/wp\/v2\/pages\/143"}],"wp:attachment":[{"href":"https:\/\/wp.ufpel.edu.br\/notcc\/wp-json\/wp\/v2\/media?parent=191"}],"curies":[{"name":"wp","href":"https:\/\/api.w.org\/{rel}","templated":true}]}}