{"id":188,"date":"2016-12-02T15:56:43","date_gmt":"2016-12-02T17:56:43","guid":{"rendered":"https:\/\/wp.ufpel.edu.br\/notcc\/?page_id=188"},"modified":"2019-02-01T11:21:41","modified_gmt":"2019-02-01T13:21:41","slug":"2011_","status":"publish","type":"page","link":"https:\/\/wp.ufpel.edu.br\/notcc\/monografias\/acervo\/2011_\/","title":{"rendered":"Monografias 2011"},"content":{"rendered":"<div class=\"level2\">\n<h3 style=\"text-align: center\"><a href=\"https:\/\/drive.google.com\/open?id=1osDcmiDjQqczhWbe6ZFYfOblKbpFcdn2\" target=\"_blank\" rel=\"noopener\">:: Clique aqui para fazer Download \/ Click here to Download ::<\/a><\/h3>\n<ul class=\"fix-media-list-overlap\">\n<li class=\"level1\">\n<div class=\"li\">Al\u00e9m dos filtros sociais: aprendizado de m\u00e1quina aplicado a personaliza\u00e7\u00e3o de fluxos de mensagens no Twitter<br \/>\npor <strong>Tiago Schenkel<\/strong>.<\/div>\n<\/li>\n<li class=\"level1\">\n<div class=\"li\">An\u00e1lises de Complexidade e Num\u00e9rica do Modelo Hidrol\u00f3gico para Previs\u00f5es de Inunda\u00e7\u00f5es em Rios<br \/>\npor <strong>Alice Fonseca Finger<\/strong>.<\/div>\n<\/li>\n<li class=\"level1\">\n<div class=\"li\">Computa\u00e7\u00e3o Visual na Identifica\u00e7\u00e3o de Sementes utilizando Extra\u00e7\u00e3o de Caracter\u00edsticas de Forma<br \/>\npor <strong>Deives Mesquita Kist<\/strong>.<\/div>\n<\/li>\n<li class=\"level1\">\n<div class=\"li\">Explora\u00e7\u00e3o de T\u00e9cnicas de Realidade Aumentada na Interatividade de Jogos Educacionais<br \/>\npor <strong>Mois\u00e9s Dorneles da Silveira<\/strong>.<\/div>\n<\/li>\n<li class=\"level1\">\n<div class=\"li\">Perfis de consumo e desempenho do Mibench para processadores ARM<br \/>\npor <strong>Matheus Garcia Nachtigall<\/strong>.<\/div>\n<\/li>\n<\/ul>\n<\/div>\n","protected":false},"excerpt":{"rendered":"<p>:: Clique aqui para fazer Download \/ Click here to Download :: Al\u00e9m dos filtros sociais: aprendizado de m\u00e1quina aplicado a personaliza\u00e7\u00e3o de fluxos de mensagens no Twitter por Tiago Schenkel. An\u00e1lises de Complexidade e Num\u00e9rica do Modelo Hidrol\u00f3gico para Previs\u00f5es de Inunda\u00e7\u00f5es em Rios por Alice Fonseca Finger. Computa\u00e7\u00e3o Visual na Identifica\u00e7\u00e3o de Sementes [&hellip;]<\/p>\n","protected":false},"author":657,"featured_media":0,"parent":143,"menu_order":0,"comment_status":"closed","ping_status":"closed","template":"","meta":{"footnotes":""},"class_list":["post-188","page","type-page","status-publish","hentry"],"_links":{"self":[{"href":"https:\/\/wp.ufpel.edu.br\/notcc\/wp-json\/wp\/v2\/pages\/188","targetHints":{"allow":["GET"]}}],"collection":[{"href":"https:\/\/wp.ufpel.edu.br\/notcc\/wp-json\/wp\/v2\/pages"}],"about":[{"href":"https:\/\/wp.ufpel.edu.br\/notcc\/wp-json\/wp\/v2\/types\/page"}],"author":[{"embeddable":true,"href":"https:\/\/wp.ufpel.edu.br\/notcc\/wp-json\/wp\/v2\/users\/657"}],"replies":[{"embeddable":true,"href":"https:\/\/wp.ufpel.edu.br\/notcc\/wp-json\/wp\/v2\/comments?post=188"}],"version-history":[{"count":6,"href":"https:\/\/wp.ufpel.edu.br\/notcc\/wp-json\/wp\/v2\/pages\/188\/revisions"}],"predecessor-version":[{"id":844,"href":"https:\/\/wp.ufpel.edu.br\/notcc\/wp-json\/wp\/v2\/pages\/188\/revisions\/844"}],"up":[{"embeddable":true,"href":"https:\/\/wp.ufpel.edu.br\/notcc\/wp-json\/wp\/v2\/pages\/143"}],"wp:attachment":[{"href":"https:\/\/wp.ufpel.edu.br\/notcc\/wp-json\/wp\/v2\/media?parent=188"}],"curies":[{"name":"wp","href":"https:\/\/api.w.org\/{rel}","templated":true}]}}