{"id":185,"date":"2016-12-02T15:54:53","date_gmt":"2016-12-02T17:54:53","guid":{"rendered":"https:\/\/wp.ufpel.edu.br\/notcc\/?page_id=185"},"modified":"2019-02-01T11:22:03","modified_gmt":"2019-02-01T13:22:03","slug":"2010_","status":"publish","type":"page","link":"https:\/\/wp.ufpel.edu.br\/notcc\/monografias\/acervo\/2010_\/","title":{"rendered":"Monografias 2010"},"content":{"rendered":"<div class=\"level2\">\n<h3 style=\"text-align: center\"><a href=\"https:\/\/drive.google.com\/open?id=1LwwNOeBy6V43tzWFi1JCPchbJBm6X5Dy\" target=\"_blank\" rel=\"noopener\">:: Clique aqui para fazer Download \/ Click here to Download ::<\/a><\/h3>\n<ul class=\"fix-media-list-overlap\">\n<li class=\"level1\">\n<div class=\"li\">An\u00e1lise do impacto da aplica\u00e7\u00e3o de algoritmos de escalonamento de lista em ambientes multithreaded din\u00e2micos<br \/>\npor <strong>C\u00edcero Augusto de Souza Camargo<\/strong>.<\/div>\n<\/li>\n<li class=\"level1\">\n<div class=\"li\">An\u00e1lise do sentimento coletivo presente em mensagens do Twitter para a previs\u00e3o de \u00edndices do mercado de a\u00e7\u00f5es<br \/>\npor <strong>Juliano Rodrigues de Almeida<\/strong>.<\/div>\n<\/li>\n<li class=\"level1\">\n<div class=\"li\">Aplica\u00e7\u00e3o de t\u00e9cnicas de arquitetura de informa\u00e7\u00e3o na constru\u00e7\u00e3o de um site para um evento cient\u00edfico<br \/>\npor <strong>Liliane Lino Jeziorski<\/strong>.<\/div>\n<\/li>\n<li class=\"level1\">\n<div class=\"li\">Arquitetura de hardware para estima\u00e7\u00e3o de movimento e de disparidade baseada em reuso de dados para codifica\u00e7\u00e3o de v\u00eddeos de m\u00faltiplas vistas<br \/>\npor <strong>Felipe Martin Sampaio<\/strong>.<\/div>\n<\/li>\n<li class=\"level1\">\n<div class=\"li\">Arquitetura para a Estima\u00e7\u00e3o de Movimento VBSME Integrada \u00e0 Compensa\u00e7\u00e3o de Movimento e com Modo de Decis\u00e3o R\u00e1pido para o Padr\u00e3o H.264\/AVC<br \/>\npor <strong>Robson Sejanes Soares Dornelles<\/strong>.<\/div>\n<\/li>\n<li class=\"level1\">\n<div class=\"li\">Avalia\u00e7\u00e3o do consumo de energia em redes peer-to-peer para aplica\u00e7\u00e3o em redes de dispositivos m\u00f3veis e redes de sensores sem fio<br \/>\npor <strong>Lucas Dutra Fonseca<\/strong>.<\/div>\n<\/li>\n<li class=\"level1\">\n<div class=\"li\">Compilador para a linguagem CMTJava<br \/>\npor <strong>Rafael Le\u00e3o de Bandeira<\/strong>.<\/div>\n<\/li>\n<li class=\"level1\">\n<div class=\"li\">Computa\u00e7\u00e3o humana aplicada ao problema do caixeiro viajante<br \/>\npor <strong>Tain\u00e3 Caetano Coimbra<\/strong>.<\/div>\n<\/li>\n<li class=\"level1\">\n<div class=\"li\">Desenvolvimento de aplica\u00e7\u00f5es embarcadas com Android<br \/>\npor <strong>Diogo Bonoto Salaberri<\/strong>.<\/div>\n<\/li>\n<li class=\"level1\">\n<div class=\"li\">Desenvolvimento de uma ferramenta para convers\u00e3o de problemas escritos em linguagem Taems para DCOP<br \/>\npor <strong>Fl\u00e1via Pereira Pinheiro Lobo<\/strong>.<\/div>\n<\/li>\n<li class=\"level1\">\n<div class=\"li\">Desenvolvimento e Explora\u00e7\u00e3o de novos algoritmos para a estima\u00e7\u00e3o de movimento em v\u00eddeos de alta defini\u00e7\u00e3o<br \/>\npor <strong>Diego Vrague Noble<\/strong>.<\/div>\n<\/li>\n<li class=\"level1\">\n<div class=\"li\">Desenvolvimento e implementa\u00e7\u00e3o em hardware de heur\u00edsticas r\u00e1pidas para o m\u00f3dulo de decis\u00e3o de modo do padr\u00e3o H.264\/AVC de codifica\u00e7\u00e3o de v\u00eddeo<br \/>\npor <strong>Daniel Munari Vilchez Palomino<\/strong>.<\/div>\n<\/li>\n<li class=\"level1\">\n<div class=\"li\">Detec\u00e7\u00e3o de superposi\u00e7\u00e3o de manchas em cart\u00f5es hidrosens\u00edveis para calibragem de equipamentos de pulveriza\u00e7\u00e3o agr\u00edcola<br \/>\npor <strong>Rafael Sachett Medeiros<\/strong>.<\/div>\n<\/li>\n<li class=\"level1\">\n<div class=\"li\">Estudando a aplicabilidade de solu\u00e7\u00f5es \u00f3timas e aproximativas para o problema de escalonamento distribu\u00eddo de tarefas<br \/>\npor <strong>Daiane Kegles da Rosa<\/strong>.<\/div>\n<\/li>\n<li class=\"level1\">\n<div class=\"li\">Estudo e Aplica\u00e7\u00e3o do M\u00e9todo \u00c1gil SCRUM no Gerenciamento de Projetos de Software<br \/>\npor <strong>Rodrigo Trindade Prestes<\/strong>.<\/div>\n<\/li>\n<li class=\"level1\">\n<div class=\"li\">Estudo de algoritmos gen\u00e9ticos aplicado ao problema de jogos de RPG do tipo Mafia Wars<br \/>\npor <strong>Bruno Machado da Silva<\/strong>.<\/div>\n<\/li>\n<li class=\"level1\">\n<div class=\"li\">Implementa\u00e7\u00e3o e avalia\u00e7\u00e3o de desempenho de duas vers\u00f5es do componente respons\u00e1vel pela decodifica\u00e7\u00e3o de fluxos de midia no middleware Ginga<br \/>\npor <strong>Tiago Henrique Trojahn<\/strong>.<\/div>\n<\/li>\n<li class=\"level1\">\n<div class=\"li\">Inclus\u00e3o do suporte \u00e0 computa\u00e7\u00e3o distribu\u00edda ao modelo Anahy Vanilla<br \/>\npor <strong>Elvio Vi\u00e7osa Junior<\/strong>.<\/div>\n<\/li>\n<li class=\"level1\">\n<div class=\"li\">Sistema computacional para cataloga\u00e7\u00e3o e apoio \u00e0 identifica\u00e7\u00e3o de unidades de dispers\u00e3o<br \/>\npor <strong>Douglas Eduardo Rosa<\/strong>.<\/div>\n<\/li>\n<li class=\"level1\">\n<div class=\"li\">T\u00e9cnicas de intelig\u00eancia artificial aplicadas a um dispositivo de aquecimento natural para ambientes<br \/>\npor <strong>Eduardo Saffer Medevedovski<\/strong>.<\/div>\n<\/li>\n<li class=\"level1\">\n<div class=\"li\">Uso de refatora\u00e7\u00f5es na explora\u00e7\u00e3o do espa\u00e7o de projeto de software embarcado<br \/>\npor <strong>Wellisson Guilhermino Pereira da Silva<\/strong>.<\/div>\n<\/li>\n<li class=\"level1\">\n<div class=\"li\">Utiliza\u00e7\u00e3o de t\u00e9cnicas de intelig\u00eancia de neg\u00f3cios para descoberta de conhecimento em bases de dados acad\u00eamicas<br \/>\npor <strong>Djonatan Buss<\/strong>.<\/div>\n<\/li>\n<li class=\"level1\">\n<div class=\"li\">Valida\u00e7\u00e3o da extens\u00e3o dos crit\u00e9rios ergon\u00f4micos de Bastien e Scapin proposta por Gastal<br \/>\npor <strong>Francine B\u00fclow Bergmann<\/strong>.<\/div>\n<\/li>\n<\/ul>\n<\/div>\n","protected":false},"excerpt":{"rendered":"<p>:: Clique aqui para fazer Download \/ Click here to Download :: An\u00e1lise do impacto da aplica\u00e7\u00e3o de algoritmos de escalonamento de lista em ambientes multithreaded din\u00e2micos por C\u00edcero Augusto de Souza Camargo. An\u00e1lise do sentimento coletivo presente em mensagens do Twitter para a previs\u00e3o de \u00edndices do mercado de a\u00e7\u00f5es por Juliano Rodrigues de [&hellip;]<\/p>\n","protected":false},"author":657,"featured_media":0,"parent":143,"menu_order":0,"comment_status":"closed","ping_status":"closed","template":"","meta":{"footnotes":""},"class_list":["post-185","page","type-page","status-publish","hentry"],"_links":{"self":[{"href":"https:\/\/wp.ufpel.edu.br\/notcc\/wp-json\/wp\/v2\/pages\/185","targetHints":{"allow":["GET"]}}],"collection":[{"href":"https:\/\/wp.ufpel.edu.br\/notcc\/wp-json\/wp\/v2\/pages"}],"about":[{"href":"https:\/\/wp.ufpel.edu.br\/notcc\/wp-json\/wp\/v2\/types\/page"}],"author":[{"embeddable":true,"href":"https:\/\/wp.ufpel.edu.br\/notcc\/wp-json\/wp\/v2\/users\/657"}],"replies":[{"embeddable":true,"href":"https:\/\/wp.ufpel.edu.br\/notcc\/wp-json\/wp\/v2\/comments?post=185"}],"version-history":[{"count":6,"href":"https:\/\/wp.ufpel.edu.br\/notcc\/wp-json\/wp\/v2\/pages\/185\/revisions"}],"predecessor-version":[{"id":845,"href":"https:\/\/wp.ufpel.edu.br\/notcc\/wp-json\/wp\/v2\/pages\/185\/revisions\/845"}],"up":[{"embeddable":true,"href":"https:\/\/wp.ufpel.edu.br\/notcc\/wp-json\/wp\/v2\/pages\/143"}],"wp:attachment":[{"href":"https:\/\/wp.ufpel.edu.br\/notcc\/wp-json\/wp\/v2\/media?parent=185"}],"curies":[{"name":"wp","href":"https:\/\/api.w.org\/{rel}","templated":true}]}}