{"id":182,"date":"2016-12-02T15:52:42","date_gmt":"2016-12-02T17:52:42","guid":{"rendered":"https:\/\/wp.ufpel.edu.br\/notcc\/?page_id=182"},"modified":"2019-02-01T11:22:46","modified_gmt":"2019-02-01T13:22:46","slug":"2009_","status":"publish","type":"page","link":"https:\/\/wp.ufpel.edu.br\/notcc\/monografias\/acervo\/2009_\/","title":{"rendered":"Monografias 2009"},"content":{"rendered":"<div class=\"level2\">\n<h3 style=\"text-align: center\"><a href=\"https:\/\/drive.google.com\/open?id=1ToFJwk47QIGPJtjKGwrPW7fvXpBLx5G4\" target=\"_blank\" rel=\"noopener\">:: Clique aqui para fazer Download \/ Click here to Download ::<\/a><\/h3>\n<ul class=\"fix-media-list-overlap\">\n<li class=\"level1\">\n<div class=\"li\">Filtro Redutor do Efeito de Bloco Intercamadas para o Padr\u00e3o H.264\/SVC Realizado com Dispositivo FPGA<br \/>\npor <strong>Guilherme Ribeiro Corr\u00eaa<\/strong><\/div>\n<\/li>\n<li class=\"level1\">\n<div class=\"li\">Reconstru\u00e7\u00e3o de superf\u00edcies de imagens de Gated SPECT para aux\u00edlio na avalia\u00e7\u00e3o do movimento card\u00edaco<br \/>\npor <strong>Pablo Roberlan Manke Barcellos<\/strong>.<\/div>\n<\/li>\n<\/ul>\n<\/div>\n","protected":false},"excerpt":{"rendered":"<p>:: Clique aqui para fazer Download \/ Click here to Download :: Filtro Redutor do Efeito de Bloco Intercamadas para o Padr\u00e3o H.264\/SVC Realizado com Dispositivo FPGA por Guilherme Ribeiro Corr\u00eaa Reconstru\u00e7\u00e3o de superf\u00edcies de imagens de Gated SPECT para aux\u00edlio na avalia\u00e7\u00e3o do movimento card\u00edaco por Pablo Roberlan Manke Barcellos.<\/p>\n","protected":false},"author":657,"featured_media":0,"parent":143,"menu_order":0,"comment_status":"closed","ping_status":"closed","template":"","meta":{"footnotes":""},"class_list":["post-182","page","type-page","status-publish","hentry"],"_links":{"self":[{"href":"https:\/\/wp.ufpel.edu.br\/notcc\/wp-json\/wp\/v2\/pages\/182","targetHints":{"allow":["GET"]}}],"collection":[{"href":"https:\/\/wp.ufpel.edu.br\/notcc\/wp-json\/wp\/v2\/pages"}],"about":[{"href":"https:\/\/wp.ufpel.edu.br\/notcc\/wp-json\/wp\/v2\/types\/page"}],"author":[{"embeddable":true,"href":"https:\/\/wp.ufpel.edu.br\/notcc\/wp-json\/wp\/v2\/users\/657"}],"replies":[{"embeddable":true,"href":"https:\/\/wp.ufpel.edu.br\/notcc\/wp-json\/wp\/v2\/comments?post=182"}],"version-history":[{"count":6,"href":"https:\/\/wp.ufpel.edu.br\/notcc\/wp-json\/wp\/v2\/pages\/182\/revisions"}],"predecessor-version":[{"id":846,"href":"https:\/\/wp.ufpel.edu.br\/notcc\/wp-json\/wp\/v2\/pages\/182\/revisions\/846"}],"up":[{"embeddable":true,"href":"https:\/\/wp.ufpel.edu.br\/notcc\/wp-json\/wp\/v2\/pages\/143"}],"wp:attachment":[{"href":"https:\/\/wp.ufpel.edu.br\/notcc\/wp-json\/wp\/v2\/media?parent=182"}],"curies":[{"name":"wp","href":"https:\/\/api.w.org\/{rel}","templated":true}]}}