{"id":18,"date":"2016-12-02T10:22:37","date_gmt":"2016-12-02T12:22:37","guid":{"rendered":"https:\/\/wp.ufpel.edu.br\/notcc\/?page_id=18"},"modified":"2025-08-28T12:03:35","modified_gmt":"2025-08-28T15:03:35","slug":"sobre","status":"publish","type":"page","link":"https:\/\/wp.ufpel.edu.br\/notcc\/sobre\/","title":{"rendered":"Sobre o TCC"},"content":{"rendered":"<p><strong>Professora respons\u00e1vel pelo TCC 1:<\/strong><br \/>\nLarissa A. de Freitas (<a href=\"mailto:larissa@inf.ufpel.edu.br\">larissa@inf.ufpel.edu.br<\/a>)<\/p>\n<p><strong>Professora respons\u00e1vel pelo TCC 2:<\/strong><br \/>\nLisane Brisolara (<a href=\"mailto:lisane@inf.ufpel.edu.br\">lisane@inf.ufpel.edu.br<\/a>)<\/p>\n<p><strong>Coordenadora do Curso de Ci\u00eancia da Computa\u00e7\u00e3o:<\/strong><br \/>\nLisane Brisolara<br \/>\n(<a href=\"mailto:lisane@inf.ufpel.edu.br\">lisane@inf.ufpel.edu.br<\/a>)<\/p>\n<p><strong>Coordenador do Curso de Engenharia de Computa\u00e7\u00e3o:<\/strong><br \/>\nRafael Burlamaqui Amaral<br \/>\n(<a href=\"mailto:rafael.amaral@inf.ufpel.edu.br\">rafael.amaral@inf.ufpel.edu.br<\/a>)<\/p>\n<hr \/>\n<div class=\"level1\">\n<p><a href=\"https:\/\/wp.ufpel.edu.br\/notcc\/sobre\/regimento-antigo\">Regimento Antigo<\/a><\/p>\n<p><a href=\"https:\/\/wp.ufpel.edu.br\/notcc\/sobre\/regimento-novo\">Regimento Novo<\/a><\/p>\n<\/div>\n","protected":false},"excerpt":{"rendered":"<p>Professora respons\u00e1vel pelo TCC 1: Larissa A. de Freitas (larissa@inf.ufpel.edu.br) Professora respons\u00e1vel pelo TCC 2: Lisane Brisolara (lisane@inf.ufpel.edu.br) Coordenadora do Curso de Ci\u00eancia da Computa\u00e7\u00e3o: Lisane Brisolara (lisane@inf.ufpel.edu.br) Coordenador do Curso de Engenharia de Computa\u00e7\u00e3o: Rafael Burlamaqui Amaral (rafael.amaral@inf.ufpel.edu.br) Regimento Antigo Regimento Novo<\/p>\n","protected":false},"author":657,"featured_media":0,"parent":0,"menu_order":0,"comment_status":"closed","ping_status":"closed","template":"","meta":{"footnotes":""},"class_list":["post-18","page","type-page","status-publish","hentry"],"_links":{"self":[{"href":"https:\/\/wp.ufpel.edu.br\/notcc\/wp-json\/wp\/v2\/pages\/18","targetHints":{"allow":["GET"]}}],"collection":[{"href":"https:\/\/wp.ufpel.edu.br\/notcc\/wp-json\/wp\/v2\/pages"}],"about":[{"href":"https:\/\/wp.ufpel.edu.br\/notcc\/wp-json\/wp\/v2\/types\/page"}],"author":[{"embeddable":true,"href":"https:\/\/wp.ufpel.edu.br\/notcc\/wp-json\/wp\/v2\/users\/657"}],"replies":[{"embeddable":true,"href":"https:\/\/wp.ufpel.edu.br\/notcc\/wp-json\/wp\/v2\/comments?post=18"}],"version-history":[{"count":5,"href":"https:\/\/wp.ufpel.edu.br\/notcc\/wp-json\/wp\/v2\/pages\/18\/revisions"}],"predecessor-version":[{"id":1527,"href":"https:\/\/wp.ufpel.edu.br\/notcc\/wp-json\/wp\/v2\/pages\/18\/revisions\/1527"}],"wp:attachment":[{"href":"https:\/\/wp.ufpel.edu.br\/notcc\/wp-json\/wp\/v2\/media?parent=18"}],"curies":[{"name":"wp","href":"https:\/\/api.w.org\/{rel}","templated":true}]}}