{"id":179,"date":"2016-12-02T15:51:02","date_gmt":"2016-12-02T17:51:02","guid":{"rendered":"https:\/\/wp.ufpel.edu.br\/notcc\/?page_id=179"},"modified":"2019-02-01T11:23:09","modified_gmt":"2019-02-01T13:23:09","slug":"2008_","status":"publish","type":"page","link":"https:\/\/wp.ufpel.edu.br\/notcc\/monografias\/acervo\/2008_\/","title":{"rendered":"Monografias 2008"},"content":{"rendered":"<div class=\"level2\">\n<h3 style=\"text-align: center\"><a href=\"https:\/\/drive.google.com\/open?id=1sfBrNXmBiFPJq-tgdY2oKTaILUvaQCut\" target=\"_blank\" rel=\"noopener\">:: Clique aqui para fazer Download \/ Click here to Download ::<\/a><\/h3>\n<ul class=\"fix-media-list-overlap\">\n<li class=\"level1\">\n<div class=\"li\">Algoritmos gen\u00e9ticos aplicados \u00e0 regulagem din\u00e2mica do tr\u00e1fego urbano: um estudo de caso<br \/>\npor <strong>Val\u00e9ria Dutra Dias<\/strong>.<\/div>\n<\/li>\n<li class=\"level1\">\n<div class=\"li\">ApenMP: um suporte \u00e0 OpenMP para o modelo Anahy<br \/>\npor <strong>Cristian Fernando Flores Casta\u00f1eda<\/strong>.<\/div>\n<\/li>\n<li class=\"level1\">\n<div class=\"li\">Aplica\u00e7\u00e3o da an\u00e1lise de fase em exames Gated SPECT de perfus\u00e3o mioc\u00e1rdica<br \/>\npor <strong>Gabriel Paniz Patzer<\/strong>.<\/div>\n<\/li>\n<li class=\"level1\">\n<div class=\"li\">Aplicando UML no desenvolvimento de sistemas de informa\u00e7\u00e3o gerencial: um estudo de caso<br \/>\npor <strong>Reginaldo Dias Porto<\/strong>.<\/div>\n<\/li>\n<li class=\"level1\">\n<div class=\"li\">Avalia\u00e7\u00e3o da estrat\u00e9gia de implementa\u00e7\u00e3o concorrente do algoritmo de Random Walker para o modelo de potts celular<br \/>\npor <strong>Leonardo Lobo Luz<\/strong>.<\/div>\n<\/li>\n<li class=\"level1\">\n<div class=\"li\">Compilando c\u00f3digo funcional para bytecodes Java<br \/>\npor <strong>Adriano Bonat Alves<\/strong>.<\/div>\n<\/li>\n<li class=\"level1\">\n<div class=\"li\">Desenvolvimento De Aplica\u00e7\u00f5es Para Tv Digital Interativa Em Java Com O Middleware Ginga<br \/>\nPor <strong>Rafael De Lima Petry<\/strong>.<\/div>\n<\/li>\n<li class=\"level1\">\n<div class=\"li\">Desenvolvimento de software para o aux\u00edlio ao diagn\u00f3stico e acompanhamento da neuropatia \u00f3ptica glaucomatosa<br \/>\npor <strong>Virginia Ortiz Andersson<\/strong>.<\/div>\n<\/li>\n<li class=\"level1\">\n<div class=\"li\">Desenvolvimento de uma biblioteca de servi\u00e7os de comunica\u00e7\u00e3o para um aglomerado de computadores<br \/>\npor <strong>C\u00e9sar Henrique Vortmann<\/strong>.<\/div>\n<\/li>\n<li class=\"level1\">\n<div class=\"li\">Desenvolvimento de uma ferramenta para o alinhamento de imagens RM e SPECT<br \/>\npor <strong>Marcelo Ferraz Corr\u00eaa<\/strong>.<\/div>\n<\/li>\n<li class=\"level1\">\n<div class=\"li\">Especializa\u00e7\u00e3o dos crit\u00e9rios ergon\u00f4micos de Bastien e Scapin para avalia\u00e7\u00f5es de usabilidade na TV digital interativa<br \/>\npor <strong>F\u00e1bio Marques Mota<\/strong>.<\/div>\n<\/li>\n<li class=\"level1\">\n<div class=\"li\">Ferramenta para aux\u00edlio ao diagn\u00f3stico de imagens pulmonares de tomografia computadorizada<br \/>\npor <strong>Filipe Vernetti Giusti<\/strong>.<\/div>\n<\/li>\n<li class=\"level1\">\n<div class=\"li\">Ferramenta para extra\u00e7\u00e3o e armazenamento de informa\u00e7\u00f5es do Orkut<br \/>\npor <strong>Roberta Furtado Corr\u00eaa<\/strong>.<\/div>\n<\/li>\n<li class=\"level1\">\n<div class=\"li\">Gerenciamento de projetos integrado &#8211; GPI: uma integra\u00e7\u00e3o entre m\u00e9todos cl\u00e1ssicos e m\u00e9todos \u00e1geis para gerenciamento de projetos de software<br \/>\npor <strong>Peterson Luis Soares Lopes<\/strong>.<\/div>\n<\/li>\n<li class=\"level1\">\n<div class=\"li\">Implementa\u00e7\u00e3o eficiente do modelo de Potts Celular em processadores multi-core<br \/>\npor <strong>Alexandre Gomes da Costa<\/strong>.<\/div>\n<\/li>\n<li class=\"level1\">\n<div class=\"li\">Investiga\u00e7\u00e3o em software sobre o padr\u00e3o H.264 escal\u00e1vel de compress\u00e3o de v\u00eddeos<br \/>\npor <strong>Carolina Marques Fonseca<\/strong>.<\/div>\n<\/li>\n<li class=\"level1\">\n<div class=\"li\">Minera\u00e7\u00e3o de dados para descoberta de padr\u00f5es: estudo aplicado \u00e0 base de dados da Delegacia Regional do Trabalho<br \/>\npor <strong>Douglas Gomes Sousa<\/strong>.<\/div>\n<\/li>\n<li class=\"level1\">\n<div class=\"li\">O uso de diretrizes de projeto para cria\u00e7\u00e3o de interfaces para a TV digital e interativa visando a usabilidade<br \/>\npor <strong>Vitor H\u00e4rter Guido<\/strong>.<\/div>\n<\/li>\n<li class=\"level1\">\n<div class=\"li\">Projeto, s\u00edntese e valida\u00e7\u00e3o de arquitetura do Upsampling para o padr\u00e3o H.264\/SVC de codifica\u00e7\u00e3o de v\u00eddeo escal\u00e1vel<br \/>\npor <strong>Fabiane Konrad Rediess<\/strong>.<\/div>\n<\/li>\n<li class=\"level1\">\n<div class=\"li\">Redes neurais: utiliza\u00e7\u00e3o de mapas auto-organiz\u00e1veis na classifica\u00e7\u00e3o de jogadores de voleibol<br \/>\npor <strong>Eduardo Frio Marins<\/strong>.<\/div>\n<\/li>\n<li class=\"level1\">\n<div class=\"li\">Registro dos pontos de controle faciais de imagens estereosc\u00f3picas obtidas de uma face humana real<br \/>\npor <strong>Christian Vahl Quevedo<\/strong>.<\/div>\n<\/li>\n<li class=\"level1\">\n<div class=\"li\">Segmenta\u00e7\u00e3o semiautom\u00e1tica do volume encef\u00e1lico global em exames de resson\u00e2ncia magn\u00e9tica atrav\u00e9s da t\u00e9cnica de Watershed<br \/>\npor <strong>Jo\u00e3o Alberto Vortmann<\/strong>.<\/div>\n<\/li>\n<li class=\"level1\">\n<div class=\"li\">Sistema de consulta de informa\u00e7\u00f5es de contexto para apoio a adapta\u00e7\u00e3o de aplica\u00e7\u00f5es pervasivas<br \/>\npor <strong>Lucas Dutra Nunes<\/strong>.<\/div>\n<\/li>\n<li class=\"level1\">\n<div class=\"li\">Sugest\u00e3o e modelagem de pr\u00e1ticas do desenvolvimento \u00e1gil para aplica\u00e7\u00e3o em desenvolvimento distribu\u00eddo onshore insourcing<br \/>\npor <strong>Roberto Bonow<\/strong>.<\/div>\n<\/li>\n<li class=\"level1\">\n<div class=\"li\">Um modelo de processo para o desenvolvimento de aplica\u00e7\u00f5es interativas em TV digital<br \/>\npor <strong>Piero Silva Salaberri<\/strong>.<\/div>\n<\/li>\n<li class=\"level1\">\n<div class=\"li\">Usando web services para acesso a informa\u00e7\u00e3o de contexto em um portal web<br \/>\npor <strong>Roberto Silva Vargas<\/strong>.<\/div>\n<\/li>\n<li class=\"level1\">\n<div class=\"li\">Utiliza\u00e7\u00e3o de realidade virtual n\u00e3o imersiva para demonstra\u00e7\u00e3o de t\u00e9cnicas de computa\u00e7\u00e3o gr\u00e1fica<br \/>\npor <strong>Pablo Duarte Pereira<\/strong>.<\/div>\n<\/li>\n<li class=\"level1\">\n<div class=\"li\">Utilizando m\u00e9todos n\u00e3o formais e formais na avalia\u00e7\u00e3o e modelagem de interfaces com o usu\u00e1rio<br \/>\npor <strong>Vilmar Peter<\/strong>.<\/div>\n<\/li>\n<li class=\"level1\">\n<div class=\"li\">Utilizando padr\u00f5es de projeto no desenvolvimento de aplica\u00e7\u00f5es em ambiente web<br \/>\npor <strong>Paulo Tiago Gomes Casanova<\/strong>.<\/div>\n<\/li>\n<\/ul>\n<\/div>\n","protected":false},"excerpt":{"rendered":"<p>:: Clique aqui para fazer Download \/ Click here to Download :: Algoritmos gen\u00e9ticos aplicados \u00e0 regulagem din\u00e2mica do tr\u00e1fego urbano: um estudo de caso por Val\u00e9ria Dutra Dias. ApenMP: um suporte \u00e0 OpenMP para o modelo Anahy por Cristian Fernando Flores Casta\u00f1eda. Aplica\u00e7\u00e3o da an\u00e1lise de fase em exames Gated SPECT de perfus\u00e3o mioc\u00e1rdica [&hellip;]<\/p>\n","protected":false},"author":657,"featured_media":0,"parent":143,"menu_order":0,"comment_status":"closed","ping_status":"closed","template":"","meta":{"footnotes":""},"class_list":["post-179","page","type-page","status-publish","hentry"],"_links":{"self":[{"href":"https:\/\/wp.ufpel.edu.br\/notcc\/wp-json\/wp\/v2\/pages\/179","targetHints":{"allow":["GET"]}}],"collection":[{"href":"https:\/\/wp.ufpel.edu.br\/notcc\/wp-json\/wp\/v2\/pages"}],"about":[{"href":"https:\/\/wp.ufpel.edu.br\/notcc\/wp-json\/wp\/v2\/types\/page"}],"author":[{"embeddable":true,"href":"https:\/\/wp.ufpel.edu.br\/notcc\/wp-json\/wp\/v2\/users\/657"}],"replies":[{"embeddable":true,"href":"https:\/\/wp.ufpel.edu.br\/notcc\/wp-json\/wp\/v2\/comments?post=179"}],"version-history":[{"count":6,"href":"https:\/\/wp.ufpel.edu.br\/notcc\/wp-json\/wp\/v2\/pages\/179\/revisions"}],"predecessor-version":[{"id":847,"href":"https:\/\/wp.ufpel.edu.br\/notcc\/wp-json\/wp\/v2\/pages\/179\/revisions\/847"}],"up":[{"embeddable":true,"href":"https:\/\/wp.ufpel.edu.br\/notcc\/wp-json\/wp\/v2\/pages\/143"}],"wp:attachment":[{"href":"https:\/\/wp.ufpel.edu.br\/notcc\/wp-json\/wp\/v2\/media?parent=179"}],"curies":[{"name":"wp","href":"https:\/\/api.w.org\/{rel}","templated":true}]}}