{"id":175,"date":"2016-12-02T15:49:06","date_gmt":"2016-12-02T17:49:06","guid":{"rendered":"https:\/\/wp.ufpel.edu.br\/notcc\/?page_id=175"},"modified":"2019-02-01T11:23:34","modified_gmt":"2019-02-01T13:23:34","slug":"2007_","status":"publish","type":"page","link":"https:\/\/wp.ufpel.edu.br\/notcc\/monografias\/acervo\/2007_\/","title":{"rendered":"Monografias 2007"},"content":{"rendered":"<div class=\"level2\">\n<h3 style=\"text-align: center\"><a href=\"https:\/\/drive.google.com\/open?id=1c8vswg4qm2B1ZKPOuDTlfWasRhPtueeF\" target=\"_blank\" rel=\"noopener\">:: Clique aqui para fazer Download \/ Click here to Download ::<\/a><\/h3>\n<ul class=\"fix-media-list-overlap\">\n<li class=\"level1\">\n<div class=\"li\">Algoritmo computacional para volumetria de estruturas cerebrais em imagens m\u00e9dicas<br \/>\npor <strong>Vin\u00edcius Vieira Gomes<\/strong>.<\/div>\n<\/li>\n<li class=\"level1\">\n<div class=\"li\">An\u00e1lise autom\u00e1tica da propaga\u00e7\u00e3o de single-event transients considerando an\u00e1lise temporal e l\u00f3gica<br \/>\npor <strong>Matheus Porciuncula Braga<\/strong>.<\/div>\n<\/li>\n<li class=\"level1\">\n<div class=\"li\">An\u00e1lise de processos de desenvolvimento de software para aplica\u00e7\u00e3o em desenvolvimento distribu\u00eddo de software<br \/>\npor <strong>Mateus Feij\u00f3 Souza<\/strong>.<\/div>\n<\/li>\n<li class=\"level1\">\n<div class=\"li\">Desenvolvimento de ferramenta para an\u00e1lise quantitativa de imagens de cintilografia de perfus\u00e3o mioc\u00e1rdica atrav\u00e9s de t\u00e9cnicas de processamento de imagens<br \/>\npor <strong>Rodrigo Coelho Barros<\/strong>.<\/div>\n<\/li>\n<li class=\"level1\">\n<div class=\"li\">Desenvolvimento de uma ferramenta para an\u00e1lise quantitativa de espessamento mioc\u00e1rdico atrav\u00e9s do processamento imagens m\u00e9dicas digitais<br \/>\npor <strong>Bruno Atrib Zanchet<\/strong>.<\/div>\n<\/li>\n<li class=\"level1\">\n<div class=\"li\">Ferramenta multithread para reconstru\u00e7\u00e3o volum\u00e9trica de imagens em medicina nuclear para aux\u00edlio na detec\u00e7\u00e3o de zonas epileptog\u00eanicas<br \/>\npor <strong>Cleber Roberto Milani<\/strong>.<\/div>\n<\/li>\n<li class=\"level1\">\n<div class=\"li\">Investiga\u00e7\u00e3o sobre algoritmos para a estima\u00e7\u00e3o de movimento na compress\u00e3o de v\u00eddeos digitais de alta defini\u00e7\u00e3o: uma an\u00e1lise quantitativa<br \/>\npor <strong>Leandro Zanetti Paiva da Rosa<\/strong>.<\/div>\n<\/li>\n<li class=\"level1\">\n<div class=\"li\">Modelagem de um ambiente de desenvolvimento distribu\u00eddo de software baseado em workflow<br \/>\npor <strong>Juliano Machado Teixeira<\/strong>.<\/div>\n<\/li>\n<li class=\"level1\">\n<div class=\"li\">Modelagem de um processo de desenvolvimento de software baseado nas t\u00e9cnicas e metodologias de projetos open source<br \/>\npor <strong>Lucas Diego Zwirtes Cavalheiro<\/strong>.<\/div>\n<\/li>\n<li class=\"level1\">\n<div class=\"li\">Sistema de comunica\u00e7\u00e3o m\u00f3vel dom\u00f3tico<br \/>\npor <strong>Ismael Dias da Silva<\/strong>.<\/div>\n<\/li>\n<li class=\"level1\">\n<div class=\"li\">Sistema para gerenciamento dos conte\u00fados program\u00e1ticos do DRA\/UFPel : um estudo de caso de desenvolvimento baseado em UML<br \/>\npor <strong>L\u00e9lio dos Santos Falc\u00e3o<\/strong>.<\/div>\n<\/li>\n<li class=\"level1\">\n<div class=\"li\">Somadores r\u00e1pidos tolerantes a falhas transientes implementados em FPGA<br \/>\npor <strong>Eduardo Macedo Mesquita<\/strong>.<\/div>\n<\/li>\n<li class=\"level1\">\n<div class=\"li\">Uma investiga\u00e7\u00e3o sobre implementa\u00e7\u00f5es tolerantes a falhas transientes de somadores carry lookahead e ripple carry em FPGA<br \/>\npor <strong>Helen de Souza Franck<\/strong>.<\/div>\n<\/li>\n<li class=\"level1\">\n<div class=\"li\">Uso de padr\u00f5es de projeto no desenvolvimento de aplica\u00e7\u00f5es baseadas em mobilidade de c\u00f3digo na computa\u00e7\u00e3o pervasiva<br \/>\npor <strong>Giulian Vivan<\/strong>.<\/div>\n<\/li>\n<li class=\"level1\">\n<div class=\"li\">Utiliza\u00e7\u00e3o da abordagem de sistemas multiagentes no problema do controle do espa\u00e7o a\u00e9reo<br \/>\npor <strong>Gustavo Oliveira de Almeida<\/strong>.<\/div>\n<\/li>\n<li class=\"level1\">\n<div class=\"li\">Vis\u00e3o computacional : estudo do filtro de Kalman em conjunto ao Mean Shift no rastreamento de jogadores em esportes coletivos<br \/>\npor <strong>Marcelo Horne Mattos<\/strong>.<\/div>\n<\/li>\n<\/ul>\n<\/div>\n","protected":false},"excerpt":{"rendered":"<p>:: Clique aqui para fazer Download \/ Click here to Download :: Algoritmo computacional para volumetria de estruturas cerebrais em imagens m\u00e9dicas por Vin\u00edcius Vieira Gomes. An\u00e1lise autom\u00e1tica da propaga\u00e7\u00e3o de single-event transients considerando an\u00e1lise temporal e l\u00f3gica por Matheus Porciuncula Braga. An\u00e1lise de processos de desenvolvimento de software para aplica\u00e7\u00e3o em desenvolvimento distribu\u00eddo de [&hellip;]<\/p>\n","protected":false},"author":657,"featured_media":0,"parent":143,"menu_order":0,"comment_status":"closed","ping_status":"closed","template":"","meta":{"footnotes":""},"class_list":["post-175","page","type-page","status-publish","hentry"],"_links":{"self":[{"href":"https:\/\/wp.ufpel.edu.br\/notcc\/wp-json\/wp\/v2\/pages\/175","targetHints":{"allow":["GET"]}}],"collection":[{"href":"https:\/\/wp.ufpel.edu.br\/notcc\/wp-json\/wp\/v2\/pages"}],"about":[{"href":"https:\/\/wp.ufpel.edu.br\/notcc\/wp-json\/wp\/v2\/types\/page"}],"author":[{"embeddable":true,"href":"https:\/\/wp.ufpel.edu.br\/notcc\/wp-json\/wp\/v2\/users\/657"}],"replies":[{"embeddable":true,"href":"https:\/\/wp.ufpel.edu.br\/notcc\/wp-json\/wp\/v2\/comments?post=175"}],"version-history":[{"count":6,"href":"https:\/\/wp.ufpel.edu.br\/notcc\/wp-json\/wp\/v2\/pages\/175\/revisions"}],"predecessor-version":[{"id":848,"href":"https:\/\/wp.ufpel.edu.br\/notcc\/wp-json\/wp\/v2\/pages\/175\/revisions\/848"}],"up":[{"embeddable":true,"href":"https:\/\/wp.ufpel.edu.br\/notcc\/wp-json\/wp\/v2\/pages\/143"}],"wp:attachment":[{"href":"https:\/\/wp.ufpel.edu.br\/notcc\/wp-json\/wp\/v2\/media?parent=175"}],"curies":[{"name":"wp","href":"https:\/\/api.w.org\/{rel}","templated":true}]}}