{"id":172,"date":"2016-12-02T15:46:48","date_gmt":"2016-12-02T17:46:48","guid":{"rendered":"https:\/\/wp.ufpel.edu.br\/notcc\/?page_id=172"},"modified":"2019-02-01T11:24:01","modified_gmt":"2019-02-01T13:24:01","slug":"2006_","status":"publish","type":"page","link":"https:\/\/wp.ufpel.edu.br\/notcc\/monografias\/acervo\/2006_\/","title":{"rendered":"Monografias 2006"},"content":{"rendered":"<div class=\"level2\">\n<h3 style=\"text-align: center\"><a href=\"https:\/\/drive.google.com\/open?id=1DE3fk6UMzcVTAH5AV1U3282-8-jkfK_6\" target=\"_blank\" rel=\"noopener\">:: Clique aqui para fazer Download \/ Click here to Download ::<\/a><\/h3>\n<ul class=\"fix-media-list-overlap\">\n<li class=\"level1\">\n<div class=\"li\">Algoritmo de reconstru\u00e7\u00e3o 3D de imagens de medicina nuclear alinhadas a exames de resson\u00e2ncia para avalia\u00e7\u00e3o da extens\u00e3o de zonas epileptog\u00eanicas<br \/>\npor <strong>S\u00e9rgio Yoshimitsu Fujii<\/strong>.<\/div>\n<\/li>\n<li class=\"level1\">\n<div class=\"li\">Caracteriza\u00e7\u00e3o autom\u00e1tica de atrasos de portas l\u00f3gicas em circuitos combinacionais CMOS<br \/>\npor <strong>Gustavo Pereira Mateus<\/strong>.<\/div>\n<\/li>\n<li class=\"level1\">\n<div class=\"li\">Codifica\u00e7\u00e3o e decodifica\u00e7\u00e3o de entropia segundo o perfil baseline do padr\u00e3o de compress\u00e3o de v\u00eddeo H.264\/AVC: algoritmos e arquiteturas<br \/>\npor <strong>Tha\u00edsa Leal da Silva<\/strong>.<\/div>\n<\/li>\n<li class=\"level1\">\n<div class=\"li\">Consolida\u00e7\u00e3o do ambiente Exec-RS com a inclus\u00e3o de mecanismos de exce\u00e7\u00e3o e interfaces demonstrativas<br \/>\npor <strong>Allan Sampaio Pires<\/strong>.<\/div>\n<\/li>\n<li class=\"level1\">\n<div class=\"li\">Desenvolvimento de um compensador de movimento para o padr\u00e3o h.264 de compress\u00e3o de v\u00eddeo<br \/>\npor <strong>Andr\u00e9 Marcelo Coelho da Silva<\/strong>.<\/div>\n<\/li>\n<li class=\"level1\">\n<div class=\"li\">Desenvolvimento de um sistema para agrega\u00e7\u00e3o de servi\u00e7os em um ambiente de telefonia baseado em VoIP<br \/>\npor <strong>Thiago Winkler<\/strong>.<\/div>\n<\/li>\n<li class=\"level1\">\n<div class=\"li\">Estudo sobre a s\u00edntese e caracteriza\u00e7\u00e3o de nanopart\u00edculas de semicondutores (Quantum dots) aplicadas a opto-eletr\u00f4nica<br \/>\npor <strong>Gabriel Bauer Soares<\/strong>.<\/div>\n<\/li>\n<li class=\"level1\">\n<div class=\"li\">Gera\u00e7\u00e3o de uma base de dados XML para auxiliar na avalia\u00e7\u00e3o das ferramentas de visualiza\u00e7\u00e3o de informa\u00e7\u00f5es hier\u00e1rquicas<br \/>\npor <strong>Rodrigo Soares Rodrigues<\/strong>.<\/div>\n<\/li>\n<li class=\"level1\">\n<div class=\"li\">Gera\u00e7\u00e3o procedural e visualiza\u00e7\u00e3o de cidades pseudoinfinitas<br \/>\npor <strong>Diego de Oliveira Duarte<\/strong>.<\/div>\n<\/li>\n<li class=\"level1\">\n<div class=\"li\">Investiga\u00e7\u00e3o de algoritmos e desenvolvimento arquitetural para a estima\u00e7\u00e3o de movimento em compress\u00e3o de v\u00eddeo digital<br \/>\npor <strong>Marcelo Schiavon Porto<\/strong>.<\/div>\n<\/li>\n<li class=\"level1\">\n<div class=\"li\">Minera\u00e7\u00e3o de dados apoiada pela descoberta de subgrupos atrav\u00e9s do p\u00f3s-processamento de regras de associa\u00e7\u00e3o<br \/>\npor <strong>Joel Pinho Lucas<\/strong>.<\/div>\n<\/li>\n<li class=\"level1\">\n<div class=\"li\">Modelagem multidimensional como solu\u00e7\u00e3o para tratamento de aglomerados de dados n\u00e3o estruturados : o caso do banco de dados para atra\u00e7\u00e3o de investimentos da Prefeitura Municipal de Pelotas<br \/>\npor <strong>Rita Cristina Galarraga Berardi<\/strong>.<\/div>\n<\/li>\n<li class=\"level1\">\n<div class=\"li\">O processo de extra\u00e7\u00e3o,transforma\u00e7\u00e3o e carga de dados semi estruturados disponibilizados na web: o caso do Data Warehouse para atra\u00e7\u00e3o de Investimentos da Prefeitura Municipal de Pelotas<br \/>\npor <strong>Tiago Dias Cardoso<\/strong>.<\/div>\n<\/li>\n<li class=\"level1\">\n<div class=\"li\">Proposta de especializa\u00e7\u00e3o do conjunto de crit\u00e9rios ergon\u00f4micos de Bastien e Scapin, para fins de avalia\u00e7\u00e3o da usabilidade de t\u00e9cnicas de visualiza\u00e7\u00e3o de informa\u00e7\u00f5es hier\u00e1rqui-cas, atrav\u00e9s da agrega\u00e7\u00e3o de quest\u00f5es de inspe\u00e7\u00e3o<br \/>\npor <strong>Eduardo Carvalho Gastal<\/strong>.<\/div>\n<\/li>\n<li class=\"level1\">\n<div class=\"li\">Sincroniza\u00e7\u00e3o de aut\u00f4matos: uma abordagem categorial<br \/>\npor <strong>\u00c9rico Kazuhiro Sawabe<\/strong>.<\/div>\n<\/li>\n<li class=\"level1\">\n<div class=\"li\">Taxonomia de tarefas para visualizar informa\u00e7\u00f5es em dados organizados em hierarquias<br \/>\npor <strong>Juliano Iturvides Cimarosti<\/strong>.<\/div>\n<\/li>\n<li class=\"level1\">\n<div class=\"li\">Um agente pedag\u00f3gico animado no papel de LMS manipulando um objetos inteligentes de aprendizagem<br \/>\npor <strong>Beatriz Wilges<\/strong>.<\/div>\n<\/li>\n<\/ul>\n<\/div>\n","protected":false},"excerpt":{"rendered":"<p>:: Clique aqui para fazer Download \/ Click here to Download :: Algoritmo de reconstru\u00e7\u00e3o 3D de imagens de medicina nuclear alinhadas a exames de resson\u00e2ncia para avalia\u00e7\u00e3o da extens\u00e3o de zonas epileptog\u00eanicas por S\u00e9rgio Yoshimitsu Fujii. Caracteriza\u00e7\u00e3o autom\u00e1tica de atrasos de portas l\u00f3gicas em circuitos combinacionais CMOS por Gustavo Pereira Mateus. Codifica\u00e7\u00e3o e decodifica\u00e7\u00e3o [&hellip;]<\/p>\n","protected":false},"author":657,"featured_media":0,"parent":143,"menu_order":0,"comment_status":"closed","ping_status":"closed","template":"","meta":{"footnotes":""},"class_list":["post-172","page","type-page","status-publish","hentry"],"_links":{"self":[{"href":"https:\/\/wp.ufpel.edu.br\/notcc\/wp-json\/wp\/v2\/pages\/172","targetHints":{"allow":["GET"]}}],"collection":[{"href":"https:\/\/wp.ufpel.edu.br\/notcc\/wp-json\/wp\/v2\/pages"}],"about":[{"href":"https:\/\/wp.ufpel.edu.br\/notcc\/wp-json\/wp\/v2\/types\/page"}],"author":[{"embeddable":true,"href":"https:\/\/wp.ufpel.edu.br\/notcc\/wp-json\/wp\/v2\/users\/657"}],"replies":[{"embeddable":true,"href":"https:\/\/wp.ufpel.edu.br\/notcc\/wp-json\/wp\/v2\/comments?post=172"}],"version-history":[{"count":6,"href":"https:\/\/wp.ufpel.edu.br\/notcc\/wp-json\/wp\/v2\/pages\/172\/revisions"}],"predecessor-version":[{"id":849,"href":"https:\/\/wp.ufpel.edu.br\/notcc\/wp-json\/wp\/v2\/pages\/172\/revisions\/849"}],"up":[{"embeddable":true,"href":"https:\/\/wp.ufpel.edu.br\/notcc\/wp-json\/wp\/v2\/pages\/143"}],"wp:attachment":[{"href":"https:\/\/wp.ufpel.edu.br\/notcc\/wp-json\/wp\/v2\/media?parent=172"}],"curies":[{"name":"wp","href":"https:\/\/api.w.org\/{rel}","templated":true}]}}