{"id":169,"date":"2016-12-02T15:45:03","date_gmt":"2016-12-02T17:45:03","guid":{"rendered":"https:\/\/wp.ufpel.edu.br\/notcc\/?page_id=169"},"modified":"2019-02-01T11:24:30","modified_gmt":"2019-02-01T13:24:30","slug":"2005_","status":"publish","type":"page","link":"https:\/\/wp.ufpel.edu.br\/notcc\/monografias\/acervo\/2005_\/","title":{"rendered":"Monografias 2005"},"content":{"rendered":"<div class=\"level2\">\n<h3 style=\"text-align: center\"><a href=\"https:\/\/drive.google.com\/open?id=1hJeHoZ9zU_33yG7cP20g2Dye5fbBGdXJ\" target=\"_blank\" rel=\"noopener\">:: Clique aqui para fazer Download \/ Click here to Download ::<\/a><\/h3>\n<ul class=\"fix-media-list-overlap\">\n<li class=\"level1\">\n<div class=\"li\">Aplica\u00e7\u00e3o De Redes Neurais Artificiais No Processo De Precifica\u00e7\u00e3o De Op\u00e7\u00f5es<br \/>\nPor <strong>M\u00e1rcio Porto Basgalupp<\/strong>.<\/div>\n<\/li>\n<li class=\"level1\">\n<div class=\"li\">Contribui\u00e7\u00f5es ao processo de comunica\u00e7\u00e3o na internet baseado em videoconfer\u00eancia e streaming de \u00e1udio e v\u00eddeo<br \/>\npor <strong>Kelly Hannel<\/strong>.<\/div>\n<\/li>\n<li class=\"level1\">\n<div class=\"li\">Estudo sobre as principais amea\u00e7as e t\u00e9cnicas para obten\u00e7\u00e3o de falhas de seguran\u00e7a em sistemas cooperativos<br \/>\npor <strong>D\u00e9bora Lopes Ramos<\/strong>.<\/div>\n<\/li>\n<li class=\"level1\">\n<div class=\"li\">Modelagem de um sistema de informa\u00e7\u00e3o para o Restaurante Escola da Universidade Federal de Pelotas<br \/>\npor <strong>Let\u00edcia Hadler Marins<\/strong>.<\/div>\n<\/li>\n<li class=\"level1\">\n<div class=\"li\">Modelagem de uma aplica\u00e7\u00e3o de workflow na web para integra\u00e7\u00e3o de grupos de pesquisa<br \/>\npor <strong>Hugo Vares Vieira<\/strong>.<\/div>\n<\/li>\n<li class=\"level1\">\n<div class=\"li\">Solu\u00e7\u00e3o computacional para um sistema de avalia\u00e7\u00e3o da qualidade dos servi\u00e7os em institui\u00e7\u00f5es de ensino superior, baseado nos par\u00e2metros do PQSP<br \/>\npor <strong>Ana Paula Lemke<\/strong>.<\/div>\n<\/li>\n<\/ul>\n<\/div>\n","protected":false},"excerpt":{"rendered":"<p>:: Clique aqui para fazer Download \/ Click here to Download :: Aplica\u00e7\u00e3o De Redes Neurais Artificiais No Processo De Precifica\u00e7\u00e3o De Op\u00e7\u00f5es Por M\u00e1rcio Porto Basgalupp. Contribui\u00e7\u00f5es ao processo de comunica\u00e7\u00e3o na internet baseado em videoconfer\u00eancia e streaming de \u00e1udio e v\u00eddeo por Kelly Hannel. Estudo sobre as principais amea\u00e7as e t\u00e9cnicas para obten\u00e7\u00e3o [&hellip;]<\/p>\n","protected":false},"author":657,"featured_media":0,"parent":143,"menu_order":0,"comment_status":"closed","ping_status":"closed","template":"","meta":{"footnotes":""},"class_list":["post-169","page","type-page","status-publish","hentry"],"_links":{"self":[{"href":"https:\/\/wp.ufpel.edu.br\/notcc\/wp-json\/wp\/v2\/pages\/169","targetHints":{"allow":["GET"]}}],"collection":[{"href":"https:\/\/wp.ufpel.edu.br\/notcc\/wp-json\/wp\/v2\/pages"}],"about":[{"href":"https:\/\/wp.ufpel.edu.br\/notcc\/wp-json\/wp\/v2\/types\/page"}],"author":[{"embeddable":true,"href":"https:\/\/wp.ufpel.edu.br\/notcc\/wp-json\/wp\/v2\/users\/657"}],"replies":[{"embeddable":true,"href":"https:\/\/wp.ufpel.edu.br\/notcc\/wp-json\/wp\/v2\/comments?post=169"}],"version-history":[{"count":7,"href":"https:\/\/wp.ufpel.edu.br\/notcc\/wp-json\/wp\/v2\/pages\/169\/revisions"}],"predecessor-version":[{"id":850,"href":"https:\/\/wp.ufpel.edu.br\/notcc\/wp-json\/wp\/v2\/pages\/169\/revisions\/850"}],"up":[{"embeddable":true,"href":"https:\/\/wp.ufpel.edu.br\/notcc\/wp-json\/wp\/v2\/pages\/143"}],"wp:attachment":[{"href":"https:\/\/wp.ufpel.edu.br\/notcc\/wp-json\/wp\/v2\/media?parent=169"}],"curies":[{"name":"wp","href":"https:\/\/api.w.org\/{rel}","templated":true}]}}