{"id":165,"date":"2016-12-02T15:42:42","date_gmt":"2016-12-02T17:42:42","guid":{"rendered":"https:\/\/wp.ufpel.edu.br\/notcc\/?page_id=165"},"modified":"2019-02-01T11:25:18","modified_gmt":"2019-02-01T13:25:18","slug":"2004_","status":"publish","type":"page","link":"https:\/\/wp.ufpel.edu.br\/notcc\/monografias\/acervo\/2004_\/","title":{"rendered":"Monografias 2004"},"content":{"rendered":"<div class=\"level2\">\n<h3 style=\"text-align: center\"><a href=\"https:\/\/drive.google.com\/open?id=1CuHFMxuDitIxIghH4-I0mcQLeOQiilEq\" target=\"_blank\" rel=\"noopener\">:: Clique aqui para fazer Download \/ Click here to Download ::<\/a><\/h3>\n<ul class=\"fix-media-list-overlap\">\n<li class=\"level1\">\n<div class=\"li\">A Tecnologia E Os Sistemas De Ger\u00eancia De Workflow: Estudo De Caso Do Processo De Aprovisionamento Adsl Na Brasil Telecom<br \/>\nPor <strong>Fabiana Barros De Barros<\/strong>.<\/div>\n<\/li>\n<li class=\"level1\">\n<div class=\"li\">Aplica\u00e7\u00e3o de redes neurais artificiais no processo de precifica\u00e7\u00e3o de a\u00e7\u00f5es<br \/>\npor <strong>Mar\u00edlia Terra de Mello<\/strong>.<\/div>\n<\/li>\n<li class=\"level1\">\n<div class=\"li\">Auditoria Em Sistemas Informatizados<br \/>\nPor <strong>Jorge Hosni Pereira De Pereira Junior<\/strong>.<\/div>\n<\/li>\n<li class=\"level1\">\n<div class=\"li\">Desenvolvimento De Um Compressor Jpeg Em Software<br \/>\nPor <strong>Cristiano Brasil Sperb<\/strong>.<\/div>\n<\/li>\n<li class=\"level1\">\n<div class=\"li\">Domowork: Ambiente Para Projeto De Sistemas De Automa\u00e7\u00e3o Predial\\residencial Orientado A Objetos<br \/>\nPor <strong>Natan Bueno Ungethuem<\/strong>.<\/div>\n<\/li>\n<li class=\"level1\">\n<div class=\"li\">Estudo Da Aplica\u00e7\u00e3o De Sistemas De Gerenciamento De Workflow Em Organiza\u00e7\u00f5es<br \/>\nPor <strong>Vinicius Vellar<\/strong>.<\/div>\n<\/li>\n<li class=\"level1\">\n<div class=\"li\">Gera\u00e7\u00e3o Autom\u00e1tica De Leiaute De Somadores Em Tecnologia Cmos<br \/>\nPor <strong>Wagner Altermann<\/strong>.<\/div>\n<\/li>\n<li class=\"level1\">\n<div class=\"li\">Gera\u00e7\u00e3o Autom\u00e1tica De Multiplicadores Para N\u00fameros Inteiros Bin\u00e1rios<br \/>\nPor <strong>Adriel Mota Ziesemer Junior<\/strong>.<\/div>\n<\/li>\n<li class=\"level1\">\n<div class=\"li\">Rede Fan: Uma Alternativa Computacional Para Reconhecimento De Padr\u00f5es<br \/>\nPor <strong>Rafael Vergara Borges<\/strong>.<\/div>\n<\/li>\n<li class=\"level1\">\n<div class=\"li\">Scorm Rte Em Uma Abordagem Multiagentes<br \/>\nPor <strong>Vinicius Heidrich Pinto<\/strong>.<\/div>\n<\/li>\n<li class=\"level1\">\n<div class=\"li\">Um Ambiente Para Desenvolvimento De Agentes Bdi<br \/>\nPor <strong>Moser Fagundes<\/strong>.<\/div>\n<\/li>\n<li class=\"level1\">\n<div class=\"li\">Um modelo de um agente animado baseado na plataforma FIPA para ambientes de ensino a dist\u00e2ncia<br \/>\npor <strong>Aline Vaz da Silva Almeida<\/strong>.<\/div>\n<\/li>\n<li class=\"level1\">\n<div class=\"li\">Uma metodologia de forense computacional apoiada por profiling psicol\u00f3gico<br \/>\npor <strong>Lucas Medeiros Donato<\/strong>.<\/div>\n<\/li>\n<li class=\"level1\">\n<div class=\"li\">Uma proposta de ensino atrav\u00e9s do projeto de estrutura\u00e7\u00e3o e visualiza\u00e7\u00e3o de objetos de aprendizagem multim\u00eddia e reutiliz\u00e1veis<br \/>\npor <strong>Helena Pinto Caldeira<\/strong>.<\/div>\n<\/li>\n<\/ul>\n<\/div>\n","protected":false},"excerpt":{"rendered":"<p>:: Clique aqui para fazer Download \/ Click here to Download :: A Tecnologia E Os Sistemas De Ger\u00eancia De Workflow: Estudo De Caso Do Processo De Aprovisionamento Adsl Na Brasil Telecom Por Fabiana Barros De Barros. Aplica\u00e7\u00e3o de redes neurais artificiais no processo de precifica\u00e7\u00e3o de a\u00e7\u00f5es por Mar\u00edlia Terra de Mello. Auditoria Em [&hellip;]<\/p>\n","protected":false},"author":657,"featured_media":0,"parent":143,"menu_order":0,"comment_status":"closed","ping_status":"closed","template":"","meta":{"footnotes":""},"class_list":["post-165","page","type-page","status-publish","hentry"],"_links":{"self":[{"href":"https:\/\/wp.ufpel.edu.br\/notcc\/wp-json\/wp\/v2\/pages\/165","targetHints":{"allow":["GET"]}}],"collection":[{"href":"https:\/\/wp.ufpel.edu.br\/notcc\/wp-json\/wp\/v2\/pages"}],"about":[{"href":"https:\/\/wp.ufpel.edu.br\/notcc\/wp-json\/wp\/v2\/types\/page"}],"author":[{"embeddable":true,"href":"https:\/\/wp.ufpel.edu.br\/notcc\/wp-json\/wp\/v2\/users\/657"}],"replies":[{"embeddable":true,"href":"https:\/\/wp.ufpel.edu.br\/notcc\/wp-json\/wp\/v2\/comments?post=165"}],"version-history":[{"count":7,"href":"https:\/\/wp.ufpel.edu.br\/notcc\/wp-json\/wp\/v2\/pages\/165\/revisions"}],"predecessor-version":[{"id":851,"href":"https:\/\/wp.ufpel.edu.br\/notcc\/wp-json\/wp\/v2\/pages\/165\/revisions\/851"}],"up":[{"embeddable":true,"href":"https:\/\/wp.ufpel.edu.br\/notcc\/wp-json\/wp\/v2\/pages\/143"}],"wp:attachment":[{"href":"https:\/\/wp.ufpel.edu.br\/notcc\/wp-json\/wp\/v2\/media?parent=165"}],"curies":[{"name":"wp","href":"https:\/\/api.w.org\/{rel}","templated":true}]}}