{"id":163,"date":"2016-12-02T15:40:29","date_gmt":"2016-12-02T17:40:29","guid":{"rendered":"https:\/\/wp.ufpel.edu.br\/notcc\/?page_id=163"},"modified":"2019-02-01T11:25:46","modified_gmt":"2019-02-01T13:25:46","slug":"2003_","status":"publish","type":"page","link":"https:\/\/wp.ufpel.edu.br\/notcc\/monografias\/acervo\/2003_\/","title":{"rendered":"Monografias 2003"},"content":{"rendered":"<div class=\"level2\">\n<h3 style=\"text-align: center\"><a href=\"https:\/\/drive.google.com\/open?id=11zaYTU9BXxrO1hBuUaaT7_OAru9aUykq\" target=\"_blank\" rel=\"noopener\">:: Clique aqui para fazer Download \/ Click here to Download ::<\/a><\/h3>\n<ul class=\"fix-media-list-overlap\">\n<li class=\"level1\">\n<div class=\"li\">Estudo e Desenvolvimento de Arquiteturas de Somadores para Uso na Compress\u00e3o de Imagens JPEG<br \/>\npor <strong>Roger Endrigo Carvalho Porto<\/strong>.<\/div>\n<\/li>\n<li class=\"level1\">\n<div class=\"li\">Migra\u00e7\u00e3o do Ambiente de Programa\u00e7\u00e3o da Linguagem LS para a M\u00e1quina Virtual Java<br \/>\npor <strong>Jarismar Chaves da Silva<\/strong>.<\/div>\n<\/li>\n<li class=\"level1\">\n<div class=\"li\">Modelagem de um Data Webhouse voltado a produ\u00e7\u00e3o e comercializa\u00e7\u00e3o de sementes<br \/>\npor <strong>Ana Marilza da Rosa Pernas<\/strong>.<\/div>\n<\/li>\n<li class=\"level1\">\n<div class=\"li\">O processo de descoberta de conhecimento em banco de dados: um estudo de caso sobre os dados da UFPel<br \/>\npor <strong>Daniela Francisco Brauner<\/strong>.<\/div>\n<\/li>\n<li class=\"level1\">\n<div class=\"li\">Um ambiente de execu\u00e7\u00e3o para a linguagem RS<br \/>\npor <strong>Felipe Zschornack<\/strong>.<\/div>\n<\/li>\n<\/ul>\n<\/div>\n","protected":false},"excerpt":{"rendered":"<p>:: Clique aqui para fazer Download \/ Click here to Download :: Estudo e Desenvolvimento de Arquiteturas de Somadores para Uso na Compress\u00e3o de Imagens JPEG por Roger Endrigo Carvalho Porto. Migra\u00e7\u00e3o do Ambiente de Programa\u00e7\u00e3o da Linguagem LS para a M\u00e1quina Virtual Java por Jarismar Chaves da Silva. Modelagem de um Data Webhouse voltado [&hellip;]<\/p>\n","protected":false},"author":657,"featured_media":0,"parent":143,"menu_order":0,"comment_status":"closed","ping_status":"closed","template":"","meta":{"footnotes":""},"class_list":["post-163","page","type-page","status-publish","hentry"],"_links":{"self":[{"href":"https:\/\/wp.ufpel.edu.br\/notcc\/wp-json\/wp\/v2\/pages\/163","targetHints":{"allow":["GET"]}}],"collection":[{"href":"https:\/\/wp.ufpel.edu.br\/notcc\/wp-json\/wp\/v2\/pages"}],"about":[{"href":"https:\/\/wp.ufpel.edu.br\/notcc\/wp-json\/wp\/v2\/types\/page"}],"author":[{"embeddable":true,"href":"https:\/\/wp.ufpel.edu.br\/notcc\/wp-json\/wp\/v2\/users\/657"}],"replies":[{"embeddable":true,"href":"https:\/\/wp.ufpel.edu.br\/notcc\/wp-json\/wp\/v2\/comments?post=163"}],"version-history":[{"count":6,"href":"https:\/\/wp.ufpel.edu.br\/notcc\/wp-json\/wp\/v2\/pages\/163\/revisions"}],"predecessor-version":[{"id":852,"href":"https:\/\/wp.ufpel.edu.br\/notcc\/wp-json\/wp\/v2\/pages\/163\/revisions\/852"}],"up":[{"embeddable":true,"href":"https:\/\/wp.ufpel.edu.br\/notcc\/wp-json\/wp\/v2\/pages\/143"}],"wp:attachment":[{"href":"https:\/\/wp.ufpel.edu.br\/notcc\/wp-json\/wp\/v2\/media?parent=163"}],"curies":[{"name":"wp","href":"https:\/\/api.w.org\/{rel}","templated":true}]}}