{"id":160,"date":"2016-12-02T15:37:55","date_gmt":"2016-12-02T17:37:55","guid":{"rendered":"https:\/\/wp.ufpel.edu.br\/notcc\/?page_id=160"},"modified":"2019-02-01T11:26:12","modified_gmt":"2019-02-01T13:26:12","slug":"2002_","status":"publish","type":"page","link":"https:\/\/wp.ufpel.edu.br\/notcc\/monografias\/acervo\/2002_\/","title":{"rendered":"Monografias 2002"},"content":{"rendered":"<div class=\"level2\">\n<h3 style=\"text-align: center\"><a href=\"https:\/\/drive.google.com\/open?id=11XlSDGP_arYO1e8vJhZIpTVmSIazJeLa\" target=\"_blank\" rel=\"noopener\">:: Clique aqui para fazer Download \/ Click here to Download ::<\/a><\/h3>\n<ul class=\"fix-media-list-overlap\">\n<li class=\"level1\">\n<div class=\"li\">Estudo De T\u00e9cnicas De Toler\u00e2ncia \u00c0 Falhas Aplicadas \u00c0 Eletr\u00f4nica Embarcada Para Um Monitor De Sinais Vitais<br \/>\npor <strong>Let\u00edcia Maria Veiras Bolzani<\/strong>.<\/div>\n<\/li>\n<li class=\"level1\">\n<div class=\"li\">Sistema Informatizado De Ger\u00eancia De Estradas Municipais<br \/>\npor <strong>Fabr\u00edcio \u00c1vila Da Silva<\/strong>.<\/div>\n<\/li>\n<li class=\"level1\">\n<div class=\"li\">Uma contribui\u00e7\u00e3o \u00e0 comunica\u00e7\u00e3o e a coordena\u00e7\u00e3o no EXEHDA<br \/>\npor <strong>Marcelo Augusto Cardozo Jr<\/strong>.<\/div>\n<\/li>\n<li class=\"level1\">\n<div class=\"li\">Uma contribui\u00e7\u00e3o ao gerenciamento de ambiente de execu\u00e7\u00e3o direcionado \u00e0s aplica\u00e7\u00f5es distribu\u00eddas, m\u00f3veis e conscientes do contexto da computa\u00e7\u00e3o pervasiva<br \/>\npor <strong>Marcelo Chuanque Lopes<\/strong>.<\/div>\n<\/li>\n<\/ul>\n<\/div>\n","protected":false},"excerpt":{"rendered":"<p>:: Clique aqui para fazer Download \/ Click here to Download :: Estudo De T\u00e9cnicas De Toler\u00e2ncia \u00c0 Falhas Aplicadas \u00c0 Eletr\u00f4nica Embarcada Para Um Monitor De Sinais Vitais por Let\u00edcia Maria Veiras Bolzani. Sistema Informatizado De Ger\u00eancia De Estradas Municipais por Fabr\u00edcio \u00c1vila Da Silva. Uma contribui\u00e7\u00e3o \u00e0 comunica\u00e7\u00e3o e a coordena\u00e7\u00e3o no EXEHDA [&hellip;]<\/p>\n","protected":false},"author":657,"featured_media":0,"parent":143,"menu_order":0,"comment_status":"closed","ping_status":"closed","template":"","meta":{"footnotes":""},"class_list":["post-160","page","type-page","status-publish","hentry"],"_links":{"self":[{"href":"https:\/\/wp.ufpel.edu.br\/notcc\/wp-json\/wp\/v2\/pages\/160","targetHints":{"allow":["GET"]}}],"collection":[{"href":"https:\/\/wp.ufpel.edu.br\/notcc\/wp-json\/wp\/v2\/pages"}],"about":[{"href":"https:\/\/wp.ufpel.edu.br\/notcc\/wp-json\/wp\/v2\/types\/page"}],"author":[{"embeddable":true,"href":"https:\/\/wp.ufpel.edu.br\/notcc\/wp-json\/wp\/v2\/users\/657"}],"replies":[{"embeddable":true,"href":"https:\/\/wp.ufpel.edu.br\/notcc\/wp-json\/wp\/v2\/comments?post=160"}],"version-history":[{"count":6,"href":"https:\/\/wp.ufpel.edu.br\/notcc\/wp-json\/wp\/v2\/pages\/160\/revisions"}],"predecessor-version":[{"id":853,"href":"https:\/\/wp.ufpel.edu.br\/notcc\/wp-json\/wp\/v2\/pages\/160\/revisions\/853"}],"up":[{"embeddable":true,"href":"https:\/\/wp.ufpel.edu.br\/notcc\/wp-json\/wp\/v2\/pages\/143"}],"wp:attachment":[{"href":"https:\/\/wp.ufpel.edu.br\/notcc\/wp-json\/wp\/v2\/media?parent=160"}],"curies":[{"name":"wp","href":"https:\/\/api.w.org\/{rel}","templated":true}]}}