{"id":1564,"date":"2026-03-18T14:52:50","date_gmt":"2026-03-18T17:52:50","guid":{"rendered":"https:\/\/wp.ufpel.edu.br\/notcc\/?page_id=1564"},"modified":"2026-03-18T14:52:50","modified_gmt":"2026-03-18T17:52:50","slug":"bancas-2025-2","status":"publish","type":"page","link":"https:\/\/wp.ufpel.edu.br\/notcc\/bancas-2025-2\/","title":{"rendered":"Bancas 2025-2"},"content":{"rendered":"<div class=\"defesa\">\n  <strong>Avalia\u00e7\u00e3o do Uso de Redes Neurais Convolucionais na Codifica\u00e7\u00e3o de Light Fields<\/strong><br \/>\n  por Giordano Est\u00eav\u00e3o Borges Leal<br \/>\n  Curso: Engenharia de Computa\u00e7\u00e3o<\/p>\n<p>  <strong>Banca:<\/strong><br \/>\n  Prof. Dr. Luciano Volcan Agostini (orientador(a))<br \/>\n  Prof. Msc. Ruhan \u00c1vila da Concei\u00e7\u00e3o<br \/>\n  Prof. Dr. Guilherme Ribeiro Corr\u00eaa<\/p>\n<p>  <strong>Data:<\/strong> 19\/09\/2025<br \/>\n  <strong>Hora:<\/strong> 16:00<br \/>\n  <strong>Local:<\/strong> http:\/\/meet.google.com\/npr-mdyj-cjw\n<\/div>\n<p><\/p>\n<div class=\"defesa\">\n  <strong>Desenvolvendo um Cluster Educacional de Baixo Custo para Computa\u00e7\u00e3o Paralela e Distribu\u00edda<\/strong><br \/>\n  por Eduardo Schwantz<br \/>\n  Curso: Ci\u00eancia da Computa\u00e7\u00e3o<\/p>\n<p>  <strong>Banca:<\/strong><br \/>\n  Prof. Dr. Gerson Geraldo Homrich Cavalheiro (orientador(a))<br \/>\n  Prof. Dr. Rafael Burlamaqui Amaral<br \/>\n  Prof. Dr. Andre Rauber Du Bois<\/p>\n<p>  <strong>Data:<\/strong> 25\/02\/2026<br \/>\n  <strong>Hora:<\/strong> 08:00<br \/>\n  <strong>Local:<\/strong> Sala 318\n<\/div>\n<p><\/p>\n<div class=\"defesa\">\n  <strong>Uso de Redes Neurais para Reconhecimento de Res\u00edduos em Imagens de Drones<\/strong><br \/>\n  por Guilherme Braatz Stein<br \/>\n  Curso: Engenharia de Computa\u00e7\u00e3o<\/p>\n<p>  <strong>Banca:<\/strong><br \/>\n  Prof. Dr. Anderson Priebe Ferrugem (orientador(a))<br \/>\n  Prof. Dr. Maur\u00edcio Braga de Paula (coorientador(a))<br \/>\n  Prof. Dr. Luciano Volcan Agostini<br \/>\n  Prof. Dr. Guilherme Tomaschewski Netto<br \/>\n  Me. Vinicius Marins Cleff<\/p>\n<p>  <strong>Data:<\/strong> 03\/03\/2026<br \/>\n  <strong>Hora:<\/strong> 18:30<br \/>\n  <strong>Local:<\/strong> https:\/\/meet.google.com\/fvy-tbxi-wcy\n<\/div>\n<p><\/p>\n<div class=\"defesa\">\n  <strong>Explora\u00e7\u00e3o de Algoritmos Baseados em \u00c1rvores de Decis\u00e3o para Classifica\u00e7\u00e3o da Apneia Obstrutiva do Sono<\/strong><br \/>\n  por Leonardo Antonietti Ferreira<br \/>\n  Curso: Engenharia de Computa\u00e7\u00e3o<\/p>\n<p>  <strong>Banca:<\/strong><br \/>\n  Prof. Dr. Rafael Iankowski Soares (orientador(a))<br \/>\n  Profa. Dra. Morgana Macedo Azevedo da Rosa (coorientador(a))<br \/>\n  Prof. Dr. Anderson Priebe Ferrugem<br \/>\n  Prof. Dr. J\u00falio Carlos Balzano de Mattos<\/p>\n<p>  <strong>Data:<\/strong> 02\/03\/2026<br \/>\n  <strong>Hora:<\/strong> 14:30<br \/>\n  <strong>Local:<\/strong> Sala 328\n<\/div>\n<p><\/p>\n<div class=\"defesa\">\n  <strong>Polymorphic High-Order GPU Kernels em Elixir: Estudo e Aplica\u00e7\u00e3o no Desenvolvimento de Benchmarks<\/strong><br \/>\n  por Arthur Machado de Souza<br \/>\n  Curso: Engenharia de Computa\u00e7\u00e3o<\/p>\n<p>  <strong>Banca:<\/strong><br \/>\n  Prof. Dr. Andre Rauber Du Bois (orientador(a))<br \/>\n  Prof. Dr. Gerson Geraldo Homrich Cavalheiro<br \/>\n  Prof. Dr. Rafael Burlamaqui Amaral<\/p>\n<p>  <strong>Data:<\/strong> 27\/02\/2026<br \/>\n  <strong>Hora:<\/strong> 15:00<br \/>\n  <strong>Local:<\/strong> https:\/\/meet.google.com\/vjk-ggvg-gzt\n<\/div>\n","protected":false},"excerpt":{"rendered":"<p>Avalia\u00e7\u00e3o do Uso de Redes Neurais Convolucionais na Codifica\u00e7\u00e3o de Light Fields por Giordano Est\u00eav\u00e3o Borges Leal Curso: Engenharia de Computa\u00e7\u00e3o Banca: Prof. Dr. Luciano Volcan Agostini (orientador(a)) Prof. Msc. Ruhan \u00c1vila da Concei\u00e7\u00e3o Prof. Dr. Guilherme Ribeiro Corr\u00eaa Data: 19\/09\/2025 Hora: 16:00 Local: http:\/\/meet.google.com\/npr-mdyj-cjw Desenvolvendo um Cluster Educacional de Baixo Custo para Computa\u00e7\u00e3o Paralela [&hellip;]<\/p>\n","protected":false},"author":800,"featured_media":0,"parent":0,"menu_order":0,"comment_status":"closed","ping_status":"closed","template":"","meta":{"footnotes":""},"class_list":["post-1564","page","type-page","status-publish","hentry"],"_links":{"self":[{"href":"https:\/\/wp.ufpel.edu.br\/notcc\/wp-json\/wp\/v2\/pages\/1564","targetHints":{"allow":["GET"]}}],"collection":[{"href":"https:\/\/wp.ufpel.edu.br\/notcc\/wp-json\/wp\/v2\/pages"}],"about":[{"href":"https:\/\/wp.ufpel.edu.br\/notcc\/wp-json\/wp\/v2\/types\/page"}],"author":[{"embeddable":true,"href":"https:\/\/wp.ufpel.edu.br\/notcc\/wp-json\/wp\/v2\/users\/800"}],"replies":[{"embeddable":true,"href":"https:\/\/wp.ufpel.edu.br\/notcc\/wp-json\/wp\/v2\/comments?post=1564"}],"version-history":[{"count":1,"href":"https:\/\/wp.ufpel.edu.br\/notcc\/wp-json\/wp\/v2\/pages\/1564\/revisions"}],"predecessor-version":[{"id":1566,"href":"https:\/\/wp.ufpel.edu.br\/notcc\/wp-json\/wp\/v2\/pages\/1564\/revisions\/1566"}],"wp:attachment":[{"href":"https:\/\/wp.ufpel.edu.br\/notcc\/wp-json\/wp\/v2\/media?parent=1564"}],"curies":[{"name":"wp","href":"https:\/\/api.w.org\/{rel}","templated":true}]}}