{"id":1560,"date":"2026-03-18T14:49:16","date_gmt":"2026-03-18T17:49:16","guid":{"rendered":"https:\/\/wp.ufpel.edu.br\/notcc\/?page_id=1560"},"modified":"2026-03-18T14:49:16","modified_gmt":"2026-03-18T17:49:16","slug":"bancas-2025-1","status":"publish","type":"page","link":"https:\/\/wp.ufpel.edu.br\/notcc\/bancas-2025-1\/","title":{"rendered":"Bancas 2025-1"},"content":{"rendered":"<div class=\"defesa\">\n  <strong>Classifica\u00e7\u00e3o e An\u00e1lise de Certificados Acad\u00eamicos com OCR e Reconhecimento de Entidades Nomeadas Aplicados<\/strong><br \/>\n  por Gabriel Silveira Heifel<br \/>\n  Curso: Ci\u00eancia da Computa\u00e7\u00e3o<\/p>\n<p>  <strong>Banca:<\/strong><br \/>\n  Profa. Dra. Larissa Astrogildo de Freitas (orientador(a))<br \/>\n  Profa. Dra. Luciana Foss (coorientador(a))<br \/>\n  Profa. Dra. Brenda Salenave Santana<br \/>\n  Bsc. Andrew Borges Campos<\/p>\n<p>  <strong>Data:<\/strong> 21\/08\/2025<br \/>\n  <strong>Hora:<\/strong> 08:30<br \/>\n  <strong>Local:<\/strong> Sala 328\n<\/div>\n<p><\/p>\n<div class=\"defesa\">\n  <strong>Expans\u00e3o de uma Ferramenta de Anota\u00e7\u00e3o para An\u00e1lise de Sentimentos<\/strong><br \/>\n  por Al\u00e9cio dos Santos Cardozo<br \/>\n  Curso: Ci\u00eancia da Computa\u00e7\u00e3o<\/p>\n<p>  <strong>Banca:<\/strong><br \/>\n  Profa. Dra. Larissa Astrogildo de Freitas (orientador(a))<br \/>\n  Prof. Dr. Ulisses Brisolara Corr\u00eaa (coorientador(a))<br \/>\n  Profa. Dra. M\u00edriam Blank Born<br \/>\n  Me. Gabriel Almeida Gomes<\/p>\n<p>  <strong>Data:<\/strong> 21\/08\/2025<br \/>\n  <strong>Hora:<\/strong> 10:00<br \/>\n  <strong>Local:<\/strong> Sala 328\n<\/div>\n<p><\/p>\n<div class=\"defesa\">\n  <strong>An\u00e1lise de Sentimento Baseada em Aspectos Utilizando Modelos Baseados na Arquitetura Transformer<\/strong><br \/>\n  por Franco Noronha Pereira<br \/>\n  Curso: Ci\u00eancia da Computa\u00e7\u00e3o<\/p>\n<p>  <strong>Banca:<\/strong><br \/>\n  Prof. Dr. Ulisses Brisolara Corr\u00eaa (orientador(a))<br \/>\n  Profa. Dra. Larissa Astrogildo de Freitas (coorientador(a))<br \/>\n  Prof. Dr. Tiago Thompsen Primo<br \/>\n  Msc. Marilia Rosa Silveira<\/p>\n<p>  <strong>Data:<\/strong> 20\/08\/2025<br \/>\n  <strong>Hora:<\/strong> 09:30<br \/>\n  <strong>Local:<\/strong> meet.google.com\/qmm-suvk-gvb\n<\/div>\n<p><\/p>\n<div class=\"defesa\">\n  <strong>Explorando o Foco Contextual Local com Diferentes Modelos Pr\u00e9-Treinados para An\u00e1lise de Sentimento em N\u00edvel de Aspecto no Portugu\u00eas Brasileiro<\/strong><br \/>\n  por Jo\u00e3o Paulo Brito de Almeida<br \/>\n  Curso: Ci\u00eancia da Computa\u00e7\u00e3o<\/p>\n<p>  <strong>Banca:<\/strong><br \/>\n  Prof. Dr. Ulisses Brisolara Corr\u00eaa (orientador(a))<br \/>\n  Me. Gabriel Almeida Gomes (coorientador(a))<br \/>\n  Profa. Dra. Brenda Salenave Santana<br \/>\n  Bsc. Guilherme Dallmann Lima<\/p>\n<p>  <strong>Data:<\/strong> 22\/08\/2025<br \/>\n  <strong>Hora:<\/strong> 10:30<br \/>\n  <strong>Local:<\/strong> https:\/\/meet.google.com\/avn-jauu-nmz\n<\/div>\n<p><\/p>\n<div class=\"defesa\">\n  <strong>Otimiza\u00e7\u00e3o de Transformadas NTT\/INTT por Computa\u00e7\u00e3o Aproximada para Aplica\u00e7\u00f5es Criptogr\u00e1ficas em Sistemas com Recursos Limitados<\/strong><br \/>\n  por Eloisa Leal Barros<br \/>\n  Curso: Engenharia de Computa\u00e7\u00e3o<\/p>\n<p>  <strong>Banca:<\/strong><br \/>\n  Prof. Dr. Rafael Iankowski Soares (orientador(a))<br \/>\n  Profa. Dra. Morgana Macedo Azevedo da Rosa (coorientador(a))<br \/>\n  Dr. J\u00falio Carlos Balzano de Mattos<br \/>\n  Msc. Henrique Bestani Seidel<\/p>\n<p>  <strong>Data:<\/strong> 19\/08\/2025<br \/>\n  <strong>Hora:<\/strong> 08:00<br \/>\n  <strong>Local:<\/strong> meet.google.com\/dyv-gofe-trf\n<\/div>\n","protected":false},"excerpt":{"rendered":"<p>Classifica\u00e7\u00e3o e An\u00e1lise de Certificados Acad\u00eamicos com OCR e Reconhecimento de Entidades Nomeadas Aplicados por Gabriel Silveira Heifel Curso: Ci\u00eancia da Computa\u00e7\u00e3o Banca: Profa. Dra. Larissa Astrogildo de Freitas (orientador(a)) Profa. Dra. Luciana Foss (coorientador(a)) Profa. Dra. Brenda Salenave Santana Bsc. Andrew Borges Campos Data: 21\/08\/2025 Hora: 08:30 Local: Sala 328 Expans\u00e3o de uma Ferramenta [&hellip;]<\/p>\n","protected":false},"author":800,"featured_media":0,"parent":0,"menu_order":0,"comment_status":"closed","ping_status":"closed","template":"","meta":{"footnotes":""},"class_list":["post-1560","page","type-page","status-publish","hentry"],"_links":{"self":[{"href":"https:\/\/wp.ufpel.edu.br\/notcc\/wp-json\/wp\/v2\/pages\/1560","targetHints":{"allow":["GET"]}}],"collection":[{"href":"https:\/\/wp.ufpel.edu.br\/notcc\/wp-json\/wp\/v2\/pages"}],"about":[{"href":"https:\/\/wp.ufpel.edu.br\/notcc\/wp-json\/wp\/v2\/types\/page"}],"author":[{"embeddable":true,"href":"https:\/\/wp.ufpel.edu.br\/notcc\/wp-json\/wp\/v2\/users\/800"}],"replies":[{"embeddable":true,"href":"https:\/\/wp.ufpel.edu.br\/notcc\/wp-json\/wp\/v2\/comments?post=1560"}],"version-history":[{"count":1,"href":"https:\/\/wp.ufpel.edu.br\/notcc\/wp-json\/wp\/v2\/pages\/1560\/revisions"}],"predecessor-version":[{"id":1562,"href":"https:\/\/wp.ufpel.edu.br\/notcc\/wp-json\/wp\/v2\/pages\/1560\/revisions\/1562"}],"wp:attachment":[{"href":"https:\/\/wp.ufpel.edu.br\/notcc\/wp-json\/wp\/v2\/media?parent=1560"}],"curies":[{"name":"wp","href":"https:\/\/api.w.org\/{rel}","templated":true}]}}