{"id":153,"date":"2016-12-02T15:31:13","date_gmt":"2016-12-02T17:31:13","guid":{"rendered":"https:\/\/wp.ufpel.edu.br\/notcc\/?page_id=153"},"modified":"2019-02-01T11:26:47","modified_gmt":"2019-02-01T13:26:47","slug":"2000_","status":"publish","type":"page","link":"https:\/\/wp.ufpel.edu.br\/notcc\/monografias\/acervo\/2000_\/","title":{"rendered":"Monografias 2000"},"content":{"rendered":"<div class=\"level2\">\n<h3 style=\"text-align: center\"><a href=\"https:\/\/drive.google.com\/open?id=1xo9dBrnm4uX5xaUnG4ht90Yl0_x4dNXD\" target=\"_blank\" rel=\"noopener\">:: Clique aqui para fazer Download \/ Click here to Download ::<\/a><\/h3>\n<ul class=\"fix-media-list-overlap\">\n<li class=\"level1\">\n<div class=\"li\">Algoritmos gen\u00e9ticos: um estudo de seus conceitos fundamentais e aplica\u00e7\u00e3o no problema de grade hor\u00e1ria<br \/>\npor <strong>Diogo Corr\u00eaa Lucas<\/strong>.<\/div>\n<\/li>\n<li class=\"level1\">\n<div class=\"li\">Avalia\u00e7\u00e3o de modelo computacional para unidades educacionais multim\u00eddia<br \/>\npor <strong>Jos\u00e9 Cl\u00e1udio Vahl J\u00fanior<\/strong>.<\/div>\n<\/li>\n<li class=\"level1\">\n<div class=\"li\">Defini\u00e7\u00e3o de uma base de dados para o novo sistema da Biblioteca Setorial de Ci\u00eancia &amp; Tecnologia da UFPel<br \/>\npor <strong>Leandro Fehn Fiss<\/strong>.<\/div>\n<\/li>\n<li class=\"level1\">\n<div class=\"li\">Elabora\u00e7\u00e3o de uma metodologia de arquitetura da informa\u00e7\u00e3o para aplica\u00e7\u00e3o nos sites organizacionais<br \/>\npor <strong>Tahise Nunes Sanches<\/strong>.<\/div>\n<\/li>\n<li class=\"level1\">\n<div class=\"li\">Estudo e especifica\u00e7\u00e3o de uma interface gr\u00e1fica para um sistema de monitoramento remoto n\u00e3o-invasivo de sinais vitais<br \/>\npor <strong>Gisele Cardoso da Rosa<\/strong>.<\/div>\n<\/li>\n<li class=\"level1\">\n<div class=\"li\">Filtros adaptativos aplicados a sinais biom\u00e9dicos<br \/>\npor <strong>Ricardo Siqueira Born<\/strong>.<\/div>\n<\/li>\n<li class=\"level1\">\n<div class=\"li\">Interface de comunica\u00e7\u00e3o entre ambiente de modelagem e sistema supervis\u00f3rio<br \/>\npor <strong>Jair Jonko Ara\u00fajo<\/strong>.<\/div>\n<\/li>\n<li class=\"level1\">\n<div class=\"li\">Microcontrolador BDLC: uma implementa\u00e7\u00e3o para aplica\u00e7\u00e3o na ind\u00fastria automobil\u00edstica<br \/>\npor <strong>Felipe de Souza Marques<\/strong>.<\/div>\n<\/li>\n<li class=\"level1\">\n<div class=\"li\">O protocolo CAN como solu\u00e7\u00e3o para aplica\u00e7\u00f5es distribu\u00eddas, baseadas em objetos, entre PCs e microcontroladores<br \/>\npor <strong>Marco Kasdorf Hubert<\/strong>.<\/div>\n<\/li>\n<li class=\"level1\">\n<div class=\"li\">Reconhecimento de palavras faladas utilizando redes neurais artificiais<br \/>\npor <strong>Maur\u00edcio Braga de Paula<\/strong>.<\/div>\n<\/li>\n<li class=\"level1\">\n<div class=\"li\">Sistema de visualiza\u00e7\u00e3o de dados para o Centro de Pesquisas Meteorol\u00f3gicas da UFPel<br \/>\npor <strong>Isabel Cristina Siqueira da Silva<\/strong>.<\/div>\n<\/li>\n<li class=\"level1\">\n<div class=\"li\">Sugest\u00f5es para cria\u00e7\u00e3o de documentos Web visando a usabilidade<br \/>\npor <strong>Cristiane Oliveira Vieira<\/strong>.<\/div>\n<\/li>\n<li class=\"level1\">\n<div class=\"li\">Tecnologia de hiperdocumentos din\u00e2micos<br \/>\npor <strong>Isabel Florinda Bernardo Kerlan<\/strong>.<\/div>\n<\/li>\n<li class=\"level1\">\n<div class=\"li\">Um estudo das t\u00e9cnicas usadas na constru\u00e7\u00e3o de aplica\u00e7\u00f5es de aux\u00edlio ao trabalho colaborativo<br \/>\npor <strong>Fabr\u00edcia Carneiro Roos<\/strong>.<\/div>\n<\/li>\n<li class=\"level1\">\n<div class=\"li\">Um estudo descritivo de novos algoritmos de criptografia<br \/>\npor <strong>Marco Ant\u00f4nio Mielke Hinz<\/strong>.<\/div>\n<\/li>\n<li class=\"level1\">\n<div class=\"li\">Um framework para a constru\u00e7\u00e3o de sistemas de monitora\u00e7\u00e3o, alerta e interven\u00e7\u00e3o remotos<br \/>\npor <strong>Wagner Lu\u00eds Cardoso Gomes de Freitas<\/strong>.<\/div>\n<\/li>\n<li class=\"level1\">\n<div class=\"li\">Uma alternativa de sistema automatizado para a gest\u00e3o da Biblioteca Setorial de Ci\u00eancia &amp; Tecnologia (BS\/C&amp;T)<br \/>\npor <strong>Emerson Langie dos Santos<\/strong>.<\/div>\n<\/li>\n<li class=\"level1\">\n<div class=\"li\">Uma disciplina para a engenharia de software: estudo do personal software process (PSP), proposto por Watts Humphrey: a profissionaliza\u00e7\u00e3o do desenvolvedor de software<br \/>\npor <strong>Jos\u00e9 Wilson Silva J\u00fanior<\/strong>.<\/div>\n<\/li>\n<li class=\"level1\">\n<div class=\"li\">Uma ferramenta para integra\u00e7\u00e3o de esquemas XML utilizando ontologias<br \/>\npor <strong>Andr\u00e9 Luiz Martins<\/strong>.<\/div>\n<\/li>\n<li class=\"level1\">\n<div class=\"li\">Utiliza\u00e7\u00e3o de t\u00e9cnicas data mining na busca de conhecimento na Web<br \/>\npor <strong>Rodrigo Gon\u00e7alves Santos<\/strong>.<\/div>\n<\/li>\n<\/ul>\n<\/div>\n","protected":false},"excerpt":{"rendered":"<p>:: Clique aqui para fazer Download \/ Click here to Download :: Algoritmos gen\u00e9ticos: um estudo de seus conceitos fundamentais e aplica\u00e7\u00e3o no problema de grade hor\u00e1ria por Diogo Corr\u00eaa Lucas. Avalia\u00e7\u00e3o de modelo computacional para unidades educacionais multim\u00eddia por Jos\u00e9 Cl\u00e1udio Vahl J\u00fanior. Defini\u00e7\u00e3o de uma base de dados para o novo sistema da [&hellip;]<\/p>\n","protected":false},"author":657,"featured_media":0,"parent":143,"menu_order":0,"comment_status":"closed","ping_status":"closed","template":"","meta":{"footnotes":""},"class_list":["post-153","page","type-page","status-publish","hentry"],"_links":{"self":[{"href":"https:\/\/wp.ufpel.edu.br\/notcc\/wp-json\/wp\/v2\/pages\/153","targetHints":{"allow":["GET"]}}],"collection":[{"href":"https:\/\/wp.ufpel.edu.br\/notcc\/wp-json\/wp\/v2\/pages"}],"about":[{"href":"https:\/\/wp.ufpel.edu.br\/notcc\/wp-json\/wp\/v2\/types\/page"}],"author":[{"embeddable":true,"href":"https:\/\/wp.ufpel.edu.br\/notcc\/wp-json\/wp\/v2\/users\/657"}],"replies":[{"embeddable":true,"href":"https:\/\/wp.ufpel.edu.br\/notcc\/wp-json\/wp\/v2\/comments?post=153"}],"version-history":[{"count":7,"href":"https:\/\/wp.ufpel.edu.br\/notcc\/wp-json\/wp\/v2\/pages\/153\/revisions"}],"predecessor-version":[{"id":854,"href":"https:\/\/wp.ufpel.edu.br\/notcc\/wp-json\/wp\/v2\/pages\/153\/revisions\/854"}],"up":[{"embeddable":true,"href":"https:\/\/wp.ufpel.edu.br\/notcc\/wp-json\/wp\/v2\/pages\/143"}],"wp:attachment":[{"href":"https:\/\/wp.ufpel.edu.br\/notcc\/wp-json\/wp\/v2\/media?parent=153"}],"curies":[{"name":"wp","href":"https:\/\/api.w.org\/{rel}","templated":true}]}}