{"id":1513,"date":"2025-08-28T11:52:44","date_gmt":"2025-08-28T14:52:44","guid":{"rendered":"https:\/\/wp.ufpel.edu.br\/notcc\/?page_id=1513"},"modified":"2025-08-28T11:57:41","modified_gmt":"2025-08-28T14:57:41","slug":"regimento-antigo","status":"publish","type":"page","link":"https:\/\/wp.ufpel.edu.br\/notcc\/sobre\/regimento-antigo\/","title":{"rendered":"Regimento Antigo"},"content":{"rendered":"<p>O curr\u00edculo prev\u00ea a execu\u00e7\u00e3o de um <strong>Trabalho de Conclus\u00e3o de Curso<\/strong>, na forma de uma monografia, como exig\u00eancia para a conclus\u00e3o do curso. Este trabalho \u00e9 desenvolvido sob responsabilidade de um N\u00facleo de Orienta\u00e7\u00e3o de Trabalhos de Conclus\u00e3o de Curso, com a presid\u00eancia do professor regente da disciplina, institu\u00eddo pelo colegiado e regido por normas definidas tamb\u00e9m pelo colegiado de curso.<\/p>\n<p>O aluno receber\u00e1 a orienta\u00e7\u00e3o t\u00e9cnico-cient\u00edfica de um professor, chamado de orientador, escolhido pelo aluno e referendado pelo n\u00facleo de orienta\u00e7\u00e3o. Durante a execu\u00e7\u00e3o do Trabalho de Conclus\u00e3o de Curso, o aluno dever\u00e1 cursar duas disciplinas: <strong>Trabalho de Conclus\u00e3o de Curso I e II<\/strong>.<\/p>\n<p>Durante a disciplina de <strong>Trabalho de Conclus\u00e3o de Curso I<\/strong> o aluno dever\u00e1 preparar o projeto do trabalho a ser desenvolvido juntamente a um professor orientador, e submeter a proposta de projeto a uma comiss\u00e3o de avalia\u00e7\u00e3o, composta de n\u00e3o menos que dois professores da \u00e1rea (nenhum destes podendo ser o orientador ou co-orientador). Esta comiss\u00e3o de avalia\u00e7\u00e3o emitir\u00e1 um parecer sobre a adequa\u00e7\u00e3o da proposta, segundo sua viabilidade, relev\u00e2ncia, adequa\u00e7\u00e3o pedag\u00f3gica e estrutura.<\/p>\n<p>Adicionalmente, \u00e9 esperado que, ao final na disciplina de Trabalho de Conclus\u00e3o de Curso I, o aluno tenha realizado, <em class=\"u\">no m\u00ednimo<\/em>, a revis\u00e3o bibliogr\u00e1fica do trabalho e apresente uma monografia parcial \u00e0 comiss\u00e3o de avalia\u00e7\u00e3o que atribuir\u00e1 notas individuais ao trabalho. As disciplinas de Epistemologia e de Metodologia Cient\u00edfica para Computa\u00e7\u00e3o tamb\u00e9m contribuem para a prepara\u00e7\u00e3o da monografia nesta etapa final do curso. A avalia\u00e7\u00e3o ser\u00e1 feita segundo crit\u00e9rios que incluir\u00e3o a abrang\u00eancia da revis\u00e3o bibliogr\u00e1fica, qualidade e coer\u00eancia do texto e efetivo conhecimento adquirido no processo pelo aluno, entre outros crit\u00e9rios a serem definidos pelo N\u00facleo de Orienta\u00e7\u00e3o de Trabalhos de Conclus\u00e3o de Curso.<\/p>\n<p>Em seguida, se aprovado nesta primeira fase, o aluno poder\u00e1 se matricular na disciplina de <strong>Trabalho de Conclus\u00e3o de Curso II<\/strong>, onde ir\u00e1 executar seu projeto, sob orienta\u00e7\u00e3o do professor orientador referendado pelo n\u00facleo na primeira fase. Ao final de seu trabalho, o aluno dever\u00e1 apresentar uma monografia, contendo detalhes do trabalho realizado, incluindo a monografia parcial realizada na disciplina anterior, perante uma banca formada segundo as normas do N\u00facleo de Orienta\u00e7\u00e3o de Trabalhos de Conclus\u00e3o de Curso, recebendo nota relativa \u00e0 qualidade do trabalho final realizado, ao n\u00edvel da contribui\u00e7\u00e3o tecnol\u00f3gica ou cient\u00edfica oferecida, bem como de poss\u00edveis reflex\u00f5es e conhecimentos adquiridos e produzidos durante a execu\u00e7\u00e3o do projeto.<\/p>\n","protected":false},"excerpt":{"rendered":"<p>O curr\u00edculo prev\u00ea a execu\u00e7\u00e3o de um Trabalho de Conclus\u00e3o de Curso, na forma de uma monografia, como exig\u00eancia para a conclus\u00e3o do curso. Este trabalho \u00e9 desenvolvido sob responsabilidade de um N\u00facleo de Orienta\u00e7\u00e3o de Trabalhos de Conclus\u00e3o de Curso, com a presid\u00eancia do professor regente da disciplina, institu\u00eddo pelo colegiado e regido por [&hellip;]<\/p>\n","protected":false},"author":800,"featured_media":0,"parent":18,"menu_order":0,"comment_status":"closed","ping_status":"closed","template":"","meta":{"footnotes":""},"class_list":["post-1513","page","type-page","status-publish","hentry"],"_links":{"self":[{"href":"https:\/\/wp.ufpel.edu.br\/notcc\/wp-json\/wp\/v2\/pages\/1513","targetHints":{"allow":["GET"]}}],"collection":[{"href":"https:\/\/wp.ufpel.edu.br\/notcc\/wp-json\/wp\/v2\/pages"}],"about":[{"href":"https:\/\/wp.ufpel.edu.br\/notcc\/wp-json\/wp\/v2\/types\/page"}],"author":[{"embeddable":true,"href":"https:\/\/wp.ufpel.edu.br\/notcc\/wp-json\/wp\/v2\/users\/800"}],"replies":[{"embeddable":true,"href":"https:\/\/wp.ufpel.edu.br\/notcc\/wp-json\/wp\/v2\/comments?post=1513"}],"version-history":[{"count":2,"href":"https:\/\/wp.ufpel.edu.br\/notcc\/wp-json\/wp\/v2\/pages\/1513\/revisions"}],"predecessor-version":[{"id":1521,"href":"https:\/\/wp.ufpel.edu.br\/notcc\/wp-json\/wp\/v2\/pages\/1513\/revisions\/1521"}],"up":[{"embeddable":true,"href":"https:\/\/wp.ufpel.edu.br\/notcc\/wp-json\/wp\/v2\/pages\/18"}],"wp:attachment":[{"href":"https:\/\/wp.ufpel.edu.br\/notcc\/wp-json\/wp\/v2\/media?parent=1513"}],"curies":[{"name":"wp","href":"https:\/\/api.w.org\/{rel}","templated":true}]}}