{"id":1505,"date":"2025-08-28T11:37:04","date_gmt":"2025-08-28T14:37:04","guid":{"rendered":"https:\/\/wp.ufpel.edu.br\/notcc\/?page_id=1505"},"modified":"2026-03-18T14:37:35","modified_gmt":"2026-03-18T17:37:35","slug":"monografias-2025","status":"publish","type":"page","link":"https:\/\/wp.ufpel.edu.br\/notcc\/monografias-2025\/","title":{"rendered":"Monografias 2025"},"content":{"rendered":"<p>Clique nos links abaixo para download<\/p>\n<h3>:: 2025\/1 \/ Click here to Download ::<\/h3>\n<p>Ci\u00eancia da Computa\u00e7\u00e3o &#8211;\u00a0<a href=\"https:\/\/drive.google.com\/drive\/folders\/1Gl7-zFi4wPnt3fo1eunMuXzvby1hyjox?usp=drive_link\">https:\/\/drive.google.com\/drive\/folders\/1Gl7-zFi4wPnt3fo1eunMuXzvby1hyjox?usp=drive_link<\/a><\/p>\n<p>Engenharia de Computa\u00e7\u00e3o &#8211;\u00a0<a href=\"https:\/\/drive.google.com\/drive\/folders\/1YpB7lniynAop3KGEAnUvbU0CM8rqHffR?usp=drive_link\">https:\/\/drive.google.com\/drive\/folders\/1YpB7lniynAop3KGEAnUvbU0CM8rqHffR?usp=drive_link<\/a><\/p>\n<h3>:: 2025\/2\/ Click here to Download :: (ainda n\u00e3o disponibilizados)<\/h3>\n","protected":false},"excerpt":{"rendered":"<p>Clique nos links abaixo para download :: 2025\/1 \/ Click here to Download :: Ci\u00eancia da Computa\u00e7\u00e3o &#8211;\u00a0https:\/\/drive.google.com\/drive\/folders\/1Gl7-zFi4wPnt3fo1eunMuXzvby1hyjox?usp=drive_link Engenharia de Computa\u00e7\u00e3o &#8211;\u00a0https:\/\/drive.google.com\/drive\/folders\/1YpB7lniynAop3KGEAnUvbU0CM8rqHffR?usp=drive_link :: 2025\/2\/ Click here to Download :: (ainda n\u00e3o disponibilizados)<\/p>\n","protected":false},"author":800,"featured_media":0,"parent":0,"menu_order":0,"comment_status":"closed","ping_status":"closed","template":"","meta":{"footnotes":""},"class_list":["post-1505","page","type-page","status-publish","hentry"],"_links":{"self":[{"href":"https:\/\/wp.ufpel.edu.br\/notcc\/wp-json\/wp\/v2\/pages\/1505","targetHints":{"allow":["GET"]}}],"collection":[{"href":"https:\/\/wp.ufpel.edu.br\/notcc\/wp-json\/wp\/v2\/pages"}],"about":[{"href":"https:\/\/wp.ufpel.edu.br\/notcc\/wp-json\/wp\/v2\/types\/page"}],"author":[{"embeddable":true,"href":"https:\/\/wp.ufpel.edu.br\/notcc\/wp-json\/wp\/v2\/users\/800"}],"replies":[{"embeddable":true,"href":"https:\/\/wp.ufpel.edu.br\/notcc\/wp-json\/wp\/v2\/comments?post=1505"}],"version-history":[{"count":3,"href":"https:\/\/wp.ufpel.edu.br\/notcc\/wp-json\/wp\/v2\/pages\/1505\/revisions"}],"predecessor-version":[{"id":1559,"href":"https:\/\/wp.ufpel.edu.br\/notcc\/wp-json\/wp\/v2\/pages\/1505\/revisions\/1559"}],"wp:attachment":[{"href":"https:\/\/wp.ufpel.edu.br\/notcc\/wp-json\/wp\/v2\/media?parent=1505"}],"curies":[{"name":"wp","href":"https:\/\/api.w.org\/{rel}","templated":true}]}}