{"id":148,"date":"2016-12-02T15:13:02","date_gmt":"2016-12-02T17:13:02","guid":{"rendered":"https:\/\/wp.ufpel.edu.br\/notcc\/?page_id=148"},"modified":"2019-02-01T11:27:23","modified_gmt":"2019-02-01T13:27:23","slug":"1999_","status":"publish","type":"page","link":"https:\/\/wp.ufpel.edu.br\/notcc\/monografias\/acervo\/1999_\/","title":{"rendered":"Monografias 1999"},"content":{"rendered":"<div class=\"level2\">\n<h3 style=\"text-align: center\"><a href=\"https:\/\/drive.google.com\/open?id=1rCiNRqBKB8ZWtniSJ2AnhP4SRP8gzwi9\" target=\"_blank\" rel=\"noopener\">:: Clique aqui para fazer Download \/ Click here to Download ::<\/a><\/h3>\n<ul class=\"fix-media-list-overlap\">\n<li class=\"level1\">\n<div class=\"li\">Planejamento estrat\u00e9gico da informa\u00e7\u00e3o da Escola T\u00e9cnica Federal de Pelotas<br \/>\npor <strong>Sandra Takahashi Soares<\/strong>.<\/div>\n<\/li>\n<li class=\"level1\">\n<div class=\"li\">Processamento de imagens : uma abordagem interdisciplinar aplicada \u00e0 corre\u00e7\u00e3o de progn\u00f3sticos meteorol\u00f3gicos<br \/>\npor <strong>Eurico Jardim Antunes<\/strong>.<\/div>\n<\/li>\n<li class=\"level1\">\n<div class=\"li\">Projeto de gerenciamento do setor de editora\u00e7\u00e3o eletr\u00f4nica do CEFET Pelotas\/RS<br \/>\npor <strong>Luciano Volcan Agostini<\/strong>.<\/div>\n<\/li>\n<li class=\"level1\">\n<div class=\"li\">Uma Ferramenta para Avalia\u00e7\u00e3o Qualitativa de Interfaces em Ambiente World Wide Web<br \/>\npor <strong>Tatiana Aires Tavares<\/strong>.<\/div>\n<\/li>\n<\/ul>\n<\/div>\n","protected":false},"excerpt":{"rendered":"<p>:: Clique aqui para fazer Download \/ Click here to Download :: Planejamento estrat\u00e9gico da informa\u00e7\u00e3o da Escola T\u00e9cnica Federal de Pelotas por Sandra Takahashi Soares. Processamento de imagens : uma abordagem interdisciplinar aplicada \u00e0 corre\u00e7\u00e3o de progn\u00f3sticos meteorol\u00f3gicos por Eurico Jardim Antunes. Projeto de gerenciamento do setor de editora\u00e7\u00e3o eletr\u00f4nica do CEFET Pelotas\/RS por [&hellip;]<\/p>\n","protected":false},"author":657,"featured_media":0,"parent":143,"menu_order":0,"comment_status":"closed","ping_status":"closed","template":"","meta":{"footnotes":""},"class_list":["post-148","page","type-page","status-publish","hentry"],"_links":{"self":[{"href":"https:\/\/wp.ufpel.edu.br\/notcc\/wp-json\/wp\/v2\/pages\/148","targetHints":{"allow":["GET"]}}],"collection":[{"href":"https:\/\/wp.ufpel.edu.br\/notcc\/wp-json\/wp\/v2\/pages"}],"about":[{"href":"https:\/\/wp.ufpel.edu.br\/notcc\/wp-json\/wp\/v2\/types\/page"}],"author":[{"embeddable":true,"href":"https:\/\/wp.ufpel.edu.br\/notcc\/wp-json\/wp\/v2\/users\/657"}],"replies":[{"embeddable":true,"href":"https:\/\/wp.ufpel.edu.br\/notcc\/wp-json\/wp\/v2\/comments?post=148"}],"version-history":[{"count":9,"href":"https:\/\/wp.ufpel.edu.br\/notcc\/wp-json\/wp\/v2\/pages\/148\/revisions"}],"predecessor-version":[{"id":855,"href":"https:\/\/wp.ufpel.edu.br\/notcc\/wp-json\/wp\/v2\/pages\/148\/revisions\/855"}],"up":[{"embeddable":true,"href":"https:\/\/wp.ufpel.edu.br\/notcc\/wp-json\/wp\/v2\/pages\/143"}],"wp:attachment":[{"href":"https:\/\/wp.ufpel.edu.br\/notcc\/wp-json\/wp\/v2\/media?parent=148"}],"curies":[{"name":"wp","href":"https:\/\/api.w.org\/{rel}","templated":true}]}}